{"id":211,"date":"2024-11-26T16:32:50","date_gmt":"2024-11-26T16:32:50","guid":{"rendered":"https:\/\/www.bluelakechem.com\/?post_type=product&#038;p=211"},"modified":"2025-01-17T12:06:36","modified_gmt":"2025-01-17T12:06:36","slug":"scouring-agent","status":"publish","type":"product","link":"https:\/\/www.bluelakechem.com\/pt\/product\/scouring-agent\/","title":{"rendered":"Agente de limpeza multifuncional e agente desengordurante para limpeza de tecidos de pr\u00e9-tratamento t\u00eaxtil"},"content":{"rendered":"<div class=\"wp-block-columns is-layout-flex wp-container-core-columns-is-layout-9d6595d7 wp-block-columns-is-layout-flex\">\n<div class=\"wp-block-column is-layout-flow wp-block-column-is-layout-flow\" style=\"flex-basis:50%\">\n<h2 class=\"wp-block-heading\">Caracter\u00edsticas do agente de limpeza:<\/h2>\n\n\n\n<p><strong>F\u00f3rmula de alta concentra\u00e7\u00e3o:<\/strong> Oferece desempenho superior de limpeza e desengorduramento com volumes de aplica\u00e7\u00e3o reduzidos.<\/p>\n\n\n\n<p><strong>A\u00e7\u00e3o multifuncional: <\/strong>Funciona com efic\u00e1cia em fibras de celulose (algod\u00e3o, linho) e sint\u00e9ticas (poli\u00e9ster, n\u00e1ilon).<\/p>\n\n\n\n<p><strong>Melhora a brancura: <\/strong>Ajuda a obter tecidos mais limpos e brancos para melhorar a est\u00e9tica e a qualidade.<\/p>\n\n\n\n<p><strong>Aumenta o efeito capilar:<\/strong> Melhora a a\u00e7\u00e3o capilar do tecido, garantindo melhor absor\u00e7\u00e3o durante o tingimento e a impress\u00e3o.<\/p>\n\n\n\n<p><strong>Custo-benef\u00edcio: <\/strong>Oferece uma solu\u00e7\u00e3o de alta efici\u00eancia a um custo competitivo, adequada para o processamento t\u00eaxtil em larga escala.<\/p>\n\n\n\n<p><strong>Ecologicamente correto: <\/strong>Formulado para minimizar o impacto ambiental e, ao mesmo tempo, oferecer alto desempenho.<\/p>\n<\/div>\n\n\n\n<div class=\"wp-block-column is-layout-flow wp-block-column-is-layout-flow\" style=\"flex-basis:50%\">\n<figure class=\"wp-block-embed is-type-video is-provider-youtube wp-block-embed-youtube wp-embed-aspect-16-9 wp-has-aspect-ratio\"><div class=\"wp-block-embed__wrapper\">\n<iframe title=\"Excelente desempenho de umecta\u00e7\u00e3o e emulsifica\u00e7\u00e3o #textilechemicals\" width=\"500\" height=\"281\" src=\"https:\/\/www.youtube.com\/embed\/55lFQ-PeQzA?feature=oembed\" frameborder=\"0\" allow=\"accelerometer; autoplay; clipboard-write; encrypted-media; gyroscope; picture-in-picture; web-share\" referrerpolicy=\"strict-origin-when-cross-origin\" allowfullscreen><\/iframe>\n<\/div><\/figure>\n<\/div>\n<\/div>\n\n\n\n<div class=\"wp-block-columns is-layout-flex wp-container-core-columns-is-layout-9d6595d7 wp-block-columns-is-layout-flex\">\n<div class=\"wp-block-column is-layout-flow wp-block-column-is-layout-flow\">\n<figure class=\"wp-block-image size-full\"><img decoding=\"async\" width=\"800\" height=\"600\" src=\"https:\/\/www.bluelakechem.com\/wp-content\/uploads\/2024\/11\/scouring-agent-wetting-agent.webp\" alt=\"teste de agente de limpeza e agente umectante\" class=\"wp-image-393\" srcset=\"https:\/\/www.bluelakechem.com\/wp-content\/uploads\/2024\/11\/scouring-agent-wetting-agent.webp 800w, https:\/\/www.bluelakechem.com\/wp-content\/uploads\/2024\/11\/scouring-agent-wetting-agent-300x225.webp 300w, https:\/\/www.bluelakechem.com\/wp-content\/uploads\/2024\/11\/scouring-agent-wetting-agent-768x576.webp 768w, https:\/\/www.bluelakechem.com\/wp-content\/uploads\/2024\/11\/scouring-agent-wetting-agent-600x450.webp 600w\" sizes=\"(max-width: 800px) 100vw, 800px\" \/><\/figure>\n<\/div>\n\n\n\n<div class=\"wp-block-column is-vertically-aligned-center is-layout-flow wp-block-column-is-layout-flow\">\n<h3 class=\"wp-block-heading\">Aplica\u00e7\u00f5es do agente de limpeza e desengorduramento:<\/h3>\n\n\n\n<p><strong>Pr\u00e9-tratamento de fibras celul\u00f3sicas: <\/strong>Remove com efic\u00e1cia as impurezas, como \u00f3leos naturais, ceras e outros contaminantes, melhorando a brancura e a qualidade do tecido antes do tingimento.<\/p>\n\n\n\n<p><strong>Desengorduramento de fibras sint\u00e9ticas:<\/strong> Remove com efic\u00e1cia \u00f3leos e gorduras de fibras sint\u00e9ticas, como poli\u00e9ster, n\u00e1ilon e acr\u00edlico, otimizando sua capacidade de tingimento e impress\u00e3o.<\/p>\n\n\n\n<p><strong>Processos de tingimento e impress\u00e3o: <\/strong>Usado como um agente umectante eficiente para aumentar a penetra\u00e7\u00e3o do corante, garantindo a uniformidade e o brilho das impress\u00f5es e cores.<\/p>\n<\/div>\n<\/div>","protected":false},"excerpt":{"rendered":"<p>Os agentes umectantes multifuncionais e de alta concentra\u00e7\u00e3o obviamente promovem o efeito de limpeza nas fibras de celulose e o efeito de desengorduramento nas fibras sint\u00e9ticas, podem melhorar a brancura e o efeito capilar dos fios e tecidos e podem ser usados como um agente umectante de alta efici\u00eancia no processo de impress\u00e3o e tingimento, com boa rela\u00e7\u00e3o custo-benef\u00edcio.<br \/><strong>Modelo n\u00ba. <\/strong>11004<\/p>","protected":false},"featured_media":1438,"comment_status":"closed","ping_status":"closed","template":"","meta":{"_acf_changed":false},"material":[26,27,28,29,30,31,32,33,34],"process":[17,18,19,35,36],"product_brand":[],"product_cat":[],"product_tag":[],"class_list":{"0":"post-211","1":"product","2":"type-product","3":"status-publish","4":"has-post-thumbnail","6":"material-cotton-agent","7":"material-polyester-chemicals","8":"material-nylon-agent","9":"material-acrylic-chemicals","10":"material-viscose-chemicals","11":"material-wool-auxiliary","12":"material-linen-chemicals","13":"material-silk-chemicals","14":"material-fabric-chemicals","15":"process-pretreatment-auxiliaries","16":"process-textile-wetting-agent","17":"process-scouring-agent","18":"process-degreasing-agent","19":"process-bleaching-agent","21":"first","22":"instock","23":"shipping-taxable","24":"product-type-simple"},"acf":[],"_links":{"self":[{"href":"https:\/\/www.bluelakechem.com\/pt\/wp-json\/wp\/v2\/product\/211","targetHints":{"allow":["GET"]}}],"collection":[{"href":"https:\/\/www.bluelakechem.com\/pt\/wp-json\/wp\/v2\/product"}],"about":[{"href":"https:\/\/www.bluelakechem.com\/pt\/wp-json\/wp\/v2\/types\/product"}],"replies":[{"embeddable":true,"href":"https:\/\/www.bluelakechem.com\/pt\/wp-json\/wp\/v2\/comments?post=211"}],"wp:featuredmedia":[{"embeddable":true,"href":"https:\/\/www.bluelakechem.com\/pt\/wp-json\/wp\/v2\/media\/1438"}],"wp:attachment":[{"href":"https:\/\/www.bluelakechem.com\/pt\/wp-json\/wp\/v2\/media?parent=211"}],"wp:term":[{"taxonomy":"material","embeddable":true,"href":"https:\/\/www.bluelakechem.com\/pt\/wp-json\/wp\/v2\/material?post=211"},{"taxonomy":"process","embeddable":true,"href":"https:\/\/www.bluelakechem.com\/pt\/wp-json\/wp\/v2\/process?post=211"},{"taxonomy":"product_brand","embeddable":true,"href":"https:\/\/www.bluelakechem.com\/pt\/wp-json\/wp\/v2\/product_brand?post=211"},{"taxonomy":"product_cat","embeddable":true,"href":"https:\/\/www.bluelakechem.com\/pt\/wp-json\/wp\/v2\/product_cat?post=211"},{"taxonomy":"product_tag","embeddable":true,"href":"https:\/\/www.bluelakechem.com\/pt\/wp-json\/wp\/v2\/product_tag?post=211"}],"curies":[{"name":"wp","href":"https:\/\/api.w.org\/{rel}","templated":true}]}}