{"id":2159,"date":"2025-05-17T10:12:37","date_gmt":"2025-05-17T10:12:37","guid":{"rendered":"https:\/\/www.bluelakechem.com\/?post_type=product&#038;p=2159"},"modified":"2025-05-17T10:12:39","modified_gmt":"2025-05-17T10:12:39","slug":"eco-friendly-degreasing-agent","status":"publish","type":"product","link":"https:\/\/www.bluelakechem.com\/pt\/product\/eco-friendly-degreasing-agent\/","title":{"rendered":"Agente desengordurante ecol\u00f3gico para remo\u00e7\u00e3o de todos os tipos de sujeira gordurosa de tecidos"},"content":{"rendered":"<div class=\"wp-block-columns is-layout-flex wp-container-core-columns-is-layout-9d6595d7 wp-block-columns-is-layout-flex\">\n<div class=\"wp-block-column is-layout-flow wp-block-column-is-layout-flow\">\n<h2 class=\"wp-block-heading\">Agente desengordurante ecol\u00f3gico Caracter\u00edsticas:<\/h2>\n\n\n\n<p>N\u00e3o cont\u00e9m APEO, formalde\u00eddo, etc. Atende aos requisitos de prote\u00e7\u00e3o ambiental.<\/p>\n\n\n\n<p>Excelente capacidade de lavagem, emulsifica\u00e7\u00e3o, desengorduramento e fun\u00e7\u00e3o anti-manchas.<\/p>\n\n\n\n<p>Propriedade suave. Excelente efeito de desengorduramento e remo\u00e7\u00e3o de impurezas sem danificar as fibras.<\/p>\n\n\n\n<p>Excelente efeito de tratamento para manchas persistentes, sujeira gordurosa e gaze oleosa.<\/p>\n\n\n\n<p>Pode ser usado em v\u00e1rias temperaturas. A temperatura pode ser razoavelmente selecionada de acordo com diferentes tecidos e processos.<\/p>\n\n\n\n<h2 class=\"wp-block-heading\">Propriedades do agente desengordurante ecol\u00f3gico:<\/h2>\n\n\n\n<figure class=\"wp-block-table\"><table class=\"has-fixed-layout\"><tbody><tr><td>Apar\u00eancia:<\/td><td>L\u00edquido transparente amarelo claro<\/td><\/tr><tr><td>Ionicidade:<\/td><td>N\u00e3o i\u00f4nico<\/td><\/tr><tr><td>Valor do pH:<\/td><td>5,0\u00b11,0 (solu\u00e7\u00e3o aquosa de 1%)<\/td><\/tr><tr><td>Solubilidade:<\/td><td>Sol\u00favel em \u00e1gua<\/td><\/tr><\/tbody><\/table><\/figure>\n<\/div>\n\n\n\n<div class=\"wp-block-column is-layout-flow wp-block-column-is-layout-flow\">\n<figure class=\"wp-block-embed is-type-video is-provider-youtube wp-block-embed-youtube wp-embed-aspect-16-9 wp-has-aspect-ratio\"><div class=\"wp-block-embed__wrapper\">\n<iframe title=\"Adequado para remover todos os tipos de sujeira gordurosa de t\u00eaxteisEfeito desengordurante significativo#extilechemicals\" width=\"500\" height=\"281\" src=\"https:\/\/www.youtube.com\/embed\/eVbQbZfzINs?feature=oembed\" frameborder=\"0\" allow=\"accelerometer; autoplay; clipboard-write; encrypted-media; gyroscope; picture-in-picture; web-share\" referrerpolicy=\"strict-origin-when-cross-origin\" allowfullscreen><\/iframe>\n<\/div><\/figure>\n\n\n\n<h2 class=\"wp-block-heading\"> Instru\u00e7\u00e3o:<\/h2>\n\n\n\n<ul class=\"wp-block-list\">\n<li>Desengordurante para tecidos de fibra qu\u00edmica:<\/li>\n\n\n\n<li>Dosagem de refer\u00eancia de 11909: 1~2 g\/L.<\/li>\n\n\n\n<li>Dosagem de refer\u00eancia de carbonato de s\u00f3dio: 0~1 g\/L<\/li>\n\n\n\n<li>95~98\u2103\u00d730min \u2192 Lavagem e neutraliza\u00e7\u00e3o com \u00e1gua<\/li>\n<\/ul>\n<\/div>\n<\/div>","protected":false},"excerpt":{"rendered":"<p>\u00c9 um agente desengordurante \u00e0 base de solvente, que tem excelente capacidade de dissolu\u00e7\u00e3o, emulsifica\u00e7\u00e3o e dispers\u00e3o para v\u00e1rios tipos de \u00f3leo de fia\u00e7\u00e3o t\u00eaxtil, sujeira gordurosa e graxa, etc. Consistente com o padr\u00e3o da Uni\u00e3o Europeia Otex-100.<\/p>\n<p><strong>Modelo n\u00ba 11909<\/strong><\/p>","protected":false},"featured_media":2161,"comment_status":"closed","ping_status":"closed","template":"","meta":{"_acf_changed":false},"material":[26,27,28,29,30,31,32,33,49,34],"process":[17,35],"product_brand":[],"product_cat":[15],"product_tag":[48],"class_list":{"0":"post-2159","1":"product","2":"type-product","3":"status-publish","4":"has-post-thumbnail","6":"material-cotton-agent","7":"material-polyester-chemicals","8":"material-nylon-agent","9":"material-acrylic-chemicals","10":"material-viscose-chemicals","11":"material-wool-auxiliary","12":"material-linen-chemicals","13":"material-silk-chemicals","14":"material-elastic","15":"material-fabric-chemicals","16":"process-pretreatment-auxiliaries","17":"process-degreasing-agent","18":"product_cat-uncategorized","19":"product_tag-new-textile-chemicals","21":"first","22":"instock","23":"shipping-taxable","24":"product-type-simple"},"acf":[],"_links":{"self":[{"href":"https:\/\/www.bluelakechem.com\/pt\/wp-json\/wp\/v2\/product\/2159","targetHints":{"allow":["GET"]}}],"collection":[{"href":"https:\/\/www.bluelakechem.com\/pt\/wp-json\/wp\/v2\/product"}],"about":[{"href":"https:\/\/www.bluelakechem.com\/pt\/wp-json\/wp\/v2\/types\/product"}],"replies":[{"embeddable":true,"href":"https:\/\/www.bluelakechem.com\/pt\/wp-json\/wp\/v2\/comments?post=2159"}],"wp:featuredmedia":[{"embeddable":true,"href":"https:\/\/www.bluelakechem.com\/pt\/wp-json\/wp\/v2\/media\/2161"}],"wp:attachment":[{"href":"https:\/\/www.bluelakechem.com\/pt\/wp-json\/wp\/v2\/media?parent=2159"}],"wp:term":[{"taxonomy":"material","embeddable":true,"href":"https:\/\/www.bluelakechem.com\/pt\/wp-json\/wp\/v2\/material?post=2159"},{"taxonomy":"process","embeddable":true,"href":"https:\/\/www.bluelakechem.com\/pt\/wp-json\/wp\/v2\/process?post=2159"},{"taxonomy":"product_brand","embeddable":true,"href":"https:\/\/www.bluelakechem.com\/pt\/wp-json\/wp\/v2\/product_brand?post=2159"},{"taxonomy":"product_cat","embeddable":true,"href":"https:\/\/www.bluelakechem.com\/pt\/wp-json\/wp\/v2\/product_cat?post=2159"},{"taxonomy":"product_tag","embeddable":true,"href":"https:\/\/www.bluelakechem.com\/pt\/wp-json\/wp\/v2\/product_tag?post=2159"}],"curies":[{"name":"wp","href":"https:\/\/api.w.org\/{rel}","templated":true}]}}