{"id":2188,"date":"2025-05-24T10:02:59","date_gmt":"2025-05-24T10:02:59","guid":{"rendered":"https:\/\/www.bluelakechem.com\/?post_type=product&#038;p=2188"},"modified":"2025-05-29T07:00:10","modified_gmt":"2025-05-29T07:00:10","slug":"polyester-resist-agent-wholesale","status":"publish","type":"product","link":"https:\/\/www.bluelakechem.com\/pt\/product\/polyester-resist-agent-wholesale\/","title":{"rendered":"Agente de resist\u00eancia de poli\u00e9ster, evita que os tecidos sejam tingidos por corantes sol\u00faveis em \u00e1gua, auxiliares de tingimento, atacado"},"content":{"rendered":"<div class=\"wp-block-columns is-layout-flex wp-container-core-columns-is-layout-9d6595d7 wp-block-columns-is-layout-flex\">\n<div class=\"wp-block-column is-layout-flow wp-block-column-is-layout-flow\">\n<h2 class=\"wp-block-heading\">Agente de resist\u00eancia de poli\u00e9ster Caracter\u00edsticas:<\/h2>\n\n\n\n<ul class=\"wp-block-list\">\n<li>N\u00e3o cont\u00e9m formalde\u00eddo, APEO ou \u00edons de metais pesados, etc. Atende aos requisitos de prote\u00e7\u00e3o ambiental.<\/li>\n\n\n\n<li>Forte afinidade com fibras de poli\u00e9ster.<\/li>\n\n\n\n<li>Ele pode impedir que os tecidos sejam tingidos com corantes sol\u00faveis em \u00e1gua.<\/li>\n\n\n\n<li>N\u00e3o influencia a cor, a tonalidade ou o brilho.<\/li>\n<\/ul>\n\n\n\n<h2 class=\"wp-block-heading\">Propriedades do agente de resist\u00eancia de poli\u00e9ster:<\/h2>\n\n\n\n<figure class=\"wp-block-table\"><table class=\"has-fixed-layout\"><tbody><tr><td>Apar\u00eancia:<\/td><td>L\u00edquido transparente amarelo claro a amarelo<\/td><\/tr><tr><td>Ionicidade:<\/td><td>N\u00e3o i\u00f4nico<\/td><\/tr><tr><td>Valor do pH:<\/td><td>6,5\u00b11,0 (solu\u00e7\u00e3o aquosa de 1%)<\/td><\/tr><tr><td>Solubilidade:<\/td><td>Sol\u00favel em \u00e1gua<\/td><\/tr><\/tbody><\/table><\/figure>\n<\/div>\n\n\n\n<div class=\"wp-block-column is-layout-flow wp-block-column-is-layout-flow\">\n<figure class=\"wp-block-embed is-type-video is-provider-youtube wp-block-embed-youtube wp-embed-aspect-16-9 wp-has-aspect-ratio\"><div class=\"wp-block-embed__wrapper\">\n<iframe title=\"F\u00e1cil tingimento de poli\u00e9ster, maior solidez da cor! #resistente #Poli\u00e9ster #Supplier#textileindustry\" width=\"500\" height=\"281\" src=\"https:\/\/www.youtube.com\/embed\/97latRhPXOs?feature=oembed\" frameborder=\"0\" allow=\"accelerometer; autoplay; clipboard-write; encrypted-media; gyroscope; picture-in-picture; web-share\" referrerpolicy=\"strict-origin-when-cross-origin\" allowfullscreen><\/iframe>\n<\/div><\/figure>\n\n\n\n<h2 class=\"wp-block-heading\">Instru\u00e7\u00e3o do agente de resist\u00eancia de poli\u00e9ster:<\/h2>\n\n\n\n<ul class=\"wp-block-list\">\n<li>Dosagem de refer\u00eancia: 1~3 g\/ L<\/li>\n\n\n\n<li>Processo: Adicionar o 23717 e operar por 10 a 20 minutos \u2192 Processo de tingimento normal<\/li>\n<\/ul>\n<\/div>\n<\/div>\n\n\n\n<p><\/p>","protected":false},"excerpt":{"rendered":"<p>Nosso agente de resist\u00eancia \u00e9 um surfactante especial de poli\u00e9ster. Ele \u00e9 adequado para tecidos de poli\u00e9ster e poli\u00e9ster\/algod\u00e3o tingidos com corantes reativos, o que tem um excelente efeito de manter as partes brancas. O produto est\u00e1 em conformidade com o padr\u00e3o Oeko-Tex 100 da UE. Entre em contato conosco para obter solu\u00e7\u00f5es sob medida!<\/p>\n<p><strong>Modelo n\u00ba 23717<\/strong><\/p>","protected":false},"featured_media":2190,"comment_status":"closed","ping_status":"closed","template":"","meta":{"_acf_changed":false},"material":[27],"process":[20,38],"product_brand":[],"product_cat":[15],"product_tag":[48],"class_list":{"0":"post-2188","1":"product","2":"type-product","3":"status-publish","4":"has-post-thumbnail","6":"material-polyester-chemicals","7":"process-dyeing-auxiliaries","8":"process-disperse-leveling-agent","9":"product_cat-uncategorized","10":"product_tag-new-textile-chemicals","12":"first","13":"instock","14":"shipping-taxable","15":"product-type-simple"},"acf":[],"_links":{"self":[{"href":"https:\/\/www.bluelakechem.com\/pt\/wp-json\/wp\/v2\/product\/2188","targetHints":{"allow":["GET"]}}],"collection":[{"href":"https:\/\/www.bluelakechem.com\/pt\/wp-json\/wp\/v2\/product"}],"about":[{"href":"https:\/\/www.bluelakechem.com\/pt\/wp-json\/wp\/v2\/types\/product"}],"replies":[{"embeddable":true,"href":"https:\/\/www.bluelakechem.com\/pt\/wp-json\/wp\/v2\/comments?post=2188"}],"wp:featuredmedia":[{"embeddable":true,"href":"https:\/\/www.bluelakechem.com\/pt\/wp-json\/wp\/v2\/media\/2190"}],"wp:attachment":[{"href":"https:\/\/www.bluelakechem.com\/pt\/wp-json\/wp\/v2\/media?parent=2188"}],"wp:term":[{"taxonomy":"material","embeddable":true,"href":"https:\/\/www.bluelakechem.com\/pt\/wp-json\/wp\/v2\/material?post=2188"},{"taxonomy":"process","embeddable":true,"href":"https:\/\/www.bluelakechem.com\/pt\/wp-json\/wp\/v2\/process?post=2188"},{"taxonomy":"product_brand","embeddable":true,"href":"https:\/\/www.bluelakechem.com\/pt\/wp-json\/wp\/v2\/product_brand?post=2188"},{"taxonomy":"product_cat","embeddable":true,"href":"https:\/\/www.bluelakechem.com\/pt\/wp-json\/wp\/v2\/product_cat?post=2188"},{"taxonomy":"product_tag","embeddable":true,"href":"https:\/\/www.bluelakechem.com\/pt\/wp-json\/wp\/v2\/product_tag?post=2188"}],"curies":[{"name":"wp","href":"https:\/\/api.w.org\/{rel}","templated":true}]}}