{"id":2221,"date":"2025-05-24T10:46:41","date_gmt":"2025-05-24T10:46:41","guid":{"rendered":"https:\/\/www.bluelakechem.com\/?post_type=product&#038;p=2221"},"modified":"2025-05-24T10:46:50","modified_gmt":"2025-05-24T10:46:50","slug":"dyeing-carrier-for-polyester","status":"publish","type":"product","link":"https:\/\/www.bluelakechem.com\/pt\/product\/dyeing-carrier-for-polyester\/","title":{"rendered":"Agente de tingimento de baixa temperatura para poli\u00e9ster e misturas, corantes dispersos"},"content":{"rendered":"<div class=\"wp-block-columns is-layout-flex wp-container-core-columns-is-layout-9d6595d7 wp-block-columns-is-layout-flex\">\n<div class=\"wp-block-column is-layout-flow wp-block-column-is-layout-flow\">\n<h2 class=\"wp-block-heading\">Caracter\u00edsticas do transportador de tingimento:<\/h2>\n\n\n\n<p><strong>Excelente absor\u00e7\u00e3o de corante em baixa temperatura<\/strong><br>Expande as fibras de poli\u00e9ster com efici\u00eancia, permitindo o tingimento de tons profundos a press\u00e3o normal e a 98-110\u00b0C.<\/p>\n\n\n\n<p><strong>Alta reprodutibilidade de tingimento<\/strong><br>Garante resultados consistentes em todos os lotes de corantes, reduzindo as varia\u00e7\u00f5es de qualidade.<\/p>\n\n\n\n<p><strong>Dispersibilidade superior<\/strong><br>Evita a agrega\u00e7\u00e3o de corantes e elimina manchas ou pontos de cor na superf\u00edcie do tecido.<\/p>\n\n\n\n<p><strong>Sem interfer\u00eancia com outros componentes de tingimento<\/strong><br>Compat\u00edvel com sistemas de banho de m\u00faltiplos corantes; n\u00e3o prejudica o tingimento de outros corantes usados junto com corantes dispersos.<\/p>\n\n\n\n<p><strong>Capacidade de corre\u00e7\u00e3o de defeitos<\/strong><br>\u00datil para <strong>Remedia\u00e7\u00e3o de defeitos de tingimento<\/strong> e <strong>corre\u00e7\u00e3o de listras<\/strong> em tecidos de poli\u00e9ster.<\/p>\n\n\n\n<p><strong>Em conformidade com o Oeko-Tex Standard 100<\/strong><br>Ecologicamente correto e seguro para a produ\u00e7\u00e3o t\u00eaxtil voltada para os mercados internacionais.<\/p>\n\n\n\n<h2 class=\"wp-block-heading\">Propriedades do ve\u00edculo de tingimento:<\/h2>\n\n\n\n<figure class=\"wp-block-table\"><table class=\"has-fixed-layout\"><tbody><tr><td>Apar\u00eancia:<\/td><td>L\u00edquido transparente amarelo<\/td><\/tr><tr><td>Ionicidade:<\/td><td>Ani\u00f4nico\/n\u00e3o i\u00f4nico<\/td><\/tr><tr><td>Valor do pH:<\/td><td>6,0\u00b11,0 (solu\u00e7\u00e3o aquosa de 1%)<\/td><\/tr><tr><td>Solubilidade:<\/td><td>Sol\u00favel em \u00e1gua<\/td><\/tr><\/tbody><\/table><\/figure>\n<\/div>\n\n\n\n<div class=\"wp-block-column is-layout-flow wp-block-column-is-layout-flow\">\n<figure class=\"wp-block-embed is-type-video is-provider-youtube wp-block-embed-youtube wp-embed-aspect-16-9 wp-has-aspect-ratio\"><div class=\"wp-block-embed__wrapper\">\n<iframe title=\"Como os tecidos misturados atingem o tingimento escuro em tanques criog\u00eanicos? #Texto tingimento #salvar energia\" width=\"500\" height=\"281\" src=\"https:\/\/www.youtube.com\/embed\/jELFftEaY78?feature=oembed\" frameborder=\"0\" allow=\"accelerometer; autoplay; clipboard-write; encrypted-media; gyroscope; picture-in-picture; web-share\" referrerpolicy=\"strict-origin-when-cross-origin\" allowfullscreen><\/iframe>\n<\/div><\/figure>\n\n\n\n<h2 class=\"wp-block-heading\">Instru\u00e7\u00f5es para o transportador de tingimento:<\/h2>\n\n\n\n<p>1. Para cores m\u00e9dias e claras, dosagem de refer\u00eancia: 2~4 g\/L.<\/p>\n\n\n\n<p>Ajuste o valor do pH para 4,5~5,5<\/p>\n\n\n\n<p>98~110\u2103\u00d745~60 min<\/p>\n\n\n\n<p>2. Para cor escura, dosagem de refer\u00eancia: 4~6 g\/L.<\/p>\n\n\n\n<p>Ajuste o valor do pH para 4,5 a 5,5.<\/p>\n\n\n\n<p>98~110\u2103\u00d745~60 min<\/p>\n<\/div>\n<\/div>\n\n\n\n<p><\/p>","protected":false},"excerpt":{"rendered":"<p>Nosso Dyeing Carrier 22100 \u00e9 um agente de transporte \u00e0 base de \u00e9ster de \u00e1cido org\u00e2nico arom\u00e1tico desenvolvido especificamente para tecidos de poli\u00e9ster e tecidos com mistura de poli\u00e9ster que exigem tingimento em baixa temperatura com corantes dispersos.<\/p>\n<p>Operando com efici\u00eancia a 98-110\u00b0C, ele aumenta a penetra\u00e7\u00e3o e a absor\u00e7\u00e3o do corante sem a necessidade de equipamentos de alta press\u00e3o. O produto est\u00e1 em conformidade com o Oeko-Tex Standard 100 e \u00e9 ideal para processos de tingimento de pe\u00e7as, tingimento de fios ou tingimento corretivo.<\/p>\n<p><strong>Modelo n\u00ba 22100<\/strong><\/p>","protected":false},"featured_media":2223,"comment_status":"closed","ping_status":"closed","template":"","meta":{"_acf_changed":false},"material":[27],"process":[20,39],"product_brand":[],"product_cat":[15],"product_tag":[48],"class_list":{"0":"post-2221","1":"product","2":"type-product","3":"status-publish","4":"has-post-thumbnail","6":"material-polyester-chemicals","7":"process-dyeing-auxiliaries","8":"process-dye-carrier","9":"product_cat-uncategorized","10":"product_tag-new-textile-chemicals","12":"first","13":"instock","14":"shipping-taxable","15":"product-type-simple"},"acf":[],"_links":{"self":[{"href":"https:\/\/www.bluelakechem.com\/pt\/wp-json\/wp\/v2\/product\/2221","targetHints":{"allow":["GET"]}}],"collection":[{"href":"https:\/\/www.bluelakechem.com\/pt\/wp-json\/wp\/v2\/product"}],"about":[{"href":"https:\/\/www.bluelakechem.com\/pt\/wp-json\/wp\/v2\/types\/product"}],"replies":[{"embeddable":true,"href":"https:\/\/www.bluelakechem.com\/pt\/wp-json\/wp\/v2\/comments?post=2221"}],"wp:featuredmedia":[{"embeddable":true,"href":"https:\/\/www.bluelakechem.com\/pt\/wp-json\/wp\/v2\/media\/2223"}],"wp:attachment":[{"href":"https:\/\/www.bluelakechem.com\/pt\/wp-json\/wp\/v2\/media?parent=2221"}],"wp:term":[{"taxonomy":"material","embeddable":true,"href":"https:\/\/www.bluelakechem.com\/pt\/wp-json\/wp\/v2\/material?post=2221"},{"taxonomy":"process","embeddable":true,"href":"https:\/\/www.bluelakechem.com\/pt\/wp-json\/wp\/v2\/process?post=2221"},{"taxonomy":"product_brand","embeddable":true,"href":"https:\/\/www.bluelakechem.com\/pt\/wp-json\/wp\/v2\/product_brand?post=2221"},{"taxonomy":"product_cat","embeddable":true,"href":"https:\/\/www.bluelakechem.com\/pt\/wp-json\/wp\/v2\/product_cat?post=2221"},{"taxonomy":"product_tag","embeddable":true,"href":"https:\/\/www.bluelakechem.com\/pt\/wp-json\/wp\/v2\/product_tag?post=2221"}],"curies":[{"name":"wp","href":"https:\/\/api.w.org\/{rel}","templated":true}]}}