{"id":2273,"date":"2025-06-02T08:16:23","date_gmt":"2025-06-02T08:16:23","guid":{"rendered":"https:\/\/www.bluelakechem.com\/?post_type=product&#038;p=2273"},"modified":"2025-06-05T03:29:46","modified_gmt":"2025-06-05T03:29:46","slug":"soaping-agent-in-textile","status":"publish","type":"product","link":"https:\/\/www.bluelakechem.com\/pt\/product\/soaping-agent-in-textile\/","title":{"rendered":"Agente de ensaboamento sem fosfato e sem espuma em t\u00eaxteis com excelente poder de dispers\u00e3o"},"content":{"rendered":"<div class=\"wp-block-columns is-layout-flex wp-container-core-columns-is-layout-9d6595d7 wp-block-columns-is-layout-flex\">\n<div class=\"wp-block-column is-layout-flow wp-block-column-is-layout-flow\">\n<h2 class=\"wp-block-heading\">Caracter\u00edsticas do agente de ensaboamento em t\u00eaxteis:<\/h2>\n\n\n\n<p>N\u00e3o cont\u00e9m f\u00f3sforo, APEO, etc. Atende aos requisitos de prote\u00e7\u00e3o ambiental.<\/p>\n\n\n\n<p>Excelente fun\u00e7\u00e3o de dispers\u00e3o e lavagem com detergente. Pode remover com efic\u00e1cia o tingimento da superf\u00edcie dos tecidos e melhorar a solidez da cor.<\/p>\n\n\n\n<p>Excelente propriedade anti-manchas. Evita manchas e melhora o efeito de impress\u00e3o.<\/p>\n\n\n\n<p>Influ\u00eancia extremamente pequena na tonalidade da cor. Pode aumentar o brilho ap\u00f3s o ensaboamento e a fervura.<\/p>\n\n\n\n<h2 class=\"wp-block-heading\">Propriedades do agente de ensaboamento em t\u00eaxteis:<\/h2>\n\n\n\n<figure class=\"wp-block-table\"><table class=\"has-fixed-layout\"><tbody><tr><td>Apar\u00eancia:<\/td><td>L\u00edquido transparente amarelo<\/td><\/tr><tr><td>Ionicidade:<\/td><td>Ani\u00f4nico<\/td><\/tr><tr><td>Valor do pH:<\/td><td>7,0\u00b11,0 (solu\u00e7\u00e3o aquosa de 1%)<\/td><\/tr><tr><td>Solubilidade:<\/td><td>Sol\u00favel em \u00e1gua<\/td><\/tr><\/tbody><\/table><\/figure>\n<\/div>\n\n\n\n<div class=\"wp-block-column is-layout-flow wp-block-column-is-layout-flow\">\n<figure class=\"wp-block-embed is-type-video is-provider-youtube wp-block-embed-youtube wp-embed-aspect-16-9 wp-has-aspect-ratio\"><div class=\"wp-block-embed__wrapper\">\n<iframe title=\"Qu\u00edmico t\u00eaxtil | Agente de ensaboamento sem fosfato e sem espuma-23224\" width=\"500\" height=\"281\" src=\"https:\/\/www.youtube.com\/embed\/x1MkO6aM4BY?feature=oembed\" frameborder=\"0\" allow=\"accelerometer; autoplay; clipboard-write; encrypted-media; gyroscope; picture-in-picture; web-share\" referrerpolicy=\"strict-origin-when-cross-origin\" allowfullscreen><\/iframe>\n<\/div><\/figure>\n\n\n\n<h2 class=\"wp-block-heading\">Instru\u00e7\u00e3o:<\/h2>\n\n\n\n<p>Dosagem de refer\u00eancia:<\/p>\n\n\n\n<p><strong>Cor clara:<\/strong> 0,5~1 g\/L, 85~95\u2103\u00d710~15min<\/p>\n\n\n\n<p><strong>Cor m\u00e9dia: <\/strong>1~1,5 g\/L, 85~95\u2103\u00d710~15min<\/p>\n\n\n\n<p><strong>Cor escura:<\/strong> 1,5~2 g\/L, 85~95\u2103\u00d710~15min<\/p>\n<\/div>\n<\/div>","protected":false},"excerpt":{"rendered":"<p>O Soaping Agent 23224 \u00e9 um agente de sab\u00e3o sem fosfato, sem APEO e sem espuma, desenvolvido para processos de p\u00f3s-tingimento e p\u00f3s-impress\u00e3o de tecidos de fibra de celulose, como algod\u00e3o, viscose, linho e suas misturas.<\/p>\n<p>Composto por compostos dispersantes de alto peso molecular, remove com efic\u00e1cia os corantes n\u00e3o fixados por meio de a\u00e7\u00f5es qu\u00edmicas e dispersantes, evitando a re-deposi\u00e7\u00e3o. Adequado para ensaboamento, fervura e tingimento corretivo, ele garante excelente brilho e solidez da cor.<\/p>\n<p>O produto est\u00e1 em conformidade com o Oeko-Tex Standard 100, o que o torna uma solu\u00e7\u00e3o sustent\u00e1vel para fabricantes de t\u00eaxteis preocupados com o meio ambiente.<\/p>\n<p><strong>Modelo n\u00ba 23224<\/strong><\/p>","protected":false},"featured_media":2275,"comment_status":"closed","ping_status":"closed","template":"","meta":{"_acf_changed":false},"material":[26,27,28,29,30,31,32,33,49,34],"process":[20,40],"product_brand":[],"product_cat":[15],"product_tag":[48],"class_list":{"0":"post-2273","1":"product","2":"type-product","3":"status-publish","4":"has-post-thumbnail","6":"material-cotton-agent","7":"material-polyester-chemicals","8":"material-nylon-agent","9":"material-acrylic-chemicals","10":"material-viscose-chemicals","11":"material-wool-auxiliary","12":"material-linen-chemicals","13":"material-silk-chemicals","14":"material-elastic","15":"material-fabric-chemicals","16":"process-dyeing-auxiliaries","17":"process-soaping-agent","18":"product_cat-uncategorized","19":"product_tag-new-textile-chemicals","21":"first","22":"instock","23":"shipping-taxable","24":"product-type-simple"},"acf":[],"_links":{"self":[{"href":"https:\/\/www.bluelakechem.com\/pt\/wp-json\/wp\/v2\/product\/2273","targetHints":{"allow":["GET"]}}],"collection":[{"href":"https:\/\/www.bluelakechem.com\/pt\/wp-json\/wp\/v2\/product"}],"about":[{"href":"https:\/\/www.bluelakechem.com\/pt\/wp-json\/wp\/v2\/types\/product"}],"replies":[{"embeddable":true,"href":"https:\/\/www.bluelakechem.com\/pt\/wp-json\/wp\/v2\/comments?post=2273"}],"wp:featuredmedia":[{"embeddable":true,"href":"https:\/\/www.bluelakechem.com\/pt\/wp-json\/wp\/v2\/media\/2275"}],"wp:attachment":[{"href":"https:\/\/www.bluelakechem.com\/pt\/wp-json\/wp\/v2\/media?parent=2273"}],"wp:term":[{"taxonomy":"material","embeddable":true,"href":"https:\/\/www.bluelakechem.com\/pt\/wp-json\/wp\/v2\/material?post=2273"},{"taxonomy":"process","embeddable":true,"href":"https:\/\/www.bluelakechem.com\/pt\/wp-json\/wp\/v2\/process?post=2273"},{"taxonomy":"product_brand","embeddable":true,"href":"https:\/\/www.bluelakechem.com\/pt\/wp-json\/wp\/v2\/product_brand?post=2273"},{"taxonomy":"product_cat","embeddable":true,"href":"https:\/\/www.bluelakechem.com\/pt\/wp-json\/wp\/v2\/product_cat?post=2273"},{"taxonomy":"product_tag","embeddable":true,"href":"https:\/\/www.bluelakechem.com\/pt\/wp-json\/wp\/v2\/product_tag?post=2273"}],"curies":[{"name":"wp","href":"https:\/\/api.w.org\/{rel}","templated":true}]}}