{"id":2279,"date":"2025-06-02T09:08:22","date_gmt":"2025-06-02T09:08:22","guid":{"rendered":"https:\/\/www.bluelakechem.com\/?post_type=product&#038;p=2279"},"modified":"2025-11-18T03:20:43","modified_gmt":"2025-11-18T03:20:43","slug":"fixing-resin","status":"publish","type":"product","link":"https:\/\/www.bluelakechem.com\/pt\/product\/fixing-resin\/","title":{"rendered":"Resina de fixa\u00e7\u00e3o, agente de nivelamento para economia de \u00e1gua para tingimento reativo de cores escuras"},"content":{"rendered":"<div class=\"wp-block-columns is-layout-flex wp-container-core-columns-is-layout-9d6595d7 wp-block-columns-is-layout-flex\">\n<div class=\"wp-block-column is-layout-flow wp-block-column-is-layout-flow\">\n<h2 class=\"wp-block-heading\">Resina de fixa\u00e7\u00e3o Caracter\u00edsticas:<\/h2>\n\n\n\n<p><strong>Efeito duplo de fixa\u00e7\u00e3o + nivelamento:<\/strong> pode ser usado no mesmo banho com corantes reativos, pode melhorar a solidez e o nivelamento da cor.<\/p>\n\n\n\n<p><strong>Economize \u00e1gua e energia:<\/strong> reduzir a lavagem repetida e apoiar a produ\u00e7\u00e3o sustent\u00e1vel.<\/p>\n\n\n\n<p><strong>Inibir a hidr\u00f3lise do corante:<\/strong> melhorar a efici\u00eancia da fixa\u00e7\u00e3o do corante, reduzir o desbotamento da cor ou o tingimento posterior.<\/p>\n\n\n\n<p><strong>Excelente compatibilidade: <\/strong>pode ser usado no mesmo banho com uma variedade de corantes sem afetar o efeito do tingimento.<\/p>\n\n\n\n<p><strong>Ecologicamente correto e seguro:<\/strong> n\u00e3o cont\u00e9m formalde\u00eddo, APEO e metais pesados, de acordo com os padr\u00f5es t\u00eaxteis globais.<\/p>\n\n\n\n<h2 class=\"wp-block-heading\">Fixa\u00e7\u00e3o das propriedades da resina:<\/h2>\n\n\n\n<figure class=\"wp-block-table\"><table class=\"has-fixed-layout\"><tbody><tr><td><strong>Apar\u00eancia:<\/strong><\/td><td>L\u00edquido amarelo-marrom<\/td><\/tr><tr><td><strong>Ionicidade:<\/strong><\/td><td>Ani\u00f4nico<\/td><\/tr><tr><td><strong>Valor do pH:<\/strong><\/td><td>7,0\u00b10,5 (solu\u00e7\u00e3o aquosa de 1%)<\/td><\/tr><tr><td><strong>Solubilidade:<\/strong><\/td><td>Sol\u00favel em \u00e1gua<\/td><\/tr><\/tbody><\/table><\/figure>\n<\/div>\n\n\n\n<div class=\"wp-block-column is-layout-flow wp-block-column-is-layout-flow\">\n<figure class=\"wp-block-embed is-type-video is-provider-youtube wp-block-embed-youtube wp-embed-aspect-16-9 wp-has-aspect-ratio\"><div class=\"wp-block-embed__wrapper\">\n<iframe title=\"Agente de nivelamento que economiza \u00e1gua. Melhora a efici\u00eancia do tingimento de 15~25% no mesmo banho. 22107\" width=\"500\" height=\"281\" src=\"https:\/\/www.youtube.com\/embed\/zQ8RaZWtqaA?feature=oembed\" frameborder=\"0\" allow=\"accelerometer; autoplay; clipboard-write; encrypted-media; gyroscope; picture-in-picture; web-share\" referrerpolicy=\"strict-origin-when-cross-origin\" allowfullscreen><\/iframe>\n<\/div><\/figure>\n\n\n\n<h2 class=\"wp-block-heading\">Instru\u00e7\u00f5es sobre a resina de fixa\u00e7\u00e3o:<\/h2>\n\n\n\n<p>Para uso em conjunto com o tingimento no mesmo banho, dosagem de refer\u00eancia: 1,0~2,0% (o.w.f)<\/p>\n\n\n\n<p><strong>Observa\u00e7\u00e3o:<\/strong><\/p>\n\n\n\n<p>A dosagem recomendada \u00e9 de 20~30% da quantidade de corante. Dissolva-o com o corante e tinja de acordo com o processo normal.<\/p>\n<\/div>\n<\/div>","protected":false},"excerpt":{"rendered":"<p>A Resina Fixadora 22107 \u00e9 um agente de a\u00e7\u00e3o dupla sem formalde\u00eddo que combina as fun\u00e7\u00f5es de uma resina fixadora e de um agente nivelador, especialmente desenvolvido para tecidos de algod\u00e3o tingidos com corantes reativos. Ele melhora a solidez da cor \u00e0 lavagem e ao sab\u00e3o, al\u00e9m de melhorar o nivelamento quando usado no banho com corantes. Ideal para tingimento de pe\u00e7as, tingimento de fios e tratamentos corretivos, e est\u00e1 em conformidade com o Oeko-Tex Standard 100. Entre em contato conosco para obter amostras gr\u00e1tis ou orienta\u00e7\u00e3o de f\u00f3rmula especializada!<\/p>\n<p><strong>Modelo n\u00ba 22107<\/strong><\/p>\n<p><img decoding=\"async\" class=\"wp-image-2287 size-full alignnone\" src=\"https:\/\/www.bluelakechem.com\/wp-content\/uploads\/2025\/05\/Fixing-Resin-Leveling-Agent-for-Reactive-Dyes-Fastness-Water-Saving-1-1.webp\" alt=\"Resina de fixa\u00e7\u00e3o e agente de nivelamento para corantes reativos, solidez e economia de \u00e1gua (1)\" width=\"1250\" height=\"655\" srcset=\"https:\/\/www.bluelakechem.com\/wp-content\/uploads\/2025\/05\/Fixing-Resin-Leveling-Agent-for-Reactive-Dyes-Fastness-Water-Saving-1-1.webp 1250w, https:\/\/www.bluelakechem.com\/wp-content\/uploads\/2025\/05\/Fixing-Resin-Leveling-Agent-for-Reactive-Dyes-Fastness-Water-Saving-1-1-300x157.webp 300w, https:\/\/www.bluelakechem.com\/wp-content\/uploads\/2025\/05\/Fixing-Resin-Leveling-Agent-for-Reactive-Dyes-Fastness-Water-Saving-1-1-768x402.webp 768w, https:\/\/www.bluelakechem.com\/wp-content\/uploads\/2025\/05\/Fixing-Resin-Leveling-Agent-for-Reactive-Dyes-Fastness-Water-Saving-1-1-18x9.webp 18w, https:\/\/www.bluelakechem.com\/wp-content\/uploads\/2025\/05\/Fixing-Resin-Leveling-Agent-for-Reactive-Dyes-Fastness-Water-Saving-1-1-1200x629.webp 1200w, https:\/\/www.bluelakechem.com\/wp-content\/uploads\/2025\/05\/Fixing-Resin-Leveling-Agent-for-Reactive-Dyes-Fastness-Water-Saving-1-1-600x314.webp 600w\" sizes=\"(max-width: 1250px) 100vw, 1250px\" \/><\/p>","protected":false},"featured_media":2280,"comment_status":"closed","ping_status":"closed","template":"","meta":{"_acf_changed":false},"material":[26],"process":[23,41],"product_brand":[],"product_cat":[15],"product_tag":[48],"class_list":{"0":"post-2279","1":"product","2":"type-product","3":"status-publish","4":"has-post-thumbnail","6":"material-cotton-agent","7":"process-textile-finishing-chemicals","8":"process-fixing-agent","9":"product_cat-uncategorized","10":"product_tag-new-textile-chemicals","12":"first","13":"instock","14":"shipping-taxable","15":"product-type-simple"},"acf":[],"_links":{"self":[{"href":"https:\/\/www.bluelakechem.com\/pt\/wp-json\/wp\/v2\/product\/2279","targetHints":{"allow":["GET"]}}],"collection":[{"href":"https:\/\/www.bluelakechem.com\/pt\/wp-json\/wp\/v2\/product"}],"about":[{"href":"https:\/\/www.bluelakechem.com\/pt\/wp-json\/wp\/v2\/types\/product"}],"replies":[{"embeddable":true,"href":"https:\/\/www.bluelakechem.com\/pt\/wp-json\/wp\/v2\/comments?post=2279"}],"wp:featuredmedia":[{"embeddable":true,"href":"https:\/\/www.bluelakechem.com\/pt\/wp-json\/wp\/v2\/media\/2280"}],"wp:attachment":[{"href":"https:\/\/www.bluelakechem.com\/pt\/wp-json\/wp\/v2\/media?parent=2279"}],"wp:term":[{"taxonomy":"material","embeddable":true,"href":"https:\/\/www.bluelakechem.com\/pt\/wp-json\/wp\/v2\/material?post=2279"},{"taxonomy":"process","embeddable":true,"href":"https:\/\/www.bluelakechem.com\/pt\/wp-json\/wp\/v2\/process?post=2279"},{"taxonomy":"product_brand","embeddable":true,"href":"https:\/\/www.bluelakechem.com\/pt\/wp-json\/wp\/v2\/product_brand?post=2279"},{"taxonomy":"product_cat","embeddable":true,"href":"https:\/\/www.bluelakechem.com\/pt\/wp-json\/wp\/v2\/product_cat?post=2279"},{"taxonomy":"product_tag","embeddable":true,"href":"https:\/\/www.bluelakechem.com\/pt\/wp-json\/wp\/v2\/product_tag?post=2279"}],"curies":[{"name":"wp","href":"https:\/\/api.w.org\/{rel}","templated":true}]}}