{"id":2303,"date":"2025-06-10T03:45:12","date_gmt":"2025-06-10T03:45:12","guid":{"rendered":"https:\/\/www.bluelakechem.com\/?post_type=product&#038;p=2303"},"modified":"2025-06-10T04:02:49","modified_gmt":"2025-06-10T04:02:49","slug":"low-temperature-soaping-powder","status":"publish","type":"product","link":"https:\/\/www.bluelakechem.com\/pt\/product\/low-temperature-soaping-powder\/","title":{"rendered":"P\u00f3 para ensaboamento em baixa temperatura para a ebuli\u00e7\u00e3o do sab\u00e3o ap\u00f3s a impress\u00e3o e o tingimento do tecido"},"content":{"rendered":"<div class=\"wp-block-columns is-layout-flex wp-container-core-columns-is-layout-9d6595d7 wp-block-columns-is-layout-flex\">\n<div class=\"wp-block-column is-layout-flow wp-block-column-is-layout-flow\">\n<h2 class=\"wp-block-heading\">Low Temperature&nbsp;Soaping Powder Features:<\/h2>\n\n\n\n<p><strong>Eco-friendly and pollution-free: <\/strong>Contains no phosphorus\u00a0or APEO, etc. Fits environmental protection requirements.<\/p>\n\n\n\n<p><strong>Low temperature and high efficiency: <\/strong>suitable for low-temperature soaping and soap boiling processes, saving energy and time.<\/p>\n\n\n\n<p><strong>Excellent function of dispersing and detergent washing<\/strong>: effectively strips off unfixed dyes and improves color fastness.<\/p>\n\n\n\n<p><strong>Excellent anti-staining property<\/strong>: Prevents tarnishing\u00a0and improves printing effect.<\/p>\n\n\n\n<p><strong>No effect on color shade: <\/strong>Almost no effect on color shade, can increase the brightness of fabrics and enhance the quality of printing and dyeing.<\/p>\n\n\n\n<h2 class=\"wp-block-heading\">Low Temperature&nbsp;Soaping Powder Properties:<\/h2>\n\n\n\n<figure class=\"wp-block-table\"><table class=\"has-fixed-layout\"><tbody><tr><td>Apar\u00eancia:<\/td><td>P\u00f3 branco<\/td><\/tr><tr><td>Ionicidade:<\/td><td>N\u00e3o i\u00f4nico<\/td><\/tr><tr><td>Valor do pH:<\/td><td>12.0\u00b11.0 (1% aqueous solution)<\/td><\/tr><tr><td>Solubilidade:<\/td><td>Sol\u00favel em \u00e1gua<\/td><\/tr><\/tbody><\/table><\/figure>\n<\/div>\n\n\n\n<div class=\"wp-block-column is-layout-flow wp-block-column-is-layout-flow\">\n<figure class=\"wp-block-embed is-type-video is-provider-youtube wp-block-embed-youtube wp-embed-aspect-16-9 wp-has-aspect-ratio\"><div class=\"wp-block-embed__wrapper\">\n<iframe title=\"Save more than 40% steam in soaping process #textilechemicals #auxiliaries\" width=\"500\" height=\"281\" src=\"https:\/\/www.youtube.com\/embed\/OcThjC2_smA?feature=oembed\" frameborder=\"0\" allow=\"accelerometer; autoplay; clipboard-write; encrypted-media; gyroscope; picture-in-picture; web-share\" referrerpolicy=\"strict-origin-when-cross-origin\" allowfullscreen><\/iframe>\n<\/div><\/figure>\n\n\n\n<h2 class=\"wp-block-heading\">Low Temperature&nbsp;Soaping Powder Instruction:<\/h2>\n\n\n\n<p><strong>Dosagem de refer\u00eancia:<\/strong><\/p>\n\n\n\n<p>Light color: 0.3 g\/L<br>Medium color: 0.5 g\/L<br>Dark color: 1 g\/L<\/p>\n\n\n\n<p><strong>Processo de refer\u00eancia:<\/strong><\/p>\n\n\n\n<p>60~70\u2103\u00d720~30 min, then drain \u2192 Water washing \u2192 Pickling (0.2 g\/L acetic acid), then drain\u2192 Fixing and softening<\/p>\n<\/div>\n<\/div>","protected":false},"excerpt":{"rendered":"<p>O Sab\u00e3o em P\u00f3 para Baixa Temperatura 22140 \u00e9 composto principalmente de compostos de policarboxilato. Por meio da a\u00e7\u00e3o qu\u00edmica de agentes de sab\u00e3o e corantes, pode eluir os corantes do tecido que n\u00e3o est\u00e3o ligados \u00e0 fibra. Al\u00e9m disso, por meio do forte efeito de dispers\u00e3o do agente sab\u00e3o, ele pode evitar a reades\u00e3o dos corantes que s\u00e3o elu\u00eddos. Pode ser aplicado no processo de ensaboamento e fervura em baixa temperatura ap\u00f3s o tingimento e a impress\u00e3o de tecidos de fibras de celulose, como algod\u00e3o, fibra de viscose, linho e misturas de fibras de celulose, etc., e est\u00e1 em conformidade com o Oeko-Tex Standard 100. Entre em contato conosco para obter amostras gr\u00e1tis ou orienta\u00e7\u00e3o especializada sobre f\u00f3rmulas!<\/p>\n<p><strong>Modelo n\u00ba 22140<\/strong><\/p>\n<p>&nbsp;<\/p>","protected":false},"featured_media":2309,"comment_status":"closed","ping_status":"closed","template":"","meta":{"_acf_changed":false},"material":[26,27,28,29,30,31,32,33,49,34],"process":[20,40],"product_brand":[],"product_cat":[15],"product_tag":[48],"class_list":{"0":"post-2303","1":"product","2":"type-product","3":"status-publish","4":"has-post-thumbnail","6":"material-cotton-agent","7":"material-polyester-chemicals","8":"material-nylon-agent","9":"material-acrylic-chemicals","10":"material-viscose-chemicals","11":"material-wool-auxiliary","12":"material-linen-chemicals","13":"material-silk-chemicals","14":"material-elastic","15":"material-fabric-chemicals","16":"process-dyeing-auxiliaries","17":"process-soaping-agent","18":"product_cat-uncategorized","19":"product_tag-new-textile-chemicals","21":"first","22":"instock","23":"shipping-taxable","24":"product-type-simple"},"acf":[],"_links":{"self":[{"href":"https:\/\/www.bluelakechem.com\/pt\/wp-json\/wp\/v2\/product\/2303","targetHints":{"allow":["GET"]}}],"collection":[{"href":"https:\/\/www.bluelakechem.com\/pt\/wp-json\/wp\/v2\/product"}],"about":[{"href":"https:\/\/www.bluelakechem.com\/pt\/wp-json\/wp\/v2\/types\/product"}],"replies":[{"embeddable":true,"href":"https:\/\/www.bluelakechem.com\/pt\/wp-json\/wp\/v2\/comments?post=2303"}],"wp:featuredmedia":[{"embeddable":true,"href":"https:\/\/www.bluelakechem.com\/pt\/wp-json\/wp\/v2\/media\/2309"}],"wp:attachment":[{"href":"https:\/\/www.bluelakechem.com\/pt\/wp-json\/wp\/v2\/media?parent=2303"}],"wp:term":[{"taxonomy":"material","embeddable":true,"href":"https:\/\/www.bluelakechem.com\/pt\/wp-json\/wp\/v2\/material?post=2303"},{"taxonomy":"process","embeddable":true,"href":"https:\/\/www.bluelakechem.com\/pt\/wp-json\/wp\/v2\/process?post=2303"},{"taxonomy":"product_brand","embeddable":true,"href":"https:\/\/www.bluelakechem.com\/pt\/wp-json\/wp\/v2\/product_brand?post=2303"},{"taxonomy":"product_cat","embeddable":true,"href":"https:\/\/www.bluelakechem.com\/pt\/wp-json\/wp\/v2\/product_cat?post=2303"},{"taxonomy":"product_tag","embeddable":true,"href":"https:\/\/www.bluelakechem.com\/pt\/wp-json\/wp\/v2\/product_tag?post=2303"}],"curies":[{"name":"wp","href":"https:\/\/api.w.org\/{rel}","templated":true}]}}