{"id":2375,"date":"2025-06-17T01:43:06","date_gmt":"2025-06-17T01:43:06","guid":{"rendered":"https:\/\/www.bluelakechem.com\/?post_type=product&#038;p=2375"},"modified":"2025-07-22T07:12:05","modified_gmt":"2025-07-22T07:12:05","slug":"sequestering-dispersing-agent","status":"publish","type":"product","link":"https:\/\/www.bluelakechem.com\/pt\/product\/sequestering-dispersing-agent\/","title":{"rendered":"Agente dispersante sequestrante de alta efici\u00eancia para estabilidade do banho de corante"},"content":{"rendered":"<div class=\"wp-block-columns is-layout-flex wp-container-core-columns-is-layout-9d6595d7 wp-block-columns-is-layout-flex\">\n<div class=\"wp-block-column is-layout-flow wp-block-column-is-layout-flow\">\n<figure class=\"wp-block-image size-full\"><img decoding=\"async\" width=\"1363\" height=\"1701\" src=\"https:\/\/www.bluelakechem.com\/wp-content\/uploads\/2025\/06\/Sequestering-Dispersing-Agent-11576-1.webp\" alt=\"Agente sequestrante e dispersante\" class=\"wp-image-2683\" srcset=\"https:\/\/www.bluelakechem.com\/wp-content\/uploads\/2025\/06\/Sequestering-Dispersing-Agent-11576-1.webp 1363w, https:\/\/www.bluelakechem.com\/wp-content\/uploads\/2025\/06\/Sequestering-Dispersing-Agent-11576-1-240x300.webp 240w, https:\/\/www.bluelakechem.com\/wp-content\/uploads\/2025\/06\/Sequestering-Dispersing-Agent-11576-1-768x958.webp 768w, https:\/\/www.bluelakechem.com\/wp-content\/uploads\/2025\/06\/Sequestering-Dispersing-Agent-11576-1-10x12.webp 10w, https:\/\/www.bluelakechem.com\/wp-content\/uploads\/2025\/06\/Sequestering-Dispersing-Agent-11576-1-1200x1498.webp 1200w, https:\/\/www.bluelakechem.com\/wp-content\/uploads\/2025\/06\/Sequestering-Dispersing-Agent-11576-1-600x749.webp 600w\" sizes=\"(max-width: 1363px) 100vw, 1363px\" \/><\/figure>\n<\/div>\n\n\n\n<div class=\"wp-block-column is-layout-flow wp-block-column-is-layout-flow\">\n<figure class=\"wp-block-image size-full\"><img decoding=\"async\" width=\"1363\" height=\"1701\" src=\"https:\/\/www.bluelakechem.com\/wp-content\/uploads\/2025\/06\/Sequestering-Dispersing-Agent-11576-1-1.webp\" alt=\"Agente sequestrante e dispersante\" class=\"wp-image-2684\" srcset=\"https:\/\/www.bluelakechem.com\/wp-content\/uploads\/2025\/06\/Sequestering-Dispersing-Agent-11576-1-1.webp 1363w, https:\/\/www.bluelakechem.com\/wp-content\/uploads\/2025\/06\/Sequestering-Dispersing-Agent-11576-1-1-240x300.webp 240w, https:\/\/www.bluelakechem.com\/wp-content\/uploads\/2025\/06\/Sequestering-Dispersing-Agent-11576-1-1-768x958.webp 768w, https:\/\/www.bluelakechem.com\/wp-content\/uploads\/2025\/06\/Sequestering-Dispersing-Agent-11576-1-1-10x12.webp 10w, https:\/\/www.bluelakechem.com\/wp-content\/uploads\/2025\/06\/Sequestering-Dispersing-Agent-11576-1-1-1200x1498.webp 1200w, https:\/\/www.bluelakechem.com\/wp-content\/uploads\/2025\/06\/Sequestering-Dispersing-Agent-11576-1-1-600x749.webp 600w\" sizes=\"(max-width: 1363px) 100vw, 1363px\" \/><\/figure>\n<\/div>\n<\/div>\n\n\n\n<div class=\"wp-block-columns is-layout-flex wp-container-core-columns-is-layout-9d6595d7 wp-block-columns-is-layout-flex\">\n<div class=\"wp-block-column is-layout-flow wp-block-column-is-layout-flow\">\n<h2 class=\"wp-block-heading\">Agente dispersante sequestrante Caracter\u00edsticas:<\/h2>\n\n\n\n<p>Est\u00e1vel em altas temperaturas, \u00e1lcalis e eletr\u00f3litos. Boa resist\u00eancia \u00e0 oxida\u00e7\u00e3o. Tem uma forte capacidade de sequestro, especialmente para \u00edons de ferro.<\/p>\n\n\n\n<p>Excelente efeito de dispers\u00e3o para corantes. Pode manter a estabilidade do banho e evitar a coagula\u00e7\u00e3o de corantes, impurezas ou sujeira, etc.<\/p>\n\n\n\n<p>Bom efeito anticalc\u00e1rio. Pode dispersar a sujeira e as impurezas e evitar a sedimenta\u00e7\u00e3o no equipamento.<\/p>\n\n\n\n<h2 class=\"wp-block-heading\">Propriedades do agente dispersante sequestrante:<\/h2>\n\n\n\n<figure class=\"wp-block-table\"><table class=\"has-fixed-layout\"><tbody><tr><td>Apar\u00eancia:<\/td><td>L\u00edquido transparente incolor a amarelo claro<\/td><\/tr><tr><td>Ionicidade:<\/td><td>Ani\u00f4nico fraco<\/td><\/tr><tr><td>Valor do pH:<\/td><td>1,5\u00b11,0 (solu\u00e7\u00e3o aquosa de 1%)<\/td><\/tr><tr><td>Solubilidade:<\/td><td>Sol\u00favel em \u00e1gua<\/td><\/tr><\/tbody><\/table><\/figure>\n<\/div>\n\n\n\n<div class=\"wp-block-column is-layout-flow wp-block-column-is-layout-flow\">\n<h2 class=\"wp-block-heading\">Instru\u00e7\u00e3o de agente dispersante sequestrante:<\/h2>\n\n\n\n<p>1) \u00c9 um produto de alta concentra\u00e7\u00e3o. Sugerimos dilu\u00ed-lo em uma propor\u00e7\u00e3o de 1:4 a 1:9 com \u00e1gua de amaciamento.<\/p>\n\n\n\n<p>2) \u00c9 um produto \u00e1cido forte. Se precisar ser ajustado para \u00e1cido fraco ou neutro, adicione soda c\u00e1ustica (20% de 11576) ao diluir para ajustar o valor do pH. Mas isso diminuir\u00e1 a resist\u00eancia ao congelamento (haver\u00e1 um precipitado branco em baixas temperaturas).<\/p>\n\n\n\n<p>3. Para o processo de imers\u00e3o, a dosagem de refer\u00eancia de 10% dilu\u00eddo em 11576: 1~2 g\/L.<\/p>\n\n\n\n<p>4. Para o processo de preenchimento, a dosagem de refer\u00eancia de 10% dilu\u00eddo em 11576: 3~5 g\/L<\/p>\n<\/div>\n<\/div>","protected":false},"excerpt":{"rendered":"<p>O Sequestering Dispersing Agent 11576 \u00e9 um complexo de polifosfato org\u00e2nico com poder quelante forte e est\u00e1vel para c\u00e1lcio, magn\u00e9sio, ferro e outros \u00edons met\u00e1licos. Seu desempenho \u00e9 confi\u00e1vel sob altas temperaturas, \u00e1lcalis fortes, oxidantes e eletr\u00f3litos - ideal para processos r\u00e1pidos e eficientes. Aplic\u00e1vel a limpeza, alvejamento, tingimento, impress\u00e3o, ensaboamento e acabamento. Compat\u00edvel com o padr\u00e3o Oeko-Tex 100.<br \/>Entre em contato conosco para obter amostras gr\u00e1tis ou suporte t\u00e9cnico!<\/p>\n<p><strong>Modelo n\u00ba 11576<\/strong><\/p>\n<p>&nbsp;<\/p>","protected":false},"featured_media":2379,"comment_status":"closed","ping_status":"closed","template":"","meta":{"_acf_changed":false},"material":[26,27,28,29,30,31,32,33,49,34],"process":[20,21,38],"product_brand":[],"product_cat":[15],"product_tag":[48],"class_list":{"0":"post-2375","1":"product","2":"type-product","3":"status-publish","4":"has-post-thumbnail","6":"material-cotton-agent","7":"material-polyester-chemicals","8":"material-nylon-agent","9":"material-acrylic-chemicals","10":"material-viscose-chemicals","11":"material-wool-auxiliary","12":"material-linen-chemicals","13":"material-silk-chemicals","14":"material-elastic","15":"material-fabric-chemicals","16":"process-dyeing-auxiliaries","17":"process-sequestering-agent","18":"process-disperse-leveling-agent","19":"product_cat-uncategorized","20":"product_tag-new-textile-chemicals","22":"first","23":"instock","24":"shipping-taxable","25":"product-type-simple"},"acf":[],"_links":{"self":[{"href":"https:\/\/www.bluelakechem.com\/pt\/wp-json\/wp\/v2\/product\/2375","targetHints":{"allow":["GET"]}}],"collection":[{"href":"https:\/\/www.bluelakechem.com\/pt\/wp-json\/wp\/v2\/product"}],"about":[{"href":"https:\/\/www.bluelakechem.com\/pt\/wp-json\/wp\/v2\/types\/product"}],"replies":[{"embeddable":true,"href":"https:\/\/www.bluelakechem.com\/pt\/wp-json\/wp\/v2\/comments?post=2375"}],"wp:featuredmedia":[{"embeddable":true,"href":"https:\/\/www.bluelakechem.com\/pt\/wp-json\/wp\/v2\/media\/2379"}],"wp:attachment":[{"href":"https:\/\/www.bluelakechem.com\/pt\/wp-json\/wp\/v2\/media?parent=2375"}],"wp:term":[{"taxonomy":"material","embeddable":true,"href":"https:\/\/www.bluelakechem.com\/pt\/wp-json\/wp\/v2\/material?post=2375"},{"taxonomy":"process","embeddable":true,"href":"https:\/\/www.bluelakechem.com\/pt\/wp-json\/wp\/v2\/process?post=2375"},{"taxonomy":"product_brand","embeddable":true,"href":"https:\/\/www.bluelakechem.com\/pt\/wp-json\/wp\/v2\/product_brand?post=2375"},{"taxonomy":"product_cat","embeddable":true,"href":"https:\/\/www.bluelakechem.com\/pt\/wp-json\/wp\/v2\/product_cat?post=2375"},{"taxonomy":"product_tag","embeddable":true,"href":"https:\/\/www.bluelakechem.com\/pt\/wp-json\/wp\/v2\/product_tag?post=2375"}],"curies":[{"name":"wp","href":"https:\/\/api.w.org\/{rel}","templated":true}]}}