{"id":2390,"date":"2025-06-16T09:32:11","date_gmt":"2025-06-16T09:32:11","guid":{"rendered":"https:\/\/www.bluelakechem.com\/?post_type=product&#038;p=2390"},"modified":"2025-06-16T09:32:12","modified_gmt":"2025-06-16T09:32:12","slug":"fixing-agent-for-polyester-cotton","status":"publish","type":"product","link":"https:\/\/www.bluelakechem.com\/pt\/product\/fixing-agent-for-polyester-cotton\/","title":{"rendered":"Agente de fixa\u00e7\u00e3o para tecidos de algod\u00e3o e poli\u00e9ster, que aumenta a solidez da cor ap\u00f3s a fixa\u00e7\u00e3o"},"content":{"rendered":"<div class=\"wp-block-columns is-layout-flex wp-container-core-columns-is-layout-9d6595d7 wp-block-columns-is-layout-flex\">\n<div class=\"wp-block-column is-layout-flow wp-block-column-is-layout-flow\">\n<h2 class=\"wp-block-heading\">Recursos do agente de fixa\u00e7\u00e3o:<\/h2>\n\n\n\n<p>N\u00e3o cont\u00e9m formalde\u00eddo, APEO ou \u00edons de metais pesados. Atende aos requisitos de prote\u00e7\u00e3o ambiental.<\/p>\n\n\n\n<p>Tem um certo efeito inibidor sobre a sublima\u00e7\u00e3o de corantes dispersos no processo de ajuste, especialmente para corantes de vermelho vivo, preto e azul.<\/p>\n\n\n\n<p>N\u00e3o influencia a sensa\u00e7\u00e3o das m\u00e3os ou a tonalidade das cores dos tecidos.<\/p>\n\n\n\n<p>Reduz a configura\u00e7\u00e3o m\u00e9dia \u00fanica - encurta o processo.<\/p>\n\n\n\n<p>F\u00e1cil de usar. Pode ser usado junto com o \u00f3leo de silicone no mesmo banho na m\u00e1quina de ajuste.<\/p>\n\n\n\n<h2 class=\"wp-block-heading\">Corre\u00e7\u00e3o das propriedades do agente:<\/h2>\n\n\n\n<figure class=\"wp-block-table\"><table class=\"has-fixed-layout\"><tbody><tr><td>Apar\u00eancia:<\/td><td>L\u00edquido amarelo claro<\/td><\/tr><tr><td>Ionicidade:<\/td><td>Cati\u00f4nica<\/td><\/tr><tr><td>Valor do pH:<\/td><td>6,5\u00b11,0 (solu\u00e7\u00e3o aquosa de 1%)<\/td><\/tr><tr><td>Solubilidade:<\/td><td>Sol\u00favel em \u00e1gua<\/td><\/tr><\/tbody><\/table><\/figure>\n<\/div>\n\n\n\n<div class=\"wp-block-column is-layout-flow wp-block-column-is-layout-flow\">\n<figure class=\"wp-block-image size-full\"><img decoding=\"async\" width=\"2256\" height=\"1181\" src=\"https:\/\/www.bluelakechem.com\/wp-content\/uploads\/2025\/06\/Fixing-agent-22307-1.webp\" alt=\"Agente de fixa\u00e7\u00e3o\" class=\"wp-image-2397\" srcset=\"https:\/\/www.bluelakechem.com\/wp-content\/uploads\/2025\/06\/Fixing-agent-22307-1.webp 2256w, https:\/\/www.bluelakechem.com\/wp-content\/uploads\/2025\/06\/Fixing-agent-22307-1-300x157.webp 300w, https:\/\/www.bluelakechem.com\/wp-content\/uploads\/2025\/06\/Fixing-agent-22307-1-768x402.webp 768w, https:\/\/www.bluelakechem.com\/wp-content\/uploads\/2025\/06\/Fixing-agent-22307-1-18x9.webp 18w, https:\/\/www.bluelakechem.com\/wp-content\/uploads\/2025\/06\/Fixing-agent-22307-1-1200x628.webp 1200w, https:\/\/www.bluelakechem.com\/wp-content\/uploads\/2025\/06\/Fixing-agent-22307-1-600x314.webp 600w\" sizes=\"(max-width: 2256px) 100vw, 2256px\" \/><\/figure>\n\n\n\n<h2 class=\"wp-block-heading\">Instru\u00e7\u00e3o do agente de fixa\u00e7\u00e3o:<\/h2>\n\n\n\n<p><strong>Processo de preenchimento:<\/strong><\/p>\n\n\n\n<p>Dosagem de refer\u00eancia do 22307: 10~40 g\/L<\/p>\n\n\n\n<p>Dosagem de refer\u00eancia do amaciante: X g\/L<\/p>\n\n\n\n<p>Mergulho e preenchimento (Coleta: 70~100%) \u2192 Secagem e ajuste (130~160\u2103)<\/p>\n<\/div>\n<\/div>\n\n\n\n<p><\/p>","protected":false},"excerpt":{"rendered":"<p>O Fixing Agent 22307 \u00e9 um auxiliar t\u00eaxtil especialmente desenvolvido para tecidos de poli\u00e9ster e algod\u00e3o. Ele forma uma pel\u00edcula protetora durante a fixa\u00e7\u00e3o, reagindo com as fibras de algod\u00e3o, ajudando a reduzir a sublima\u00e7\u00e3o do corante e melhorando a solidez da cor ao sab\u00e3o e ao ferro. Em conformidade com o Oeko-Tex Standard 100. Amostras gr\u00e1tis e suporte \u00e0 formula\u00e7\u00e3o est\u00e3o dispon\u00edveis. Entre em contato conosco hoje mesmo!<\/p>\n<p><strong>Modelo n\u00ba 22307<\/strong><\/p>\n<p>&nbsp;<\/p>","protected":false},"featured_media":2391,"comment_status":"closed","ping_status":"closed","template":"","meta":{"_acf_changed":false},"material":[26,27],"process":[23,41],"product_brand":[],"product_cat":[15],"product_tag":[48],"class_list":{"0":"post-2390","1":"product","2":"type-product","3":"status-publish","4":"has-post-thumbnail","6":"material-cotton-agent","7":"material-polyester-chemicals","8":"process-textile-finishing-chemicals","9":"process-fixing-agent","10":"product_cat-uncategorized","11":"product_tag-new-textile-chemicals","13":"first","14":"instock","15":"shipping-taxable","16":"product-type-simple"},"acf":[],"_links":{"self":[{"href":"https:\/\/www.bluelakechem.com\/pt\/wp-json\/wp\/v2\/product\/2390","targetHints":{"allow":["GET"]}}],"collection":[{"href":"https:\/\/www.bluelakechem.com\/pt\/wp-json\/wp\/v2\/product"}],"about":[{"href":"https:\/\/www.bluelakechem.com\/pt\/wp-json\/wp\/v2\/types\/product"}],"replies":[{"embeddable":true,"href":"https:\/\/www.bluelakechem.com\/pt\/wp-json\/wp\/v2\/comments?post=2390"}],"wp:featuredmedia":[{"embeddable":true,"href":"https:\/\/www.bluelakechem.com\/pt\/wp-json\/wp\/v2\/media\/2391"}],"wp:attachment":[{"href":"https:\/\/www.bluelakechem.com\/pt\/wp-json\/wp\/v2\/media?parent=2390"}],"wp:term":[{"taxonomy":"material","embeddable":true,"href":"https:\/\/www.bluelakechem.com\/pt\/wp-json\/wp\/v2\/material?post=2390"},{"taxonomy":"process","embeddable":true,"href":"https:\/\/www.bluelakechem.com\/pt\/wp-json\/wp\/v2\/process?post=2390"},{"taxonomy":"product_brand","embeddable":true,"href":"https:\/\/www.bluelakechem.com\/pt\/wp-json\/wp\/v2\/product_brand?post=2390"},{"taxonomy":"product_cat","embeddable":true,"href":"https:\/\/www.bluelakechem.com\/pt\/wp-json\/wp\/v2\/product_cat?post=2390"},{"taxonomy":"product_tag","embeddable":true,"href":"https:\/\/www.bluelakechem.com\/pt\/wp-json\/wp\/v2\/product_tag?post=2390"}],"curies":[{"name":"wp","href":"https:\/\/api.w.org\/{rel}","templated":true}]}}