{"id":2393,"date":"2025-06-17T01:58:04","date_gmt":"2025-06-17T01:58:04","guid":{"rendered":"https:\/\/www.bluelakechem.com\/?post_type=product&#038;p=2393"},"modified":"2025-06-17T01:58:06","modified_gmt":"2025-06-17T01:58:06","slug":"leveling-agent-for-polyester-dyeing","status":"publish","type":"product","link":"https:\/\/www.bluelakechem.com\/pt\/product\/leveling-agent-for-polyester-dyeing\/","title":{"rendered":"Agente de nivelamento de alta concentra\u00e7\u00e3o para tingimento de poli\u00e9ster em altas temperaturas"},"content":{"rendered":"<div class=\"wp-block-columns is-layout-flex wp-container-core-columns-is-layout-9d6595d7 wp-block-columns-is-layout-flex\">\n<div class=\"wp-block-column is-layout-flow wp-block-column-is-layout-flow\">\n<h2 class=\"wp-block-heading\">Agente de nivelamento Caracter\u00edsticas:<\/h2>\n\n\n\n<p>N\u00e3o cont\u00e9m APEO ou PAH, etc. Atende aos requisitos de prote\u00e7\u00e3o ambiental.<\/p>\n\n\n\n<p>Excelente desempenho de transfer\u00eancia. Pode reduzir o tempo de tingimento, melhorar a efici\u00eancia da produ\u00e7\u00e3o e economizar energia.<\/p>\n\n\n\n<p>Forte capacidade de retardamento. Ele pode efetivamente diminuir a taxa de tingimento inicial e resolver o problema de defeito de tingimento causado pelo tingimento simult\u00e2neo de corantes mistos.<\/p>\n\n\n\n<p>Espuma extremamente baixa. N\u00e3o h\u00e1 necessidade de adicionar um agente antiespumante. Reduz as manchas de silicone no tecido ou a polui\u00e7\u00e3o do equipamento.<\/p>\n\n\n\n<p>Melhora a dispers\u00e3o de corantes dispersantes. Evita manchas de cor ou manchas de cor.<\/p>\n\n\n\n<h2 class=\"wp-block-heading\">Propriedades do agente de nivelamento:<\/h2>\n\n\n\n<figure class=\"wp-block-table\"><table class=\"has-fixed-layout\"><tbody><tr><td>Apar\u00eancia:<\/td><td>L\u00edquido transparente amarelo claro<\/td><\/tr><tr><td>Ionicidade:<\/td><td>Ani\u00f4nico\/n\u00e3o i\u00f4nico<\/td><\/tr><tr><td>Valor do pH:<\/td><td>6,0\u00b11,0 (solu\u00e7\u00e3o aquosa de 1%)<\/td><\/tr><tr><td>Solubilidade:<\/td><td>Sol\u00favel em \u00e1gua<\/td><\/tr><\/tbody><\/table><\/figure>\n<\/div>\n\n\n\n<div class=\"wp-block-column is-layout-flow wp-block-column-is-layout-flow\">\n<figure class=\"wp-block-embed is-type-video is-provider-youtube wp-block-embed-youtube wp-embed-aspect-16-9 wp-has-aspect-ratio\"><div class=\"wp-block-embed__wrapper\">\n<iframe title=\"Melhora o rendimento da primeira passagem do tingimento. #auxiliares 1TP5Ci\u00eancia #\u00eaxtil 1TP5Qu\u00edmica 1TP5Experimento 1TP5Agente\" width=\"500\" height=\"281\" src=\"https:\/\/www.youtube.com\/embed\/l526FJLb_qU?feature=oembed\" frameborder=\"0\" allow=\"accelerometer; autoplay; clipboard-write; encrypted-media; gyroscope; picture-in-picture; web-share\" referrerpolicy=\"strict-origin-when-cross-origin\" allowfullscreen><\/iframe>\n<\/div><\/figure>\n\n\n\n<h2 class=\"wp-block-heading\">Instru\u00e7\u00e3o do agente de nivelamento:<\/h2>\n\n\n\n<p>Processo de imers\u00e3o:<\/p>\n\n\n\n<p>Para tingimento de cores comuns: dosagem de refer\u00eancia: 0,2~0,4% (o.w.f)<\/p>\n\n\n\n<p>Para evitar manchas ou pontos de cor, dosagem de refer\u00eancia: 0,5~1,5% (o.w.f)<\/p>\n<\/div>\n<\/div>","protected":false},"excerpt":{"rendered":"<p>O Leveling Agent 22503 \u00e9 um agente de alta concentra\u00e7\u00e3o e alta temperatura baseado em derivados de \u00e9steres arom\u00e1ticos. Oferece excelentes propriedades de dispers\u00e3o, solubiliza\u00e7\u00e3o e migra\u00e7\u00e3o de corantes para corantes dispersos. Em altas temperaturas, promove a distribui\u00e7\u00e3o uniforme do corante para uma colora\u00e7\u00e3o uniforme. Ideal para tingimento em alta temperatura e alta press\u00e3o de tecidos e misturas de poli\u00e9ster. Compat\u00edvel com o padr\u00e3o Oeko-Tex 100.<br \/>Entre em contato conosco para obter amostras gr\u00e1tis ou orienta\u00e7\u00e3o especializada sobre f\u00f3rmulas!<\/p>\n<p><strong>Modelo n\u00ba 22503<\/strong><\/p>\n<p>&nbsp;<\/p>","protected":false},"featured_media":2395,"comment_status":"closed","ping_status":"closed","template":"","meta":{"_acf_changed":false},"material":[27],"process":[20,38],"product_brand":[],"product_cat":[15],"product_tag":[48],"class_list":{"0":"post-2393","1":"product","2":"type-product","3":"status-publish","4":"has-post-thumbnail","6":"material-polyester-chemicals","7":"process-dyeing-auxiliaries","8":"process-disperse-leveling-agent","9":"product_cat-uncategorized","10":"product_tag-new-textile-chemicals","12":"first","13":"instock","14":"shipping-taxable","15":"product-type-simple"},"acf":[],"_links":{"self":[{"href":"https:\/\/www.bluelakechem.com\/pt\/wp-json\/wp\/v2\/product\/2393","targetHints":{"allow":["GET"]}}],"collection":[{"href":"https:\/\/www.bluelakechem.com\/pt\/wp-json\/wp\/v2\/product"}],"about":[{"href":"https:\/\/www.bluelakechem.com\/pt\/wp-json\/wp\/v2\/types\/product"}],"replies":[{"embeddable":true,"href":"https:\/\/www.bluelakechem.com\/pt\/wp-json\/wp\/v2\/comments?post=2393"}],"wp:featuredmedia":[{"embeddable":true,"href":"https:\/\/www.bluelakechem.com\/pt\/wp-json\/wp\/v2\/media\/2395"}],"wp:attachment":[{"href":"https:\/\/www.bluelakechem.com\/pt\/wp-json\/wp\/v2\/media?parent=2393"}],"wp:term":[{"taxonomy":"material","embeddable":true,"href":"https:\/\/www.bluelakechem.com\/pt\/wp-json\/wp\/v2\/material?post=2393"},{"taxonomy":"process","embeddable":true,"href":"https:\/\/www.bluelakechem.com\/pt\/wp-json\/wp\/v2\/process?post=2393"},{"taxonomy":"product_brand","embeddable":true,"href":"https:\/\/www.bluelakechem.com\/pt\/wp-json\/wp\/v2\/product_brand?post=2393"},{"taxonomy":"product_cat","embeddable":true,"href":"https:\/\/www.bluelakechem.com\/pt\/wp-json\/wp\/v2\/product_cat?post=2393"},{"taxonomy":"product_tag","embeddable":true,"href":"https:\/\/www.bluelakechem.com\/pt\/wp-json\/wp\/v2\/product_tag?post=2393"}],"curies":[{"name":"wp","href":"https:\/\/api.w.org\/{rel}","templated":true}]}}