{"id":2435,"date":"2025-06-26T08:02:08","date_gmt":"2025-06-26T08:02:08","guid":{"rendered":"https:\/\/www.bluelakechem.com\/?post_type=product&#038;p=2435"},"modified":"2025-08-14T01:34:46","modified_gmt":"2025-08-14T01:34:46","slug":"optical-brightener-for-cotton","status":"publish","type":"product","link":"https:\/\/www.bluelakechem.com\/pt\/product\/optical-brightener-for-cotton\/","title":{"rendered":"Branqueador \u00f3ptico para algod\u00e3o, OBA para misturas de viscose e celulose"},"content":{"rendered":"<div class=\"wp-block-columns is-layout-flex wp-container-core-columns-is-layout-9d6595d7 wp-block-columns-is-layout-flex\">\n<div class=\"wp-block-column is-layout-flow wp-block-column-is-layout-flow\">\n<h2 class=\"wp-block-heading\">Caracter\u00edsticas do Optical Brightener for Cotton:<\/h2>\n\n\n\n<p><strong>Fluoresc\u00eancia forte, alta brancura<\/strong>. Proporciona efeitos clareadores brilhantes mesmo em baixas dosagens.<\/p>\n\n\n\n<p><strong>Compatibilidade com per\u00f3xido de hidrog\u00eanio<\/strong>. Est\u00e1vel no clareamento com per\u00f3xido, adequado para o clareamento no mesmo banho.<\/p>\n\n\n\n<p><strong>Resistente ao amarelamento em altas temperaturas<\/strong>. Mant\u00e9m a brancura sob altas temperaturas.<\/p>\n\n\n\n<p><strong>Ampla aplicabilidade de temperatura<\/strong>. Eficaz em uma ampla faixa de temperatura de tingimento.<\/p>\n\n\n\n<p><strong>Aplica\u00e7\u00e3o vers\u00e1til<\/strong>. Ideal para algod\u00e3o, viscose, linho, Tencel, Modal e suas misturas.<\/p>\n\n\n\n<h2 class=\"wp-block-heading\">Propriedades do branqueador \u00f3ptico para algod\u00e3o:<\/h2>\n\n\n\n<figure class=\"wp-block-table\"><table class=\"has-fixed-layout\"><tbody><tr><td>Apar\u00eancia:<\/td><td>P\u00f3 verde-amarelo<\/td><\/tr><tr><td>Ionicidade:<\/td><td>Ani\u00f4nico<\/td><\/tr><tr><td>Valor do pH:<\/td><td>8,0\u00b11,0 (solu\u00e7\u00e3o aquosa de 1%)<\/td><\/tr><tr><td>Solubilidade:<\/td><td>Sol\u00favel em \u00e1gua<\/td><\/tr><\/tbody><\/table><\/figure>\n<\/div>\n\n\n\n<div class=\"wp-block-column is-layout-flow wp-block-column-is-layout-flow\">\n<figure class=\"wp-block-embed is-type-video is-provider-youtube wp-block-embed-youtube wp-embed-aspect-16-9 wp-has-aspect-ratio\"><div class=\"wp-block-embed__wrapper\">\n<iframe title=\"Textile Chem| Como usar branqueadores \u00f3pticos para melhorar a brancura do tecido em dois n\u00edveis? 24384&amp;24085\" width=\"422\" height=\"750\" src=\"https:\/\/www.youtube.com\/embed\/TCFS9y00ZUo?feature=oembed\" frameborder=\"0\" allow=\"accelerometer; autoplay; clipboard-write; encrypted-media; gyroscope; picture-in-picture; web-share\" referrerpolicy=\"strict-origin-when-cross-origin\" allowfullscreen><\/iframe>\n<\/div><\/figure>\n\n\n\n<h2 class=\"wp-block-heading\">Instru\u00e7\u00f5es para Optical Brightener for Cotton:<\/h2>\n\n\n\n<p>1. Para o processo de imers\u00e3o, dosagem de refer\u00eancia: 0,1~0,4% (o.w.f). (Ajuste a dosagem de acordo com os requisitos reais).<\/p>\n\n\n\n<p>90~98\u2103\u00d740~60 minutos (pode ser usado no processo de clareamento separadamente ou junto com o processo de pr\u00e9-tratamento no mesmo banho).<\/p>\n\n\n\n<p>2. Processo de preenchimento:<\/p>\n\n\n\n<p>Para o processo de preenchimento, dosagem de refer\u00eancia: 1~4 g\/L.<\/p>\n\n\n\n<p>Mergulhar e acolchoar por duas vezes \u2192 Vaporiza\u00e7\u00e3o \u2192 Secagem<\/p>\n<\/div>\n<\/div>","protected":false},"excerpt":{"rendered":"<p>O branqueador \u00f3ptico para algod\u00e3o 24085 \u00e9 composto principalmente de compostos difeniletil. As fibras que absorvem o agente branqueador 24085 podem absorver a luz UV e depois convert\u00ea-la em luz vis\u00edvel vermelho-p\u00farpura, que elas transmitem. Isso melhora a brancura dos tecidos. \u00c9 adequado para branquear e clarear tecidos e fios feitos de fibras de celulose, como algod\u00e3o, linho, fibra de viscose, Modal e Tencel, bem como suas misturas. Em conformidade com o padr\u00e3o Oeko-Tex 100. Entre em contato conosco para obter amostras gr\u00e1tis ou orienta\u00e7\u00e3o especializada sobre f\u00f3rmulas!<\/p>\n<p><strong>Modelo n\u00ba 24085<\/strong><\/p>\n<p>&nbsp;<\/p>","protected":false},"featured_media":2439,"comment_status":"closed","ping_status":"closed","template":"","meta":{"_acf_changed":false},"material":[26,30],"process":[20,50],"product_brand":[],"product_cat":[15],"product_tag":[48],"class_list":{"0":"post-2435","1":"product","2":"type-product","3":"status-publish","4":"has-post-thumbnail","6":"material-cotton-agent","7":"material-viscose-chemicals","8":"process-dyeing-auxiliaries","9":"process-optical-brightening-agent-in-textile","10":"product_cat-uncategorized","11":"product_tag-new-textile-chemicals","13":"first","14":"instock","15":"shipping-taxable","16":"product-type-simple"},"acf":[],"_links":{"self":[{"href":"https:\/\/www.bluelakechem.com\/pt\/wp-json\/wp\/v2\/product\/2435","targetHints":{"allow":["GET"]}}],"collection":[{"href":"https:\/\/www.bluelakechem.com\/pt\/wp-json\/wp\/v2\/product"}],"about":[{"href":"https:\/\/www.bluelakechem.com\/pt\/wp-json\/wp\/v2\/types\/product"}],"replies":[{"embeddable":true,"href":"https:\/\/www.bluelakechem.com\/pt\/wp-json\/wp\/v2\/comments?post=2435"}],"wp:featuredmedia":[{"embeddable":true,"href":"https:\/\/www.bluelakechem.com\/pt\/wp-json\/wp\/v2\/media\/2439"}],"wp:attachment":[{"href":"https:\/\/www.bluelakechem.com\/pt\/wp-json\/wp\/v2\/media?parent=2435"}],"wp:term":[{"taxonomy":"material","embeddable":true,"href":"https:\/\/www.bluelakechem.com\/pt\/wp-json\/wp\/v2\/material?post=2435"},{"taxonomy":"process","embeddable":true,"href":"https:\/\/www.bluelakechem.com\/pt\/wp-json\/wp\/v2\/process?post=2435"},{"taxonomy":"product_brand","embeddable":true,"href":"https:\/\/www.bluelakechem.com\/pt\/wp-json\/wp\/v2\/product_brand?post=2435"},{"taxonomy":"product_cat","embeddable":true,"href":"https:\/\/www.bluelakechem.com\/pt\/wp-json\/wp\/v2\/product_cat?post=2435"},{"taxonomy":"product_tag","embeddable":true,"href":"https:\/\/www.bluelakechem.com\/pt\/wp-json\/wp\/v2\/product_tag?post=2435"}],"curies":[{"name":"wp","href":"https:\/\/api.w.org\/{rel}","templated":true}]}}