{"id":2514,"date":"2025-07-02T09:59:09","date_gmt":"2025-07-02T09:59:09","guid":{"rendered":"https:\/\/www.bluelakechem.com\/?post_type=product&#038;p=2514"},"modified":"2025-07-02T09:59:10","modified_gmt":"2025-07-02T09:59:10","slug":"coolcore-fabric-finishing-agent","status":"publish","type":"product","link":"https:\/\/www.bluelakechem.com\/pt\/product\/coolcore-fabric-finishing-agent\/","title":{"rendered":"Agente de acabamento de tecido Coolcore, desempenho de resfriamento de longa dura\u00e7\u00e3o"},"content":{"rendered":"<div class=\"wp-block-columns is-layout-flex wp-container-core-columns-is-layout-9d6595d7 wp-block-columns-is-layout-flex\">\n<div class=\"wp-block-column is-layout-flow wp-block-column-is-layout-flow\">\n<h2 class=\"wp-block-heading\">Agente de acabamento de tecido Coolcore Caracter\u00edsticas:<\/h2>\n\n\n\n<p>Excelente efeito coolcore resistente.<\/p>\n\n\n\n<p>Proporciona aos tecidos um cabo macio e boa capacidade de absor\u00e7\u00e3o de \u00e1gua.<\/p>\n\n\n\n<p>Amarelecimento extremamente baixo. Mudan\u00e7a de tonalidade extremamente baixa.<\/p>\n\n\n\n<p>Boa compatibilidade com outros auxiliares. Pode ser usado junto com \u00f3leo de silicone no mesmo banho.<\/p>\n\n\n\n<p>Adequado para o processo de preenchimento na m\u00e1quina de ajuste.<\/p>\n\n\n\n<h2 class=\"wp-block-heading\">Propriedades do agente de acabamento de tecido Coolcore:<\/h2>\n\n\n\n<figure class=\"wp-block-table\"><table class=\"has-fixed-layout\"><tbody><tr><td>Apar\u00eancia:<\/td><td>L\u00edquido transparente incolor a amarelo<\/td><\/tr><tr><td>Ionicidade:<\/td><td>N\u00e3o i\u00f4nico<\/td><\/tr><tr><td>Valor do pH:<\/td><td>&#8212;&#8212;&#8211;<\/td><\/tr><tr><td>Solubilidade:<\/td><td>Sol\u00favel em \u00e1gua<\/td><\/tr><\/tbody><\/table><\/figure>\n<\/div>\n\n\n\n<div class=\"wp-block-column is-layout-flow wp-block-column-is-layout-flow\">\n<figure class=\"wp-block-embed is-type-video is-provider-youtube wp-block-embed-youtube wp-embed-aspect-16-9 wp-has-aspect-ratio\"><div class=\"wp-block-embed__wrapper\">\n<iframe title=\"Para len\u00e7\u00f3is, coberturas de edredons e roupas \u00e0 prova de sol, como obter a sensa\u00e7\u00e3o de m\u00e3os frescas?\" width=\"500\" height=\"281\" src=\"https:\/\/www.youtube.com\/embed\/tNxIBqCohkI?feature=oembed\" frameborder=\"0\" allow=\"accelerometer; autoplay; clipboard-write; encrypted-media; gyroscope; picture-in-picture; web-share\" referrerpolicy=\"strict-origin-when-cross-origin\" allowfullscreen><\/iframe>\n<\/div><\/figure>\n\n\n\n<h2 class=\"wp-block-heading\">Instru\u00e7\u00f5es do agente de acabamento de tecido Coolcore:<\/h2>\n\n\n\n<p>1. para o processo de preenchimento, dosagem de refer\u00eancia: 30~60 g\/L<\/p>\n\n\n\n<p>Mergulho e preenchimento \u2192 Secagem \u2192 Ajuste (140~160\u2103)<\/p>\n\n\n\n<p>2) Para o processo de imers\u00e3o, dosagem de refer\u00eancia: 3,0~6,0% (o.w.f)<\/p>\n\n\n\n<p>Propor\u00e7\u00e3o de banho: 1:5~15<\/p>\n\n\n\n<p>25~40\u2103 \u00d7 20~30 minutos \u2192 Desidrata\u00e7\u00e3o \u2192 Secagem \u2192 Ajuste<\/p>\n\n\n\n<p>Observa\u00e7\u00e3o:<\/p>\n\n\n\n<p>O efeito coolcore est\u00e1 relacionado \u00e0 dosagem do agente de acabamento Coolcore YK-700B. Determine a dosagem apropriada de acordo com os requisitos reais do efeito coolcore.<\/p>\n<\/div>\n<\/div>\n\n\n\n<p><\/p>","protected":false},"excerpt":{"rendered":"<p>O agente de acabamento de tecido Coolcore YK-700B \u00e9 feito de v\u00e1rios tipos de ess\u00eancias naturais de coolcore. Pode ser aplicado no processo de acabamento coolcore para v\u00e1rios tipos de tecidos de algod\u00e3o, rayon, poli\u00e9ster, n\u00e1ilon e suas misturas, o que pode conferir aos tecidos um excelente efeito de toque coolcore. Em conformidade com o padr\u00e3o Oeko-Tex 100. Entre em contato conosco para obter amostras gr\u00e1tis ou orienta\u00e7\u00e3o especializada sobre f\u00f3rmulas!<\/p>\n<p><strong>Modelo n\u00ba YK-700B<\/strong><\/p>\n<p>&nbsp;<\/p>","protected":false},"featured_media":2519,"comment_status":"closed","ping_status":"closed","template":"","meta":{"_acf_changed":false},"material":[28],"process":[23,25],"product_brand":[],"product_cat":[15],"product_tag":[48],"class_list":{"0":"post-2514","1":"product","2":"type-product","3":"status-publish","4":"has-post-thumbnail","6":"material-nylon-agent","7":"process-textile-finishing-chemicals","8":"process-textile-finishing-agent","9":"product_cat-uncategorized","10":"product_tag-new-textile-chemicals","12":"first","13":"instock","14":"shipping-taxable","15":"product-type-simple"},"acf":[],"_links":{"self":[{"href":"https:\/\/www.bluelakechem.com\/pt\/wp-json\/wp\/v2\/product\/2514","targetHints":{"allow":["GET"]}}],"collection":[{"href":"https:\/\/www.bluelakechem.com\/pt\/wp-json\/wp\/v2\/product"}],"about":[{"href":"https:\/\/www.bluelakechem.com\/pt\/wp-json\/wp\/v2\/types\/product"}],"replies":[{"embeddable":true,"href":"https:\/\/www.bluelakechem.com\/pt\/wp-json\/wp\/v2\/comments?post=2514"}],"wp:featuredmedia":[{"embeddable":true,"href":"https:\/\/www.bluelakechem.com\/pt\/wp-json\/wp\/v2\/media\/2519"}],"wp:attachment":[{"href":"https:\/\/www.bluelakechem.com\/pt\/wp-json\/wp\/v2\/media?parent=2514"}],"wp:term":[{"taxonomy":"material","embeddable":true,"href":"https:\/\/www.bluelakechem.com\/pt\/wp-json\/wp\/v2\/material?post=2514"},{"taxonomy":"process","embeddable":true,"href":"https:\/\/www.bluelakechem.com\/pt\/wp-json\/wp\/v2\/process?post=2514"},{"taxonomy":"product_brand","embeddable":true,"href":"https:\/\/www.bluelakechem.com\/pt\/wp-json\/wp\/v2\/product_brand?post=2514"},{"taxonomy":"product_cat","embeddable":true,"href":"https:\/\/www.bluelakechem.com\/pt\/wp-json\/wp\/v2\/product_cat?post=2514"},{"taxonomy":"product_tag","embeddable":true,"href":"https:\/\/www.bluelakechem.com\/pt\/wp-json\/wp\/v2\/product_tag?post=2514"}],"curies":[{"name":"wp","href":"https:\/\/api.w.org\/{rel}","templated":true}]}}