{"id":2697,"date":"2025-07-23T09:37:20","date_gmt":"2025-07-23T09:37:20","guid":{"rendered":"https:\/\/www.bluelakechem.com\/?post_type=product&#038;p=2697"},"modified":"2025-09-16T07:09:19","modified_gmt":"2025-09-16T07:09:19","slug":"high-concentration-degreasing-agent","status":"publish","type":"product","link":"https:\/\/www.bluelakechem.com\/pt\/product\/high-concentration-degreasing-agent\/","title":{"rendered":"Agente desengordurante de alta concentra\u00e7\u00e3o para algod\u00e3o, auxiliares de pr\u00e9-tratamento resistentes a \u00e1lcalis"},"content":{"rendered":"<div class=\"wp-block-columns is-layout-flex wp-container-core-columns-is-layout-9d6595d7 wp-block-columns-is-layout-flex\">\n<div class=\"wp-block-column is-layout-flow wp-block-column-is-layout-flow\">\n<h2 class=\"wp-block-heading\">Agente desengordurante de alta concentra\u00e7\u00e3o Caracter\u00edsticas:<\/h2>\n\n\n\n<p><strong>Resistente a \u00e1lcalis<\/strong>: Desempenho est\u00e1vel em condi\u00e7\u00f5es alcalinas fortes (soda c\u00e1ustica at\u00e9 100 g\/L), ideal para processos de pr\u00e9-tratamento de algod\u00e3o.<\/p>\n\n\n\n<p><strong>Ecologicamente correto: <\/strong>Sem APEO, com baixa forma\u00e7\u00e3o de espuma e em conformidade com os padr\u00f5es de prote\u00e7\u00e3o ambiental.<\/p>\n\n\n\n<p><strong>Multifuncional<\/strong>: Inclui a fun\u00e7\u00e3o de desengorduramento, limpeza e penetra\u00e7\u00e3o, etc.<\/p>\n\n\n\n<p><strong>Alta efici\u00eancia de limpeza:<\/strong> Excelente efeito de desengorduramento e remo\u00e7\u00e3o de \u00f3leo em tecidos de algod\u00e3o e misturas de algod\u00e3o sem danificar as fibras.<\/p>\n\n\n\n<p><strong>Excelente fun\u00e7\u00e3o anti-manchas: <\/strong>Evita a re-deposi\u00e7\u00e3o de impurezas durante o processamento, garantindo o brilho e a limpeza do tecido.<\/p>\n\n\n\n<h2 class=\"wp-block-heading\">Propriedades do agente desengordurante de alta concentra\u00e7\u00e3o:<\/h2>\n\n\n\n<figure class=\"wp-block-table\"><table class=\"has-fixed-layout\"><tbody><tr><td>Apar\u00eancia:<\/td><td>L\u00edquido transparente incolor a amarelo claro<\/td><\/tr><tr><td>Ionicidade:<\/td><td>N\u00e3o i\u00f4nico<\/td><\/tr><tr><td>Valor do pH:<\/td><td>6,5\u00b11,0 (solu\u00e7\u00e3o aquosa de 1%)<\/td><\/tr><tr><td>Solubilidade:<\/td><td>Sol\u00favel em \u00e1gua<\/td><\/tr><\/tbody><\/table><\/figure>\n<\/div>\n\n\n\n<div class=\"wp-block-column is-layout-flow wp-block-column-is-layout-flow\">\n<h2 class=\"wp-block-heading\">Instru\u00e7\u00f5es do agente desengordurante de alta concentra\u00e7\u00e3o:<\/h2>\n\n\n\n<p>1. <strong>M\u00e9todo de tipo de lote<\/strong> (M\u00e1quina de tingimento de transbordamento de alta temperatura e desengorduramento e limpeza no banho de tingimento):<\/p>\n\n\n\n<p><strong>Banho<\/strong>:<\/p>\n\n\n\n<p>Dosagem de refer\u00eancia de 11017: 0,5~1,5 g\/L, dosagem de refer\u00eancia de carbonato de s\u00f3dio: 0,5 a 1,5 g\/L<\/p>\n\n\n\n<p><strong>Propor\u00e7\u00e3o de banhos<\/strong>: 1:6~1:10<\/p>\n\n\n\n<p><strong>Processo de refer\u00eancia<\/strong>: 85\u2103\u00d730~50min<\/p>\n\n\n\n<p>2. <strong>M\u00e9todo cont\u00ednuo<\/strong> (M\u00e1quina de lavar e desengorduramento de largura aberta e processo de desengorduramento e limpeza de largura aberta):<\/p>\n\n\n\n<p><strong>Banho<\/strong>:<\/p>\n\n\n\n<p>Dosagem de refer\u00eancia de 11017: 2,0~5,0 g\/L, dosagem de refer\u00eancia de agente dispersante sequestrante: 1,0~2,0 g\/L, dosagem de refer\u00eancia de carbonato de s\u00f3dio: 3,0 a 6,0 g\/L<\/p>\n\n\n\n<p><strong>Observa\u00e7\u00e3o<\/strong>: Ajuste a fun\u00e7\u00e3o de cada unidade e ajuste a concentra\u00e7\u00e3o do banho de acordo com o equipamento.<\/p>\n<\/div>\n<\/div>\n\n\n\n<div class=\"wp-block-columns is-layout-flex wp-container-core-columns-is-layout-9d6595d7 wp-block-columns-is-layout-flex\">\n<div class=\"wp-block-column is-layout-flow wp-block-column-is-layout-flow\">\n<figure class=\"wp-block-image size-full\"><img decoding=\"async\" width=\"1363\" height=\"1701\" src=\"https:\/\/www.bluelakechem.com\/wp-content\/uploads\/2025\/07\/High-Concentration-Degreasing-Agent-11017-9.webp\" alt=\"Agente desengordurante de alta concentra\u00e7\u00e3o 11017\" class=\"wp-image-3179\" srcset=\"https:\/\/www.bluelakechem.com\/wp-content\/uploads\/2025\/07\/High-Concentration-Degreasing-Agent-11017-9.webp 1363w, https:\/\/www.bluelakechem.com\/wp-content\/uploads\/2025\/07\/High-Concentration-Degreasing-Agent-11017-9-240x300.webp 240w, https:\/\/www.bluelakechem.com\/wp-content\/uploads\/2025\/07\/High-Concentration-Degreasing-Agent-11017-9-768x958.webp 768w, https:\/\/www.bluelakechem.com\/wp-content\/uploads\/2025\/07\/High-Concentration-Degreasing-Agent-11017-9-10x12.webp 10w, https:\/\/www.bluelakechem.com\/wp-content\/uploads\/2025\/07\/High-Concentration-Degreasing-Agent-11017-9-1200x1498.webp 1200w, https:\/\/www.bluelakechem.com\/wp-content\/uploads\/2025\/07\/High-Concentration-Degreasing-Agent-11017-9-600x749.webp 600w\" sizes=\"(max-width: 1363px) 100vw, 1363px\" \/><\/figure>\n<\/div>\n\n\n\n<div class=\"wp-block-column is-layout-flow wp-block-column-is-layout-flow\">\n<figure class=\"wp-block-image size-full\"><img decoding=\"async\" width=\"1363\" height=\"1701\" src=\"https:\/\/www.bluelakechem.com\/wp-content\/uploads\/2025\/07\/High-Concentration-Degreasing-Agent-11017-8.webp\" alt=\"Agente desengordurante de alta concentra\u00e7\u00e3o 11017\" class=\"wp-image-3180\" srcset=\"https:\/\/www.bluelakechem.com\/wp-content\/uploads\/2025\/07\/High-Concentration-Degreasing-Agent-11017-8.webp 1363w, https:\/\/www.bluelakechem.com\/wp-content\/uploads\/2025\/07\/High-Concentration-Degreasing-Agent-11017-8-240x300.webp 240w, https:\/\/www.bluelakechem.com\/wp-content\/uploads\/2025\/07\/High-Concentration-Degreasing-Agent-11017-8-768x958.webp 768w, https:\/\/www.bluelakechem.com\/wp-content\/uploads\/2025\/07\/High-Concentration-Degreasing-Agent-11017-8-10x12.webp 10w, https:\/\/www.bluelakechem.com\/wp-content\/uploads\/2025\/07\/High-Concentration-Degreasing-Agent-11017-8-1200x1498.webp 1200w, https:\/\/www.bluelakechem.com\/wp-content\/uploads\/2025\/07\/High-Concentration-Degreasing-Agent-11017-8-600x749.webp 600w\" sizes=\"(max-width: 1363px) 100vw, 1363px\" \/><\/figure>\n<\/div>\n\n\n\n<div class=\"wp-block-column is-layout-flow wp-block-column-is-layout-flow\">\n<figure class=\"wp-block-image size-full\"><img decoding=\"async\" width=\"1363\" height=\"1701\" src=\"https:\/\/www.bluelakechem.com\/wp-content\/uploads\/2025\/07\/High-Concentration-Degreasing-Agent-11017-7.webp\" alt=\"Agente desengordurante de alta concentra\u00e7\u00e3o 11017\" class=\"wp-image-3181\" srcset=\"https:\/\/www.bluelakechem.com\/wp-content\/uploads\/2025\/07\/High-Concentration-Degreasing-Agent-11017-7.webp 1363w, https:\/\/www.bluelakechem.com\/wp-content\/uploads\/2025\/07\/High-Concentration-Degreasing-Agent-11017-7-240x300.webp 240w, https:\/\/www.bluelakechem.com\/wp-content\/uploads\/2025\/07\/High-Concentration-Degreasing-Agent-11017-7-768x958.webp 768w, https:\/\/www.bluelakechem.com\/wp-content\/uploads\/2025\/07\/High-Concentration-Degreasing-Agent-11017-7-10x12.webp 10w, https:\/\/www.bluelakechem.com\/wp-content\/uploads\/2025\/07\/High-Concentration-Degreasing-Agent-11017-7-1200x1498.webp 1200w, https:\/\/www.bluelakechem.com\/wp-content\/uploads\/2025\/07\/High-Concentration-Degreasing-Agent-11017-7-600x749.webp 600w\" sizes=\"(max-width: 1363px) 100vw, 1363px\" \/><\/figure>\n<\/div>\n<\/div>\n\n\n\n<p><\/p>","protected":false},"excerpt":{"rendered":"<p>O agente desengordurante resistente a \u00e1lcalis de alta concentra\u00e7\u00e3o 11017 \u00e9 composto principalmente de v\u00e1rios tipos de surfactantes. \u00c9 adequado para processos de desengorduramento, desengraxe, limpeza e alvejamento de tecidos de algod\u00e3o, poli\u00e9ster, n\u00e1ilon e suas misturas etc. Resistente a \u00e1lcalis fortes (soda c\u00e1ustica at\u00e9 100 g\/L) e em conformidade com o padr\u00e3o Oeko-Tex 100. Entre em contato conosco para obter amostras gr\u00e1tis ou orienta\u00e7\u00e3o especializada sobre f\u00f3rmulas!<\/p>\n<p><strong>Modelo n\u00ba 11017<\/strong><\/p>","protected":false},"featured_media":2702,"comment_status":"closed","ping_status":"closed","template":"","meta":{"_acf_changed":false},"material":[26,27,28],"process":[17,35],"product_brand":[],"product_cat":[15],"product_tag":[48],"class_list":{"0":"post-2697","1":"product","2":"type-product","3":"status-publish","4":"has-post-thumbnail","6":"material-cotton-agent","7":"material-polyester-chemicals","8":"material-nylon-agent","9":"process-pretreatment-auxiliaries","10":"process-degreasing-agent","11":"product_cat-uncategorized","12":"product_tag-new-textile-chemicals","14":"first","15":"instock","16":"shipping-taxable","17":"product-type-simple"},"acf":[],"_links":{"self":[{"href":"https:\/\/www.bluelakechem.com\/pt\/wp-json\/wp\/v2\/product\/2697","targetHints":{"allow":["GET"]}}],"collection":[{"href":"https:\/\/www.bluelakechem.com\/pt\/wp-json\/wp\/v2\/product"}],"about":[{"href":"https:\/\/www.bluelakechem.com\/pt\/wp-json\/wp\/v2\/types\/product"}],"replies":[{"embeddable":true,"href":"https:\/\/www.bluelakechem.com\/pt\/wp-json\/wp\/v2\/comments?post=2697"}],"wp:featuredmedia":[{"embeddable":true,"href":"https:\/\/www.bluelakechem.com\/pt\/wp-json\/wp\/v2\/media\/2702"}],"wp:attachment":[{"href":"https:\/\/www.bluelakechem.com\/pt\/wp-json\/wp\/v2\/media?parent=2697"}],"wp:term":[{"taxonomy":"material","embeddable":true,"href":"https:\/\/www.bluelakechem.com\/pt\/wp-json\/wp\/v2\/material?post=2697"},{"taxonomy":"process","embeddable":true,"href":"https:\/\/www.bluelakechem.com\/pt\/wp-json\/wp\/v2\/process?post=2697"},{"taxonomy":"product_brand","embeddable":true,"href":"https:\/\/www.bluelakechem.com\/pt\/wp-json\/wp\/v2\/product_brand?post=2697"},{"taxonomy":"product_cat","embeddable":true,"href":"https:\/\/www.bluelakechem.com\/pt\/wp-json\/wp\/v2\/product_cat?post=2697"},{"taxonomy":"product_tag","embeddable":true,"href":"https:\/\/www.bluelakechem.com\/pt\/wp-json\/wp\/v2\/product_tag?post=2697"}],"curies":[{"name":"wp","href":"https:\/\/api.w.org\/{rel}","templated":true}]}}