{"id":2710,"date":"2025-07-23T09:54:38","date_gmt":"2025-07-23T09:54:38","guid":{"rendered":"https:\/\/www.bluelakechem.com\/?post_type=product&#038;p=2710"},"modified":"2025-07-23T09:56:13","modified_gmt":"2025-07-23T09:56:13","slug":"bio-polishing-enzyme","status":"publish","type":"product","link":"https:\/\/www.bluelakechem.com\/pt\/product\/bio-polishing-enzyme\/","title":{"rendered":"Enzima neutra de polimento biol\u00f3gico para tecidos de celulose, desoxigena\u00e7\u00e3o e tingimento em um banho"},"content":{"rendered":"<div class=\"wp-block-columns is-layout-flex wp-container-core-columns-is-layout-9d6595d7 wp-block-columns-is-layout-flex\">\n<div class=\"wp-block-column is-layout-flow wp-block-column-is-layout-flow\">\n<h2 class=\"wp-block-heading\">Enzima de polimento biol\u00f3gico Caracter\u00edsticas:<\/h2>\n\n\n\n<p>Resistente a \u00e1lcalis e flex\u00edvel. Est\u00e1vel em condi\u00e7\u00f5es alcalinas (pH 6-9); ideal para processamento cont\u00ednuo e em lote.<\/p>\n\n\n\n<p>Polimento suave com impacto muito baixo na resist\u00eancia do tecido, garantindo a integridade e a maciez do tecido.<\/p>\n\n\n\n<p>Efici\u00eancia tr\u00eas em um. Realiza a desoxigena\u00e7\u00e3o, o polimento e o tingimento em um \u00fanico banho, simplificando o fluxo de trabalho e reduzindo o tempo de processamento...<\/p>\n\n\n\n<p>Economia de custos e recursos. Reduz a \u00e1gua, a energia e o tempo de processamento, cortando os custos gerais de produ\u00e7\u00e3o em 20-30%.<\/p>\n\n\n\n<h2 class=\"wp-block-heading\">Propriedades da enzima de polimento biol\u00f3gico:<\/h2>\n\n\n\n<figure class=\"wp-block-table\"><table class=\"has-fixed-layout\"><tbody><tr><td>Apar\u00eancia:<\/td><td>L\u00edquido transparente marrom<\/td><\/tr><tr><td>Ionicidade:<\/td><td>N\u00e3o i\u00f4nico<\/td><\/tr><tr><td>Valor do pH:<\/td><td>6,0\u00b11,0 (solu\u00e7\u00e3o aquosa de 1%)<\/td><\/tr><tr><td>Solubilidade:<\/td><td>Sol\u00favel em \u00e1gua<\/td><\/tr><\/tbody><\/table><\/figure>\n<\/div>\n<\/div>\n\n\n\n<h2 class=\"wp-block-heading\">Instru\u00e7\u00f5es sobre a enzima de polimento biol\u00f3gico:<\/h2>\n\n\n\n<p>Dosagem de refer\u00eancia: 0,3~0,4% (o.w.f)<\/p>\n\n\n<div class=\"wp-block-image\">\n<figure class=\"aligncenter size-full\"><img decoding=\"async\" width=\"900\" height=\"200\" src=\"https:\/\/www.bluelakechem.com\/wp-content\/uploads\/2025\/07\/Neutral-Polishing-Enzyme-13178-45.webp\" alt=\"Enzima de polimento neutro\" class=\"wp-image-2711\" srcset=\"https:\/\/www.bluelakechem.com\/wp-content\/uploads\/2025\/07\/Neutral-Polishing-Enzyme-13178-45.webp 900w, https:\/\/www.bluelakechem.com\/wp-content\/uploads\/2025\/07\/Neutral-Polishing-Enzyme-13178-45-300x67.webp 300w, https:\/\/www.bluelakechem.com\/wp-content\/uploads\/2025\/07\/Neutral-Polishing-Enzyme-13178-45-768x171.webp 768w, https:\/\/www.bluelakechem.com\/wp-content\/uploads\/2025\/07\/Neutral-Polishing-Enzyme-13178-45-18x4.webp 18w, https:\/\/www.bluelakechem.com\/wp-content\/uploads\/2025\/07\/Neutral-Polishing-Enzyme-13178-45-600x133.webp 600w\" sizes=\"(max-width: 900px) 100vw, 900px\" \/><\/figure>\n<\/div>","protected":false},"excerpt":{"rendered":"<p>A enzima de polimento biol\u00f3gico neutro 13178-45 \u00e9 composta principalmente de zimoprote\u00edna complexa. Em condi\u00e7\u00f5es quase neutras, ela tem um excelente efeito de polimento em tecidos de fibra celul\u00f3sica. Pode ser adicionada antes do processo de fixa\u00e7\u00e3o, o que permite a desoxigena\u00e7\u00e3o, o polimento e o tingimento em um \u00fanico banho e diminui o custo de produ\u00e7\u00e3o. Em conformidade com o padr\u00e3o Oeko-Tex 100. Entre em contato conosco para obter amostras gr\u00e1tis ou orienta\u00e7\u00e3o especializada sobre f\u00f3rmulas!<\/p>\n<p><strong>Modelo n\u00ba 13178-45<\/strong><\/p>\n<p>&nbsp;<\/p>","protected":false},"featured_media":2712,"comment_status":"closed","ping_status":"closed","template":"","meta":{"_acf_changed":false},"material":[26],"process":[17,37],"product_brand":[],"product_cat":[15],"product_tag":[48],"class_list":{"0":"post-2710","1":"product","2":"type-product","3":"status-publish","4":"has-post-thumbnail","6":"material-cotton-agent","7":"process-pretreatment-auxiliaries","8":"process-bio-polishing-enzyme","9":"product_cat-uncategorized","10":"product_tag-new-textile-chemicals","12":"first","13":"instock","14":"shipping-taxable","15":"product-type-simple"},"acf":[],"_links":{"self":[{"href":"https:\/\/www.bluelakechem.com\/pt\/wp-json\/wp\/v2\/product\/2710","targetHints":{"allow":["GET"]}}],"collection":[{"href":"https:\/\/www.bluelakechem.com\/pt\/wp-json\/wp\/v2\/product"}],"about":[{"href":"https:\/\/www.bluelakechem.com\/pt\/wp-json\/wp\/v2\/types\/product"}],"replies":[{"embeddable":true,"href":"https:\/\/www.bluelakechem.com\/pt\/wp-json\/wp\/v2\/comments?post=2710"}],"wp:featuredmedia":[{"embeddable":true,"href":"https:\/\/www.bluelakechem.com\/pt\/wp-json\/wp\/v2\/media\/2712"}],"wp:attachment":[{"href":"https:\/\/www.bluelakechem.com\/pt\/wp-json\/wp\/v2\/media?parent=2710"}],"wp:term":[{"taxonomy":"material","embeddable":true,"href":"https:\/\/www.bluelakechem.com\/pt\/wp-json\/wp\/v2\/material?post=2710"},{"taxonomy":"process","embeddable":true,"href":"https:\/\/www.bluelakechem.com\/pt\/wp-json\/wp\/v2\/process?post=2710"},{"taxonomy":"product_brand","embeddable":true,"href":"https:\/\/www.bluelakechem.com\/pt\/wp-json\/wp\/v2\/product_brand?post=2710"},{"taxonomy":"product_cat","embeddable":true,"href":"https:\/\/www.bluelakechem.com\/pt\/wp-json\/wp\/v2\/product_cat?post=2710"},{"taxonomy":"product_tag","embeddable":true,"href":"https:\/\/www.bluelakechem.com\/pt\/wp-json\/wp\/v2\/product_tag?post=2710"}],"curies":[{"name":"wp","href":"https:\/\/api.w.org\/{rel}","templated":true}]}}