{"id":2782,"date":"2025-08-07T09:33:16","date_gmt":"2025-08-07T09:33:16","guid":{"rendered":"https:\/\/www.bluelakechem.com\/?post_type=product&#038;p=2782"},"modified":"2025-08-07T09:34:01","modified_gmt":"2025-08-07T09:34:01","slug":"anti-wrinkle-powder","status":"publish","type":"product","link":"https:\/\/www.bluelakechem.com\/pt\/product\/anti-wrinkle-powder\/","title":{"rendered":"P\u00f3 antirrugas para processamento \u00famido de t\u00eaxteis, evita vincos e arranh\u00f5es no tecido"},"content":{"rendered":"<div class=\"wp-block-columns is-layout-flex wp-container-core-columns-is-layout-9d6595d7 wp-block-columns-is-layout-flex\">\n<div class=\"wp-block-column is-layout-flow wp-block-column-is-layout-flow\">\n<h2 class=\"wp-block-heading\">P\u00f3 antirrugas Caracter\u00edsticas:<\/h2>\n\n\n\n<p>Reduz os vincos causados pelo n\u00f3 do tecido no processamento de cordas.<\/p>\n\n\n\n<p>Reduz os defeitos de tingimento causados por tecidos de malha grossos e compactos que se dobram e emaranham no banho.<\/p>\n\n\n\n<p>N\u00e3o influencia o manuseio de tecidos.<\/p>\n\n\n\n<p>Pode ser usado diretamente no banho de tingimento.<\/p>\n\n\n\n<h2 class=\"wp-block-heading\">Propriedades do p\u00f3 antirrugas:<\/h2>\n\n\n\n<figure class=\"wp-block-table\"><table class=\"has-fixed-layout\"><tbody><tr><td>Apar\u00eancia<\/td><td>P\u00f3 branco<\/td><\/tr><tr><td>Ionicidade<\/td><td>N\u00e3o i\u00f4nico<\/td><\/tr><tr><td>Valor do pH<\/td><td>6,0\u00b11,0 (solu\u00e7\u00e3o aquosa de 1%)<\/td><\/tr><tr><td>Solubilidade<\/td><td>Sol\u00favel em \u00e1gua<\/td><\/tr><\/tbody><\/table><\/figure>\n<\/div>\n\n\n\n<div class=\"wp-block-column is-layout-flow wp-block-column-is-layout-flow\">\n<h2 class=\"wp-block-heading\">Instru\u00e7\u00f5es do p\u00f3 antirrugas:<\/h2>\n\n\n\n<ol class=\"wp-block-list\">\n<li>\u00c9 um produto de alta concentra\u00e7\u00e3o. Sugerimos dilu\u00ed-lo a 1:100 com \u00e1gua macia e depois us\u00e1-lo.<\/li>\n\n\n\n<li><strong>Dosagem de refer\u00eancia do 24169 dilu\u00eddo:<\/strong> 1~3% (o.w.f) Processo: Adicione o 24169 dilu\u00eddo ao banho e deixe-o funcionar por 5 a 10 minutos \u2192<br>Processo normal<\/li>\n\n\n\n<li><strong>Observa\u00e7\u00e3o:<\/strong>\n<ul class=\"wp-block-list\">\n<li>Certifique-se de que ele esteja totalmente dissolvido no banho auxiliar primeiro. Em seguida, adicione-o ao banho de processamento de acabamento.<\/li>\n\n\n\n<li>Por favor, mantenha-o seco. \u00c9 f\u00e1cil formar aglomerados se entrar em contato com a \u00e1gua, resultando na impossibilidade de derreter.<\/li>\n\n\n\n<li>Ele deve ser adicionado lentamente em vez de ser despejado diretamente no banho; caso contr\u00e1rio, \u00e9 f\u00e1cil formar aglomerados, resultando na impossibilidade de derreter.<\/li>\n<\/ul>\n<\/li>\n<\/ol>\n<\/div>\n<\/div>","protected":false},"excerpt":{"rendered":"<p>O p\u00f3 antirrugas 24169 \u00e9 composto principalmente por um composto de alto peso molecular. Apresenta boa lubrifica\u00e7\u00e3o em \u00e1gua, o que pode reduzir os arranh\u00f5es entre os tecidos e os equipamentos, evitando o enrugamento ou arranh\u00f5es durante o processamento \u00famido de v\u00e1rios tecidos. Em conformidade com o padr\u00e3o Oeko-Tex 100. Entre em contato conosco para obter amostras gr\u00e1tis ou orienta\u00e7\u00e3o especializada sobre f\u00f3rmulas!<\/p>\n<p><strong>Modelo n\u00ba 24169<\/strong><\/p>\n<p>&nbsp;<\/p>","protected":false},"featured_media":2783,"comment_status":"closed","ping_status":"closed","template":"","meta":{"_acf_changed":false},"material":[26,27,28,29,30,31,32,33,49,34],"process":[20,22],"product_brand":[],"product_cat":[15],"product_tag":[48],"class_list":{"0":"post-2782","1":"product","2":"type-product","3":"status-publish","4":"has-post-thumbnail","6":"material-cotton-agent","7":"material-polyester-chemicals","8":"material-nylon-agent","9":"material-acrylic-chemicals","10":"material-viscose-chemicals","11":"material-wool-auxiliary","12":"material-linen-chemicals","13":"material-silk-chemicals","14":"material-elastic","15":"material-fabric-chemicals","16":"process-dyeing-auxiliaries","17":"process-anti-creasing-agent","18":"product_cat-uncategorized","19":"product_tag-new-textile-chemicals","21":"first","22":"instock","23":"shipping-taxable","24":"product-type-simple"},"acf":[],"_links":{"self":[{"href":"https:\/\/www.bluelakechem.com\/pt\/wp-json\/wp\/v2\/product\/2782","targetHints":{"allow":["GET"]}}],"collection":[{"href":"https:\/\/www.bluelakechem.com\/pt\/wp-json\/wp\/v2\/product"}],"about":[{"href":"https:\/\/www.bluelakechem.com\/pt\/wp-json\/wp\/v2\/types\/product"}],"replies":[{"embeddable":true,"href":"https:\/\/www.bluelakechem.com\/pt\/wp-json\/wp\/v2\/comments?post=2782"}],"wp:featuredmedia":[{"embeddable":true,"href":"https:\/\/www.bluelakechem.com\/pt\/wp-json\/wp\/v2\/media\/2783"}],"wp:attachment":[{"href":"https:\/\/www.bluelakechem.com\/pt\/wp-json\/wp\/v2\/media?parent=2782"}],"wp:term":[{"taxonomy":"material","embeddable":true,"href":"https:\/\/www.bluelakechem.com\/pt\/wp-json\/wp\/v2\/material?post=2782"},{"taxonomy":"process","embeddable":true,"href":"https:\/\/www.bluelakechem.com\/pt\/wp-json\/wp\/v2\/process?post=2782"},{"taxonomy":"product_brand","embeddable":true,"href":"https:\/\/www.bluelakechem.com\/pt\/wp-json\/wp\/v2\/product_brand?post=2782"},{"taxonomy":"product_cat","embeddable":true,"href":"https:\/\/www.bluelakechem.com\/pt\/wp-json\/wp\/v2\/product_cat?post=2782"},{"taxonomy":"product_tag","embeddable":true,"href":"https:\/\/www.bluelakechem.com\/pt\/wp-json\/wp\/v2\/product_tag?post=2782"}],"curies":[{"name":"wp","href":"https:\/\/api.w.org\/{rel}","templated":true}]}}