{"id":2799,"date":"2025-08-08T02:04:34","date_gmt":"2025-08-08T02:04:34","guid":{"rendered":"https:\/\/www.bluelakechem.com\/?post_type=product&#038;p=2799"},"modified":"2025-08-08T02:12:10","modified_gmt":"2025-08-08T02:12:10","slug":"hydrophilic-silicone-finishing-agent","status":"publish","type":"product","link":"https:\/\/www.bluelakechem.com\/pt\/product\/hydrophilic-silicone-finishing-agent\/","title":{"rendered":"Agente de acabamento de silicone hidrof\u00edlico com alta estabilidade"},"content":{"rendered":"<div class=\"wp-block-columns is-layout-flex wp-container-core-columns-is-layout-9d6595d7 wp-block-columns-is-layout-flex\">\n<div class=\"wp-block-column is-layout-flow wp-block-column-is-layout-flow\">\n<h2 class=\"wp-block-heading\">Caracter\u00edsticas do agente de acabamento de silicone hidrof\u00edlico<\/h2>\n\n\n\n<ul class=\"wp-block-list\">\n<li>N\u00e3o cont\u00e9m APEO ou subst\u00e2ncias qu\u00edmicas proibidas. Consistente com o padr\u00e3o da Uni\u00e3o Europeia Otex-100.<\/li>\n\n\n\n<li>Hidrofilicidade instant\u00e2nea.<\/li>\n\n\n\n<li>Proporciona aos tecidos um toque macio, suave e natural.<\/li>\n\n\n\n<li>Excelente desempenho antiest\u00e1tico. Bom desempenho anti-manchas e \u00e0 prova de poeira.<\/li>\n\n\n\n<li>Melhora o desempenho antipilling.<\/li>\n\n\n\n<li>Proporciona aos tecidos boa estabilidade dimensional e boa elasticidade.<\/li>\n\n\n\n<li>Tem uma boa afinidade com v\u00e1rios tipos de tecidos.<\/li>\n\n\n\n<li>Est\u00e1vel em altas temperaturas, \u00e1lcalis, eletr\u00f3litos e \u00e2nions. Alta resist\u00eancia ao cisalhamento. Pode ser usado junto com a resina no mesmo banho.<\/li>\n\n\n\n<li>Adequado para acolchoamento e para o processo de exaust\u00e3o.<\/li>\n\n\n\n<li>Boa compatibilidade.<\/li>\n\n\n\n<li>Uma dosagem muito pequena pode produzir efeitos excelentes.<\/li>\n<\/ul>\n\n\n\n<h2 class=\"wp-block-heading\">Propriedades do agente de acabamento de silicone hidrof\u00edlico<\/h2>\n\n\n\n<figure class=\"wp-block-table\"><table class=\"has-fixed-layout\"><tbody><tr><td>Apar\u00eancia<\/td><td>L\u00edquido transparente<\/td><\/tr><tr><td>Ionicidade<\/td><td>N\u00e3o i\u00f4nico<\/td><\/tr><tr><td>Valor do pH<\/td><td>6,0~7,0 (solu\u00e7\u00e3o aquosa de 1%)<\/td><\/tr><tr><td>Solubilidade<\/td><td>Sol\u00favel em \u00e1gua<\/td><\/tr><\/tbody><\/table><\/figure>\n<\/div>\n\n\n\n<div class=\"wp-block-column is-layout-flow wp-block-column-is-layout-flow\">\n<h2 class=\"wp-block-heading\">Instru\u00e7\u00f5es de uso do agente de acabamento de silicone hidrof\u00edlico<\/h2>\n\n\n\n<h3 class=\"wp-block-heading\">1. Processo de exaust\u00e3o:<\/h3>\n\n\n\n<p><strong>Dosagem de refer\u00eancia:<\/strong> 1,0~3,0% (o.w.f)<\/p>\n\n\n\n<p><strong>Propor\u00e7\u00e3o de banhos: <\/strong>1:20<\/p>\n\n\n\n<p><strong>Processo: <\/strong>40~50\u2103 \u00d7 10~20 min \u2192 Desidratar \u2192 Secar (100~120\u2103)<\/p>\n\n\n\n<h3 class=\"wp-block-heading\">2. Processo de preenchimento:<\/h3>\n\n\n\n<p><strong>Dosagem de refer\u00eancia<\/strong>: 10~30 g\/L<\/p>\n\n\n\n<p><strong>Stenter: <\/strong>Mergulho e preenchimento (Coletor: 70~90%) \u2192 160~170\u2103 \u00d7 60~90s<\/p>\n\n\n\n<p><strong>Para uso como agente de acabamento antiest\u00e1tico, dosagem de refer\u00eancia:<\/strong> 10~20 g\/L.<\/p>\n<\/div>\n<\/div>\n\n\n\n<p><\/p>","protected":false},"excerpt":{"rendered":"<p>O amaciante de silicone 63081-33 \u00e9 um agente de acabamento de silicone hidrof\u00edlico com alta estabilidade, composto pela mais recente tecnologia. \u00c9 aplicado principalmente no acabamento hidrof\u00edlico de tecidos de fibras de celulose, fibras sint\u00e9ticas e suas misturas, o que torna os tecidos macios e suaves. Compat\u00edvel com o padr\u00e3o Oeko-Tex 100. Entre em contato conosco para obter amostras gr\u00e1tis ou orienta\u00e7\u00e3o especializada sobre f\u00f3rmulas!<\/p>\n<p><strong>Modelo n\u00ba 63081<\/strong><\/p>\n<p>&nbsp;<\/p>","protected":false},"featured_media":2800,"comment_status":"closed","ping_status":"closed","template":"","meta":{"_acf_changed":false},"material":[26],"process":[23,25],"product_brand":[],"product_cat":[15],"product_tag":[48],"class_list":{"0":"post-2799","1":"product","2":"type-product","3":"status-publish","4":"has-post-thumbnail","6":"material-cotton-agent","7":"process-textile-finishing-chemicals","8":"process-textile-finishing-agent","9":"product_cat-uncategorized","10":"product_tag-new-textile-chemicals","12":"first","13":"instock","14":"shipping-taxable","15":"product-type-simple"},"acf":[],"_links":{"self":[{"href":"https:\/\/www.bluelakechem.com\/pt\/wp-json\/wp\/v2\/product\/2799","targetHints":{"allow":["GET"]}}],"collection":[{"href":"https:\/\/www.bluelakechem.com\/pt\/wp-json\/wp\/v2\/product"}],"about":[{"href":"https:\/\/www.bluelakechem.com\/pt\/wp-json\/wp\/v2\/types\/product"}],"replies":[{"embeddable":true,"href":"https:\/\/www.bluelakechem.com\/pt\/wp-json\/wp\/v2\/comments?post=2799"}],"wp:featuredmedia":[{"embeddable":true,"href":"https:\/\/www.bluelakechem.com\/pt\/wp-json\/wp\/v2\/media\/2800"}],"wp:attachment":[{"href":"https:\/\/www.bluelakechem.com\/pt\/wp-json\/wp\/v2\/media?parent=2799"}],"wp:term":[{"taxonomy":"material","embeddable":true,"href":"https:\/\/www.bluelakechem.com\/pt\/wp-json\/wp\/v2\/material?post=2799"},{"taxonomy":"process","embeddable":true,"href":"https:\/\/www.bluelakechem.com\/pt\/wp-json\/wp\/v2\/process?post=2799"},{"taxonomy":"product_brand","embeddable":true,"href":"https:\/\/www.bluelakechem.com\/pt\/wp-json\/wp\/v2\/product_brand?post=2799"},{"taxonomy":"product_cat","embeddable":true,"href":"https:\/\/www.bluelakechem.com\/pt\/wp-json\/wp\/v2\/product_cat?post=2799"},{"taxonomy":"product_tag","embeddable":true,"href":"https:\/\/www.bluelakechem.com\/pt\/wp-json\/wp\/v2\/product_tag?post=2799"}],"curies":[{"name":"wp","href":"https:\/\/api.w.org\/{rel}","templated":true}]}}