{"id":2914,"date":"2025-08-13T07:25:52","date_gmt":"2025-08-13T07:25:52","guid":{"rendered":"https:\/\/www.bluelakechem.com\/?post_type=product&#038;p=2914"},"modified":"2025-08-13T07:33:58","modified_gmt":"2025-08-13T07:33:58","slug":"neutral-bio-polishing-enzyme","status":"publish","type":"product","link":"https:\/\/www.bluelakechem.com\/pt\/product\/neutral-bio-polishing-enzyme\/","title":{"rendered":"Enzima neutra de biopolimento para tecidos de celulose, auxiliar de biopolimento e tingimento"},"content":{"rendered":"<div class=\"wp-block-columns is-layout-flex wp-container-core-columns-is-layout-9d6595d7 wp-block-columns-is-layout-flex\">\n<div class=\"wp-block-column is-layout-flow wp-block-column-is-layout-flow\">\n<h2 class=\"wp-block-heading\">Caracter\u00edsticas da enzima neutra de polimento biol\u00f3gico<\/h2>\n\n\n\n<p><strong>Est\u00e1vel em \u00e1lcalis. <\/strong>Pode fazer o acabamento de polimento em um valor de pH de 6 a 9. Danifica muito pouco a resist\u00eancia do tecido.<\/p>\n\n\n\n<p><strong>Boa compatibilidade.<\/strong> Realiza o processo de branqueamento e lavagem com oxig\u00eanio e o processo de biopolimento em um \u00fanico banho.<\/p>\n\n\n\n<p>Atinge <strong>processo de biopolimento e processo de tingimento reativo<\/strong> em um banheiro.<\/p>\n\n\n\n<p><strong>Economiza \u00e1gua, tempo e energia<\/strong>. Economiza mais de 20~30% do custo total.<\/p>\n<\/div>\n\n\n\n<div class=\"wp-block-column is-layout-flow wp-block-column-is-layout-flow\">\n<h2 class=\"wp-block-heading\">Instru\u00e7\u00f5es sobre a enzima neutra de polimento biol\u00f3gico<\/h2>\n\n\n\n<p>Dosagem de refer\u00eancia: 0,2~0,4% (o.w.f)<\/p>\n\n\n\n<figure class=\"wp-block-image size-full\"><img decoding=\"async\" width=\"874\" height=\"227\" src=\"https:\/\/www.bluelakechem.com\/wp-content\/uploads\/2025\/08\/Neutral-Polishing-Enzyme-15510.webp\" alt=\"Enzima de polimento neutro\" class=\"wp-image-2915\" srcset=\"https:\/\/www.bluelakechem.com\/wp-content\/uploads\/2025\/08\/Neutral-Polishing-Enzyme-15510.webp 874w, https:\/\/www.bluelakechem.com\/wp-content\/uploads\/2025\/08\/Neutral-Polishing-Enzyme-15510-300x78.webp 300w, https:\/\/www.bluelakechem.com\/wp-content\/uploads\/2025\/08\/Neutral-Polishing-Enzyme-15510-768x199.webp 768w, https:\/\/www.bluelakechem.com\/wp-content\/uploads\/2025\/08\/Neutral-Polishing-Enzyme-15510-18x5.webp 18w, https:\/\/www.bluelakechem.com\/wp-content\/uploads\/2025\/08\/Neutral-Polishing-Enzyme-15510-600x156.webp 600w\" sizes=\"(max-width: 874px) 100vw, 874px\" \/><\/figure>\n\n\n\n<h2 class=\"wp-block-heading\">Propriedades da enzima de polimento biol\u00f3gico neutro<\/h2>\n\n\n\n<figure class=\"wp-block-table\"><table class=\"has-fixed-layout\"><tbody><tr><td><strong>Apar\u00eancia:<\/strong><\/td><td>P\u00f3 marrom<\/td><\/tr><tr><td><strong>Ionicidade:<\/strong><\/td><td>N\u00e3o i\u00f4nico<\/td><\/tr><tr><td><strong>Valor do pH:<\/strong><\/td><td>6,0\u00b11,0 (solu\u00e7\u00e3o aquosa de 1%)<\/td><\/tr><tr><td><strong>Solubilidade:<\/strong><\/td><td>Sol\u00favel em \u00e1gua<\/td><\/tr><\/tbody><\/table><\/figure>\n<\/div>\n<\/div>","protected":false},"excerpt":{"rendered":"<p>A enzima neutra de polimento biol\u00f3gico 15510 \u00e9 composta principalmente de zimoprote\u00edna complexa. Em condi\u00e7\u00f5es quase neutras, ela tem um excelente efeito de polimento em tecidos feitos de fibras de celulose. Ela pode ser adicionada antes do processo de fixa\u00e7\u00e3o, o que permite desoxigenar, polir e tingir em um \u00fanico banho e reduzir o custo de produ\u00e7\u00e3o. Em conformidade com o padr\u00e3o Oeko-Tex 100. Entre em contato conosco para obter amostras gr\u00e1tis ou orienta\u00e7\u00e3o especializada sobre f\u00f3rmulas!<\/p>\n<p><strong>Modelo n\u00ba 15510<\/strong><\/p>","protected":false},"featured_media":2916,"comment_status":"closed","ping_status":"closed","template":"","meta":{"_acf_changed":false},"material":[26],"process":[17,37],"product_brand":[],"product_cat":[15],"product_tag":[48],"class_list":{"0":"post-2914","1":"product","2":"type-product","3":"status-publish","4":"has-post-thumbnail","6":"material-cotton-agent","7":"process-pretreatment-auxiliaries","8":"process-bio-polishing-enzyme","9":"product_cat-uncategorized","10":"product_tag-new-textile-chemicals","12":"first","13":"instock","14":"shipping-taxable","15":"product-type-simple"},"acf":[],"_links":{"self":[{"href":"https:\/\/www.bluelakechem.com\/pt\/wp-json\/wp\/v2\/product\/2914","targetHints":{"allow":["GET"]}}],"collection":[{"href":"https:\/\/www.bluelakechem.com\/pt\/wp-json\/wp\/v2\/product"}],"about":[{"href":"https:\/\/www.bluelakechem.com\/pt\/wp-json\/wp\/v2\/types\/product"}],"replies":[{"embeddable":true,"href":"https:\/\/www.bluelakechem.com\/pt\/wp-json\/wp\/v2\/comments?post=2914"}],"wp:featuredmedia":[{"embeddable":true,"href":"https:\/\/www.bluelakechem.com\/pt\/wp-json\/wp\/v2\/media\/2916"}],"wp:attachment":[{"href":"https:\/\/www.bluelakechem.com\/pt\/wp-json\/wp\/v2\/media?parent=2914"}],"wp:term":[{"taxonomy":"material","embeddable":true,"href":"https:\/\/www.bluelakechem.com\/pt\/wp-json\/wp\/v2\/material?post=2914"},{"taxonomy":"process","embeddable":true,"href":"https:\/\/www.bluelakechem.com\/pt\/wp-json\/wp\/v2\/process?post=2914"},{"taxonomy":"product_brand","embeddable":true,"href":"https:\/\/www.bluelakechem.com\/pt\/wp-json\/wp\/v2\/product_brand?post=2914"},{"taxonomy":"product_cat","embeddable":true,"href":"https:\/\/www.bluelakechem.com\/pt\/wp-json\/wp\/v2\/product_cat?post=2914"},{"taxonomy":"product_tag","embeddable":true,"href":"https:\/\/www.bluelakechem.com\/pt\/wp-json\/wp\/v2\/product_tag?post=2914"}],"curies":[{"name":"wp","href":"https:\/\/api.w.org\/{rel}","templated":true}]}}