{"id":3121,"date":"2025-09-11T02:44:09","date_gmt":"2025-09-11T02:44:09","guid":{"rendered":"https:\/\/www.bluelakechem.com\/?post_type=product&#038;p=3121"},"modified":"2025-09-11T03:09:54","modified_gmt":"2025-09-11T03:09:54","slug":"emulsifying-scouring-agent","status":"publish","type":"product","link":"https:\/\/www.bluelakechem.com\/pt\/product\/emulsifying-scouring-agent\/","title":{"rendered":"Agente de limpeza emulsificante, agente de desengorduramento, produto qu\u00edmico de pr\u00e9-tratamento t\u00eaxtil ecologicamente correto"},"content":{"rendered":"<div class=\"wp-block-columns is-layout-flex wp-container-core-columns-is-layout-9d6595d7 wp-block-columns-is-layout-flex\">\n<div class=\"wp-block-column is-layout-flow wp-block-column-is-layout-flow\">\n<h2 class=\"wp-block-heading\">Emulsifying Scouring Agent Features<\/h2>\n\n\n\n<p><strong>Eco-Friendly &amp; APEO-Free: <\/strong>Sustainable textile processing solution compliant with Oeko-Tex Standard 100.<\/p>\n\n\n\n<p><strong>Multi-Functional: <\/strong>Combines emulsifying, degreasing, dispersing, washing, and anti-staining effects.<\/p>\n\n\n\n<p><strong>Superior Cleaning Power: <\/strong>Removes wax, oil, pectin, and other impurities efficiently.<\/p>\n\n\n\n<p><strong>Fiber-Safe Formula: <\/strong>Gentle on natural and synthetic fibers, no fiber damage.<\/p>\n\n\n\n<p><strong>Versatile Applications:<\/strong> Perfect for pretreatment of cotton, polyester, viscose, Tencel, Modal, and blends.<\/p>\n\n\n\n<p>Stable &amp; Reliable Performance: Works under various processing conditions with consistent results.<\/p>\n\n\n\n<h2 class=\"wp-block-heading\">Emulsifying Scouring Agent Properties<\/h2>\n\n\n\n<figure class=\"wp-block-table\"><table class=\"has-fixed-layout\"><tbody><tr><td><strong>Apar\u00eancia:<\/strong><\/td><td>L\u00edquido transparente incolor a amarelo claro<\/td><\/tr><tr><td><strong>Ionicidade:<\/strong><\/td><td>N\u00e3o i\u00f4nico<\/td><\/tr><tr><td><strong>Valor do pH:<\/strong><\/td><td>7,0\u00b11,0 (solu\u00e7\u00e3o aquosa de 1%)<\/td><\/tr><tr><td><strong>Solubilidade:<\/strong><\/td><td>Sol\u00favel em \u00e1gua<\/td><\/tr><\/tbody><\/table><\/figure>\n<\/div>\n\n\n\n<div class=\"wp-block-column is-layout-flow wp-block-column-is-layout-flow\">\n<h2 class=\"wp-block-heading\">Emulsifying Scouring Agent Instruction<\/h2>\n\n\n\n<p>It is a high-concentration product. Kindly suggest diluting it by a ratio of 1:3~1:5 with softened water.<\/p>\n\n\n\n<p><strong>Degreasing for chemical fiber fabrics:<\/strong><\/p>\n\n\n\n<figure class=\"wp-block-table\"><table class=\"has-fixed-layout\"><tbody><tr><td><strong>Diluted 11079:<\/strong><\/td><td>1~2 g\/L<\/td><\/tr><tr><td><strong>Sodium carbonate:<\/strong><\/td><td>0~1 g\/L<\/td><\/tr><tr><td colspan=\"2\">95~98\u2103\u00d730min \u2192 Water washing \u2192 Neutralizing<\/td><\/tr><\/tbody><\/table><\/figure>\n\n\n\n<p><strong>Scouring for cotton fabrics:<\/strong><\/p>\n\n\n\n<figure class=\"wp-block-table\"><table class=\"has-fixed-layout\"><tbody><tr><td><strong>Diluted 11079:<\/strong><\/td><td>1~1.5 g\/L<\/td><\/tr><tr><td><strong>Caustic soda:<\/strong><\/td><td>0.5~2 g\/L<\/td><\/tr><tr><td><strong>Sequestering agent:<\/strong><\/td><td>0~1 g\/L<\/td><\/tr><tr><td><strong>27.5% hydrogen peroxide:<\/strong><\/td><td>3~6 g\/L<\/td><\/tr><tr><td colspan=\"2\">95~98\u2103\u00d760min \u2192 Water washing<\/td><\/tr><\/tbody><\/table><\/figure>\n<\/div>\n<\/div>","protected":false},"excerpt":{"rendered":"<p>O agente de limpeza emulsificante 11079 \u00e9 composto principalmente por um complexo especial de \u00e1lcool-\u00e9ter. \u00c9 adequado para o processo de pr\u00e9-tratamento de fibras qu\u00edmicas e suas misturas. Tamb\u00e9m \u00e9 adequado para o processo de pr\u00e9-tratamento de algod\u00e3o, fibra de viscose, Modal, Tencel e suas misturas. Tem um excelente efeito de tratamento para v\u00e1rios tipos de impurezas, como sujeira gordurosa, pectina e cera de algod\u00e3o, etc. Em conformidade com o padr\u00e3o Oeko-Tex 100. Entre em contato conosco para obter amostras gr\u00e1tis ou orienta\u00e7\u00e3o especializada sobre f\u00f3rmulas!<\/p>\n<p><strong>Modelo n\u00ba 11079<\/strong><\/p>","protected":false},"featured_media":3122,"comment_status":"closed","ping_status":"closed","template":"","meta":{"_acf_changed":false},"material":[26,30,34],"process":[17,19,35],"product_brand":[],"product_cat":[15],"product_tag":[48],"class_list":{"0":"post-3121","1":"product","2":"type-product","3":"status-publish","4":"has-post-thumbnail","6":"material-cotton-agent","7":"material-viscose-chemicals","8":"material-fabric-chemicals","9":"process-pretreatment-auxiliaries","10":"process-scouring-agent","11":"process-degreasing-agent","12":"product_cat-uncategorized","13":"product_tag-new-textile-chemicals","15":"first","16":"instock","17":"shipping-taxable","18":"product-type-simple"},"acf":[],"_links":{"self":[{"href":"https:\/\/www.bluelakechem.com\/pt\/wp-json\/wp\/v2\/product\/3121","targetHints":{"allow":["GET"]}}],"collection":[{"href":"https:\/\/www.bluelakechem.com\/pt\/wp-json\/wp\/v2\/product"}],"about":[{"href":"https:\/\/www.bluelakechem.com\/pt\/wp-json\/wp\/v2\/types\/product"}],"replies":[{"embeddable":true,"href":"https:\/\/www.bluelakechem.com\/pt\/wp-json\/wp\/v2\/comments?post=3121"}],"wp:featuredmedia":[{"embeddable":true,"href":"https:\/\/www.bluelakechem.com\/pt\/wp-json\/wp\/v2\/media\/3122"}],"wp:attachment":[{"href":"https:\/\/www.bluelakechem.com\/pt\/wp-json\/wp\/v2\/media?parent=3121"}],"wp:term":[{"taxonomy":"material","embeddable":true,"href":"https:\/\/www.bluelakechem.com\/pt\/wp-json\/wp\/v2\/material?post=3121"},{"taxonomy":"process","embeddable":true,"href":"https:\/\/www.bluelakechem.com\/pt\/wp-json\/wp\/v2\/process?post=3121"},{"taxonomy":"product_brand","embeddable":true,"href":"https:\/\/www.bluelakechem.com\/pt\/wp-json\/wp\/v2\/product_brand?post=3121"},{"taxonomy":"product_cat","embeddable":true,"href":"https:\/\/www.bluelakechem.com\/pt\/wp-json\/wp\/v2\/product_cat?post=3121"},{"taxonomy":"product_tag","embeddable":true,"href":"https:\/\/www.bluelakechem.com\/pt\/wp-json\/wp\/v2\/product_tag?post=3121"}],"curies":[{"name":"wp","href":"https:\/\/api.w.org\/{rel}","templated":true}]}}