{"id":3143,"date":"2025-09-26T08:56:38","date_gmt":"2025-09-26T08:56:38","guid":{"rendered":"https:\/\/www.bluelakechem.com\/?post_type=product&#038;p=3143"},"modified":"2025-09-26T09:06:23","modified_gmt":"2025-09-26T09:06:23","slug":"c6-water-repellent-agent","status":"publish","type":"product","link":"https:\/\/www.bluelakechem.com\/pt\/product\/c6-water-repellent-agent\/","title":{"rendered":"Agente repelente de \u00e1gua C6, impermeabilizante ecol\u00f3gico para tecidos"},"content":{"rendered":"<div class=\"wp-block-columns is-layout-flex wp-container-core-columns-is-layout-9d6595d7 wp-block-columns-is-layout-flex\">\n<div class=\"wp-block-column is-layout-flow wp-block-column-is-layout-flow\">\n<div class=\"wp-block-columns is-layout-flex wp-container-core-columns-is-layout-9d6595d7 wp-block-columns-is-layout-flex\">\n<div class=\"wp-block-column is-layout-flow wp-block-column-is-layout-flow\">\n<h2 class=\"wp-block-heading\">Caracter\u00edsticas do agente repelente de \u00e1gua C6<\/h2>\n\n\n\n<p><strong>Conformidade ecol\u00f3gica: <\/strong>Livre de APEO, PFOA e PFOS; certificado Oeko-Tex Standard 100.<\/p>\n\n\n\n<p><strong>Excelente repel\u00eancia \u00e0 \u00e1gua:<\/strong> Forma um filme reticulado denso que reduz efetivamente a tens\u00e3o superficial do tecido.<\/p>\n\n\n\n<p><strong>Desempenho dur\u00e1vel: <\/strong>Mant\u00e9m o efeito \u00e0 prova d'\u00e1gua mesmo ap\u00f3s v\u00e1rias lavagens dom\u00e9sticas e secagem.<\/p>\n\n\n\n<p><strong>Aplica\u00e7\u00e3o vers\u00e1til: <\/strong>Adequado para v\u00e1rios tecidos (n\u00e3o recomendado para tecidos com clareamento fluorescente).<\/p>\n\n\n\n<h2 class=\"wp-block-heading\">Propriedades do agente repelente de \u00e1gua C6<\/h2>\n\n\n\n<figure class=\"wp-block-table\"><table class=\"has-fixed-layout\"><tbody><tr><td><strong>Apar\u00eancia:<\/strong><\/td><td>Emuls\u00e3o branca leitosa<\/td><\/tr><tr><td><strong>Ionicidade:<\/strong><\/td><td>Cati\u00f4nica<\/td><\/tr><tr><td><strong>Valor do pH:<\/strong><\/td><td>5,0\u00b11,0 (solu\u00e7\u00e3o aquosa de 1%)<\/td><\/tr><tr><td><strong>Solubilidade:<\/strong><\/td><td>Sol\u00favel em \u00e1gua<\/td><\/tr><\/tbody><\/table><\/figure>\n\n\n\n<h2 class=\"wp-block-heading\">Instru\u00e7\u00f5es para o agente repelente de \u00e1gua C6<\/h2>\n\n\n\n<p><strong>Dosagem de refer\u00eancia: <\/strong>10~30 g\/L.<\/p>\n\n\n\n<p><strong>Processo de refer\u00eancia:<\/strong><br>Mergulhar e acolchoar por duas vezes (coleta: 60~80%) \u2192 Secagem e centrifuga\u00e7\u00e3o (180\u2103\u00d760~90s)<\/p>\n<\/div>\n\n\n\n<div class=\"wp-block-column is-layout-flow wp-block-column-is-layout-flow\">\n<figure class=\"wp-block-embed is-type-video is-provider-youtube wp-block-embed-youtube wp-embed-aspect-9-16 wp-has-aspect-ratio\"><div class=\"wp-block-embed__wrapper\">\n<iframe title=\"\ud83d\udca7 LH-46P Repelente \u00e0 \u00e1gua | N\u00edvel 5 \u2714 10 lavagens \u2714 Poli\u00e9ster e TC \u2714 #chemicalexperiment\" width=\"422\" height=\"750\" src=\"https:\/\/www.youtube.com\/embed\/4GwdzU-npTo?feature=oembed\" frameborder=\"0\" allow=\"accelerometer; autoplay; clipboard-write; encrypted-media; gyroscope; picture-in-picture; web-share\" referrerpolicy=\"strict-origin-when-cross-origin\" allowfullscreen><\/iframe>\n<\/div><\/figure>\n<\/div>\n<\/div>\n<\/div>\n<\/div>","protected":false},"excerpt":{"rendered":"<p>O agente repelente de \u00e1gua C6 LH-46P \u00e9 composto principalmente de resina contendo fl\u00faor. Depois de formar um filme reticulado denso na superf\u00edcie da fibra, ele pode reduzir a tens\u00e3o superficial dos tecidos, o que confere a v\u00e1rios tipos de tecidos um efeito \u00e0 prova d'\u00e1gua. Compat\u00edvel com o padr\u00e3o Oeko-Tex 100. Entre em contato conosco para obter amostras gr\u00e1tis ou orienta\u00e7\u00e3o especializada sobre f\u00f3rmulas!<\/p>\n<p><strong>Modelo n\u00ba LH-46P<\/strong><\/p>","protected":false},"featured_media":3146,"comment_status":"closed","ping_status":"closed","template":"","meta":{"_acf_changed":false},"material":[26,27,28,29,30,31,32,33,49,34],"process":[23,25],"product_brand":[],"product_cat":[15],"product_tag":[48],"class_list":{"0":"post-3143","1":"product","2":"type-product","3":"status-publish","4":"has-post-thumbnail","6":"material-cotton-agent","7":"material-polyester-chemicals","8":"material-nylon-agent","9":"material-acrylic-chemicals","10":"material-viscose-chemicals","11":"material-wool-auxiliary","12":"material-linen-chemicals","13":"material-silk-chemicals","14":"material-elastic","15":"material-fabric-chemicals","16":"process-textile-finishing-chemicals","17":"process-textile-finishing-agent","18":"product_cat-uncategorized","19":"product_tag-new-textile-chemicals","21":"first","22":"instock","23":"shipping-taxable","24":"product-type-simple"},"acf":[],"_links":{"self":[{"href":"https:\/\/www.bluelakechem.com\/pt\/wp-json\/wp\/v2\/product\/3143","targetHints":{"allow":["GET"]}}],"collection":[{"href":"https:\/\/www.bluelakechem.com\/pt\/wp-json\/wp\/v2\/product"}],"about":[{"href":"https:\/\/www.bluelakechem.com\/pt\/wp-json\/wp\/v2\/types\/product"}],"replies":[{"embeddable":true,"href":"https:\/\/www.bluelakechem.com\/pt\/wp-json\/wp\/v2\/comments?post=3143"}],"wp:featuredmedia":[{"embeddable":true,"href":"https:\/\/www.bluelakechem.com\/pt\/wp-json\/wp\/v2\/media\/3146"}],"wp:attachment":[{"href":"https:\/\/www.bluelakechem.com\/pt\/wp-json\/wp\/v2\/media?parent=3143"}],"wp:term":[{"taxonomy":"material","embeddable":true,"href":"https:\/\/www.bluelakechem.com\/pt\/wp-json\/wp\/v2\/material?post=3143"},{"taxonomy":"process","embeddable":true,"href":"https:\/\/www.bluelakechem.com\/pt\/wp-json\/wp\/v2\/process?post=3143"},{"taxonomy":"product_brand","embeddable":true,"href":"https:\/\/www.bluelakechem.com\/pt\/wp-json\/wp\/v2\/product_brand?post=3143"},{"taxonomy":"product_cat","embeddable":true,"href":"https:\/\/www.bluelakechem.com\/pt\/wp-json\/wp\/v2\/product_cat?post=3143"},{"taxonomy":"product_tag","embeddable":true,"href":"https:\/\/www.bluelakechem.com\/pt\/wp-json\/wp\/v2\/product_tag?post=3143"}],"curies":[{"name":"wp","href":"https:\/\/api.w.org\/{rel}","templated":true}]}}