{"id":3385,"date":"2025-10-20T01:47:08","date_gmt":"2025-10-20T01:47:08","guid":{"rendered":"https:\/\/www.bluelakechem.com\/?post_type=product&#038;p=3385"},"modified":"2025-10-20T01:47:13","modified_gmt":"2025-10-20T01:47:13","slug":"c6-waterproof-agent","status":"publish","type":"product","link":"https:\/\/www.bluelakechem.com\/pt\/product\/c6-waterproof-agent\/","title":{"rendered":"Agente \u00e0 prova d'\u00e1gua C6 para tecidos com resist\u00eancia \u00e0 \u00e1gua, \u00f3leo e manchas"},"content":{"rendered":"<div class=\"wp-block-columns is-layout-flex wp-container-core-columns-is-layout-9d6595d7 wp-block-columns-is-layout-flex\">\n<div class=\"wp-block-column is-layout-flow wp-block-column-is-layout-flow\">\n<div class=\"wp-block-columns is-layout-flex wp-container-core-columns-is-layout-9d6595d7 wp-block-columns-is-layout-flex\">\n<div class=\"wp-block-column is-layout-flow wp-block-column-is-layout-flow\">\n<h2 class=\"wp-block-heading\">C6 Waterproofing Agent Caracter\u00edsticas:<\/h2>\n\n\n\n<p><strong>Excelente durabilidade na lavagem:<\/strong> Excelente resist\u00eancia \u00e0 lavagem dom\u00e9stica e \u00e0 lavagem a seco. Mant\u00e9m os efeitos \u00e0 prova d'\u00e1gua, \u00e0 prova de \u00f3leo e anti-manchas ap\u00f3s v\u00e1rias lavagens e ciclos de secagem.<\/p>\n\n\n\n<p><strong>Desempenho de prote\u00e7\u00e3o tripla<\/strong><\/p>\n\n\n\n<ul class=\"wp-block-list\">\n<li><strong>Repel\u00eancia \u00e0 \u00e1gua: <\/strong>Evita a penetra\u00e7\u00e3o de \u00e1gua e melhora o desempenho em ambientes externos.<\/li>\n\n\n\n<li><strong>Repel\u00eancia ao \u00f3leo: <\/strong>Resiste a manchas de \u00f3leo do uso di\u00e1rio.<br>Repel\u00eancia a incrusta\u00e7\u00f5es: Reduz a ader\u00eancia de sujeira e facilita a limpeza.<\/li>\n\n\n\n<li><strong>Aplica\u00e7\u00e3o est\u00e1vel e confi\u00e1vel:<\/strong> Adequado para algod\u00e3o, poli\u00e9ster, n\u00e1ilon e tecidos mistos. Proporciona acabamento uniforme sem afetar o toque ou a tonalidade da cor.<\/li>\n<\/ul>\n\n\n\n<p><strong>Ecologicamente correto e seguro: <\/strong>Tecnologia de fluorocarbono C6, em conformidade com o Oeko-Tex Standard 100. Livre de PFOA e PFOS, ambientalmente respons\u00e1vel e sustent\u00e1vel.<\/p>\n\n\n\n<p><strong>Limita\u00e7\u00f5es do aplicativo: <\/strong>N\u00e3o \u00e9 adequado para tecidos de clareamento fluorescente.<\/p>\n\n\n\n<h2 class=\"wp-block-heading\">Agente de impermeabiliza\u00e7\u00e3o C6 46590-50 Propriedades<\/h2>\n\n\n\n<figure class=\"wp-block-table\"><table class=\"has-fixed-layout\"><tbody><tr><td><strong>Apar\u00eancia:<\/strong><\/td><td>Emuls\u00e3o branca leitosa<\/td><\/tr><tr><td><strong>Ionicidade:<\/strong><\/td><td>Cati\u00f4nica<\/td><\/tr><tr><td><strong>Valor do pH:<\/strong><\/td><td>4,5\u00b11,0 (solu\u00e7\u00e3o aquosa de 1%)<\/td><\/tr><tr><td><strong>Solubilidade:<\/strong><\/td><td>Sol\u00favel em \u00e1gua<\/td><\/tr><\/tbody><\/table><\/figure>\n\n\n\n<h2 class=\"wp-block-heading\">Instru\u00e7\u00f5es para o agente impermeabilizante C6<\/h2>\n\n\n\n<p>Para o processo geral de acabamento de impermeabiliza\u00e7\u00e3o, dosagem de refer\u00eancia: 10~20 g\/L.<\/p>\n\n\n\n<p>Para processos de acabamento dur\u00e1veis \u00e0 prova d'\u00e1gua, \u00e0 prova de \u00f3leo e antiincrustantes, dosagem de refer\u00eancia: 30~50 g\/L<\/p>\n\n\n\n<p>Processo de refer\u00eancia: Mergulhar e acolchoar por duas vezes (coleta: 60~80%) \u2192 Secagem e centrifuga\u00e7\u00e3o (170~180\u2103\u00d730~60s)<\/p>\n<\/div>\n\n\n\n<div class=\"wp-block-column is-layout-flow wp-block-column-is-layout-flow\">\n<figure class=\"wp-block-embed is-type-video is-provider-youtube wp-block-embed-youtube wp-embed-aspect-9-16 wp-has-aspect-ratio\"><div class=\"wp-block-embed__wrapper\">\n<iframe title=\"#textilechemicals | Como as roupas podem permanecer secas mesmo depois de serem respingadas com \u00e1gua?\" width=\"422\" height=\"750\" src=\"https:\/\/www.youtube.com\/embed\/FgoaU2vzyt8?feature=oembed\" frameborder=\"0\" allow=\"accelerometer; autoplay; clipboard-write; encrypted-media; gyroscope; picture-in-picture; web-share\" referrerpolicy=\"strict-origin-when-cross-origin\" allowfullscreen><\/iframe>\n<\/div><\/figure>\n\n\n\n<p><\/p>\n<\/div>\n<\/div>\n<\/div>\n<\/div>\n\n\n\n<p><\/p>","protected":false},"excerpt":{"rendered":"<p>O C6 Waterproofing Agent 46590-50 \u00e9 um composto organofluorado. Depois de formar um filme reticulado denso na superf\u00edcie da fibra, ele pode reduzir a tens\u00e3o superficial dos tecidos, o que confere a v\u00e1rios tipos de tecidos efeitos \u00e0 prova d'\u00e1gua, \u00e0 prova de \u00f3leo e antiincrustantes. Em conformidade com o padr\u00e3o Oeko-Tex 100. Entre em contato conosco para obter amostras gr\u00e1tis ou orienta\u00e7\u00e3o especializada sobre f\u00f3rmulas!<\/p>\n<p><strong>Modelo n\u00ba 46590-50<\/strong><\/p>","protected":false},"featured_media":3388,"comment_status":"closed","ping_status":"closed","template":"","meta":{"_acf_changed":false},"material":[26,27,28,29,30,31,32,33,49,34],"process":[23,25],"product_brand":[],"product_cat":[15],"product_tag":[48],"class_list":{"0":"post-3385","1":"product","2":"type-product","3":"status-publish","4":"has-post-thumbnail","6":"material-cotton-agent","7":"material-polyester-chemicals","8":"material-nylon-agent","9":"material-acrylic-chemicals","10":"material-viscose-chemicals","11":"material-wool-auxiliary","12":"material-linen-chemicals","13":"material-silk-chemicals","14":"material-elastic","15":"material-fabric-chemicals","16":"process-textile-finishing-chemicals","17":"process-textile-finishing-agent","18":"product_cat-uncategorized","19":"product_tag-new-textile-chemicals","21":"first","22":"instock","23":"shipping-taxable","24":"product-type-simple"},"acf":[],"_links":{"self":[{"href":"https:\/\/www.bluelakechem.com\/pt\/wp-json\/wp\/v2\/product\/3385","targetHints":{"allow":["GET"]}}],"collection":[{"href":"https:\/\/www.bluelakechem.com\/pt\/wp-json\/wp\/v2\/product"}],"about":[{"href":"https:\/\/www.bluelakechem.com\/pt\/wp-json\/wp\/v2\/types\/product"}],"replies":[{"embeddable":true,"href":"https:\/\/www.bluelakechem.com\/pt\/wp-json\/wp\/v2\/comments?post=3385"}],"wp:featuredmedia":[{"embeddable":true,"href":"https:\/\/www.bluelakechem.com\/pt\/wp-json\/wp\/v2\/media\/3388"}],"wp:attachment":[{"href":"https:\/\/www.bluelakechem.com\/pt\/wp-json\/wp\/v2\/media?parent=3385"}],"wp:term":[{"taxonomy":"material","embeddable":true,"href":"https:\/\/www.bluelakechem.com\/pt\/wp-json\/wp\/v2\/material?post=3385"},{"taxonomy":"process","embeddable":true,"href":"https:\/\/www.bluelakechem.com\/pt\/wp-json\/wp\/v2\/process?post=3385"},{"taxonomy":"product_brand","embeddable":true,"href":"https:\/\/www.bluelakechem.com\/pt\/wp-json\/wp\/v2\/product_brand?post=3385"},{"taxonomy":"product_cat","embeddable":true,"href":"https:\/\/www.bluelakechem.com\/pt\/wp-json\/wp\/v2\/product_cat?post=3385"},{"taxonomy":"product_tag","embeddable":true,"href":"https:\/\/www.bluelakechem.com\/pt\/wp-json\/wp\/v2\/product_tag?post=3385"}],"curies":[{"name":"wp","href":"https:\/\/api.w.org\/{rel}","templated":true}]}}