{"id":3539,"date":"2026-01-19T05:36:33","date_gmt":"2026-01-19T05:36:33","guid":{"rendered":"https:\/\/www.bluelakechem.com\/?post_type=product&#038;p=3539"},"modified":"2026-01-19T05:38:29","modified_gmt":"2026-01-19T05:38:29","slug":"hydrophilic-silicone-finishing-agent-bestowing-softness-smoothness-fluffiness-and-bulkiness-on-fabrics","status":"publish","type":"product","link":"https:\/\/www.bluelakechem.com\/pt\/product\/hydrophilic-silicone-finishing-agent-bestowing-softness-smoothness-fluffiness-and-bulkiness-on-fabrics\/","title":{"rendered":"Agente de acabamento de silicone hidrof\u00edlico que proporciona maciez, suavidade, fluidez e volume aos tecidos"},"content":{"rendered":"<div class=\"wp-block-image\">\n<figure class=\"aligncenter size-full is-resized\"><img decoding=\"async\" width=\"1080\" height=\"1920\" src=\"https:\/\/www.bluelakechem.com\/wp-content\/uploads\/2025\/12\/Silicone-Softener-76702_1.webp\" alt=\"Amaciante de silicone\" class=\"wp-image-3540\" style=\"aspect-ratio:0.5625019618511504;width:433px;height:auto\" srcset=\"https:\/\/www.bluelakechem.com\/wp-content\/uploads\/2025\/12\/Silicone-Softener-76702_1.webp 1080w, https:\/\/www.bluelakechem.com\/wp-content\/uploads\/2025\/12\/Silicone-Softener-76702_1-169x300.webp 169w, https:\/\/www.bluelakechem.com\/wp-content\/uploads\/2025\/12\/Silicone-Softener-76702_1-768x1365.webp 768w, https:\/\/www.bluelakechem.com\/wp-content\/uploads\/2025\/12\/Silicone-Softener-76702_1-7x12.webp 7w, https:\/\/www.bluelakechem.com\/wp-content\/uploads\/2025\/12\/Silicone-Softener-76702_1-600x1067.webp 600w\" sizes=\"(max-width: 1080px) 100vw, 1080px\" \/><\/figure>\n<\/div>\n\n\n<h2 class=\"wp-block-heading\">\u00d3leo de silicone hidrof\u00edlico Caracter\u00edsticas:<\/h2>\n\n\n\n<ol class=\"wp-block-list\">\n<li>N\u00e3o cont\u00e9m APEO ou subst\u00e2ncias qu\u00edmicas proibidas. Atende aos requisitos de prote\u00e7\u00e3o ambiental. Est\u00e1 em conformidade com o padr\u00e3o da Uni\u00e3o Europeia Otex-100.<\/li>\n\n\n\n<li>Excelente hidrofilicidade inicial em fibras de celulose, fibras regeneradas e fibras sint\u00e9ticas.<\/li>\n\n\n\n<li>Proporciona aos tecidos um cabo macio, suave e fofo.<\/li>\n\n\n\n<li>Pouco amarelamento e pouca mudan\u00e7a de tonalidade. Quase nenhuma influ\u00eancia na solidez da cor.<\/li>\n\n\n\n<li>Propriedade auto-emulsificante, que pode garantir a estabilidade do banho.<\/li>\n\n\n\n<li>Alta estabilidade. Est\u00e1vel em \u00e1lcalis, sal e \u00e2nions. Mant\u00e9m excelente estabilidade sob diferentes valores de pH e temperatura.<\/li>\n\n\n\n<li>Tem boa afinidade com v\u00e1rios tipos de tecidos.<\/li>\n\n\n\n<li>Adequado para processos de enchimento e exaust\u00e3o.<\/li>\n<\/ol>\n\n\n\n<h2 class=\"wp-block-heading\">Aplica\u00e7\u00f5es do \u00f3leo de silicone hidrof\u00edlico:<\/h2>\n\n\n\n<p>Pode ser aplicado no processo de acabamento hidrof\u00edlico e macio para tecidos de algod\u00e3o, fibras artificiais, fibra de viscose, fibras sint\u00e9ticas (poli\u00e9ster e n\u00e1ilon) e suas misturas, etc., o que torna os tecidos macios, suaves, fofos e volumosos.<\/p>\n\n\n\n<h2 class=\"wp-block-heading\">Propriedades do \u00f3leo de silicone hidrof\u00edlico:<\/h2>\n\n\n\n<figure class=\"wp-block-table\"><table class=\"has-fixed-layout\"><tbody><tr><td>Apar\u00eancia:<\/td><td>L\u00edquido transparente<\/td><\/tr><tr><td>Ionicidade:<\/td><td>N\u00e3o i\u00f4nico<\/td><\/tr><tr><td>Valor do pH:<\/td><td>5,0~7,0 (solu\u00e7\u00e3o aquosa de 1%)<\/td><\/tr><tr><td>Solubilidade:<\/td><td>Sol\u00favel em \u00e1gua<\/td><\/tr><\/tbody><\/table><\/figure>\n\n\n\n<h2 class=\"wp-block-heading\">Instru\u00e7\u00f5es de uso do \u00f3leo de silicone hidrof\u00edlico\uff1a<\/h2>\n\n\n\n<p>1) \u00c9 um produto de alta concentra\u00e7\u00e3o. Sugerimos que o dilua em 1:3 com \u00e1gua deionizada e depois use.<\/p>\n\n\n\n<ol class=\"wp-block-list\">\n<li><\/li>\n<\/ol>\n\n\n\n<p>2. processo de preenchimento:<\/p>\n\n\n\n<p>Para tecidos leves e finos, dosagem de refer\u00eancia do 76702 dilu\u00eddo: 10~20 g\/L<\/p>\n\n\n\n<p>Para tecidos pesados e grossos, dosagem de refer\u00eancia do 76702 dilu\u00eddo: 20~30 g\/L<\/p>\n\n\n\n<p>A melhor faixa de pH da solu\u00e7\u00e3o de trabalho: 6.0~7.0<\/p>\n\n\n\n<p>Acolchoamento e imers\u00e3o (Coleta: 70~90%) \u2192 140~160\u2103\u00d760~90 segundos<\/p>\n\n\n\n<p>3.Processo de exaust\u00e3o:<\/p>\n\n\n\n<p>Dosagem de refer\u00eancia do 76702 dilu\u00eddo: 1,0~3,0% (o.w.f)<\/p>\n\n\n\n<p>Propor\u00e7\u00e3o de banho: 1:10<\/p>\n\n\n\n<p>Processo: 40~50\u2103\u00d710~20 minutos \u2192 Desidrata\u00e7\u00e3o \u2192 Secagem (80~120\u2103)<\/p>","protected":false},"excerpt":{"rendered":"<p>O Silicone Softener 76702 \u00e9 o mais recente agente de acabamento de silicone hidrof\u00edlico modificado linear especial, que pode ser aplicado no processo de acabamento hidrof\u00edlico e macio para tecidos de algod\u00e3o, fibras artificiais, fibras de viscose, fibras sint\u00e9ticas (poli\u00e9ster e n\u00e1ilon) e suas misturas, etc., o que torna os tecidos macios, suaves, fofos e volumosos. Entre em contato conosco para obter amostras gr\u00e1tis ou orienta\u00e7\u00e3o especializada sobre f\u00f3rmulas!<\/p>\n<p><strong>Modelo n\u00ba 76702<\/strong><\/p>","protected":false},"featured_media":3541,"comment_status":"closed","ping_status":"closed","template":"","meta":{"_acf_changed":false},"material":[26,27,28,30,34],"process":[23,42,24],"product_brand":[],"product_cat":[15],"product_tag":[48],"class_list":{"0":"post-3539","1":"product","2":"type-product","3":"status-publish","4":"has-post-thumbnail","6":"material-cotton-agent","7":"material-polyester-chemicals","8":"material-nylon-agent","9":"material-viscose-chemicals","10":"material-fabric-chemicals","11":"process-textile-finishing-chemicals","12":"process-softener","13":"process-silicone-oil","14":"product_cat-uncategorized","15":"product_tag-new-textile-chemicals","17":"first","18":"instock","19":"shipping-taxable","20":"product-type-simple"},"acf":[],"_links":{"self":[{"href":"https:\/\/www.bluelakechem.com\/pt\/wp-json\/wp\/v2\/product\/3539","targetHints":{"allow":["GET"]}}],"collection":[{"href":"https:\/\/www.bluelakechem.com\/pt\/wp-json\/wp\/v2\/product"}],"about":[{"href":"https:\/\/www.bluelakechem.com\/pt\/wp-json\/wp\/v2\/types\/product"}],"replies":[{"embeddable":true,"href":"https:\/\/www.bluelakechem.com\/pt\/wp-json\/wp\/v2\/comments?post=3539"}],"wp:featuredmedia":[{"embeddable":true,"href":"https:\/\/www.bluelakechem.com\/pt\/wp-json\/wp\/v2\/media\/3541"}],"wp:attachment":[{"href":"https:\/\/www.bluelakechem.com\/pt\/wp-json\/wp\/v2\/media?parent=3539"}],"wp:term":[{"taxonomy":"material","embeddable":true,"href":"https:\/\/www.bluelakechem.com\/pt\/wp-json\/wp\/v2\/material?post=3539"},{"taxonomy":"process","embeddable":true,"href":"https:\/\/www.bluelakechem.com\/pt\/wp-json\/wp\/v2\/process?post=3539"},{"taxonomy":"product_brand","embeddable":true,"href":"https:\/\/www.bluelakechem.com\/pt\/wp-json\/wp\/v2\/product_brand?post=3539"},{"taxonomy":"product_cat","embeddable":true,"href":"https:\/\/www.bluelakechem.com\/pt\/wp-json\/wp\/v2\/product_cat?post=3539"},{"taxonomy":"product_tag","embeddable":true,"href":"https:\/\/www.bluelakechem.com\/pt\/wp-json\/wp\/v2\/product_tag?post=3539"}],"curies":[{"name":"wp","href":"https:\/\/api.w.org\/{rel}","templated":true}]}}