{"id":3542,"date":"2026-01-19T05:31:09","date_gmt":"2026-01-19T05:31:09","guid":{"rendered":"https:\/\/www.bluelakechem.com\/?post_type=product&#038;p=3542"},"modified":"2026-01-19T05:31:14","modified_gmt":"2026-01-19T05:31:14","slug":"hydrophobic-silicone-softeners-block-silicone-emulsion-for-cotton-viscose-which-makes-fabrics-soft-and-smooth","status":"publish","type":"product","link":"https:\/\/www.bluelakechem.com\/pt\/product\/hydrophobic-silicone-softeners-block-silicone-emulsion-for-cotton-viscose-which-makes-fabrics-soft-and-smooth\/","title":{"rendered":"Amaciantes de silicone hidrof\u00f3bicos Bloqueiam a emuls\u00e3o de silicone para algod\u00e3o e viscose, o que torna os tecidos macios e suaves"},"content":{"rendered":"<h2 class=\"wp-block-heading\">Amaciantes de silicone Caracter\u00edsticas:<\/h2>\n\n\n\n<ol class=\"wp-block-list\">\n<li>N\u00e3o cont\u00e9m APEO ou subst\u00e2ncias qu\u00edmicas proibidas. Atende aos requisitos de prote\u00e7\u00e3o ambiental. Est\u00e1 em conformidade com o padr\u00e3o da Uni\u00e3o Europeia Otex-100.<\/li>\n\n\n\n<li>Boa hidrofilicidade em algod\u00e3o e misturas de algod\u00e3o. N\u00e3o influencia a hidrofilicidade em fibras qu\u00edmicas.<\/li>\n\n\n\n<li>Proporciona tecidos macios, suaves, requintados e com um toque de seda.<\/li>\n\n\n\n<li>Pouco amarelamento e pouca mudan\u00e7a de tonalidade.<\/li>\n\n\n\n<li>Propriedade auto-emulsificante, que pode garantir a estabilidade do banho. Pode ser usado junto com auxiliares especiais (como agente clareador e tinta) no mesmo banho.<\/li>\n\n\n\n<li>Alta estabilidade. Mant\u00e9m excelente estabilidade sob diferentes valores de pH e temperatura.<\/li>\n\n\n\n<li>Tem boa afinidade com v\u00e1rios tipos de tecidos.<\/li>\n\n\n\n<li>Adequado para processos de enchimento e exaust\u00e3o.<\/li>\n\n\n\n<li>Se o tecido acabado precisar modificar o tingimento, \u00e9 f\u00e1cil remover o silicone. F\u00e1cil de reparar a cor. F\u00e1cil de tingir novamente.<\/li>\n<\/ol>\n\n\n\n<h2 class=\"wp-block-heading\">Amaciantes de silicone Aplica\u00e7\u00f5es:<\/h2>\n\n\n\n<p>Pode ser aplicado no processo de acabamento hidrof\u00edlico e macio para tecidos de algod\u00e3o, misturas de algod\u00e3o, fibra sint\u00e9tica, fibra de viscose e algod\u00e3o\/poli\u00e9ster, etc., o que torna os tecidos macios e suaves.<\/p>\n\n\n\n<p>Ele \u00e9 especialmente adequado para o acabamento ultramacio e suave de tecidos de fibras naturais, o que torna os tecidos macios, suaves, requintados e parecidos com seda.<\/p>\n\n\n\n<h2 class=\"wp-block-heading\">Propriedades dos amaciantes de silicone:<\/h2>\n\n\n\n<figure class=\"wp-block-table\"><table class=\"has-fixed-layout\"><tbody><tr><td>Apar\u00eancia:<\/td><td>L\u00edquido transparente amarelo claro<\/td><\/tr><tr><td>Ionicidade:<\/td><td>Cati\u00f4nico fraco<\/td><\/tr><tr><td>Valor do pH:<\/td><td>5,0~7,0 (solu\u00e7\u00e3o aquosa de 1%)<\/td><\/tr><tr><td>Solubilidade:<\/td><td>Sol\u00favel em \u00e1gua<\/td><\/tr><\/tbody><\/table><\/figure>\n\n\n\n<h2 class=\"wp-block-heading\">Instru\u00e7\u00f5es para amaciantes de silicone:<\/h2>\n\n\n\n<p>1. processo de preenchimento:<\/p>\n\n\n\n<ol class=\"wp-block-list\">\n<li><\/li>\n<\/ol>\n\n\n\n<p>Para tecidos leves e finos, dosagem de refer\u00eancia: 10~20 g\/L<\/p>\n\n\n\n<p>Para tecidos pesados e grossos, dosagem de refer\u00eancia: 20~30 g\/L<\/p>\n\n\n\n<p>A melhor faixa de pH da solu\u00e7\u00e3o de trabalho: 6.0~7.0<\/p>\n\n\n\n<p>Acolchoamento e imers\u00e3o (Coleta: 70~90%) \u2192 160~170\u2103\u00d760~90 segundos<\/p>\n\n\n\n<p>2.Processo de exaust\u00e3o:<\/p>\n\n\n\n<p>Dosagem de refer\u00eancia: 1,0~2,0% (o.w.f)<\/p>\n\n\n\n<p>Propor\u00e7\u00e3o de banho: 1:20<\/p>\n\n\n\n<p>Processo: 40~50\u2103\u00d710~20 minutos \u2192 Desidrata\u00e7\u00e3o \u2192 Secagem (100~120\u2103)<\/p>\n\n\n\n<p><\/p>","protected":false},"excerpt":{"rendered":"<p>O Silicone Softener 76998 \u00e9 a mais recente microemuls\u00e3o de silicone hidrof\u00edlico modificado em bloco, que pode ser aplicado no processo de acabamento hidrof\u00edlico e macio para tecidos de algod\u00e3o, misturas de algod\u00e3o, fibra sint\u00e9tica, fibra de viscose e algod\u00e3o\/poli\u00e9ster, etc., o que torna os tecidos macios e suaves. \u00c9 especialmente adequado para o acabamento ultramacio e suave de tecidos de fibras naturais, o que torna os tecidos macios, suaves, requintados e parecidos com seda. Amostras gr\u00e1tis e suporte \u00e0 formula\u00e7\u00e3o est\u00e3o dispon\u00edveis. Entre em contato conosco hoje mesmo!<\/p>\n<p><strong>Modelo n\u00ba.<\/strong>76998<\/p>\n<p>&nbsp;<\/p>","protected":false},"featured_media":3543,"comment_status":"closed","ping_status":"closed","template":"","meta":{"_acf_changed":false},"material":[26,27,30],"process":[23,42,24],"product_brand":[],"product_cat":[15],"product_tag":[],"class_list":{"0":"post-3542","1":"product","2":"type-product","3":"status-publish","4":"has-post-thumbnail","6":"material-cotton-agent","7":"material-polyester-chemicals","8":"material-viscose-chemicals","9":"process-textile-finishing-chemicals","10":"process-softener","11":"process-silicone-oil","12":"product_cat-uncategorized","14":"first","15":"instock","16":"shipping-taxable","17":"product-type-simple"},"acf":[],"_links":{"self":[{"href":"https:\/\/www.bluelakechem.com\/pt\/wp-json\/wp\/v2\/product\/3542","targetHints":{"allow":["GET"]}}],"collection":[{"href":"https:\/\/www.bluelakechem.com\/pt\/wp-json\/wp\/v2\/product"}],"about":[{"href":"https:\/\/www.bluelakechem.com\/pt\/wp-json\/wp\/v2\/types\/product"}],"replies":[{"embeddable":true,"href":"https:\/\/www.bluelakechem.com\/pt\/wp-json\/wp\/v2\/comments?post=3542"}],"wp:featuredmedia":[{"embeddable":true,"href":"https:\/\/www.bluelakechem.com\/pt\/wp-json\/wp\/v2\/media\/3543"}],"wp:attachment":[{"href":"https:\/\/www.bluelakechem.com\/pt\/wp-json\/wp\/v2\/media?parent=3542"}],"wp:term":[{"taxonomy":"material","embeddable":true,"href":"https:\/\/www.bluelakechem.com\/pt\/wp-json\/wp\/v2\/material?post=3542"},{"taxonomy":"process","embeddable":true,"href":"https:\/\/www.bluelakechem.com\/pt\/wp-json\/wp\/v2\/process?post=3542"},{"taxonomy":"product_brand","embeddable":true,"href":"https:\/\/www.bluelakechem.com\/pt\/wp-json\/wp\/v2\/product_brand?post=3542"},{"taxonomy":"product_cat","embeddable":true,"href":"https:\/\/www.bluelakechem.com\/pt\/wp-json\/wp\/v2\/product_cat?post=3542"},{"taxonomy":"product_tag","embeddable":true,"href":"https:\/\/www.bluelakechem.com\/pt\/wp-json\/wp\/v2\/product_tag?post=3542"}],"curies":[{"name":"wp","href":"https:\/\/api.w.org\/{rel}","templated":true}]}}