{"id":3649,"date":"2026-01-19T07:11:42","date_gmt":"2026-01-19T07:11:42","guid":{"rendered":"https:\/\/www.bluelakechem.com\/?post_type=product&#038;p=3649"},"modified":"2026-01-19T07:11:51","modified_gmt":"2026-01-19T07:11:51","slug":"silicone-based-softener-for-cotton-smooth-hand-feel-and-enhanced-finishing-performance","status":"publish","type":"product","link":"https:\/\/www.bluelakechem.com\/pt\/product\/silicone-based-softener-for-cotton-smooth-hand-feel-and-enhanced-finishing-performance\/","title":{"rendered":"Amaciante \u00e0 base de silicone para algod\u00e3o - sensa\u00e7\u00e3o suave nas m\u00e3os e desempenho aprimorado de acabamento"},"content":{"rendered":"<div class=\"wp-block-columns is-layout-flex wp-container-core-columns-is-layout-9d6595d7 wp-block-columns-is-layout-flex\">\n<div class=\"wp-block-column is-layout-flow wp-block-column-is-layout-flow\">\n<figure class=\"wp-block-image size-full\"><img decoding=\"async\" width=\"1024\" height=\"1536\" src=\"https:\/\/www.bluelakechem.com\/wp-content\/uploads\/2026\/01\/Cotton-Softening-Smoothing-Silicone-oil.webp\" alt=\"\u00d3leo de silicone para amaciar e suavizar o algod\u00e3o\" class=\"wp-image-3650\" srcset=\"https:\/\/www.bluelakechem.com\/wp-content\/uploads\/2026\/01\/Cotton-Softening-Smoothing-Silicone-oil.webp 1024w, https:\/\/www.bluelakechem.com\/wp-content\/uploads\/2026\/01\/Cotton-Softening-Smoothing-Silicone-oil-200x300.webp 200w, https:\/\/www.bluelakechem.com\/wp-content\/uploads\/2026\/01\/Cotton-Softening-Smoothing-Silicone-oil-768x1152.webp 768w, https:\/\/www.bluelakechem.com\/wp-content\/uploads\/2026\/01\/Cotton-Softening-Smoothing-Silicone-oil-8x12.webp 8w, https:\/\/www.bluelakechem.com\/wp-content\/uploads\/2026\/01\/Cotton-Softening-Smoothing-Silicone-oil-600x900.webp 600w\" sizes=\"(max-width: 1024px) 100vw, 1024px\" \/><\/figure>\n<\/div>\n\n\n\n<div class=\"wp-block-column is-layout-flow wp-block-column-is-layout-flow\">\n<figure class=\"wp-block-image size-full\"><img decoding=\"async\" width=\"1024\" height=\"1024\" src=\"https:\/\/www.bluelakechem.com\/wp-content\/uploads\/2026\/01\/Cotton-Softening-Smoothing-Silicone-oil-1.webp\" alt=\"\u00d3leo de silicone para amaciar e suavizar o algod\u00e3o\" class=\"wp-image-3651\" srcset=\"https:\/\/www.bluelakechem.com\/wp-content\/uploads\/2026\/01\/Cotton-Softening-Smoothing-Silicone-oil-1.webp 1024w, https:\/\/www.bluelakechem.com\/wp-content\/uploads\/2026\/01\/Cotton-Softening-Smoothing-Silicone-oil-1-300x300.webp 300w, https:\/\/www.bluelakechem.com\/wp-content\/uploads\/2026\/01\/Cotton-Softening-Smoothing-Silicone-oil-1-150x150.webp 150w, https:\/\/www.bluelakechem.com\/wp-content\/uploads\/2026\/01\/Cotton-Softening-Smoothing-Silicone-oil-1-768x768.webp 768w, https:\/\/www.bluelakechem.com\/wp-content\/uploads\/2026\/01\/Cotton-Softening-Smoothing-Silicone-oil-1-12x12.webp 12w, https:\/\/www.bluelakechem.com\/wp-content\/uploads\/2026\/01\/Cotton-Softening-Smoothing-Silicone-oil-1-600x600.webp 600w, https:\/\/www.bluelakechem.com\/wp-content\/uploads\/2026\/01\/Cotton-Softening-Smoothing-Silicone-oil-1-100x100.webp 100w\" sizes=\"(max-width: 1024px) 100vw, 1024px\" \/><\/figure>\n<\/div>\n\n\n\n<div class=\"wp-block-column is-layout-flow wp-block-column-is-layout-flow\">\n<figure class=\"wp-block-image size-full\"><img decoding=\"async\" width=\"1363\" height=\"1701\" src=\"https:\/\/www.bluelakechem.com\/wp-content\/uploads\/2026\/01\/Cotton-Softening-Smoothing-Silicone-oil-2.webp\" alt=\"\u00d3leo de silicone para amaciar e suavizar o algod\u00e3o\" class=\"wp-image-3652\" srcset=\"https:\/\/www.bluelakechem.com\/wp-content\/uploads\/2026\/01\/Cotton-Softening-Smoothing-Silicone-oil-2.webp 1363w, https:\/\/www.bluelakechem.com\/wp-content\/uploads\/2026\/01\/Cotton-Softening-Smoothing-Silicone-oil-2-240x300.webp 240w, https:\/\/www.bluelakechem.com\/wp-content\/uploads\/2026\/01\/Cotton-Softening-Smoothing-Silicone-oil-2-768x958.webp 768w, https:\/\/www.bluelakechem.com\/wp-content\/uploads\/2026\/01\/Cotton-Softening-Smoothing-Silicone-oil-2-10x12.webp 10w, https:\/\/www.bluelakechem.com\/wp-content\/uploads\/2026\/01\/Cotton-Softening-Smoothing-Silicone-oil-2-1200x1498.webp 1200w, https:\/\/www.bluelakechem.com\/wp-content\/uploads\/2026\/01\/Cotton-Softening-Smoothing-Silicone-oil-2-600x749.webp 600w\" sizes=\"(max-width: 1363px) 100vw, 1363px\" \/><\/figure>\n<\/div>\n<\/div>\n\n\n\n<div class=\"wp-block-columns is-layout-flex wp-container-core-columns-is-layout-9d6595d7 wp-block-columns-is-layout-flex\">\n<div class=\"wp-block-column is-layout-flow wp-block-column-is-layout-flow\">\n<h2 class=\"wp-block-heading\">Cotton Softening &amp; Smoothing Silicone oil Features<\/h2>\n\n\n\n<p><strong>Silky Softness for Cotton Utilizing <\/strong><\/p>\n\n\n\n<p>linear block copolymer technology to impart a delicate, smooth, and supple hand-feel to cotton fabrics.<\/p>\n\n\n\n<p><strong>Cost Optimization Recommended dilution<\/strong><\/p>\n\n\n\n<p>1 ton of silicone concentrate to approximately 3.5 tons of finished emulsion, helping to optimize integrated freight and warehousing costs.<\/p>\n\n\n\n<p><strong>Technical Guidance &amp; Processing Stability Full<\/strong>\u00a0<\/p>\n\n\n\n<p>dilution support for reliable operation and superior stability. Compatible with high-shear emulsifying equipment to form stable transparent micro-emulsions or macro-emulsions; designed to produce high-stability block silicone emulsions while addressing traditional issues such as oil floating and poor dispersibility.<\/p>\n\n\n\n<p><strong>Eco-friendly &amp; Compliant <\/strong><\/p>\n\n\n\n<p>SVHC &amp; Banned Chemicals Free | OEKO-TEX\u00ae 100 &amp; ZDHC Compliant. Supporting high-end export growth.<\/p>\n\n\n\n<h2 class=\"wp-block-heading\">Cotton Softening &amp; Smoothing Silicone oil Instruction<\/h2>\n\n\n\n<p>72108 is a high-concentration, semi-self-emulsifying block copolymer raw oil, which cannot be directly applied to fibers or fabrics. Therefore, it should be emulsified before textile processing. It can be easily emulsified using conventional equipment and standard processes.<\/p>\n\n\n\n<h3 class=\"wp-block-heading\"><strong>1) Emulsification Formula (Recommended)<\/strong><\/h3>\n\n\n\n<figure class=\"wp-block-table\"><table class=\"has-fixed-layout\"><thead><tr><th>Component<\/th><th>Dosage (parts)<\/th><th>Remarks<\/th><\/tr><\/thead><tbody><tr><td>CX-72108<\/td><td>100<\/td><td>-<\/td><\/tr><tr><td>Emulsifier<\/td><td>5<\/td><td>Nonionic surfactant <strong>TO-5 (BASF recommended)<\/strong><\/td><\/tr><tr><td>Glacial acetic acid + Water 1<\/td><td>1 + 30<\/td><td>Dissolve 1 part glacial acetic acid in 50 parts deionized water<\/td><\/tr><tr><td>Water 2<\/td><td>214<\/td><td>-<\/td><\/tr><tr><td><strong>Total<\/strong><\/td><td><strong>350<\/strong><\/td><td>-<\/td><\/tr><\/tbody><\/table><\/figure>\n\n\n\n<h3 class=\"wp-block-heading\"><strong>2) Emulsification Process<\/strong><\/h3>\n\n\n\n<p>Stir 72108 and the emulsifier until uniform before use:<\/p>\n\n\n\n<ol class=\"wp-block-list\">\n<li>Add 72108 and emulsifier into a mixer and stir thoroughly for <strong>10 minutes<\/strong> until completely homogeneous;<\/li>\n\n\n\n<li>Slowly add the <strong>acetic acid + water 1<\/strong> mixture and continue stirring for <strong>10 minutes<\/strong> until uniform;<\/li>\n\n\n\n<li>Add approximately <strong>1\/5 of Water 2<\/strong>, stir for <strong>5 minutes<\/strong>;<\/li>\n\n\n\n<li>Add another <strong>1\/5 of Water 2<\/strong>, stir for <strong>5 minutes<\/strong>;<\/li>\n\n\n\n<li>Add the remaining <strong>Water 2<\/strong>, stir for <strong>5 minutes<\/strong>;<\/li>\n\n\n\n<li>Allow to stand for defoaming, filter and discharge;<\/li>\n\n\n\n<li>Check the pH of the prepared solution (<strong>pH = 4.0\u20136.0<\/strong>). A clear micro-emulsion should be obtained.<\/li>\n<\/ol>\n\n\n\n<h3 class=\"wp-block-heading\"><strong>3) Softening Application Process<\/strong><\/h3>\n\n\n\n<h4 class=\"wp-block-heading\"><strong>Padding method (recommended)<\/strong><\/h4>\n\n\n\n<ul class=\"wp-block-list\">\n<li><strong>Dosagem:<\/strong>\n<ul class=\"wp-block-list\">\n<li>Light-weight fabrics: <strong>20\u201340 g\/L<\/strong><\/li>\n\n\n\n<li>Heavy-weight fabrics: <strong>40\u201360 g\/L<\/strong><\/li>\n<\/ul>\n<\/li>\n\n\n\n<li><strong>Working bath pH:<\/strong> <strong>6.0\u20137.0 (optimal range)<\/strong><\/li>\n\n\n\n<li><strong>Setting conditions:<\/strong>\n<ul class=\"wp-block-list\">\n<li>One dip\u2013one nip (pickup <strong>70\u201390%<\/strong>)<\/li>\n\n\n\n<li><strong>160\u2013170\u00b0C for 60\u201390 seconds<\/strong><\/li>\n<\/ul>\n<\/li>\n<\/ul>\n\n\n\n<h4 class=\"wp-block-heading\"><strong>Exhaust (immersion) method<\/strong><\/h4>\n\n\n\n<ul class=\"wp-block-list\">\n<li><strong>Dosagem:<\/strong> <strong>1.0\u20133.0% (o.w.f.)<\/strong><\/li>\n\n\n\n<li><strong>Liquor ratio:<\/strong> <strong>1:20<\/strong><\/li>\n\n\n\n<li><strong>Processo:<\/strong>\n<ul class=\"wp-block-list\">\n<li><strong>40\u201350\u00b0C for 10\u201320 min<\/strong>,<\/li>\n\n\n\n<li>Hydro-extraction,<\/li>\n\n\n\n<li>Drying at <strong>100\u2013120\u00b0C<\/strong>.<\/li>\n<\/ul>\n<\/li>\n<\/ul>\n\n\n\n<h2 class=\"wp-block-heading\">Cotton Softening &amp; Smoothing Silicone oil Properties<\/h2>\n\n\n\n<figure class=\"wp-block-table\"><table class=\"has-fixed-layout\"><tbody><tr><td class=\"has-text-align-center\" data-align=\"center\">Characteristics \/ Properties<\/td><td class=\"has-text-align-center\" data-align=\"center\">Specification \/ Value<\/td><\/tr><tr><td class=\"has-text-align-center\" data-align=\"center\">Main Composition<\/td><td class=\"has-text-align-center\" data-align=\"center\">Linear multi-block polysiloxane copolymer<\/td><\/tr><tr><td class=\"has-text-align-center\" data-align=\"center\">Appearance (visual)<\/td><td class=\"has-text-align-center\" data-align=\"center\">L\u00edquido transparente incolor a amarelo claro<\/td><\/tr><tr><td class=\"has-text-align-center\" data-align=\"center\">pH value (at room temperature, test paper method)<\/td><td class=\"has-text-align-center\" data-align=\"center\">6.0~8.0<\/td><\/tr><tr><td class=\"has-text-align-center\" data-align=\"center\">Viscosity (25\u00b0C, mPa\u00b7s)<\/td><td class=\"has-text-align-center\" data-align=\"center\">500~1000<\/td><\/tr><tr><td class=\"has-text-align-center\" data-align=\"center\">Ionic nature<\/td><td class=\"has-text-align-center\" data-align=\"center\">Cati\u00f4nico fraco<\/td><\/tr><\/tbody><\/table><\/figure>\n<\/div>\n<\/div>","protected":false},"excerpt":{"rendered":"<p><strong>Cotton Softening &amp; Smoothing Silicone oil 72108<\/strong> \u00e9 um amaciante t\u00eaxtil inovador que proporciona excelente maciez e toque suave \u00e0 m\u00e3o na maioria dos tecidos. Baseado em uma nova plataforma de copol\u00edmero de bloco linear, ele \u00e9 copolimerizado a partir de polissiloxano, poli\u00e9ter e poliamina. O produto pode penetrar uniformemente no interior das fibras e agir em cada fibra individualmente, melhorando, assim, o desempenho geral do acabamento do tecido. Entre em contato conosco para obter amostras gr\u00e1tis ou orienta\u00e7\u00e3o especializada sobre f\u00f3rmulas!<\/p>\n<p><strong>Modelo n\u00ba 72108<\/strong><\/p>","protected":false},"featured_media":3653,"comment_status":"closed","ping_status":"closed","template":"","meta":{"_acf_changed":false},"material":[26],"process":[23,42,24],"product_brand":[],"product_cat":[15],"product_tag":[48],"class_list":{"0":"post-3649","1":"product","2":"type-product","3":"status-publish","4":"has-post-thumbnail","6":"material-cotton-agent","7":"process-textile-finishing-chemicals","8":"process-softener","9":"process-silicone-oil","10":"product_cat-uncategorized","11":"product_tag-new-textile-chemicals","13":"first","14":"instock","15":"shipping-taxable","16":"product-type-simple"},"acf":[],"_links":{"self":[{"href":"https:\/\/www.bluelakechem.com\/pt\/wp-json\/wp\/v2\/product\/3649","targetHints":{"allow":["GET"]}}],"collection":[{"href":"https:\/\/www.bluelakechem.com\/pt\/wp-json\/wp\/v2\/product"}],"about":[{"href":"https:\/\/www.bluelakechem.com\/pt\/wp-json\/wp\/v2\/types\/product"}],"replies":[{"embeddable":true,"href":"https:\/\/www.bluelakechem.com\/pt\/wp-json\/wp\/v2\/comments?post=3649"}],"wp:featuredmedia":[{"embeddable":true,"href":"https:\/\/www.bluelakechem.com\/pt\/wp-json\/wp\/v2\/media\/3653"}],"wp:attachment":[{"href":"https:\/\/www.bluelakechem.com\/pt\/wp-json\/wp\/v2\/media?parent=3649"}],"wp:term":[{"taxonomy":"material","embeddable":true,"href":"https:\/\/www.bluelakechem.com\/pt\/wp-json\/wp\/v2\/material?post=3649"},{"taxonomy":"process","embeddable":true,"href":"https:\/\/www.bluelakechem.com\/pt\/wp-json\/wp\/v2\/process?post=3649"},{"taxonomy":"product_brand","embeddable":true,"href":"https:\/\/www.bluelakechem.com\/pt\/wp-json\/wp\/v2\/product_brand?post=3649"},{"taxonomy":"product_cat","embeddable":true,"href":"https:\/\/www.bluelakechem.com\/pt\/wp-json\/wp\/v2\/product_cat?post=3649"},{"taxonomy":"product_tag","embeddable":true,"href":"https:\/\/www.bluelakechem.com\/pt\/wp-json\/wp\/v2\/product_tag?post=3649"}],"curies":[{"name":"wp","href":"https:\/\/api.w.org\/{rel}","templated":true}]}}