{"id":403,"date":"2024-11-27T12:33:48","date_gmt":"2024-11-27T12:33:48","guid":{"rendered":"https:\/\/www.bluelakechem.com\/?post_type=product&#038;p=403"},"modified":"2025-11-04T09:17:11","modified_gmt":"2025-11-04T09:17:11","slug":"wetting-agent-in-textile","status":"publish","type":"product","link":"https:\/\/www.bluelakechem.com\/pt\/product\/wetting-agent-in-textile\/","title":{"rendered":"Agente umectante n\u00e3o i\u00f4nico de baixa forma\u00e7\u00e3o de espuma em t\u00eaxteis para tecidos de algod\u00e3o e poli\u00e9ster"},"content":{"rendered":"<div class=\"wp-block-columns is-layout-flex wp-container-core-columns-is-layout-9d6595d7 wp-block-columns-is-layout-flex\">\n<div class=\"wp-block-column is-layout-flow wp-block-column-is-layout-flow\" style=\"flex-basis:50%\">\n<h2 class=\"wp-block-heading\">Caracter\u00edsticas do agente umectante em t\u00eaxteis:<\/h2>\n\n\n\n<p><strong>Alta concentra\u00e7\u00e3o, baixa forma\u00e7\u00e3o de espuma:<\/strong> Apenas uma dosagem muito pequena \u00e9 necess\u00e1ria para penetrar efetivamente em v\u00e1rios processos t\u00eaxteis, garantindo um desempenho ideal com baixa gera\u00e7\u00e3o de espuma.<\/p>\n\n\n\n<p><strong>R\u00e1pida penetra\u00e7\u00e3o e forte umecta\u00e7\u00e3o: <\/strong>Penetra rapidamente entre as fibras para um tratamento profundo e uniforme.<\/p>\n\n\n\n<p><strong>Maior uniformidade de tingimento: <\/strong>Adequado para processos de impress\u00e3o e tingimento, reduzindo diferen\u00e7as de cor, estrias ou manchas e proporcionando excelente penetra\u00e7\u00e3o e uniformidade de cor.<\/p>\n\n\n\n<p><strong>Aplica\u00e7\u00e3o vers\u00e1til:<\/strong> Ideal para processos de pr\u00e9-tratamento, tingimento e acabamento de t\u00eaxteis que exigem umecta\u00e7\u00e3o uniforme e resultados est\u00e1veis.<\/p>\n\n\n\n<p><strong>Excelente compatibilidade:<\/strong> Perfeitamente compat\u00edvel com agentes de refino, agentes saponificantes e amaciantes no mesmo banho de corante.<\/p>\n\n\n\n<p><strong>Ecologicamente correto e biodegrad\u00e1vel: <\/strong>Atende aos padr\u00f5es OEKO-TEX\u00ae, ZDHC e REACH.<\/p>\n\n\n\n<h2 class=\"wp-block-heading\">Especifica\u00e7\u00f5es t\u00e9cnicas<\/h2>\n\n\n\n<figure class=\"wp-block-table\"><table class=\"has-fixed-layout\"><thead><tr><th>Propriedade<\/th><th>Especifica\u00e7\u00e3o<\/th><\/tr><\/thead><tbody><tr><td>Apar\u00eancia<\/td><td>L\u00edquido incolor e transparente<\/td><\/tr><tr><td>Ionicidade<\/td><td>N\u00e3o i\u00f4nico<\/td><\/tr><tr><td>pH (solu\u00e7\u00e3o aq. 1%)<\/td><td>~7.0<\/td><\/tr><tr><td>Solubilidade<\/td><td>Facilmente sol\u00favel em \u00e1gua<\/td><\/tr><\/tbody><\/table><\/figure>\n\n\n\n<h2 class=\"wp-block-heading\">Dosagem recomendada<\/h2>\n\n\n\n<ul class=\"wp-block-list\">\n<li><strong>Tingimento por imers\u00e3o:<\/strong> 1-3 g\/L (ap\u00f3s dilui\u00e7\u00e3o)<\/li>\n\n\n\n<li><strong>Tingimento de almofadas:<\/strong> 1-3 g\/L (ap\u00f3s dilui\u00e7\u00e3o)<\/li>\n\n\n\n<li>Propor\u00e7\u00e3o de dilui\u00e7\u00e3o antes do uso: 1:3 a 1:5<\/li>\n<\/ul>\n\n\n\n<p>Adequado para processos de tingimento e acabamento cont\u00ednuos ou intermitentes, garantindo um umedecimento r\u00e1pido (em 1 segundo) e desempenho est\u00e1vel.<\/p>\n<\/div>\n\n\n\n<div class=\"wp-block-column is-layout-flow wp-block-column-is-layout-flow\" style=\"flex-basis:50%\">\n<figure class=\"wp-block-embed is-type-video is-provider-youtube wp-block-embed-youtube wp-embed-aspect-9-16 wp-has-aspect-ratio\"><div class=\"wp-block-embed__wrapper\">\n<iframe title=\"#textilechemicals Obten\u00e7\u00e3o de penetra\u00e7\u00e3o 1S: uma nova op\u00e7\u00e3o eficiente para f\u00e1bricas de tingimento\" width=\"422\" height=\"750\" src=\"https:\/\/www.youtube.com\/embed\/rCR1idaUyKA?feature=oembed\" frameborder=\"0\" allow=\"accelerometer; autoplay; clipboard-write; encrypted-media; gyroscope; picture-in-picture; web-share\" referrerpolicy=\"strict-origin-when-cross-origin\" allowfullscreen><\/iframe>\n<\/div><\/figure>\n<\/div>\n<\/div>\n\n\n\n<div class=\"wp-block-columns is-layout-flex wp-container-core-columns-is-layout-9d6595d7 wp-block-columns-is-layout-flex\">\n<div class=\"wp-block-column is-vertically-aligned-center is-layout-flow wp-block-column-is-layout-flow\"><\/div>\n<\/div>","protected":false},"excerpt":{"rendered":"<p>Agente umectante de alta concentra\u00e7\u00e3o e baixa forma\u00e7\u00e3o de espuma, uma pequena dosagem pode ter um bom efeito umectante em cada processo t\u00eaxtil sem forma\u00e7\u00e3o de espuma, ajudando at\u00e9 mesmo a inibir a forma\u00e7\u00e3o de espuma de outros produtos qu\u00edmicos, e pode ser usado como um agente umectante de alta efici\u00eancia no processo de impress\u00e3o e tingimento.<br \/><b>Modelo n\u00ba. <\/b>11026<\/p>","protected":false},"featured_media":1439,"comment_status":"closed","ping_status":"closed","template":"","meta":{"_acf_changed":false},"material":[26,27,28,29,30,31,32,33,34],"process":[17,18],"product_brand":[],"product_cat":[15],"product_tag":[],"class_list":{"0":"post-403","1":"product","2":"type-product","3":"status-publish","4":"has-post-thumbnail","6":"material-cotton-agent","7":"material-polyester-chemicals","8":"material-nylon-agent","9":"material-acrylic-chemicals","10":"material-viscose-chemicals","11":"material-wool-auxiliary","12":"material-linen-chemicals","13":"material-silk-chemicals","14":"material-fabric-chemicals","15":"process-pretreatment-auxiliaries","16":"process-textile-wetting-agent","17":"product_cat-uncategorized","19":"first","20":"instock","21":"shipping-taxable","22":"product-type-simple"},"acf":[],"_links":{"self":[{"href":"https:\/\/www.bluelakechem.com\/pt\/wp-json\/wp\/v2\/product\/403","targetHints":{"allow":["GET"]}}],"collection":[{"href":"https:\/\/www.bluelakechem.com\/pt\/wp-json\/wp\/v2\/product"}],"about":[{"href":"https:\/\/www.bluelakechem.com\/pt\/wp-json\/wp\/v2\/types\/product"}],"replies":[{"embeddable":true,"href":"https:\/\/www.bluelakechem.com\/pt\/wp-json\/wp\/v2\/comments?post=403"}],"wp:featuredmedia":[{"embeddable":true,"href":"https:\/\/www.bluelakechem.com\/pt\/wp-json\/wp\/v2\/media\/1439"}],"wp:attachment":[{"href":"https:\/\/www.bluelakechem.com\/pt\/wp-json\/wp\/v2\/media?parent=403"}],"wp:term":[{"taxonomy":"material","embeddable":true,"href":"https:\/\/www.bluelakechem.com\/pt\/wp-json\/wp\/v2\/material?post=403"},{"taxonomy":"process","embeddable":true,"href":"https:\/\/www.bluelakechem.com\/pt\/wp-json\/wp\/v2\/process?post=403"},{"taxonomy":"product_brand","embeddable":true,"href":"https:\/\/www.bluelakechem.com\/pt\/wp-json\/wp\/v2\/product_brand?post=403"},{"taxonomy":"product_cat","embeddable":true,"href":"https:\/\/www.bluelakechem.com\/pt\/wp-json\/wp\/v2\/product_cat?post=403"},{"taxonomy":"product_tag","embeddable":true,"href":"https:\/\/www.bluelakechem.com\/pt\/wp-json\/wp\/v2\/product_tag?post=403"}],"curies":[{"name":"wp","href":"https:\/\/api.w.org\/{rel}","templated":true}]}}