{"id":508,"date":"2024-11-28T06:38:41","date_gmt":"2024-11-28T06:38:41","guid":{"rendered":"https:\/\/www.bluelakechem.com\/?post_type=product&#038;p=508"},"modified":"2025-01-17T12:16:17","modified_gmt":"2025-01-17T12:16:17","slug":"degreasing-agent","status":"publish","type":"product","link":"https:\/\/www.bluelakechem.com\/pt\/product\/degreasing-agent\/","title":{"rendered":"Agente desengordurante com baixa forma\u00e7\u00e3o de espuma Agente de limpeza para tecidos de algod\u00e3o e poli\u00e9ster"},"content":{"rendered":"<div class=\"wp-block-columns is-layout-flex wp-container-core-columns-is-layout-9d6595d7 wp-block-columns-is-layout-flex\">\n<div class=\"wp-block-column is-layout-flow wp-block-column-is-layout-flow\" style=\"flex-basis:50%\">\n<h2 class=\"wp-block-heading\">Agente desengordurante Caracter\u00edsticas:<\/h2>\n\n\n\n<p><strong>Baixa forma\u00e7\u00e3o de espuma: <\/strong>Reduz efetivamente a gera\u00e7\u00e3o de espuma, garantindo um processamento suave e um controle mais f\u00e1cil durante o processo de desengorduramento.<\/p>\n\n\n\n<p><strong>Limpeza e desengorduramento aprimorados:<\/strong> Promove o efeito de limpeza nas fibras de celulose e o efeito desengordurante nas fibras sint\u00e9ticas, melhorando a limpeza do tecido.<\/p>\n\n\n\n<p><strong>Brancura e efeito capilar:<\/strong> Aumenta a brancura e a a\u00e7\u00e3o capilar de fios e tecidos, melhorando a qualidade do tecido.<\/p>\n\n\n\n<p><strong>Altamente eficiente: <\/strong>Especialmente adequado para o pr\u00e9-tratamento de tecidos mistos de poli\u00e9ster\/algod\u00e3o, garantindo desempenho superior com dosagem m\u00ednima.<\/p>\n<\/div>\n\n\n\n<div class=\"wp-block-column is-layout-flow wp-block-column-is-layout-flow\" style=\"flex-basis:50%\">\n<figure class=\"wp-block-embed is-type-video is-provider-youtube wp-block-embed-youtube wp-embed-aspect-16-9 wp-has-aspect-ratio\"><div class=\"wp-block-embed__wrapper\">\n<iframe title=\"\u3010Qu\u00edmica t\u00eaxtil\u3011 Agente de limpeza com baixa forma\u00e7\u00e3o de espuma Para obter desengorduramento\uff0811045\uff09\" width=\"500\" height=\"281\" src=\"https:\/\/www.youtube.com\/embed\/NNEN4oY_HsE?feature=oembed\" frameborder=\"0\" allow=\"accelerometer; autoplay; clipboard-write; encrypted-media; gyroscope; picture-in-picture; web-share\" referrerpolicy=\"strict-origin-when-cross-origin\" allowfullscreen><\/iframe>\n<\/div><\/figure>\n<\/div>\n<\/div>\n\n\n\n<div class=\"wp-block-columns is-layout-flex wp-container-core-columns-is-layout-9d6595d7 wp-block-columns-is-layout-flex\">\n<div class=\"wp-block-column is-layout-flow wp-block-column-is-layout-flow\">\n<figure class=\"wp-block-image size-full\"><img decoding=\"async\" width=\"800\" height=\"600\" src=\"https:\/\/www.bluelakechem.com\/wp-content\/uploads\/2024\/11\/degreasing-agent-1.webp\" alt=\"agente desengordurante\" class=\"wp-image-511\" srcset=\"https:\/\/www.bluelakechem.com\/wp-content\/uploads\/2024\/11\/degreasing-agent-1.webp 800w, https:\/\/www.bluelakechem.com\/wp-content\/uploads\/2024\/11\/degreasing-agent-1-300x225.webp 300w, https:\/\/www.bluelakechem.com\/wp-content\/uploads\/2024\/11\/degreasing-agent-1-768x576.webp 768w, https:\/\/www.bluelakechem.com\/wp-content\/uploads\/2024\/11\/degreasing-agent-1-600x450.webp 600w\" sizes=\"(max-width: 800px) 100vw, 800px\" \/><\/figure>\n<\/div>\n\n\n\n<div class=\"wp-block-column is-vertically-aligned-center is-layout-flow wp-block-column-is-layout-flow\">\n<h3 class=\"wp-block-heading\">Aplica\u00e7\u00f5es do agente desengordurante:<\/h3>\n\n\n\n<p><strong>Pr\u00e9-tratamento de t\u00eaxteis: <\/strong>Ideal para uso em processos de limpeza e desengorduramento, melhorando a prepara\u00e7\u00e3o de tecidos para tratamentos subsequentes de tingimento ou acabamento.<\/p>\n\n\n\n<p><strong>Misturas de poli\u00e9ster e algod\u00e3o:<\/strong> Perfeito para uso no pr\u00e9-tratamento de tecidos de poli\u00e9ster\/algod\u00e3o, garantindo materiais limpos, brilhantes e bem preparados.<\/p>\n\n\n\n<p><strong>Processamento de fios e tecidos: <\/strong>Aumenta o efeito de desengorduramento, melhorando o processamento geral e a apar\u00eancia dos fios e tecidos.<\/p>\n<\/div>\n<\/div>","protected":false},"excerpt":{"rendered":"<p>O agente desengordurante de baixa forma\u00e7\u00e3o de espuma, obviamente promove o efeito de limpeza nas fibras de celulose e o efeito desengordurante nas fibras sint\u00e9ticas, pode melhorar a brancura e o efeito capilar de fios e tecidos, especialmente adequado para o processo de pr\u00e9-tratamento de tecidos de poli\u00e9ster\/algod\u00e3o.<br \/><strong>Modelo n\u00ba. <\/strong>11045<\/p>","protected":false},"featured_media":1442,"comment_status":"closed","ping_status":"closed","template":"","meta":{"_acf_changed":false},"material":[26,27],"process":[17,19,35,36],"product_brand":[],"product_cat":[15],"product_tag":[],"class_list":{"0":"post-508","1":"product","2":"type-product","3":"status-publish","4":"has-post-thumbnail","6":"material-cotton-agent","7":"material-polyester-chemicals","8":"process-pretreatment-auxiliaries","9":"process-scouring-agent","10":"process-degreasing-agent","11":"process-bleaching-agent","12":"product_cat-uncategorized","14":"first","15":"instock","16":"shipping-taxable","17":"product-type-simple"},"acf":[],"_links":{"self":[{"href":"https:\/\/www.bluelakechem.com\/pt\/wp-json\/wp\/v2\/product\/508","targetHints":{"allow":["GET"]}}],"collection":[{"href":"https:\/\/www.bluelakechem.com\/pt\/wp-json\/wp\/v2\/product"}],"about":[{"href":"https:\/\/www.bluelakechem.com\/pt\/wp-json\/wp\/v2\/types\/product"}],"replies":[{"embeddable":true,"href":"https:\/\/www.bluelakechem.com\/pt\/wp-json\/wp\/v2\/comments?post=508"}],"wp:featuredmedia":[{"embeddable":true,"href":"https:\/\/www.bluelakechem.com\/pt\/wp-json\/wp\/v2\/media\/1442"}],"wp:attachment":[{"href":"https:\/\/www.bluelakechem.com\/pt\/wp-json\/wp\/v2\/media?parent=508"}],"wp:term":[{"taxonomy":"material","embeddable":true,"href":"https:\/\/www.bluelakechem.com\/pt\/wp-json\/wp\/v2\/material?post=508"},{"taxonomy":"process","embeddable":true,"href":"https:\/\/www.bluelakechem.com\/pt\/wp-json\/wp\/v2\/process?post=508"},{"taxonomy":"product_brand","embeddable":true,"href":"https:\/\/www.bluelakechem.com\/pt\/wp-json\/wp\/v2\/product_brand?post=508"},{"taxonomy":"product_cat","embeddable":true,"href":"https:\/\/www.bluelakechem.com\/pt\/wp-json\/wp\/v2\/product_cat?post=508"},{"taxonomy":"product_tag","embeddable":true,"href":"https:\/\/www.bluelakechem.com\/pt\/wp-json\/wp\/v2\/product_tag?post=508"}],"curies":[{"name":"wp","href":"https:\/\/api.w.org\/{rel}","templated":true}]}}