{"id":517,"date":"2024-11-28T07:01:45","date_gmt":"2024-11-28T07:01:45","guid":{"rendered":"https:\/\/www.bluelakechem.com\/?post_type=product&#038;p=517"},"modified":"2025-01-17T11:08:25","modified_gmt":"2025-01-17T11:08:25","slug":"sequestering-agent","status":"publish","type":"product","link":"https:\/\/www.bluelakechem.com\/pt\/product\/sequestering-agent\/","title":{"rendered":"Agente sequestrante Produtos qu\u00edmicos t\u00eaxteis para auxiliares de tingimento de tecidos"},"content":{"rendered":"<div class=\"wp-block-columns is-layout-flex wp-container-core-columns-is-layout-9d6595d7 wp-block-columns-is-layout-flex\">\n<div class=\"wp-block-column is-layout-flow wp-block-column-is-layout-flow\" style=\"flex-basis:50%\">\n<h2 class=\"wp-block-heading\">Caracter\u00edsticas do agente sequestrante:<\/h2>\n\n\n\n<p><strong>Quela\u00e7\u00e3o de alta efici\u00eancia<\/strong>: Sequestra com efic\u00e1cia uma ampla gama de \u00edons met\u00e1licos comuns, evitando a interfer\u00eancia de impurezas met\u00e1licas no processamento t\u00eaxtil.<\/p>\n\n\n\n<p><strong>Melhora a qualidade da \u00e1gua Impacto<\/strong>: Reduz os efeitos negativos da qualidade da \u00e1gua em processos como lavagem, branqueamento, tingimento, impress\u00e3o, ensaboamento e acabamento, garantindo resultados mais consistentes.<\/p>\n\n\n\n<p><strong>Efeito de dispers\u00e3o em corantes<\/strong>: Ajuda a dispersar os corantes de maneira mais uniforme, melhorando a absor\u00e7\u00e3o do corante e a uniformidade geral da cor no tecido.<\/p>\n\n\n\n<p><strong>Estabilidade de processamento aprimorada<\/strong>: Estabiliza os processos ao reduzir os problemas induzidos por metais, permitindo tratamentos t\u00eaxteis mais previs\u00edveis e controlados.<\/p>\n<\/div>\n\n\n\n<div class=\"wp-block-column is-layout-flow wp-block-column-is-layout-flow\" style=\"flex-basis:50%\">\n<figure class=\"wp-block-embed is-type-video is-provider-youtube wp-block-embed-youtube wp-embed-aspect-16-9 wp-has-aspect-ratio\"><div class=\"wp-block-embed__wrapper\">\n<iframe title=\"Produtos qu\u00edmicos para t\u00eaxteis| Agente sequestrante e dispersante11032 | Amacia melhor a \u00e1gua\" width=\"500\" height=\"281\" src=\"https:\/\/www.youtube.com\/embed\/QJTGL-3-IQ8?feature=oembed\" frameborder=\"0\" allow=\"accelerometer; autoplay; clipboard-write; encrypted-media; gyroscope; picture-in-picture; web-share\" referrerpolicy=\"strict-origin-when-cross-origin\" allowfullscreen><\/iframe>\n<\/div><\/figure>\n<\/div>\n<\/div>\n\n\n\n<div class=\"wp-block-columns is-layout-flex wp-container-core-columns-is-layout-9d6595d7 wp-block-columns-is-layout-flex\">\n<div class=\"wp-block-column is-layout-flow wp-block-column-is-layout-flow\">\n<figure class=\"wp-block-image size-full is-style-default\"><img decoding=\"async\" width=\"800\" height=\"600\" src=\"https:\/\/www.bluelakechem.com\/wp-content\/uploads\/2024\/11\/sequestering-agent-1.webp\" alt=\"agente sequestrante\" class=\"wp-image-522\" srcset=\"https:\/\/www.bluelakechem.com\/wp-content\/uploads\/2024\/11\/sequestering-agent-1.webp 800w, https:\/\/www.bluelakechem.com\/wp-content\/uploads\/2024\/11\/sequestering-agent-1-300x225.webp 300w, https:\/\/www.bluelakechem.com\/wp-content\/uploads\/2024\/11\/sequestering-agent-1-768x576.webp 768w, https:\/\/www.bluelakechem.com\/wp-content\/uploads\/2024\/11\/sequestering-agent-1-600x450.webp 600w\" sizes=\"(max-width: 800px) 100vw, 800px\" \/><\/figure>\n<\/div>\n\n\n\n<div class=\"wp-block-column is-vertically-aligned-center is-layout-flow wp-block-column-is-layout-flow\">\n<h3 class=\"wp-block-heading\">Sequestro de aplicativos de agente:<\/h3>\n\n\n\n<p><strong>Tingimento e impress\u00e3o<\/strong>: Essencial para tingimento e impress\u00e3o de tecidos, melhorando a absor\u00e7\u00e3o do corante, a uniformidade da cor e evitando a varia\u00e7\u00e3o de cor devido \u00e0 contamina\u00e7\u00e3o por metais na \u00e1gua.<\/p>\n\n\n\n<p><strong>Limpeza e branqueamento<\/strong>: Ajuda nos processos de limpeza e branqueamento, neutralizando os \u00edons met\u00e1licos que, de outra forma, poderiam prejudicar a uniformidade dos efeitos de limpeza e branqueamento.<\/p>\n\n\n\n<p><strong>Acabamento<\/strong>: Usado em tratamentos de acabamento para evitar a forma\u00e7\u00e3o de complexos met\u00e1licos indesejados, melhorando a qualidade final do tecido.<\/p>\n<\/div>\n<\/div>\n\n\n\n<p><\/p>","protected":false},"excerpt":{"rendered":"<p>Agente sequestrante de \u00edons met\u00e1licos de alta efici\u00eancia, pode quelar com efici\u00eancia todos os tipos de \u00edons met\u00e1licos comuns, diminuir as influ\u00eancias da qualidade da \u00e1gua na lavagem, branqueamento, tingimento, impress\u00e3o, ensaboamento e acabamento, etc., e tamb\u00e9m tem um efeito de dispers\u00e3o nos corantes.<\/p>\n<p><strong>Modelo n\u00ba. <\/strong>11032<\/p>","protected":false},"featured_media":1426,"comment_status":"closed","ping_status":"closed","template":"","meta":{"_acf_changed":false},"material":[26,27,28,29,30,31,32,33,34],"process":[20,21],"product_brand":[],"product_cat":[15],"product_tag":[],"class_list":{"0":"post-517","1":"product","2":"type-product","3":"status-publish","4":"has-post-thumbnail","6":"material-cotton-agent","7":"material-polyester-chemicals","8":"material-nylon-agent","9":"material-acrylic-chemicals","10":"material-viscose-chemicals","11":"material-wool-auxiliary","12":"material-linen-chemicals","13":"material-silk-chemicals","14":"material-fabric-chemicals","15":"process-dyeing-auxiliaries","16":"process-sequestering-agent","17":"product_cat-uncategorized","19":"first","20":"instock","21":"shipping-taxable","22":"product-type-simple"},"acf":[],"_links":{"self":[{"href":"https:\/\/www.bluelakechem.com\/pt\/wp-json\/wp\/v2\/product\/517","targetHints":{"allow":["GET"]}}],"collection":[{"href":"https:\/\/www.bluelakechem.com\/pt\/wp-json\/wp\/v2\/product"}],"about":[{"href":"https:\/\/www.bluelakechem.com\/pt\/wp-json\/wp\/v2\/types\/product"}],"replies":[{"embeddable":true,"href":"https:\/\/www.bluelakechem.com\/pt\/wp-json\/wp\/v2\/comments?post=517"}],"wp:featuredmedia":[{"embeddable":true,"href":"https:\/\/www.bluelakechem.com\/pt\/wp-json\/wp\/v2\/media\/1426"}],"wp:attachment":[{"href":"https:\/\/www.bluelakechem.com\/pt\/wp-json\/wp\/v2\/media?parent=517"}],"wp:term":[{"taxonomy":"material","embeddable":true,"href":"https:\/\/www.bluelakechem.com\/pt\/wp-json\/wp\/v2\/material?post=517"},{"taxonomy":"process","embeddable":true,"href":"https:\/\/www.bluelakechem.com\/pt\/wp-json\/wp\/v2\/process?post=517"},{"taxonomy":"product_brand","embeddable":true,"href":"https:\/\/www.bluelakechem.com\/pt\/wp-json\/wp\/v2\/product_brand?post=517"},{"taxonomy":"product_cat","embeddable":true,"href":"https:\/\/www.bluelakechem.com\/pt\/wp-json\/wp\/v2\/product_cat?post=517"},{"taxonomy":"product_tag","embeddable":true,"href":"https:\/\/www.bluelakechem.com\/pt\/wp-json\/wp\/v2\/product_tag?post=517"}],"curies":[{"name":"wp","href":"https:\/\/api.w.org\/{rel}","templated":true}]}}