{"id":525,"date":"2024-11-28T07:56:55","date_gmt":"2024-11-28T07:56:55","guid":{"rendered":"https:\/\/www.bluelakechem.com\/?post_type=product&#038;p=525"},"modified":"2025-01-17T11:16:50","modified_gmt":"2025-01-17T11:16:50","slug":"leveling-agent","status":"publish","type":"product","link":"https:\/\/www.bluelakechem.com\/pt\/product\/leveling-agent\/","title":{"rendered":"Agente de nivelamento Auxiliares de tingimento para tecidos de algod\u00e3o"},"content":{"rendered":"<div class=\"wp-block-columns is-layout-flex wp-container-core-columns-is-layout-9d6595d7 wp-block-columns-is-layout-flex\">\n<div class=\"wp-block-column is-layout-flow wp-block-column-is-layout-flow\" style=\"flex-basis:50%\">\n<h2 class=\"wp-block-heading\">Agente de nivelamento Caracter\u00edsticas:<\/h2>\n\n\n\n<p><strong>Nivelamento de alta efici\u00eancia<\/strong>: Especificamente projetado para tecidos de algod\u00e3o, esse agente nivelador melhora a dispers\u00e3o da tinta, garantindo uma aplica\u00e7\u00e3o uniforme em todo o tecido.<\/p>\n\n\n\n<p><strong>Sequestra \u00edons met\u00e1licos<\/strong>: Neutraliza eficazmente os \u00edons met\u00e1licos no banho de corante, evitando rea\u00e7\u00f5es indesejadas e garantindo resultados consistentes de tingimento.<\/p>\n\n\n\n<p><strong>Estabilidade do banho de tingimento<\/strong>: Mant\u00e9m a estabilidade do banho de tingimento, permitindo tempos de processamento mais longos e tingimento mais uniforme.<\/p>\n\n\n\n<p><strong>Tingimento bem-sucedido de corantes diretos e reativos<\/strong>: Suporta tanto corantes diretos quanto reativos, garantindo resultados bem-sucedidos e consistentes no processo de tingimento.<\/p>\n\n\n\n<h3 class=\"wp-block-heading\">Aplica\u00e7\u00f5es de agentes de nivelamento:<\/h3>\n\n\n\n<p><strong>Tingimento de tecido de algod\u00e3o<\/strong>: Ideal para tingir tecidos de algod\u00e3o, aprimorando a uniformidade da cor e evitando estrias ou distribui\u00e7\u00e3o desigual do corante.<\/p>\n\n\n\n<p><strong>Corantes diretos e reativos<\/strong>: Adequado para uso com uma variedade de tipos de corantes, incluindo corantes diretos e reativos, garantindo resultados de alta qualidade.<\/p>\n\n\n\n<p><strong>Controle de banho de tingimento<\/strong>: Estabiliza o banho de corante, garantindo que o processo de tingimento ocorra sem problemas e sem interrup\u00e7\u00f5es, produzindo cores uniformes e vibrantes.<\/p>\n<\/div>\n\n\n\n<div class=\"wp-block-column is-layout-flow wp-block-column-is-layout-flow\" style=\"flex-basis:50%\">\n<figure class=\"wp-block-image size-full\"><img decoding=\"async\" width=\"612\" height=\"408\" src=\"https:\/\/www.bluelakechem.com\/wp-content\/uploads\/2024\/11\/leveling-agent-2.webp\" alt=\"agente de nivelamento \" class=\"wp-image-527\" srcset=\"https:\/\/www.bluelakechem.com\/wp-content\/uploads\/2024\/11\/leveling-agent-2.webp 612w, https:\/\/www.bluelakechem.com\/wp-content\/uploads\/2024\/11\/leveling-agent-2-300x200.webp 300w, https:\/\/www.bluelakechem.com\/wp-content\/uploads\/2024\/11\/leveling-agent-2-600x400.webp 600w\" sizes=\"(max-width: 612px) 100vw, 612px\" \/><\/figure>\n<\/div>\n<\/div>","protected":false},"excerpt":{"rendered":"<p>O agente de nivelamento de alta efici\u00eancia para algod\u00e3o pode melhorar efetivamente a dispers\u00e3o dos corantes, sequestrar \u00edons met\u00e1licos, manter a estabilidade do banho de tingimento, fazer com que o tingimento de corantes diretos e reativos seja bem-sucedido e obter um tingimento uniforme.<\/p>\n<p><strong>Modelo n\u00ba. <\/strong>22005<\/p>","protected":false},"featured_media":1428,"comment_status":"closed","ping_status":"closed","template":"","meta":{"_acf_changed":false},"material":[26],"process":[20,38],"product_brand":[],"product_cat":[15],"product_tag":[],"class_list":{"0":"post-525","1":"product","2":"type-product","3":"status-publish","4":"has-post-thumbnail","6":"material-cotton-agent","7":"process-dyeing-auxiliaries","8":"process-disperse-leveling-agent","9":"product_cat-uncategorized","11":"first","12":"instock","13":"shipping-taxable","14":"product-type-simple"},"acf":[],"_links":{"self":[{"href":"https:\/\/www.bluelakechem.com\/pt\/wp-json\/wp\/v2\/product\/525","targetHints":{"allow":["GET"]}}],"collection":[{"href":"https:\/\/www.bluelakechem.com\/pt\/wp-json\/wp\/v2\/product"}],"about":[{"href":"https:\/\/www.bluelakechem.com\/pt\/wp-json\/wp\/v2\/types\/product"}],"replies":[{"embeddable":true,"href":"https:\/\/www.bluelakechem.com\/pt\/wp-json\/wp\/v2\/comments?post=525"}],"wp:featuredmedia":[{"embeddable":true,"href":"https:\/\/www.bluelakechem.com\/pt\/wp-json\/wp\/v2\/media\/1428"}],"wp:attachment":[{"href":"https:\/\/www.bluelakechem.com\/pt\/wp-json\/wp\/v2\/media?parent=525"}],"wp:term":[{"taxonomy":"material","embeddable":true,"href":"https:\/\/www.bluelakechem.com\/pt\/wp-json\/wp\/v2\/material?post=525"},{"taxonomy":"process","embeddable":true,"href":"https:\/\/www.bluelakechem.com\/pt\/wp-json\/wp\/v2\/process?post=525"},{"taxonomy":"product_brand","embeddable":true,"href":"https:\/\/www.bluelakechem.com\/pt\/wp-json\/wp\/v2\/product_brand?post=525"},{"taxonomy":"product_cat","embeddable":true,"href":"https:\/\/www.bluelakechem.com\/pt\/wp-json\/wp\/v2\/product_cat?post=525"},{"taxonomy":"product_tag","embeddable":true,"href":"https:\/\/www.bluelakechem.com\/pt\/wp-json\/wp\/v2\/product_tag?post=525"}],"curies":[{"name":"wp","href":"https:\/\/api.w.org\/{rel}","templated":true}]}}