{"id":614,"date":"2024-11-28T13:04:18","date_gmt":"2024-11-28T13:04:18","guid":{"rendered":"https:\/\/www.bluelakechem.com\/?post_type=product&#038;p=614"},"modified":"2025-06-05T08:04:08","modified_gmt":"2025-06-05T08:04:08","slug":"soaping-agent","status":"publish","type":"product","link":"https:\/\/www.bluelakechem.com\/pt\/product\/soaping-agent\/","title":{"rendered":"Agente de ensaboamento Produtos qu\u00edmicos t\u00eaxteis para auxiliares de tingimento de tecidos de algod\u00e3o"},"content":{"rendered":"<figure class=\"wp-block-embed is-type-video is-provider-youtube wp-block-embed-youtube wp-embed-aspect-16-9 wp-has-aspect-ratio\"><div class=\"wp-block-embed__wrapper\">\n<iframe title=\"Save One Bath Water &amp; Save One Hour! Soaping Cost Is Halved! Reduce Secondary Pollution.\" width=\"500\" height=\"281\" src=\"https:\/\/www.youtube.com\/embed\/iG2EMrzW0gA?feature=oembed\" frameborder=\"0\" allow=\"accelerometer; autoplay; clipboard-write; encrypted-media; gyroscope; picture-in-picture; web-share\" referrerpolicy=\"strict-origin-when-cross-origin\" allowfullscreen><\/iframe>\n<\/div><\/figure>\n\n\n\n<div class=\"wp-block-columns is-layout-flex wp-container-core-columns-is-layout-9d6595d7 wp-block-columns-is-layout-flex\">\n<div class=\"wp-block-column is-layout-flow wp-block-column-is-layout-flow\" style=\"flex-basis:50%\">\n<h2 class=\"wp-block-heading\">Agente de sab\u00e3o Caracter\u00edsticas:<\/h2>\n\n\n\n<p><strong>Evita a forma\u00e7\u00e3o de manchas nas costas<\/strong>: Evita eficazmente a colora\u00e7\u00e3o posterior de corantes diretos e reativos, garantindo resultados de tingimento uniformes.<\/p>\n\n\n\n<p><strong>Evita manchas<\/strong>: Evita que o tecido fique manchado e desbotado durante o processo de lavagem ap\u00f3s a impress\u00e3o, mantendo o brilho original do tecido.<\/p>\n\n\n\n<p><strong>Melhora a solidez da cor<\/strong>: Aumenta significativamente a solidez da cor na lavagem, mantendo as cores vibrantes e duradouras.<\/p>\n\n\n\n<p><strong>Aplica\u00e7\u00e3o vers\u00e1til<\/strong>: Especificamente projetado para fibras de celulose, como o algod\u00e3o, melhorando o desempenho do tingimento.<\/p>\n\n\n\n<p><strong>Ecologicamente correto e seguro<\/strong>: Fabricado com componentes qu\u00edmicos n\u00e3o nocivos que atendem aos padr\u00f5es ambientais, garantindo o uso seguro.<\/p>\n\n\n\n<h2 class=\"wp-block-heading\">Soaping Agent Properties\uff1a<\/h2>\n\n\n\n<figure class=\"wp-block-table\"><table class=\"has-fixed-layout\"><tbody><tr><td>Apar\u00eancia:<\/td><td>P\u00f3 branco<\/td><\/tr><tr><td>Ionicidade:<\/td><td>N\u00e3o i\u00f4nico<\/td><\/tr><tr><td>Valor do pH:<\/td><td>12.0\u00b11.0 (1% aqueous solution)<\/td><\/tr><tr><td>Solubilidade:<\/td><td>Sol\u00favel em \u00e1gua<\/td><\/tr><\/tbody><\/table><\/figure>\n<\/div>\n\n\n\n<div class=\"wp-block-column is-layout-flow wp-block-column-is-layout-flow\" style=\"flex-basis:50%\">\n<h2 class=\"wp-block-heading\">Aplica\u00e7\u00f5es de agentes de sab\u00e3o:<\/h2>\n\n\n\n<p><strong>Tingimento de tecido de algod\u00e3o<\/strong>: Ideal para tingir algod\u00e3o e outros tecidos \u00e0 base de celulose, melhorando os resultados do tingimento.<\/p>\n\n\n\n<p><strong>Lavagem p\u00f3s-impress\u00e3o: <\/strong>Perfeito para lavar ap\u00f3s a impress\u00e3o do tecido, evitando desbotamento e danos.<strong>I<\/strong><\/p>\n\n\n\n<p><strong>tingimento industrial<\/strong>: Amplamente utilizado em f\u00e1bricas t\u00eaxteis, tinturarias e f\u00e1bricas de acabamento para tratamentos de tingimento em larga escala.<\/p>\n\n\n\n<p><strong>Tingimento de alta qualidade<\/strong>: Adequado para processos de tingimento de alta qualidade, garantindo que os tecidos mantenham sua cor vibrante e sua estabilidade.<\/p>\n\n\n\n<h2 class=\"wp-block-heading\">Soaping Agent Instruction\uff1aReference dosage:<\/h2>\n\n\n\n<p>Light color: 0.2~0.3 g\/L, 85~95\u2103\u00d710~15min<\/p>\n\n\n\n<p>Medium color: 0.4~0.5 g\/L, 85~95\u2103\u00d710~15min<\/p>\n\n\n\n<p>Dark color: 0.6~0.8 g\/L, 85~95\u2103\u00d710~15min<\/p>\n<\/div>\n<\/div>","protected":false},"excerpt":{"rendered":"<p>Um agente de ensaboamento para fibras de celulose pode evitar a colora\u00e7\u00e3o posterior de corantes diretos e reativos, evitar manchas no processo de lavagem ap\u00f3s a impress\u00e3o e melhorar a solidez da cor de lavagem e o brilho do tingimento.<\/p>\n<p><strong>Modelo n\u00ba. <\/strong>23111<\/p>\n<p><img decoding=\"async\" class=\"alignnone wp-image-2311 size-full\" src=\"https:\/\/www.bluelakechem.com\/wp-content\/uploads\/2024\/11\/Non-phosphate-Foamless-Soaping-Powder-23111.webp\" alt=\"Sab\u00e3o em p\u00f3 sem fosfato e sem espuma\" width=\"2256\" height=\"1181\" srcset=\"https:\/\/www.bluelakechem.com\/wp-content\/uploads\/2024\/11\/Non-phosphate-Foamless-Soaping-Powder-23111.webp 2256w, https:\/\/www.bluelakechem.com\/wp-content\/uploads\/2024\/11\/Non-phosphate-Foamless-Soaping-Powder-23111-300x157.webp 300w, https:\/\/www.bluelakechem.com\/wp-content\/uploads\/2024\/11\/Non-phosphate-Foamless-Soaping-Powder-23111-768x402.webp 768w, https:\/\/www.bluelakechem.com\/wp-content\/uploads\/2024\/11\/Non-phosphate-Foamless-Soaping-Powder-23111-18x9.webp 18w, https:\/\/www.bluelakechem.com\/wp-content\/uploads\/2024\/11\/Non-phosphate-Foamless-Soaping-Powder-23111-1200x628.webp 1200w, https:\/\/www.bluelakechem.com\/wp-content\/uploads\/2024\/11\/Non-phosphate-Foamless-Soaping-Powder-23111-600x314.webp 600w\" sizes=\"(max-width: 2256px) 100vw, 2256px\" \/><\/p>","protected":false},"featured_media":1429,"comment_status":"closed","ping_status":"closed","template":"","meta":{"_acf_changed":false},"material":[26,30,32],"process":[20,40],"product_brand":[],"product_cat":[15],"product_tag":[],"class_list":{"0":"post-614","1":"product","2":"type-product","3":"status-publish","4":"has-post-thumbnail","6":"material-cotton-agent","7":"material-viscose-chemicals","8":"material-linen-chemicals","9":"process-dyeing-auxiliaries","10":"process-soaping-agent","11":"product_cat-uncategorized","13":"first","14":"instock","15":"shipping-taxable","16":"product-type-simple"},"acf":[],"_links":{"self":[{"href":"https:\/\/www.bluelakechem.com\/pt\/wp-json\/wp\/v2\/product\/614","targetHints":{"allow":["GET"]}}],"collection":[{"href":"https:\/\/www.bluelakechem.com\/pt\/wp-json\/wp\/v2\/product"}],"about":[{"href":"https:\/\/www.bluelakechem.com\/pt\/wp-json\/wp\/v2\/types\/product"}],"replies":[{"embeddable":true,"href":"https:\/\/www.bluelakechem.com\/pt\/wp-json\/wp\/v2\/comments?post=614"}],"wp:featuredmedia":[{"embeddable":true,"href":"https:\/\/www.bluelakechem.com\/pt\/wp-json\/wp\/v2\/media\/1429"}],"wp:attachment":[{"href":"https:\/\/www.bluelakechem.com\/pt\/wp-json\/wp\/v2\/media?parent=614"}],"wp:term":[{"taxonomy":"material","embeddable":true,"href":"https:\/\/www.bluelakechem.com\/pt\/wp-json\/wp\/v2\/material?post=614"},{"taxonomy":"process","embeddable":true,"href":"https:\/\/www.bluelakechem.com\/pt\/wp-json\/wp\/v2\/process?post=614"},{"taxonomy":"product_brand","embeddable":true,"href":"https:\/\/www.bluelakechem.com\/pt\/wp-json\/wp\/v2\/product_brand?post=614"},{"taxonomy":"product_cat","embeddable":true,"href":"https:\/\/www.bluelakechem.com\/pt\/wp-json\/wp\/v2\/product_cat?post=614"},{"taxonomy":"product_tag","embeddable":true,"href":"https:\/\/www.bluelakechem.com\/pt\/wp-json\/wp\/v2\/product_tag?post=614"}],"curies":[{"name":"wp","href":"https:\/\/api.w.org\/{rel}","templated":true}]}}