{"id":635,"date":"2024-11-28T20:54:28","date_gmt":"2024-11-28T20:54:28","guid":{"rendered":"https:\/\/www.bluelakechem.com\/?post_type=product&#038;p=635"},"modified":"2025-01-17T11:21:33","modified_gmt":"2025-01-17T11:21:33","slug":"china-non-formaldehyde-fixing-agent","status":"publish","type":"product","link":"https:\/\/www.bluelakechem.com\/pt\/product\/china-non-formaldehyde-fixing-agent\/","title":{"rendered":"Agente de fixa\u00e7\u00e3o sem formalde\u00eddo da China Produtos qu\u00edmicos t\u00eaxteis para tecidos de algod\u00e3o"},"content":{"rendered":"<div class=\"wp-block-columns is-layout-flex wp-container-core-columns-is-layout-9d6595d7 wp-block-columns-is-layout-flex\">\n<div class=\"wp-block-column is-layout-flow wp-block-column-is-layout-flow\" style=\"flex-basis:50%\">\n<h2 class=\"wp-block-heading\">Caracter\u00edsticas do agente de fixa\u00e7\u00e3o sem formalde\u00eddo da China:<\/h2>\n\n\n\n<p><strong>Sem formalde\u00eddo<\/strong>: Alternativa segura e ecologicamente correta aos agentes de fixa\u00e7\u00e3o tradicionais, sem formalde\u00eddo.<\/p>\n\n\n\n<p><strong>Melhora a solidez da cor<\/strong>: Melhora a solidez de corantes diretos e reativos, incluindo solidez \u00e0 imers\u00e3o, lavagem, transpira\u00e7\u00e3o e fric\u00e7\u00e3o \u00famida.<\/p>\n\n\n\n<p><strong>Ideal para cores brilhantes<\/strong>: Particularmente eficaz para tecidos reativos vermelhos e pretos brilhantes, garantindo a estabilidade da cor.<\/p>\n\n\n\n<p><strong>Seguro para tecidos<\/strong>: Protege o algod\u00e3o e outras fibras contra o desbotamento ou a perda de cor durante a lavagem e o uso.<\/p>\n\n\n\n<p><strong>N\u00e3o t\u00f3xico<\/strong>: N\u00e3o cont\u00e9m produtos qu\u00edmicos nocivos, o que o torna seguro tanto para os operadores quanto para o meio ambiente.<\/p>\n<\/div>\n\n\n\n<div class=\"wp-block-column is-layout-flow wp-block-column-is-layout-flow\" style=\"flex-basis:50%\">\n<figure class=\"wp-block-embed is-type-video is-provider-youtube wp-block-embed-youtube wp-embed-aspect-16-9 wp-has-aspect-ratio\"><div class=\"wp-block-embed__wrapper\">\n<iframe title=\"\u3010Textile chemical\u3011Uma solu\u00e7\u00e3o ecologicamente correta para o problema de desbotamento de tecidos de algod\u00e3o-23121\" width=\"500\" height=\"281\" src=\"https:\/\/www.youtube.com\/embed\/hPeM1HAjEZ4?feature=oembed\" frameborder=\"0\" allow=\"accelerometer; autoplay; clipboard-write; encrypted-media; gyroscope; picture-in-picture; web-share\" referrerpolicy=\"strict-origin-when-cross-origin\" allowfullscreen><\/iframe>\n<\/div><\/figure>\n<\/div>\n<\/div>\n\n\n\n<div class=\"wp-block-columns is-layout-flex wp-container-core-columns-is-layout-9d6595d7 wp-block-columns-is-layout-flex\">\n<div class=\"wp-block-column is-layout-flow wp-block-column-is-layout-flow\">\n<figure class=\"wp-block-image size-full is-style-default\"><img decoding=\"async\" width=\"1200\" height=\"1000\" src=\"https:\/\/www.bluelakechem.com\/wp-content\/uploads\/2024\/11\/china-non-formaldehyde-fixing-agent2.webp\" alt=\"agente de fixa\u00e7\u00e3o sem formalde\u00eddo da china\" class=\"wp-image-638\" srcset=\"https:\/\/www.bluelakechem.com\/wp-content\/uploads\/2024\/11\/china-non-formaldehyde-fixing-agent2.webp 1200w, https:\/\/www.bluelakechem.com\/wp-content\/uploads\/2024\/11\/china-non-formaldehyde-fixing-agent2-300x250.webp 300w, https:\/\/www.bluelakechem.com\/wp-content\/uploads\/2024\/11\/china-non-formaldehyde-fixing-agent2-768x640.webp 768w, https:\/\/www.bluelakechem.com\/wp-content\/uploads\/2024\/11\/china-non-formaldehyde-fixing-agent2-600x500.webp 600w\" sizes=\"(max-width: 1200px) 100vw, 1200px\" \/><\/figure>\n<\/div>\n\n\n\n<div class=\"wp-block-column is-vertically-aligned-center is-layout-flow wp-block-column-is-layout-flow\">\n<h2 class=\"wp-block-heading\">Aplica\u00e7\u00f5es do agente de fixa\u00e7\u00e3o sem formalde\u00eddo na China:<\/h2>\n\n\n\n<p><strong>Tingimento de tecido de algod\u00e3o<\/strong>: Especialmente adequado para tecidos de algod\u00e3o tingidos com corantes diretos ou reativos.<\/p>\n\n\n\n<p><strong>Tingimento reativo<\/strong>: Funciona com efic\u00e1cia em tecidos reativos vermelhos e pretos brilhantes, melhorando a reten\u00e7\u00e3o da cor.<\/p>\n\n\n\n<p><strong>Melhoria da solidez da cor<\/strong>: Ideal para aplica\u00e7\u00f5es que exigem maior resist\u00eancia \u00e0 lavagem, \u00e0 transpira\u00e7\u00e3o e \u00e0 fric\u00e7\u00e3o.<\/p>\n\n\n\n<p><strong>Processamento t\u00eaxtil ecologicamente correto<\/strong>: Perfeito para f\u00e1bricas e fabricantes de produtos t\u00eaxteis que buscam solu\u00e7\u00f5es livres de formalde\u00eddo.<\/p>\n<\/div>\n<\/div>\n\n\n\n<p><\/p>","protected":false},"excerpt":{"rendered":"<p>Agente fixador sem formalde\u00eddo, melhora significativamente a solidez da cor de corantes diretos e reativos (como solidez de imers\u00e3o, solidez de lavagem, solidez de transpira\u00e7\u00e3o, solidez de fric\u00e7\u00e3o \u00famida etc.), especialmente adequado para tecidos reativos vermelhos brilhantes e pretos.<\/p>\n<p><strong>Modelo n\u00ba. <\/strong>23121<\/p>","protected":false},"featured_media":1430,"comment_status":"closed","ping_status":"closed","template":"","meta":{"_acf_changed":false},"material":[26],"process":[23,41],"product_brand":[],"product_cat":[15],"product_tag":[],"class_list":{"0":"post-635","1":"product","2":"type-product","3":"status-publish","4":"has-post-thumbnail","6":"material-cotton-agent","7":"process-textile-finishing-chemicals","8":"process-fixing-agent","9":"product_cat-uncategorized","11":"first","12":"instock","13":"shipping-taxable","14":"product-type-simple"},"acf":[],"_links":{"self":[{"href":"https:\/\/www.bluelakechem.com\/pt\/wp-json\/wp\/v2\/product\/635","targetHints":{"allow":["GET"]}}],"collection":[{"href":"https:\/\/www.bluelakechem.com\/pt\/wp-json\/wp\/v2\/product"}],"about":[{"href":"https:\/\/www.bluelakechem.com\/pt\/wp-json\/wp\/v2\/types\/product"}],"replies":[{"embeddable":true,"href":"https:\/\/www.bluelakechem.com\/pt\/wp-json\/wp\/v2\/comments?post=635"}],"wp:featuredmedia":[{"embeddable":true,"href":"https:\/\/www.bluelakechem.com\/pt\/wp-json\/wp\/v2\/media\/1430"}],"wp:attachment":[{"href":"https:\/\/www.bluelakechem.com\/pt\/wp-json\/wp\/v2\/media?parent=635"}],"wp:term":[{"taxonomy":"material","embeddable":true,"href":"https:\/\/www.bluelakechem.com\/pt\/wp-json\/wp\/v2\/material?post=635"},{"taxonomy":"process","embeddable":true,"href":"https:\/\/www.bluelakechem.com\/pt\/wp-json\/wp\/v2\/process?post=635"},{"taxonomy":"product_brand","embeddable":true,"href":"https:\/\/www.bluelakechem.com\/pt\/wp-json\/wp\/v2\/product_brand?post=635"},{"taxonomy":"product_cat","embeddable":true,"href":"https:\/\/www.bluelakechem.com\/pt\/wp-json\/wp\/v2\/product_cat?post=635"},{"taxonomy":"product_tag","embeddable":true,"href":"https:\/\/www.bluelakechem.com\/pt\/wp-json\/wp\/v2\/product_tag?post=635"}],"curies":[{"name":"wp","href":"https:\/\/api.w.org\/{rel}","templated":true}]}}