{"id":640,"date":"2024-11-28T21:18:28","date_gmt":"2024-11-28T21:18:28","guid":{"rendered":"https:\/\/www.bluelakechem.com\/?post_type=product&#038;p=640"},"modified":"2025-01-17T11:15:29","modified_gmt":"2025-01-17T11:15:29","slug":"fabric-dye-fixing-agent","status":"publish","type":"product","link":"https:\/\/www.bluelakechem.com\/pt\/product\/fabric-dye-fixing-agent\/","title":{"rendered":"Agente de fixa\u00e7\u00e3o de corantes para tecidos Produtos qu\u00edmicos t\u00eaxteis para algod\u00e3o e poli\u00e9ster"},"content":{"rendered":"<div class=\"wp-block-columns is-layout-flex wp-container-core-columns-is-layout-9d6595d7 wp-block-columns-is-layout-flex\">\n<div class=\"wp-block-column is-layout-flow wp-block-column-is-layout-flow\" style=\"flex-basis:50%\">\n<h2 class=\"wp-block-heading\">Agente de fixa\u00e7\u00e3o de corantes para tecidos Caracter\u00edsticas:<\/h2>\n\n\n\n<p><strong>Eficaz para algod\u00e3o e poli\u00e9ster<\/strong>: Adequado para algod\u00e3o, poli\u00e9ster e tecidos mistos, garantindo maior solidez da cor em v\u00e1rios tipos de tecido.<\/p>\n\n\n\n<p><strong>Melhora a solidez da imers\u00e3o<\/strong>: Aumenta significativamente a solidez da cor dos tecidos, evitando o desbotamento da cor durante a lavagem ou exposi\u00e7\u00e3o \u00e0 umidade.<\/p>\n\n\n\n<p><strong>Compat\u00edvel com outros agentes de fixa\u00e7\u00e3o<\/strong>: Pode ser usado em conjunto com outros agentes fixadores para melhorar o desempenho e obter os melhores resultados.<\/p>\n\n\n\n<p><strong>Uso vers\u00e1til<\/strong>: Ideal para uma variedade de aplica\u00e7\u00f5es na fabrica\u00e7\u00e3o de t\u00eaxteis, incluindo tingimento e acabamento.<\/p>\n\n\n\n<p><strong>Reten\u00e7\u00e3o de cor<\/strong>: Garante que as cores permane\u00e7am vibrantes e est\u00e1veis, mesmo ap\u00f3s v\u00e1rias lavagens.<\/p>\n<\/div>\n\n\n\n<div class=\"wp-block-column is-layout-flow wp-block-column-is-layout-flow\" style=\"flex-basis:50%\">\n<figure class=\"wp-block-embed is-type-video is-provider-youtube wp-block-embed-youtube wp-embed-aspect-16-9 wp-has-aspect-ratio\"><div class=\"wp-block-embed__wrapper\">\n<iframe title=\"O que fazer se a cor sens\u00edvel desbotar seriamente?#factory#experiment#Textile #chemical#laboratory\" width=\"500\" height=\"281\" src=\"https:\/\/www.youtube.com\/embed\/cD0DcNJnZ-Q?feature=oembed\" frameborder=\"0\" allow=\"accelerometer; autoplay; clipboard-write; encrypted-media; gyroscope; picture-in-picture; web-share\" referrerpolicy=\"strict-origin-when-cross-origin\" allowfullscreen><\/iframe>\n<\/div><\/figure>\n<\/div>\n<\/div>\n\n\n\n<div class=\"wp-block-columns is-layout-flex wp-container-core-columns-is-layout-9d6595d7 wp-block-columns-is-layout-flex\">\n<div class=\"wp-block-column is-layout-flow wp-block-column-is-layout-flow\">\n<figure class=\"wp-block-image size-full is-style-default\"><img decoding=\"async\" width=\"1001\" height=\"1001\" src=\"https:\/\/www.bluelakechem.com\/wp-content\/uploads\/2024\/11\/fabric-dye-fixing-agent.webp\" alt=\"Agente de fixa\u00e7\u00e3o de corantes para tecidos\" class=\"wp-image-643\" srcset=\"https:\/\/www.bluelakechem.com\/wp-content\/uploads\/2024\/11\/fabric-dye-fixing-agent.webp 1001w, https:\/\/www.bluelakechem.com\/wp-content\/uploads\/2024\/11\/fabric-dye-fixing-agent-300x300.webp 300w, https:\/\/www.bluelakechem.com\/wp-content\/uploads\/2024\/11\/fabric-dye-fixing-agent-150x150.webp 150w, https:\/\/www.bluelakechem.com\/wp-content\/uploads\/2024\/11\/fabric-dye-fixing-agent-768x768.webp 768w, https:\/\/www.bluelakechem.com\/wp-content\/uploads\/2024\/11\/fabric-dye-fixing-agent-600x600.webp 600w, https:\/\/www.bluelakechem.com\/wp-content\/uploads\/2024\/11\/fabric-dye-fixing-agent-100x100.webp 100w\" sizes=\"(max-width: 1001px) 100vw, 1001px\" \/><\/figure>\n<\/div>\n\n\n\n<div class=\"wp-block-column is-vertically-aligned-center is-layout-flow wp-block-column-is-layout-flow\">\n<h2 class=\"wp-block-heading\">Agente de fixa\u00e7\u00e3o de corantes para tecidos Aplica\u00e7\u00f5es:<\/h2>\n\n\n\n<p><strong>Tingimento de tecidos de algod\u00e3o e poli\u00e9ster<\/strong>: Perfeito para uso em tingimento de algod\u00e3o, poli\u00e9ster e tecidos mistos.<\/p>\n\n\n\n<p><strong>Tecidos mesclados<\/strong>: Altamente eficaz para melhorar a solidez da cor de misturas de algod\u00e3o e poli\u00e9ster, garantindo a reten\u00e7\u00e3o uniforme da cor.<\/p>\n\n\n\n<p><strong>Tingimento e acabamento t\u00eaxtil<\/strong>: Amplamente utilizado em processos de tingimento industrial para melhorar a qualidade do tecido e a estabilidade da cor.<\/p>\n\n\n\n<p><strong>Maior durabilidade do tecido<\/strong>: Ajuda a garantir que os tecidos tingidos resistam \u00e0 lavagem e ao desgaste sem perder a intensidade da cor.<\/p>\n<\/div>\n<\/div>\n\n\n\n<p><\/p>","protected":false},"excerpt":{"rendered":"<p>Os agentes fixadores de poli\u00e9ster\/algod\u00e3o podem ser usados em conjunto com outros agentes fixadores, melhorando efetivamente a solidez da cor de imers\u00e3o do algod\u00e3o, do poli\u00e9ster e de suas misturas.<\/p>\n<p><strong>Modelo n\u00ba.<\/strong>23014<\/p>","protected":false},"featured_media":1427,"comment_status":"closed","ping_status":"closed","template":"","meta":{"_acf_changed":false},"material":[26,27],"process":[23,41],"product_brand":[],"product_cat":[15],"product_tag":[],"class_list":{"0":"post-640","1":"product","2":"type-product","3":"status-publish","4":"has-post-thumbnail","6":"material-cotton-agent","7":"material-polyester-chemicals","8":"process-textile-finishing-chemicals","9":"process-fixing-agent","10":"product_cat-uncategorized","12":"first","13":"instock","14":"shipping-taxable","15":"product-type-simple"},"acf":[],"_links":{"self":[{"href":"https:\/\/www.bluelakechem.com\/pt\/wp-json\/wp\/v2\/product\/640","targetHints":{"allow":["GET"]}}],"collection":[{"href":"https:\/\/www.bluelakechem.com\/pt\/wp-json\/wp\/v2\/product"}],"about":[{"href":"https:\/\/www.bluelakechem.com\/pt\/wp-json\/wp\/v2\/types\/product"}],"replies":[{"embeddable":true,"href":"https:\/\/www.bluelakechem.com\/pt\/wp-json\/wp\/v2\/comments?post=640"}],"wp:featuredmedia":[{"embeddable":true,"href":"https:\/\/www.bluelakechem.com\/pt\/wp-json\/wp\/v2\/media\/1427"}],"wp:attachment":[{"href":"https:\/\/www.bluelakechem.com\/pt\/wp-json\/wp\/v2\/media?parent=640"}],"wp:term":[{"taxonomy":"material","embeddable":true,"href":"https:\/\/www.bluelakechem.com\/pt\/wp-json\/wp\/v2\/material?post=640"},{"taxonomy":"process","embeddable":true,"href":"https:\/\/www.bluelakechem.com\/pt\/wp-json\/wp\/v2\/process?post=640"},{"taxonomy":"product_brand","embeddable":true,"href":"https:\/\/www.bluelakechem.com\/pt\/wp-json\/wp\/v2\/product_brand?post=640"},{"taxonomy":"product_cat","embeddable":true,"href":"https:\/\/www.bluelakechem.com\/pt\/wp-json\/wp\/v2\/product_cat?post=640"},{"taxonomy":"product_tag","embeddable":true,"href":"https:\/\/www.bluelakechem.com\/pt\/wp-json\/wp\/v2\/product_tag?post=640"}],"curies":[{"name":"wp","href":"https:\/\/api.w.org\/{rel}","templated":true}]}}