{"id":645,"date":"2024-11-28T22:18:58","date_gmt":"2024-11-28T22:18:58","guid":{"rendered":"https:\/\/www.bluelakechem.com\/?post_type=product&#038;p=645"},"modified":"2025-01-17T12:04:15","modified_gmt":"2025-01-17T12:04:15","slug":"silicone-softening-agent","status":"publish","type":"product","link":"https:\/\/www.bluelakechem.com\/pt\/product\/silicone-softening-agent\/","title":{"rendered":"Agente amaciante de silicone hidrof\u00edlico para algod\u00e3o e viscose"},"content":{"rendered":"<div class=\"wp-block-columns is-layout-flex wp-container-core-columns-is-layout-9d6595d7 wp-block-columns-is-layout-flex\">\n<div class=\"wp-block-column is-layout-flow wp-block-column-is-layout-flow\" style=\"flex-basis:50%\">\n<h2 class=\"wp-block-heading\">Agente amaciante de silicone Caracter\u00edsticas:<\/h2>\n\n\n\n<p><strong>Sensa\u00e7\u00e3o de maciez<\/strong>: Proporciona uma textura suave e macia aos tecidos, aprimorando a experi\u00eancia t\u00e1til geral.<\/p>\n\n\n\n<p><strong>Hidrofilicidade instant\u00e2nea<\/strong>: Melhora as propriedades de absor\u00e7\u00e3o de \u00e1gua, mantendo os tecidos hidrof\u00edlicos para melhor controle da umidade.<\/p>\n\n\n\n<p><strong>Alta estabilidade<\/strong>: Formulado com um alto teor e excelente estabilidade, garantindo resultados consistentes ao longo do tempo.<\/p>\n\n\n\n<p><strong>Aplica\u00e7\u00e3o vers\u00e1til<\/strong>: Adequado para uso em v\u00e1rios processos de acabamento, incluindo tingimento por exaust\u00e3o, e pode ser combinado com agentes n\u00e3o i\u00f4nicos e cati\u00f4nicos no mesmo banho.<\/p>\n\n\n\n<p><strong>Desempenho aprimorado do tecido<\/strong>: Ideal para misturas de algod\u00e3o, viscose e celulose, melhorando o toque e a durabilidade do tecido.<\/p>\n<\/div>\n\n\n\n<div class=\"wp-block-column is-layout-flow wp-block-column-is-layout-flow\" style=\"flex-basis:50%\">\n<figure class=\"wp-block-embed is-type-video is-provider-youtube wp-block-embed-youtube wp-embed-aspect-16-9 wp-has-aspect-ratio\"><div class=\"wp-block-embed__wrapper\">\n<iframe title=\"\u3010Textile Chemical\u3011Revolucione seus tecidos com produtos qu\u00edmicos t\u00eaxteis hidrof\u00edlicos!\" width=\"500\" height=\"281\" src=\"https:\/\/www.youtube.com\/embed\/1YIKpcHYaHo?feature=oembed\" frameborder=\"0\" allow=\"accelerometer; autoplay; clipboard-write; encrypted-media; gyroscope; picture-in-picture; web-share\" referrerpolicy=\"strict-origin-when-cross-origin\" allowfullscreen><\/iframe>\n<\/div><\/figure>\n<\/div>\n<\/div>\n\n\n\n<div class=\"wp-block-columns is-layout-flex wp-container-core-columns-is-layout-9d6595d7 wp-block-columns-is-layout-flex\">\n<div class=\"wp-block-column is-layout-flow wp-block-column-is-layout-flow\">\n<figure class=\"wp-block-image size-full is-style-default\"><img decoding=\"async\" width=\"1024\" height=\"768\" src=\"https:\/\/www.bluelakechem.com\/wp-content\/uploads\/2024\/11\/silicone-softening-agent-2.webp\" alt=\"agente amaciante de silicone\" class=\"wp-image-673\" srcset=\"https:\/\/www.bluelakechem.com\/wp-content\/uploads\/2024\/11\/silicone-softening-agent-2.webp 1024w, https:\/\/www.bluelakechem.com\/wp-content\/uploads\/2024\/11\/silicone-softening-agent-2-300x225.webp 300w, https:\/\/www.bluelakechem.com\/wp-content\/uploads\/2024\/11\/silicone-softening-agent-2-768x576.webp 768w, https:\/\/www.bluelakechem.com\/wp-content\/uploads\/2024\/11\/silicone-softening-agent-2-600x450.webp 600w\" sizes=\"(max-width: 1024px) 100vw, 1024px\" \/><\/figure>\n<\/div>\n\n\n\n<div class=\"wp-block-column is-vertically-aligned-center is-layout-flow wp-block-column-is-layout-flow\">\n<h2 class=\"wp-block-heading\">Agente amaciante de silicone Aplica\u00e7\u00f5es:<\/h2>\n\n\n\n<p><strong>Acabamento de tecidos \u00e0 base de algod\u00e3o e celulose<\/strong>: Perfeito para tratar algod\u00e3o, viscose e outras fibras de celulose para aumentar a maciez e a hidrofilicidade.<\/p>\n\n\n\n<p><strong>Tingimento de escapamento<\/strong>: Adequado para uso em banhos de tingimento de exaust\u00e3o, adicionando maciez e preservando as propriedades do tecido.<\/p>\n\n\n\n<p><strong>Acabamento vers\u00e1til<\/strong>: Pode ser usado com agentes de acabamento n\u00e3o i\u00f4nicos e cati\u00f4nicos para diversas necessidades de processamento t\u00eaxtil.<\/p>\n<\/div>\n<\/div>","protected":false},"excerpt":{"rendered":"<p>O amaciante de silicone hidrof\u00edlico de alta estabilidade confere aos tecidos de algod\u00e3o, fibra de viscose e misturas de fibras de celulose uma sensa\u00e7\u00e3o de toque macio, mant\u00e9m a hidrofilicidade instant\u00e2nea, alto teor e alta estabilidade, adequado para o processo de acabamento em v\u00e1rios tipos de equipamentos, como o banho de tingimento de exaust\u00e3o, pode ser usado junto com agentes de acabamento n\u00e3o i\u00f4nicos e cati\u00f4nicos no mesmo banho.<\/p>\n<p><strong>Modelo n\u00ba.<\/strong>76698<\/p>","protected":false},"featured_media":1434,"comment_status":"closed","ping_status":"closed","template":"","meta":{"_acf_changed":false},"material":[26,30],"process":[23,42,24],"product_brand":[],"product_cat":[15],"product_tag":[],"class_list":{"0":"post-645","1":"product","2":"type-product","3":"status-publish","4":"has-post-thumbnail","6":"material-cotton-agent","7":"material-viscose-chemicals","8":"process-textile-finishing-chemicals","9":"process-softener","10":"process-silicone-oil","11":"product_cat-uncategorized","13":"first","14":"instock","15":"shipping-taxable","16":"product-type-simple"},"acf":[],"_links":{"self":[{"href":"https:\/\/www.bluelakechem.com\/pt\/wp-json\/wp\/v2\/product\/645","targetHints":{"allow":["GET"]}}],"collection":[{"href":"https:\/\/www.bluelakechem.com\/pt\/wp-json\/wp\/v2\/product"}],"about":[{"href":"https:\/\/www.bluelakechem.com\/pt\/wp-json\/wp\/v2\/types\/product"}],"replies":[{"embeddable":true,"href":"https:\/\/www.bluelakechem.com\/pt\/wp-json\/wp\/v2\/comments?post=645"}],"wp:featuredmedia":[{"embeddable":true,"href":"https:\/\/www.bluelakechem.com\/pt\/wp-json\/wp\/v2\/media\/1434"}],"wp:attachment":[{"href":"https:\/\/www.bluelakechem.com\/pt\/wp-json\/wp\/v2\/media?parent=645"}],"wp:term":[{"taxonomy":"material","embeddable":true,"href":"https:\/\/www.bluelakechem.com\/pt\/wp-json\/wp\/v2\/material?post=645"},{"taxonomy":"process","embeddable":true,"href":"https:\/\/www.bluelakechem.com\/pt\/wp-json\/wp\/v2\/process?post=645"},{"taxonomy":"product_brand","embeddable":true,"href":"https:\/\/www.bluelakechem.com\/pt\/wp-json\/wp\/v2\/product_brand?post=645"},{"taxonomy":"product_cat","embeddable":true,"href":"https:\/\/www.bluelakechem.com\/pt\/wp-json\/wp\/v2\/product_cat?post=645"},{"taxonomy":"product_tag","embeddable":true,"href":"https:\/\/www.bluelakechem.com\/pt\/wp-json\/wp\/v2\/product_tag?post=645"}],"curies":[{"name":"wp","href":"https:\/\/api.w.org\/{rel}","templated":true}]}}