{"id":646,"date":"2024-11-29T07:29:58","date_gmt":"2024-11-29T07:29:58","guid":{"rendered":"https:\/\/www.bluelakechem.com\/?post_type=product&#038;p=646"},"modified":"2025-01-17T12:23:28","modified_gmt":"2025-01-17T12:23:28","slug":"polyester-and-fabric-softener","status":"publish","type":"product","link":"https:\/\/www.bluelakechem.com\/pt\/product\/polyester-and-fabric-softener\/","title":{"rendered":"Agente de acabamento de poli\u00e9ster e amaciante de tecidos"},"content":{"rendered":"<div class=\"wp-block-columns is-layout-flex wp-container-core-columns-is-layout-9d6595d7 wp-block-columns-is-layout-flex\">\n<div class=\"wp-block-column is-layout-flow wp-block-column-is-layout-flow\" style=\"flex-basis:50%\">\n<h2 class=\"wp-block-heading\">Caracter\u00edsticas do poli\u00e9ster e do amaciante de roupas:<\/h2>\n\n\n\n<p><strong>Melhoria do sucesso do cochilo: <\/strong>Garante um cochilo suave e consistente com uma sensa\u00e7\u00e3o suave e confort\u00e1vel ao toque.<\/p>\n\n\n\n<p><strong>Hidrofilicidade aprimorada:<\/strong> Aumenta as propriedades de absor\u00e7\u00e3o de \u00e1gua das fibras de poli\u00e9ster, melhorando o desempenho geral do tecido.<\/p>\n\n\n\n<p><strong>Aplica\u00e7\u00e3o vers\u00e1til: <\/strong>Adequado para tecidos mistos de poli\u00e9ster\/algod\u00e3o, perfeito para processos de cochilo em acabamento t\u00eaxtil.<\/p>\n\n\n\n<p><strong>Amaciamento superior:<\/strong> Proporciona uma textura luxuosa e suave aos tecidos, melhorando o conforto geral e a qualidade do produto acabado.<\/p>\n<\/div>\n\n\n\n<div class=\"wp-block-column is-layout-flow wp-block-column-is-layout-flow\" style=\"flex-basis:50%\">\n<figure class=\"wp-block-embed is-type-video is-provider-youtube wp-block-embed-youtube wp-embed-aspect-16-9 wp-has-aspect-ratio\"><div class=\"wp-block-embed__wrapper\">\n<iframe title=\"O segredo da f\u00e1brica de tingimento de toalhas macias de venda quente.#\u00eaxtilind\u00fastria #\u00eaxtilauxiliares\" width=\"500\" height=\"281\" src=\"https:\/\/www.youtube.com\/embed\/xFdiRbR8BXY?feature=oembed\" frameborder=\"0\" allow=\"accelerometer; autoplay; clipboard-write; encrypted-media; gyroscope; picture-in-picture; web-share\" referrerpolicy=\"strict-origin-when-cross-origin\" allowfullscreen><\/iframe>\n<\/div><\/figure>\n<\/div>\n<\/div>\n\n\n\n<div class=\"wp-block-columns is-layout-flex wp-container-core-columns-is-layout-9d6595d7 wp-block-columns-is-layout-flex\">\n<div class=\"wp-block-column is-layout-flow wp-block-column-is-layout-flow\">\n<figure class=\"wp-block-image size-full is-style-default\"><img decoding=\"async\" width=\"800\" height=\"600\" src=\"https:\/\/www.bluelakechem.com\/wp-content\/uploads\/2024\/11\/polyester-and-fabric-softener-1.webp\" alt=\"poli\u00e9ster e amaciante de roupas\" class=\"wp-image-648\" srcset=\"https:\/\/www.bluelakechem.com\/wp-content\/uploads\/2024\/11\/polyester-and-fabric-softener-1.webp 800w, https:\/\/www.bluelakechem.com\/wp-content\/uploads\/2024\/11\/polyester-and-fabric-softener-1-300x225.webp 300w, https:\/\/www.bluelakechem.com\/wp-content\/uploads\/2024\/11\/polyester-and-fabric-softener-1-768x576.webp 768w, https:\/\/www.bluelakechem.com\/wp-content\/uploads\/2024\/11\/polyester-and-fabric-softener-1-600x450.webp 600w\" sizes=\"(max-width: 800px) 100vw, 800px\" \/><\/figure>\n<\/div>\n\n\n\n<div class=\"wp-block-column is-vertically-aligned-center is-layout-flow wp-block-column-is-layout-flow\">\n<h2 class=\"wp-block-heading\">Aplica\u00e7\u00f5es de poli\u00e9ster e amaciante de roupas:<\/h2>\n\n\n\n<p><strong>Processo de cochilo<\/strong>: Perfeito para ser usado antes do processo de cochilo para preparar o tecido para um desempenho ideal.<\/p>\n\n\n\n<p><strong>Amaciamento de tecidos<\/strong>: Usado em f\u00e1bricas t\u00eaxteis para amaciar misturas de poli\u00e9ster e algod\u00e3o, melhorando o toque e a durabilidade do tecido.<\/p>\n<\/div>\n<\/div>\n\n\n\n<p><\/p>","protected":false},"excerpt":{"rendered":"<p>O poli\u00e9ster e o amaciante de tecidos podem ser usados no processo de acabamento macio antes do processo de cochilo, tornando o cochilo bem-sucedido, com sensa\u00e7\u00e3o de toque suave e confort\u00e1vel, e melhorando a hidrofilicidade do poli\u00e9ster.<\/p>\n<p><strong>Modelo n\u00ba.<\/strong>30317<\/p>","protected":false},"featured_media":1444,"comment_status":"closed","ping_status":"closed","template":"","meta":{"_acf_changed":false},"material":[27],"process":[23,42],"product_brand":[],"product_cat":[15],"product_tag":[],"class_list":{"0":"post-646","1":"product","2":"type-product","3":"status-publish","4":"has-post-thumbnail","6":"material-polyester-chemicals","7":"process-textile-finishing-chemicals","8":"process-softener","9":"product_cat-uncategorized","11":"first","12":"instock","13":"shipping-taxable","14":"product-type-simple"},"acf":[],"_links":{"self":[{"href":"https:\/\/www.bluelakechem.com\/pt\/wp-json\/wp\/v2\/product\/646","targetHints":{"allow":["GET"]}}],"collection":[{"href":"https:\/\/www.bluelakechem.com\/pt\/wp-json\/wp\/v2\/product"}],"about":[{"href":"https:\/\/www.bluelakechem.com\/pt\/wp-json\/wp\/v2\/types\/product"}],"replies":[{"embeddable":true,"href":"https:\/\/www.bluelakechem.com\/pt\/wp-json\/wp\/v2\/comments?post=646"}],"wp:featuredmedia":[{"embeddable":true,"href":"https:\/\/www.bluelakechem.com\/pt\/wp-json\/wp\/v2\/media\/1444"}],"wp:attachment":[{"href":"https:\/\/www.bluelakechem.com\/pt\/wp-json\/wp\/v2\/media?parent=646"}],"wp:term":[{"taxonomy":"material","embeddable":true,"href":"https:\/\/www.bluelakechem.com\/pt\/wp-json\/wp\/v2\/material?post=646"},{"taxonomy":"process","embeddable":true,"href":"https:\/\/www.bluelakechem.com\/pt\/wp-json\/wp\/v2\/process?post=646"},{"taxonomy":"product_brand","embeddable":true,"href":"https:\/\/www.bluelakechem.com\/pt\/wp-json\/wp\/v2\/product_brand?post=646"},{"taxonomy":"product_cat","embeddable":true,"href":"https:\/\/www.bluelakechem.com\/pt\/wp-json\/wp\/v2\/product_cat?post=646"},{"taxonomy":"product_tag","embeddable":true,"href":"https:\/\/www.bluelakechem.com\/pt\/wp-json\/wp\/v2\/product_tag?post=646"}],"curies":[{"name":"wp","href":"https:\/\/api.w.org\/{rel}","templated":true}]}}