{"id":681,"date":"2024-11-29T12:09:22","date_gmt":"2024-11-29T12:09:22","guid":{"rendered":"https:\/\/www.bluelakechem.com\/?post_type=product&#038;p=681"},"modified":"2025-01-17T11:56:58","modified_gmt":"2025-01-17T11:56:58","slug":"anti-bacterial-agents","status":"publish","type":"product","link":"https:\/\/www.bluelakechem.com\/pt\/product\/anti-bacterial-agents\/","title":{"rendered":"Agentes antibacterianos Agente de acabamento para v\u00e1rios tecidos"},"content":{"rendered":"<div class=\"wp-block-columns is-layout-flex wp-container-core-columns-is-layout-9d6595d7 wp-block-columns-is-layout-flex\">\n<div class=\"wp-block-column is-layout-flow wp-block-column-is-layout-flow\" style=\"flex-basis:50%\">\n<h2 class=\"wp-block-heading\">Agentes antibacterianos Caracter\u00edsticas:<\/h2>\n\n\n\n<p><strong>Antibacteriano de amplo espectro<\/strong>: Oferece prote\u00e7\u00e3o antibacteriana de alta efici\u00eancia, eficaz contra uma ampla gama de bact\u00e9rias e v\u00edrus.<\/p>\n\n\n\n<p><strong>Antif\u00fangico e desodorizante<\/strong>: Oferece prote\u00e7\u00e3o adicional contra fungos e ajuda a reduzir o odor, mantendo os tecidos frescos.<\/p>\n\n\n\n<p><strong>Efic\u00e1cia duradoura<\/strong>: Mant\u00e9m a efic\u00e1cia antibacteriana ap\u00f3s at\u00e9 <strong>50 lavagens<\/strong>tornando-o altamente dur\u00e1vel e econ\u00f4mico.<\/p>\n\n\n\n<p><strong>Alternativa econ\u00f4mica<\/strong>: Mais acess\u00edvel do que os agentes antibacterianos \u00e0 base de \u00edons de prata, oferecendo excelente valor sem sacrificar o desempenho.<\/p>\n\n\n\n<p><strong>Prote\u00e7\u00e3o lav\u00e1vel<\/strong>: O efeito antibacteriano permanece intacto mesmo ap\u00f3s repetidas lavagens, o que o torna adequado para o uso di\u00e1rio em t\u00eaxteis.<\/p>\n<\/div>\n\n\n\n<div class=\"wp-block-column is-layout-flow wp-block-column-is-layout-flow\" style=\"flex-basis:50%\">\n<figure class=\"wp-block-embed is-type-video is-provider-youtube wp-block-embed-youtube wp-embed-aspect-16-9 wp-has-aspect-ratio\"><div class=\"wp-block-embed__wrapper\">\n<iframe title=\"Tratados com agente de acabamento antibacteriano, os tecidos est\u00e3o vendendo melhor#\u00eaxtilqu\u00edmicos #antibacteriano\" width=\"500\" height=\"281\" src=\"https:\/\/www.youtube.com\/embed\/87gzt-r3Rgw?feature=oembed\" frameborder=\"0\" allow=\"accelerometer; autoplay; clipboard-write; encrypted-media; gyroscope; picture-in-picture; web-share\" referrerpolicy=\"strict-origin-when-cross-origin\" allowfullscreen><\/iframe>\n<\/div><\/figure>\n<\/div>\n<\/div>\n\n\n\n<div class=\"wp-block-columns is-layout-flex wp-container-core-columns-is-layout-9d6595d7 wp-block-columns-is-layout-flex\">\n<div class=\"wp-block-column is-layout-flow wp-block-column-is-layout-flow\">\n<figure class=\"wp-block-image size-full is-style-default\"><img decoding=\"async\" width=\"691\" height=\"518\" src=\"https:\/\/www.bluelakechem.com\/wp-content\/uploads\/2024\/11\/anti-bacterial-agents-2.webp\" alt=\"agentes antibacterianos\" class=\"wp-image-684\" srcset=\"https:\/\/www.bluelakechem.com\/wp-content\/uploads\/2024\/11\/anti-bacterial-agents-2.webp 691w, https:\/\/www.bluelakechem.com\/wp-content\/uploads\/2024\/11\/anti-bacterial-agents-2-300x225.webp 300w, https:\/\/www.bluelakechem.com\/wp-content\/uploads\/2024\/11\/anti-bacterial-agents-2-600x450.webp 600w\" sizes=\"(max-width: 691px) 100vw, 691px\" \/><\/figure>\n<\/div>\n\n\n\n<div class=\"wp-block-column is-vertically-aligned-center is-layout-flow wp-block-column-is-layout-flow\">\n<h2 class=\"wp-block-heading\">Agentes antibacterianos Aplica\u00e7\u00f5es:<\/h2>\n\n\n\n<p><strong>T\u00eaxteis para o setor de sa\u00fade<\/strong>: Ideal para uso em tecidos m\u00e9dicos, roupas de cama hospitalares e equipamentos de prote\u00e7\u00e3o individual (EPI) para proporcionar prote\u00e7\u00e3o antibacteriana e antif\u00fangica.<\/p>\n\n\n\n<p><strong>Vestu\u00e1rio<\/strong>: Perfeito para roupas esportivas e de uso di\u00e1rio para evitar o crescimento de odores, bact\u00e9rias e fungos.<\/p>\n\n\n\n<p><strong>T\u00eaxteis para o lar<\/strong>: Pode ser aplicado em roupas de cama, cortinas, estofados e outros tecidos dom\u00e9sticos para proporcionar prote\u00e7\u00e3o duradoura contra bact\u00e9rias e odores.<\/p>\n\n\n\n<p><strong>T\u00eaxteis industriais e comerciais<\/strong>: Adequado para roupas de trabalho, uniformes e outros tecidos usados em ambientes onde s\u00e3o necess\u00e1rias propriedades antibacterianas e desodorizantes.<\/p>\n<\/div>\n<\/div>","protected":false},"excerpt":{"rendered":"<p>Os agentes antibacterianos de sal de am\u00f4nio quatern\u00e1rio t\u00eam um efeito antibacteriano de alta efici\u00eancia e amplo espectro e conferem aos t\u00eaxteis efeitos antif\u00fangicos e desodorantes.<br \/>Ao testar v\u00e1rios tipos de tecidos, ele inibe efetivamente a sobreviv\u00eancia e a reprodu\u00e7\u00e3o de v\u00edrus e bact\u00e9rias em tecidos, tem um efeito antibacteriano lav\u00e1vel e permanece eficaz ap\u00f3s 50 lavagens.<br \/>Em compara\u00e7\u00e3o com os agentes antibacterianos de \u00edons de prata, os custos s\u00e3o menores. Custo-benef\u00edcio.<\/p>\n<p><strong>Modelo n\u00ba.<\/strong>44570<\/p>","protected":false},"featured_media":1433,"comment_status":"closed","ping_status":"closed","template":"","meta":{"_acf_changed":false},"material":[26,27,28,29,30,31,32,33,34],"process":[23,25],"product_brand":[],"product_cat":[15],"product_tag":[],"class_list":{"0":"post-681","1":"product","2":"type-product","3":"status-publish","4":"has-post-thumbnail","6":"material-cotton-agent","7":"material-polyester-chemicals","8":"material-nylon-agent","9":"material-acrylic-chemicals","10":"material-viscose-chemicals","11":"material-wool-auxiliary","12":"material-linen-chemicals","13":"material-silk-chemicals","14":"material-fabric-chemicals","15":"process-textile-finishing-chemicals","16":"process-textile-finishing-agent","17":"product_cat-uncategorized","19":"first","20":"instock","21":"shipping-taxable","22":"product-type-simple"},"acf":[],"_links":{"self":[{"href":"https:\/\/www.bluelakechem.com\/pt\/wp-json\/wp\/v2\/product\/681","targetHints":{"allow":["GET"]}}],"collection":[{"href":"https:\/\/www.bluelakechem.com\/pt\/wp-json\/wp\/v2\/product"}],"about":[{"href":"https:\/\/www.bluelakechem.com\/pt\/wp-json\/wp\/v2\/types\/product"}],"replies":[{"embeddable":true,"href":"https:\/\/www.bluelakechem.com\/pt\/wp-json\/wp\/v2\/comments?post=681"}],"wp:featuredmedia":[{"embeddable":true,"href":"https:\/\/www.bluelakechem.com\/pt\/wp-json\/wp\/v2\/media\/1433"}],"wp:attachment":[{"href":"https:\/\/www.bluelakechem.com\/pt\/wp-json\/wp\/v2\/media?parent=681"}],"wp:term":[{"taxonomy":"material","embeddable":true,"href":"https:\/\/www.bluelakechem.com\/pt\/wp-json\/wp\/v2\/material?post=681"},{"taxonomy":"process","embeddable":true,"href":"https:\/\/www.bluelakechem.com\/pt\/wp-json\/wp\/v2\/process?post=681"},{"taxonomy":"product_brand","embeddable":true,"href":"https:\/\/www.bluelakechem.com\/pt\/wp-json\/wp\/v2\/product_brand?post=681"},{"taxonomy":"product_cat","embeddable":true,"href":"https:\/\/www.bluelakechem.com\/pt\/wp-json\/wp\/v2\/product_cat?post=681"},{"taxonomy":"product_tag","embeddable":true,"href":"https:\/\/www.bluelakechem.com\/pt\/wp-json\/wp\/v2\/product_tag?post=681"}],"curies":[{"name":"wp","href":"https:\/\/api.w.org\/{rel}","templated":true}]}}