{"id":975,"date":"2025-01-17T12:20:50","date_gmt":"2025-01-17T12:20:50","guid":{"rendered":"https:\/\/www.bluelakechem.com\/?post_type=product&#038;p=975"},"modified":"2025-01-17T12:20:52","modified_gmt":"2025-01-17T12:20:52","slug":"scouring-agent-in-textile","status":"publish","type":"product","link":"https:\/\/www.bluelakechem.com\/pt\/product\/scouring-agent-in-textile\/","title":{"rendered":"Agente de limpeza com baixa forma\u00e7\u00e3o de espuma em t\u00eaxteis para pr\u00e9-tratamento de algod\u00e3o"},"content":{"rendered":"<div class=\"wp-block-columns is-layout-flex wp-container-core-columns-is-layout-9d6595d7 wp-block-columns-is-layout-flex\">\n<div class=\"wp-block-column is-layout-flow wp-block-column-is-layout-flow\" style=\"flex-basis:50%\">\n<h2 class=\"wp-block-heading\">Caracter\u00edsticas do agente de limpeza em t\u00eaxteis:<\/h2>\n\n\n\n<p><strong>Alta efici\u00eancia de lavagem: <\/strong>Esse agente de limpeza tem excelente desempenho de limpeza e apenas uma pequena quantidade de t\u00eaxteis \u00e9 necess\u00e1ria para remover efetivamente impurezas e ceras de tecidos de algod\u00e3o e misturas de algod\u00e3o, preparando-os para processos subsequentes.<\/p>\n\n\n\n<p><strong>Efeito capilar aprimorado: <\/strong>No teste de efeito capilar, ele atinge uma altura de mais de 15 cm com uma pequena dosagem, garantindo excelente absor\u00e7\u00e3o e distribui\u00e7\u00e3o de umidade, o que \u00e9 essencial para o tingimento e o acabamento.<\/p>\n\n\n\n<p><strong>Propriedades de baixa forma\u00e7\u00e3o de espuma: <\/strong>Reduz os problemas relacionados \u00e0 espuma e melhora a efici\u00eancia operacional durante a lavagem.<\/p>\n\n\n\n<p><strong>Adequado para algod\u00e3o e misturas de algod\u00e3o: <\/strong>Especialmente formulado para aprimorar o processo de lavagem de tecidos de algod\u00e3o 100% e misturas de algod\u00e3o e poli\u00e9ster, garantindo versatilidade no pr\u00e9-tratamento t\u00eaxtil.<\/p>\n\n\n\n<p><strong>Melhora a brancura e a absor\u00e7\u00e3o:<\/strong> Melhora a brancura do algod\u00e3o e aumenta a absor\u00e7\u00e3o do tecido, ajudando a obter resultados de tingimento vibrantes e uniformes<\/p>\n\n\n\n<p><strong>Ecologicamente correto:<\/strong> Projetado com a sustentabilidade em mente, reduzindo o consumo de \u00e1gua e energia ao simplificar o processo de lavagem.<\/p>\n<\/div>\n\n\n\n<div class=\"wp-block-column is-layout-flow wp-block-column-is-layout-flow\" style=\"flex-basis:50%\">\n<figure class=\"wp-block-embed is-type-video is-provider-youtube wp-block-embed-youtube wp-embed-aspect-16-9 wp-has-aspect-ratio\"><div class=\"wp-block-embed__wrapper\">\n<iframe title=\"Produtos qu\u00edmicos para t\u00eaxteis|Agente de limpeza, excelente desempenho de umecta\u00e7\u00e3o e efeito de limpeza#pretreatment\" width=\"500\" height=\"281\" src=\"https:\/\/www.youtube.com\/embed\/_gubMDDS-WQ?feature=oembed\" frameborder=\"0\" allow=\"accelerometer; autoplay; clipboard-write; encrypted-media; gyroscope; picture-in-picture; web-share\" referrerpolicy=\"strict-origin-when-cross-origin\" allowfullscreen><\/iframe>\n<\/div><\/figure>\n<\/div>\n<\/div>\n\n\n\n<div class=\"wp-block-columns is-layout-flex wp-container-core-columns-is-layout-9d6595d7 wp-block-columns-is-layout-flex\">\n<div class=\"wp-block-column is-layout-flow wp-block-column-is-layout-flow\">\n<figure class=\"wp-block-image size-full\"><img decoding=\"async\" width=\"1200\" height=\"900\" src=\"https:\/\/www.bluelakechem.com\/wp-content\/uploads\/2025\/01\/Cotton-Scouring-Agent-in-Textile.webp\" alt=\"Agente de limpeza de algod\u00e3o em t\u00eaxteis\" class=\"wp-image-1399\" srcset=\"https:\/\/www.bluelakechem.com\/wp-content\/uploads\/2025\/01\/Cotton-Scouring-Agent-in-Textile.webp 1200w, https:\/\/www.bluelakechem.com\/wp-content\/uploads\/2025\/01\/Cotton-Scouring-Agent-in-Textile-300x225.webp 300w, https:\/\/www.bluelakechem.com\/wp-content\/uploads\/2025\/01\/Cotton-Scouring-Agent-in-Textile-768x576.webp 768w, https:\/\/www.bluelakechem.com\/wp-content\/uploads\/2025\/01\/Cotton-Scouring-Agent-in-Textile-16x12.webp 16w, https:\/\/www.bluelakechem.com\/wp-content\/uploads\/2025\/01\/Cotton-Scouring-Agent-in-Textile-600x450.webp 600w\" sizes=\"(max-width: 1200px) 100vw, 1200px\" \/><\/figure>\n<\/div>\n\n\n\n<div class=\"wp-block-column is-vertically-aligned-center is-layout-flow wp-block-column-is-layout-flow\">\n<h2 class=\"wp-block-heading\">Agente de limpeza em aplica\u00e7\u00f5es t\u00eaxteis:<\/h2>\n\n\n\n<p><strong>Pr\u00e9-tratamento de tecido de algod\u00e3o:<\/strong> Usado na etapa de limpeza para remover impurezas como \u00f3leos, ceras e res\u00edduos naturais.<\/p>\n\n\n\n<p><strong>Ind\u00fastria t\u00eaxtil: <\/strong>Aplicado em v\u00e1rios processos t\u00eaxteis, inclusive na prepara\u00e7\u00e3o para lavagem e tingimento.<\/p>\n\n\n\n<p><strong>Melhoria dos resultados de tingimento: <\/strong>Ajuda a garantir melhor absor\u00e7\u00e3o do corante, resultando em cores mais vibrantes e uniformes nos tecidos.<\/p>\n\n\n\n<p><strong>Limpeza de superf\u00edcies t\u00eaxteis:<\/strong> Garante que as superf\u00edcies do tecido estejam livres de contaminantes antes do processamento posterior.<\/p>\n\n\n\n<p><strong>Processamento de misturas t\u00eaxteis: <\/strong>Agente de limpeza em t\u00eaxteis adequado para uso com misturas de algod\u00e3o, aprimorando os resultados de limpeza sem danificar.<\/p>\n\n\n\n<p><strong>Aplica\u00e7\u00f5es espec\u00edficas:<\/strong> Os agentes de limpeza em t\u00eaxteis removem as impurezas de camisetas de algod\u00e3o, jeans, roupas de cama, roupas esportivas, roupas de trabalho e roupas de beb\u00ea, melhorando a maciez, a limpeza e a cor, deixando-as prontas para processamento posterior.<\/p>\n<\/div>\n<\/div>\n\n\n\n<p><\/p>","protected":false},"excerpt":{"rendered":"<p>Esse agente de limpeza de alta efici\u00eancia em t\u00eaxteis \u00e9 perfeito para tecidos de algod\u00e3o. Uma pequena dosagem pode atingir mais de 15 cm no teste de efeito capilar, melhorando o processo de limpeza de algod\u00e3o e misturas de algod\u00e3o. Ele aumenta a efici\u00eancia da limpeza e melhora o desempenho do pr\u00e9-tratamento t\u00eaxtil.<\/p>\n<p><strong>Modelo n\u00ba.<\/strong>11050<\/p>","protected":false},"featured_media":1443,"comment_status":"closed","ping_status":"closed","template":"","meta":{"_acf_changed":false},"material":[26],"process":[17,19],"product_brand":[],"product_cat":[15],"product_tag":[],"class_list":{"0":"post-975","1":"product","2":"type-product","3":"status-publish","4":"has-post-thumbnail","6":"material-cotton-agent","7":"process-pretreatment-auxiliaries","8":"process-scouring-agent","9":"product_cat-uncategorized","11":"first","12":"instock","13":"shipping-taxable","14":"product-type-simple"},"acf":[],"_links":{"self":[{"href":"https:\/\/www.bluelakechem.com\/pt\/wp-json\/wp\/v2\/product\/975","targetHints":{"allow":["GET"]}}],"collection":[{"href":"https:\/\/www.bluelakechem.com\/pt\/wp-json\/wp\/v2\/product"}],"about":[{"href":"https:\/\/www.bluelakechem.com\/pt\/wp-json\/wp\/v2\/types\/product"}],"replies":[{"embeddable":true,"href":"https:\/\/www.bluelakechem.com\/pt\/wp-json\/wp\/v2\/comments?post=975"}],"wp:featuredmedia":[{"embeddable":true,"href":"https:\/\/www.bluelakechem.com\/pt\/wp-json\/wp\/v2\/media\/1443"}],"wp:attachment":[{"href":"https:\/\/www.bluelakechem.com\/pt\/wp-json\/wp\/v2\/media?parent=975"}],"wp:term":[{"taxonomy":"material","embeddable":true,"href":"https:\/\/www.bluelakechem.com\/pt\/wp-json\/wp\/v2\/material?post=975"},{"taxonomy":"process","embeddable":true,"href":"https:\/\/www.bluelakechem.com\/pt\/wp-json\/wp\/v2\/process?post=975"},{"taxonomy":"product_brand","embeddable":true,"href":"https:\/\/www.bluelakechem.com\/pt\/wp-json\/wp\/v2\/product_brand?post=975"},{"taxonomy":"product_cat","embeddable":true,"href":"https:\/\/www.bluelakechem.com\/pt\/wp-json\/wp\/v2\/product_cat?post=975"},{"taxonomy":"product_tag","embeddable":true,"href":"https:\/\/www.bluelakechem.com\/pt\/wp-json\/wp\/v2\/product_tag?post=975"}],"curies":[{"name":"wp","href":"https:\/\/api.w.org\/{rel}","templated":true}]}}