{"id":981,"date":"2024-12-17T08:48:38","date_gmt":"2024-12-17T08:48:38","guid":{"rendered":"https:\/\/www.bluelakechem.com\/?post_type=product&#038;p=981"},"modified":"2025-01-17T12:47:10","modified_gmt":"2025-01-17T12:47:10","slug":"degreasing-agents","status":"publish","type":"product","link":"https:\/\/www.bluelakechem.com\/pt\/product\/degreasing-agents\/","title":{"rendered":"Agentes desengordurantes Produtos qu\u00edmicos para tecidos para pr\u00e9-tratamento de nylon, poli\u00e9ster e spandex"},"content":{"rendered":"<div class=\"wp-block-columns is-layout-flex wp-container-core-columns-is-layout-9d6595d7 wp-block-columns-is-layout-flex\">\n<div class=\"wp-block-column is-layout-flow wp-block-column-is-layout-flow\" style=\"flex-basis:50%\">\n<h2 class=\"wp-block-heading\">Agentes desengordurantes Caracter\u00edsticas:<\/h2>\n\n\n\n<p><strong>Eficaz em nylon e misturas: <\/strong>Formulado para desengordurar tecidos de n\u00e1ilon, n\u00e1ilon\/spandex e poli\u00e9ster\/spandex, garantindo que estejam limpos e prontos para processamento posterior.<\/p>\n\n\n\n<p><strong>Desengorduramento eficiente: <\/strong>Remove graxa e outros contaminantes do n\u00e1ilon e de tecidos mistos, garantindo que o material esteja limpo e pronto para tingimento, impress\u00e3o ou acabamento.<\/p>\n\n\n\n<p><strong>Melhora a qualidade do tecido:<\/strong> Melhora a textura e a capacidade de tingimento do tecido ao limpar completamente as fibras, resultando em resultados mais suaves e uniformes no processamento subsequente.<\/p>\n\n\n\n<p><strong>Melhora a absor\u00e7\u00e3o do corante: <\/strong>Prepara o nylon e os tecidos mistos para o tingimento, removendo as impurezas que podem interferir na absor\u00e7\u00e3o do corante, garantindo uma colora\u00e7\u00e3o uniforme e vibrante.<\/p>\n\n\n\n<h2 class=\"wp-block-heading\">Agentes desengordurantes Aplica\u00e7\u00f5es:<\/h2>\n\n\n\n<p><strong>Nylon e misturas de nylon:<\/strong> Os agentes desengordurantes s\u00e3o agentes de limpeza indispens\u00e1veis para o pr\u00e9-tratamento de fibras de n\u00e1ilon e misturas de n\u00e1ilon e spandex.<br><br><strong>Tratamento de poli\u00e9ster\/spandex: <\/strong>Particularmente adequado para o pr\u00e9-tratamento de tecidos de alto desempenho, como roupas esportivas e funcionais com mistura de poli\u00e9ster\/spandex.<br><br><strong>Processos de tingimento e acabamento: <\/strong>suporta o desengorduramento e o tingimento simult\u00e2neos para garantir tecidos limpos e melhorar a qualidade e a uniformidade do tingimento.<br><br><strong>Aplicativos de produ\u00e7\u00e3o industrializados:<\/strong> amplamente utilizado em vestu\u00e1rio, t\u00eaxteis dom\u00e9sticos e processamento de t\u00eaxteis funcionais de alta qualidade, adequado para necessidades de produ\u00e7\u00e3o em larga escala.<\/p>\n<\/div>\n\n\n\n<div class=\"wp-block-column is-layout-flow wp-block-column-is-layout-flow\" style=\"flex-basis:50%\">\n<figure class=\"wp-block-image size-full\"><img decoding=\"async\" width=\"800\" height=\"800\" src=\"https:\/\/www.bluelakechem.com\/wp-content\/uploads\/2024\/12\/Degreasing-Agents-1.webp\" alt=\"Agentes desengordurantes\" class=\"wp-image-1457\" srcset=\"https:\/\/www.bluelakechem.com\/wp-content\/uploads\/2024\/12\/Degreasing-Agents-1.webp 800w, https:\/\/www.bluelakechem.com\/wp-content\/uploads\/2024\/12\/Degreasing-Agents-1-300x300.webp 300w, https:\/\/www.bluelakechem.com\/wp-content\/uploads\/2024\/12\/Degreasing-Agents-1-150x150.webp 150w, https:\/\/www.bluelakechem.com\/wp-content\/uploads\/2024\/12\/Degreasing-Agents-1-768x768.webp 768w, https:\/\/www.bluelakechem.com\/wp-content\/uploads\/2024\/12\/Degreasing-Agents-1-12x12.webp 12w, https:\/\/www.bluelakechem.com\/wp-content\/uploads\/2024\/12\/Degreasing-Agents-1-600x600.webp 600w, https:\/\/www.bluelakechem.com\/wp-content\/uploads\/2024\/12\/Degreasing-Agents-1-100x100.webp 100w\" sizes=\"(max-width: 800px) 100vw, 800px\" \/><\/figure>\n<\/div>\n<\/div>\n\n\n\n<div class=\"wp-block-columns is-layout-flex wp-container-core-columns-is-layout-9d6595d7 wp-block-columns-is-layout-flex\">\n<div class=\"wp-block-column is-vertically-aligned-center is-layout-flow wp-block-column-is-layout-flow\"><\/div>\n<\/div>\n\n\n\n<p><\/p>","protected":false},"excerpt":{"rendered":"<p>Os agentes desengordurantes s\u00e3o projetados para tecidos de n\u00e1ilon, n\u00e1ilon\/espandex e poli\u00e9ster\/espandex, proporcionando excepcional remo\u00e7\u00e3o de \u00f3leo para v\u00e1rias misturas de n\u00e1ilon. Esses agentes garantem um processo de desengorduramento completo, aprimorando a limpeza do tecido e melhorando o desempenho do tingimento.<\/p>\n<p><strong>Modelo n\u00ba.<\/strong>10072<\/p>","protected":false},"featured_media":1457,"comment_status":"closed","ping_status":"closed","template":"","meta":{"_acf_changed":false},"material":[27,28,34],"process":[17,35],"product_brand":[],"product_cat":[15],"product_tag":[],"class_list":{"0":"post-981","1":"product","2":"type-product","3":"status-publish","4":"has-post-thumbnail","6":"material-polyester-chemicals","7":"material-nylon-agent","8":"material-fabric-chemicals","9":"process-pretreatment-auxiliaries","10":"process-degreasing-agent","11":"product_cat-uncategorized","13":"first","14":"instock","15":"shipping-taxable","16":"product-type-simple"},"acf":[],"_links":{"self":[{"href":"https:\/\/www.bluelakechem.com\/pt\/wp-json\/wp\/v2\/product\/981","targetHints":{"allow":["GET"]}}],"collection":[{"href":"https:\/\/www.bluelakechem.com\/pt\/wp-json\/wp\/v2\/product"}],"about":[{"href":"https:\/\/www.bluelakechem.com\/pt\/wp-json\/wp\/v2\/types\/product"}],"replies":[{"embeddable":true,"href":"https:\/\/www.bluelakechem.com\/pt\/wp-json\/wp\/v2\/comments?post=981"}],"wp:featuredmedia":[{"embeddable":true,"href":"https:\/\/www.bluelakechem.com\/pt\/wp-json\/wp\/v2\/media\/1457"}],"wp:attachment":[{"href":"https:\/\/www.bluelakechem.com\/pt\/wp-json\/wp\/v2\/media?parent=981"}],"wp:term":[{"taxonomy":"material","embeddable":true,"href":"https:\/\/www.bluelakechem.com\/pt\/wp-json\/wp\/v2\/material?post=981"},{"taxonomy":"process","embeddable":true,"href":"https:\/\/www.bluelakechem.com\/pt\/wp-json\/wp\/v2\/process?post=981"},{"taxonomy":"product_brand","embeddable":true,"href":"https:\/\/www.bluelakechem.com\/pt\/wp-json\/wp\/v2\/product_brand?post=981"},{"taxonomy":"product_cat","embeddable":true,"href":"https:\/\/www.bluelakechem.com\/pt\/wp-json\/wp\/v2\/product_cat?post=981"},{"taxonomy":"product_tag","embeddable":true,"href":"https:\/\/www.bluelakechem.com\/pt\/wp-json\/wp\/v2\/product_tag?post=981"}],"curies":[{"name":"wp","href":"https:\/\/api.w.org\/{rel}","templated":true}]}}