{"id":983,"date":"2024-12-17T08:47:34","date_gmt":"2024-12-17T08:47:34","guid":{"rendered":"https:\/\/www.bluelakechem.com\/?post_type=product&#038;p=983"},"modified":"2025-06-17T08:25:58","modified_gmt":"2025-06-17T08:25:58","slug":"sequestering-agents","status":"publish","type":"product","link":"https:\/\/www.bluelakechem.com\/pt\/product\/sequestering-agents\/","title":{"rendered":"Agentes sequestrantes Auxiliares de tingimento sem f\u00f3sforo para algod\u00e3o, todos os tecidos"},"content":{"rendered":"<div class=\"wp-block-columns is-layout-flex wp-container-core-columns-is-layout-9d6595d7 wp-block-columns-is-layout-flex\">\n<div class=\"wp-block-column is-layout-flow wp-block-column-is-layout-flow\" style=\"flex-basis:50%\">\n<h2 class=\"wp-block-heading\">Agentes sequestrantes Caracter\u00edsticas:<\/h2>\n\n\n\n<p><strong>Quelata eficazmente os \u00edons met\u00e1licos:<\/strong> Quelata eficazmente uma variedade de \u00edons met\u00e1licos comuns (como c\u00e1lcio, magn\u00e9sio, ferro e cobre) para evitar que eles interfiram nos processos t\u00eaxteis, como lavagem, alvejamento, tingimento e impress\u00e3o.<\/p>\n\n\n\n<p><strong>Efeito de dispers\u00e3o em corantes:<\/strong> Atua como um dispersante de corantes para garantir uma melhor distribui\u00e7\u00e3o do corante e reduzir problemas como colora\u00e7\u00e3o desigual ou estrias.<\/p>\n\n\n\n<p><strong>Ecologicamente correto e biodegrad\u00e1vel: <\/strong>Os agentes quelantes s\u00e3o ecologicamente corretos e biodegrad\u00e1veis, adequados para processos sustent\u00e1veis de fabrica\u00e7\u00e3o de t\u00eaxteis e atendem aos padr\u00f5es ambientais.<\/p>\n\n\n\n<p><strong>Melhora a absor\u00e7\u00e3o do corante e a solidez da cor: <\/strong>Ao impedir que os \u00edons met\u00e1licos reajam com os corantes, ele pode melhorar a absor\u00e7\u00e3o do corante, garantir cores mais uniformes e vivas e melhorar a solidez da cor.<\/p>\n\n\n\n<p><strong>Ampla gama de usos:<\/strong> Adequado para uma variedade de tecidos, incluindo algod\u00e3o, poli\u00e9ster, misturas, seda, l\u00e3, etc.<\/p>\n\n\n\n<h2 class=\"wp-block-heading\">Aplicativos de agentes de sequestro:<\/h2>\n\n\n\n<p><strong>Processos de tingimento e impress\u00e3o:<\/strong> Evita que os \u00edons met\u00e1licos interfiram na absor\u00e7\u00e3o do corante, garantindo cores uniformes e vivas, especialmente em tecidos de algod\u00e3o e poli\u00e9ster.<\/p>\n\n\n\n<p><strong>Lavagem e branqueamento:<\/strong> Os agentes sequestrantes isolam os \u00edons met\u00e1licos na \u00e1gua, garantindo que os processos de lavagem e alvejamento n\u00e3o sejam prejudicados pela dureza da \u00e1gua, resultando em tecidos mais limpos e brilhantes.<\/p>\n\n\n\n<p><strong>Acabamento t\u00eaxtil:<\/strong> Melhora o desempenho dos acabamentos ao evitar intera\u00e7\u00f5es indesejadas de \u00edons met\u00e1licos, garantindo que os tratamentos de acabamento, como amaciantes, repelentes de \u00e1gua ou agentes antirrugas, sejam mais eficazes.<\/p>\n\n\n\n<p><strong>Processos de ensaboamento: <\/strong>Ajuda a sequestrar \u00edons met\u00e1licos que interferem com detergentes de sab\u00e3o, melhorando a limpeza geral e a qualidade dos tecidos.<\/p>\n\n\n\n<p><strong>Gerenciamento da qualidade da \u00e1gua:<\/strong> Ideal para uso em \u00e1reas com \u00e1gua dura, pois reduz os efeitos negativos dos \u00edons met\u00e1licos no processamento t\u00eaxtil e reduz os problemas de produ\u00e7\u00e3o.<\/p>\n\n\n\n<p><strong>Produ\u00e7\u00e3o t\u00eaxtil sustent\u00e1vel:<\/strong> Os agentes sequestrantes sem fosfato ajudam a reduzir a necessidade de tratamentos \u00e0 base de fosfato, atendem aos padr\u00f5es ambientais e regulat\u00f3rios e s\u00e3o adequados para fabricantes focados em pr\u00e1ticas sustent\u00e1veis<\/p>\n<\/div>\n\n\n\n<div class=\"wp-block-column is-layout-flow wp-block-column-is-layout-flow\" style=\"flex-basis:50%\">\n<figure class=\"wp-block-image size-full\"><img decoding=\"async\" width=\"1363\" height=\"1701\" src=\"https:\/\/www.bluelakechem.com\/wp-content\/uploads\/2024\/12\/Sequestering-Agents-Phosphorus-free-Dyeing-Auxiliaries-11035.webp\" alt=\"Agentes sequestrantes Auxiliares de tingimento sem f\u00f3sforo\" class=\"wp-image-2416\" srcset=\"https:\/\/www.bluelakechem.com\/wp-content\/uploads\/2024\/12\/Sequestering-Agents-Phosphorus-free-Dyeing-Auxiliaries-11035.webp 1363w, https:\/\/www.bluelakechem.com\/wp-content\/uploads\/2024\/12\/Sequestering-Agents-Phosphorus-free-Dyeing-Auxiliaries-11035-240x300.webp 240w, https:\/\/www.bluelakechem.com\/wp-content\/uploads\/2024\/12\/Sequestering-Agents-Phosphorus-free-Dyeing-Auxiliaries-11035-768x958.webp 768w, https:\/\/www.bluelakechem.com\/wp-content\/uploads\/2024\/12\/Sequestering-Agents-Phosphorus-free-Dyeing-Auxiliaries-11035-10x12.webp 10w, https:\/\/www.bluelakechem.com\/wp-content\/uploads\/2024\/12\/Sequestering-Agents-Phosphorus-free-Dyeing-Auxiliaries-11035-1200x1498.webp 1200w, https:\/\/www.bluelakechem.com\/wp-content\/uploads\/2024\/12\/Sequestering-Agents-Phosphorus-free-Dyeing-Auxiliaries-11035-600x749.webp 600w\" sizes=\"(max-width: 1363px) 100vw, 1363px\" \/><\/figure>\n<\/div>\n<\/div>\n\n\n\n<div class=\"wp-block-columns is-layout-flex wp-container-core-columns-is-layout-9d6595d7 wp-block-columns-is-layout-flex\">\n<div class=\"wp-block-column is-vertically-aligned-center is-layout-flow wp-block-column-is-layout-flow\"><\/div>\n<\/div>\n\n\n\n<p><\/p>","protected":false},"excerpt":{"rendered":"<p>Os agentes sequestrantes isentos de fosfato quelam com efic\u00e1cia os \u00edons met\u00e1licos comuns, reduzindo os impactos na qualidade da \u00e1gua em processos de lavagem, alvejamento, tingimento, impress\u00e3o, ensaboamento e acabamento. Eles melhoram a dispers\u00e3o do corante, garantem uma colora\u00e7\u00e3o uniforme e s\u00e3o ecologicamente corretos, biodegrad\u00e1veis e ideais para \u00e1reas com restri\u00e7\u00f5es de fosfato.<\/p>\n<p><strong>Modelo n\u00ba.<\/strong>11035<\/p>","protected":false},"featured_media":1458,"comment_status":"closed","ping_status":"closed","template":"","meta":{"_acf_changed":false},"material":[26,27,28,29,30,31,32,33,34],"process":[20,21],"product_brand":[],"product_cat":[15],"product_tag":[],"class_list":{"0":"post-983","1":"product","2":"type-product","3":"status-publish","4":"has-post-thumbnail","6":"material-cotton-agent","7":"material-polyester-chemicals","8":"material-nylon-agent","9":"material-acrylic-chemicals","10":"material-viscose-chemicals","11":"material-wool-auxiliary","12":"material-linen-chemicals","13":"material-silk-chemicals","14":"material-fabric-chemicals","15":"process-dyeing-auxiliaries","16":"process-sequestering-agent","17":"product_cat-uncategorized","19":"first","20":"instock","21":"shipping-taxable","22":"product-type-simple"},"acf":[],"_links":{"self":[{"href":"https:\/\/www.bluelakechem.com\/pt\/wp-json\/wp\/v2\/product\/983","targetHints":{"allow":["GET"]}}],"collection":[{"href":"https:\/\/www.bluelakechem.com\/pt\/wp-json\/wp\/v2\/product"}],"about":[{"href":"https:\/\/www.bluelakechem.com\/pt\/wp-json\/wp\/v2\/types\/product"}],"replies":[{"embeddable":true,"href":"https:\/\/www.bluelakechem.com\/pt\/wp-json\/wp\/v2\/comments?post=983"}],"wp:featuredmedia":[{"embeddable":true,"href":"https:\/\/www.bluelakechem.com\/pt\/wp-json\/wp\/v2\/media\/1458"}],"wp:attachment":[{"href":"https:\/\/www.bluelakechem.com\/pt\/wp-json\/wp\/v2\/media?parent=983"}],"wp:term":[{"taxonomy":"material","embeddable":true,"href":"https:\/\/www.bluelakechem.com\/pt\/wp-json\/wp\/v2\/material?post=983"},{"taxonomy":"process","embeddable":true,"href":"https:\/\/www.bluelakechem.com\/pt\/wp-json\/wp\/v2\/process?post=983"},{"taxonomy":"product_brand","embeddable":true,"href":"https:\/\/www.bluelakechem.com\/pt\/wp-json\/wp\/v2\/product_brand?post=983"},{"taxonomy":"product_cat","embeddable":true,"href":"https:\/\/www.bluelakechem.com\/pt\/wp-json\/wp\/v2\/product_cat?post=983"},{"taxonomy":"product_tag","embeddable":true,"href":"https:\/\/www.bluelakechem.com\/pt\/wp-json\/wp\/v2\/product_tag?post=983"}],"curies":[{"name":"wp","href":"https:\/\/api.w.org\/{rel}","templated":true}]}}