{"id":985,"date":"2024-12-17T08:41:03","date_gmt":"2024-12-17T08:41:03","guid":{"rendered":"https:\/\/www.bluelakechem.com\/?post_type=product&#038;p=985"},"modified":"2024-12-24T02:51:19","modified_gmt":"2024-12-24T02:51:19","slug":"leveling-agent-dyeing","status":"publish","type":"product","link":"https:\/\/www.bluelakechem.com\/pt\/product\/leveling-agent-dyeing\/","title":{"rendered":"Agente de nivelamento P\u00f3 de tingimento para algod\u00e3o com efeito dispersante"},"content":{"rendered":"<div class=\"wp-block-columns is-layout-flex wp-container-core-columns-is-layout-9d6595d7 wp-block-columns-is-layout-flex\">\n<div class=\"wp-block-column is-layout-flow wp-block-column-is-layout-flow\" style=\"flex-basis:50%\">\n<h2 class=\"wp-block-heading\">Agente de nivelamento Caracter\u00edsticas de tingimento:<\/h2>\n\n\n\n<p><strong>Dispersibilidade efetiva do corante:<\/strong> O agente de nivelamento de tingimento melhora a solubilidade e a dispersibilidade dos corantes, o que resulta em uma aplica\u00e7\u00e3o uniforme nos tecidos.<br><strong>Adequado para corantes diretos e reativos:<\/strong> Trabalha com uma variedade de tipos de corantes, especialmente corantes diretos e reativos, para garantir a const\u00e2ncia da cor.<br><strong>Melhora a uniformidade do tingimento:<\/strong> Garante a uniformidade no tingimento sem qualquer esporte ou descolora\u00e7\u00e3o.<br><strong>Seguro para algod\u00e3o e misturas: <\/strong>O Leveling Agent Dyeing foi projetado para proteger o algod\u00e3o e as misturas de algod\u00e3o durante o tingimento sem afetar a integridade do tecido.<br><strong>Evita defeitos de tingimento:<\/strong> Ajuda a diminuir problemas comuns, como listras, manchas e irregularidades no tingimento.<\/p>\n\n\n\n<h2 class=\"wp-block-heading\">Agente de nivelamento Aplica\u00e7\u00f5es de tingimento:<\/h2>\n\n\n\n<p><strong>Tecido de algod\u00e3o tingido: <\/strong>Esse \u00e9 o melhor m\u00e9todo para obter resultados uniformes e de alta qualidade ao tingir tecidos de algod\u00e3o com corantes diretos ou reativos.<br><strong>Tecidos mistos:<\/strong> Muito adequado para tingir misturas de algod\u00e3o com outras fibras, garantindo cores uniformes entre materiais diferentes.<br><strong>Ind\u00fastria t\u00eaxtil: <\/strong>Implementado na produ\u00e7\u00e3o em massa de vestu\u00e1rio, t\u00eaxteis dom\u00e9sticos e tecidos, onde a manuten\u00e7\u00e3o da consist\u00eancia das cores \u00e9 uma necessidade.<br><strong>Ajuste da cor do tecido: <\/strong>O processo \u00e9 normalmente usado no ajuste fino da cor nos est\u00e1gios finais do tingimento, sempre para obter uniformidade.<br><strong>Tingimento ecol\u00f3gico:<\/strong> Refere-se a pr\u00e1ticas de tingimento sustent\u00e1veis, cujo foco \u00e9 ser ecologicamente correto e, ao mesmo tempo, produzir boas cores.<\/p>\n<\/div>\n\n\n\n<div class=\"wp-block-column is-layout-flow wp-block-column-is-layout-flow\" style=\"flex-basis:50%\">\n<figure class=\"wp-block-image size-full\"><img decoding=\"async\" width=\"1000\" height=\"1000\" src=\"https:\/\/www.bluelakechem.com\/wp-content\/uploads\/2024\/12\/Leveling-Agent-Dyeing-Solution.webp\" alt=\"Agente de nivelamento Solu\u00e7\u00e3o de tingimento\" class=\"wp-image-986\" srcset=\"https:\/\/www.bluelakechem.com\/wp-content\/uploads\/2024\/12\/Leveling-Agent-Dyeing-Solution.webp 1000w, https:\/\/www.bluelakechem.com\/wp-content\/uploads\/2024\/12\/Leveling-Agent-Dyeing-Solution-300x300.webp 300w, https:\/\/www.bluelakechem.com\/wp-content\/uploads\/2024\/12\/Leveling-Agent-Dyeing-Solution-150x150.webp 150w, https:\/\/www.bluelakechem.com\/wp-content\/uploads\/2024\/12\/Leveling-Agent-Dyeing-Solution-768x768.webp 768w, https:\/\/www.bluelakechem.com\/wp-content\/uploads\/2024\/12\/Leveling-Agent-Dyeing-Solution-600x600.webp 600w, https:\/\/www.bluelakechem.com\/wp-content\/uploads\/2024\/12\/Leveling-Agent-Dyeing-Solution-100x100.webp 100w\" sizes=\"(max-width: 1000px) 100vw, 1000px\" \/><\/figure>\n<\/div>\n<\/div>","protected":false},"excerpt":{"rendered":"<p>A solu\u00e7\u00e3o de tingimento de agente nivelador para algod\u00e3o melhora a dispersibilidade do corante, garantindo o sucesso do tingimento de corantes diretos e reativos. Ele ajuda a obter um tingimento uniforme, melhorando a qualidade do tecido.<\/p>\n<p><strong>Modelo n\u00ba.<\/strong>10069<\/p>","protected":false},"featured_media":986,"comment_status":"closed","ping_status":"closed","template":"","meta":{"_acf_changed":false},"material":[26],"process":[20,38],"product_brand":[],"product_cat":[15],"product_tag":[],"class_list":{"0":"post-985","1":"product","2":"type-product","3":"status-publish","4":"has-post-thumbnail","6":"material-cotton-agent","7":"process-dyeing-auxiliaries","8":"process-disperse-leveling-agent","9":"product_cat-uncategorized","11":"first","12":"instock","13":"shipping-taxable","14":"product-type-simple"},"acf":[],"_links":{"self":[{"href":"https:\/\/www.bluelakechem.com\/pt\/wp-json\/wp\/v2\/product\/985","targetHints":{"allow":["GET"]}}],"collection":[{"href":"https:\/\/www.bluelakechem.com\/pt\/wp-json\/wp\/v2\/product"}],"about":[{"href":"https:\/\/www.bluelakechem.com\/pt\/wp-json\/wp\/v2\/types\/product"}],"replies":[{"embeddable":true,"href":"https:\/\/www.bluelakechem.com\/pt\/wp-json\/wp\/v2\/comments?post=985"}],"wp:featuredmedia":[{"embeddable":true,"href":"https:\/\/www.bluelakechem.com\/pt\/wp-json\/wp\/v2\/media\/986"}],"wp:attachment":[{"href":"https:\/\/www.bluelakechem.com\/pt\/wp-json\/wp\/v2\/media?parent=985"}],"wp:term":[{"taxonomy":"material","embeddable":true,"href":"https:\/\/www.bluelakechem.com\/pt\/wp-json\/wp\/v2\/material?post=985"},{"taxonomy":"process","embeddable":true,"href":"https:\/\/www.bluelakechem.com\/pt\/wp-json\/wp\/v2\/process?post=985"},{"taxonomy":"product_brand","embeddable":true,"href":"https:\/\/www.bluelakechem.com\/pt\/wp-json\/wp\/v2\/product_brand?post=985"},{"taxonomy":"product_cat","embeddable":true,"href":"https:\/\/www.bluelakechem.com\/pt\/wp-json\/wp\/v2\/product_cat?post=985"},{"taxonomy":"product_tag","embeddable":true,"href":"https:\/\/www.bluelakechem.com\/pt\/wp-json\/wp\/v2\/product_tag?post=985"}],"curies":[{"name":"wp","href":"https:\/\/api.w.org\/{rel}","templated":true}]}}