{"id":992,"date":"2024-12-17T08:40:08","date_gmt":"2024-12-17T08:40:08","guid":{"rendered":"https:\/\/www.bluelakechem.com\/?post_type=product&#038;p=992"},"modified":"2025-06-17T02:01:52","modified_gmt":"2025-06-17T02:01:52","slug":"hydrophilic-silicone-oil","status":"publish","type":"product","link":"https:\/\/www.bluelakechem.com\/pt\/product\/hydrophilic-silicone-oil\/","title":{"rendered":"Amaciante de \u00f3leo de silicone hidrof\u00edlico para acabamento t\u00eaxtil de algod\u00e3o e viscose"},"content":{"rendered":"<div class=\"wp-block-columns is-layout-flex wp-container-core-columns-is-layout-9d6595d7 wp-block-columns-is-layout-flex\">\n<div class=\"wp-block-column is-layout-flow wp-block-column-is-layout-flow\" style=\"flex-basis:50%\">\n<h2 class=\"wp-block-heading\">\u00d3leo de silicone hidrof\u00edlico Caracter\u00edsticas:<\/h2>\n\n\n\n<p><strong>Hidrofilicidade aprimorada:<\/strong> Isso aumenta a absor\u00e7\u00e3o de \u00e1gua em fibras sint\u00e9ticas e de celulose.<br><strong>Efeito suavizante: <\/strong>O \u00f3leo de silicone hidrof\u00edlico proporcionou aos tecidos uma sensa\u00e7\u00e3o suave e macia sem afetar a respirabilidade.<br><strong>Versatilidade:<\/strong> O \u00f3leo de silicone hidrof\u00edlico pode ser aplicado a todos os tipos de fibras, incluindo algod\u00e3o, misturas de algod\u00e3o, viscose e fibras sint\u00e9ticas.<br><strong>Melhora o manuseio do tecido:<\/strong> Ele d\u00e1 aos tecidos uma sensa\u00e7\u00e3o de luxo e seda, melhorando a textura geral.<br><strong>Efeito dur\u00e1vel:<\/strong> Maciez e hidrofilicidade duradouras dos tecidos, mesmo ap\u00f3s repetidas lavagens.<br><strong>Ecologicamente correto:<\/strong> A maioria \u00e9 projetada para ser mais \"ecol\u00f3gica\" do que os amaciantes tradicionais.<\/p>\n\n\n\n<h2 class=\"wp-block-heading\">Aplica\u00e7\u00f5es do \u00f3leo de silicone hidrof\u00edlico:<\/h2>\n\n\n\n<p><strong>Tecidos de celulose e algod\u00e3o:<\/strong> \u00d3leo de silicone hidrof\u00edlico para amaciar e melhorar a absor\u00e7\u00e3o de \u00e1gua de algod\u00e3o, viscose e outros tecidos \u00e0 base de celulose.<br><strong>Tecidos mistos:<\/strong> Melhora a hidrofilicidade de misturas de algod\u00e3o e fibras sint\u00e9ticas, aprimorando o manuseio do tecido e a absor\u00e7\u00e3o de \u00e1gua.<br><strong>Acabamento t\u00eaxtil:<\/strong> \u00c9 de uso comum para dar aos tecidos um toque suave e macio e um aspecto de luxo.<br><strong>Roupas esportivas e toalhas:<\/strong> Perfeito para aprimorar as propriedades de gerenciamento de umidade em roupas esportivas, toalhas e outros tecidos t\u00e9cnicos.<br><strong>Amaciamento ecologicamente correto:<\/strong> O \u00f3leo de silicone hidrof\u00edlico \u00e9 usado em processos t\u00eaxteis que n\u00e3o agridem o meio ambiente como uma alternativa real aos amaciantes tradicionais.<\/p>\n<\/div>\n\n\n\n<div class=\"wp-block-column is-layout-flow wp-block-column-is-layout-flow\" style=\"flex-basis:50%\">\n<figure class=\"wp-block-image size-full\"><img decoding=\"async\" width=\"1080\" height=\"1920\" src=\"https:\/\/www.bluelakechem.com\/wp-content\/uploads\/2024\/12\/Hydrophilic-Silicone-Oil-Softener-60834.webp\" alt=\"Amaciante de \u00f3leo de silicone hidrof\u00edlico\" class=\"wp-image-2407\" srcset=\"https:\/\/www.bluelakechem.com\/wp-content\/uploads\/2024\/12\/Hydrophilic-Silicone-Oil-Softener-60834.webp 1080w, https:\/\/www.bluelakechem.com\/wp-content\/uploads\/2024\/12\/Hydrophilic-Silicone-Oil-Softener-60834-169x300.webp 169w, https:\/\/www.bluelakechem.com\/wp-content\/uploads\/2024\/12\/Hydrophilic-Silicone-Oil-Softener-60834-768x1365.webp 768w, https:\/\/www.bluelakechem.com\/wp-content\/uploads\/2024\/12\/Hydrophilic-Silicone-Oil-Softener-60834-7x12.webp 7w, https:\/\/www.bluelakechem.com\/wp-content\/uploads\/2024\/12\/Hydrophilic-Silicone-Oil-Softener-60834-600x1067.webp 600w\" sizes=\"(max-width: 1080px) 100vw, 1080px\" \/><\/figure>\n\n\n\n<h2 class=\"wp-block-heading\">Propriedades do \u00f3leo de silicone hidrof\u00edlico\uff1a<\/h2>\n\n\n\n<figure class=\"wp-block-table\"><table class=\"has-fixed-layout\"><tbody><tr><td>Apar\u00eancia:<\/td><td>L\u00edquido transparente incolor a amarelo claro<\/td><\/tr><tr><td>Ionicidade:<\/td><td>Cati\u00f4nico fraco<\/td><\/tr><tr><td>Valor do pH:<\/td><td>6,5\u00b10,5 (solu\u00e7\u00e3o aquosa de 1%)<\/td><\/tr><tr><td>Solubilidade:<\/td><td>Sol\u00favel em \u00e1gua<\/td><\/tr><\/tbody><\/table><\/figure>\n\n\n\n<h2 class=\"wp-block-heading\">Instru\u00e7\u00f5es de uso do \u00f3leo de silicone hidrof\u00edlico: Recomenda-se us\u00e1-lo no processo de preenchimento.<\/h2>\n\n\n\n<p>1. dosagem de refer\u00eancia: 10~30 g\/L.<\/p>\n\n\n\n<p>Configura\u00e7\u00e3o: 150~180\u2103.<\/p>\n\n\n\n<p>Tempo: 50~60s.<\/p>\n\n\n\n<p>(Para processos diferentes, ajuste a dosagem de acordo com o resultado do teste de amostra).<\/p>\n\n\n\n<p>2. para uma sensa\u00e7\u00e3o \u00fanica nas m\u00e3os, ele pode ser usado junto com outros agentes de acabamento.<\/p>\n\n\n\n<p>Fa\u00e7a um teste de compatibilidade antes de usar.<\/p>\n<\/div>\n<\/div>","protected":false},"excerpt":{"rendered":"<p>Esse amaciante de silicone para t\u00eaxteis de uso geral, formulado com \u00f3leo de silicone hidrof\u00edlico, \u00e9 perfeito para processos de acabamento hidrof\u00edlico e macio em v\u00e1rias fibras, incluindo algod\u00e3o, misturas de algod\u00e3o, fibras sint\u00e9ticas, viscose, fibras qu\u00edmicas, seda e l\u00e3. Mant\u00e9m a hidrofilicidade das fibras de celulose e melhora a hidrofilicidade das fibras qu\u00edmicas, ao mesmo tempo em que proporciona um manuseio suave.<\/p>\n<p><strong>Modelo n\u00ba.<\/strong>60834<\/p>","protected":false},"featured_media":1461,"comment_status":"closed","ping_status":"closed","template":"","meta":{"_acf_changed":false},"material":[26,30,31,33],"process":[23,42,24],"product_brand":[],"product_cat":[15],"product_tag":[],"class_list":{"0":"post-992","1":"product","2":"type-product","3":"status-publish","4":"has-post-thumbnail","6":"material-cotton-agent","7":"material-viscose-chemicals","8":"material-wool-auxiliary","9":"material-silk-chemicals","10":"process-textile-finishing-chemicals","11":"process-softener","12":"process-silicone-oil","13":"product_cat-uncategorized","15":"first","16":"instock","17":"shipping-taxable","18":"product-type-simple"},"acf":[],"_links":{"self":[{"href":"https:\/\/www.bluelakechem.com\/pt\/wp-json\/wp\/v2\/product\/992","targetHints":{"allow":["GET"]}}],"collection":[{"href":"https:\/\/www.bluelakechem.com\/pt\/wp-json\/wp\/v2\/product"}],"about":[{"href":"https:\/\/www.bluelakechem.com\/pt\/wp-json\/wp\/v2\/types\/product"}],"replies":[{"embeddable":true,"href":"https:\/\/www.bluelakechem.com\/pt\/wp-json\/wp\/v2\/comments?post=992"}],"wp:featuredmedia":[{"embeddable":true,"href":"https:\/\/www.bluelakechem.com\/pt\/wp-json\/wp\/v2\/media\/1461"}],"wp:attachment":[{"href":"https:\/\/www.bluelakechem.com\/pt\/wp-json\/wp\/v2\/media?parent=992"}],"wp:term":[{"taxonomy":"material","embeddable":true,"href":"https:\/\/www.bluelakechem.com\/pt\/wp-json\/wp\/v2\/material?post=992"},{"taxonomy":"process","embeddable":true,"href":"https:\/\/www.bluelakechem.com\/pt\/wp-json\/wp\/v2\/process?post=992"},{"taxonomy":"product_brand","embeddable":true,"href":"https:\/\/www.bluelakechem.com\/pt\/wp-json\/wp\/v2\/product_brand?post=992"},{"taxonomy":"product_cat","embeddable":true,"href":"https:\/\/www.bluelakechem.com\/pt\/wp-json\/wp\/v2\/product_cat?post=992"},{"taxonomy":"product_tag","embeddable":true,"href":"https:\/\/www.bluelakechem.com\/pt\/wp-json\/wp\/v2\/product_tag?post=992"}],"curies":[{"name":"wp","href":"https:\/\/api.w.org\/{rel}","templated":true}]}}