{"id":996,"date":"2024-12-17T08:45:40","date_gmt":"2024-12-17T08:45:40","guid":{"rendered":"https:\/\/www.bluelakechem.com\/?post_type=product&#038;p=996"},"modified":"2025-01-17T12:51:30","modified_gmt":"2025-01-17T12:51:30","slug":"silicone-oil-emulsion-2","status":"publish","type":"product","link":"https:\/\/www.bluelakechem.com\/pt\/product\/silicone-oil-emulsion-2\/","title":{"rendered":"Emuls\u00e3o de \u00f3leo de silicone de bloco modificado Amaciante de silicone hidrof\u00f3bico"},"content":{"rendered":"<div class=\"wp-block-columns is-layout-flex wp-container-core-columns-is-layout-9d6595d7 wp-block-columns-is-layout-flex\">\n<div class=\"wp-block-column is-layout-flow wp-block-column-is-layout-flow\" style=\"flex-basis:50%\">\n<h2 class=\"wp-block-heading\">Emuls\u00e3o de \u00f3leo de silicone Caracter\u00edsticas:<\/h2>\n\n\n\n<p><strong>M\u00e3o ultra macia: <\/strong>Proporciona uma m\u00e3o ultramacia, melhorando significativamente o conforto e o toque dos tecidos, mantendo o tecido leve e macio.<\/p>\n\n\n\n<p><strong>Efeito hidrof\u00f3bico: <\/strong>Essa emuls\u00e3o de \u00f3leo de silicone confere excelentes propriedades hidrof\u00f3bicas (repelentes \u00e0 \u00e1gua) aos tecidos de algod\u00e3o e viscose, tornando-os mais dur\u00e1veis e f\u00e1ceis de cuidar.<\/p>\n\n\n\n<p><strong>Incolor e transparente: <\/strong>A emuls\u00e3o de \u00f3leo de silicone \u00e9 incolor e transparente, garantindo que n\u00e3o altere a cor do tecido, o que a torna ideal para tecidos de cores claras ou delicadas.<\/p>\n\n\n\n<p><strong>N\u00e3o amarela: <\/strong>Diferentemente dos amaciantes de silicone tradicionais, essa emuls\u00e3o n\u00e3o causa amarelamento, mantendo a integridade da cor do tecido ao longo do tempo.<\/p>\n\n\n\n<p><strong>Aumenta a flexibilidade do tecido: <\/strong>Torna os tecidos de algod\u00e3o e viscose mais flex\u00edveis e menos propensos a enrugar.<\/p>\n\n\n\n<p><strong>N\u00e3o t\u00f3xico e seguro: <\/strong>Essa emuls\u00e3o de silicone n\u00e3o \u00e9 t\u00f3xica e n\u00e3o agride a pele, sendo adequada para tecidos que entram em contato direto com a pele, como roupas, roupas de cama e roupas \u00edntimas.<\/p>\n\n\n\n<h2 class=\"wp-block-heading\">Emuls\u00e3o de \u00f3leo de silicone Aplica\u00e7\u00f5es:<\/h2>\n\n\n\n<p><strong>Acabamento t\u00eaxtil:<\/strong> usado para amaciar algod\u00e3o e outros tecidos \u00e0 base de celulose, proporcionando um toque suave e confort\u00e1vel.<\/p>\n\n\n\n<p><strong>T\u00eaxteis dom\u00e9sticos: <\/strong>usado para o acabamento de t\u00eaxteis dom\u00e9sticos, como len\u00e7\u00f3is, toalhas e estofados, que exigem um acabamento macio e resistente \u00e0 \u00e1gua sem afetar a respirabilidade natural do tecido.<\/p>\n\n\n\n<p><strong>Roupas e acess\u00f3rios: <\/strong>As emuls\u00f5es de silicone s\u00e3o usadas como aditivos, por exemplo, em roupas esportivas, roupas infantis ou roupas de moda de alta qualidade, para melhorar a funcionalidade e a maciez do tecido.<\/p>\n<\/div>\n\n\n\n<div class=\"wp-block-column is-layout-flow wp-block-column-is-layout-flow\" style=\"flex-basis:50%\">\n<figure class=\"wp-block-image size-full\"><img decoding=\"async\" width=\"800\" height=\"800\" src=\"https:\/\/www.bluelakechem.com\/wp-content\/uploads\/2024\/12\/Silicone-Oil-Emulsion.webp\" alt=\"Emuls\u00e3o de \u00f3leo de silicone\" class=\"wp-image-1459\" srcset=\"https:\/\/www.bluelakechem.com\/wp-content\/uploads\/2024\/12\/Silicone-Oil-Emulsion.webp 800w, https:\/\/www.bluelakechem.com\/wp-content\/uploads\/2024\/12\/Silicone-Oil-Emulsion-300x300.webp 300w, https:\/\/www.bluelakechem.com\/wp-content\/uploads\/2024\/12\/Silicone-Oil-Emulsion-150x150.webp 150w, https:\/\/www.bluelakechem.com\/wp-content\/uploads\/2024\/12\/Silicone-Oil-Emulsion-768x768.webp 768w, https:\/\/www.bluelakechem.com\/wp-content\/uploads\/2024\/12\/Silicone-Oil-Emulsion-12x12.webp 12w, https:\/\/www.bluelakechem.com\/wp-content\/uploads\/2024\/12\/Silicone-Oil-Emulsion-600x600.webp 600w, https:\/\/www.bluelakechem.com\/wp-content\/uploads\/2024\/12\/Silicone-Oil-Emulsion-100x100.webp 100w\" sizes=\"(max-width: 800px) 100vw, 800px\" \/><\/figure>\n<\/div>\n<\/div>\n\n\n\n<p><\/p>","protected":false},"excerpt":{"rendered":"<p>A emuls\u00e3o de \u00f3leo de silicone em bloco modificado apresenta uma apar\u00eancia incolor e transparente, oferecendo desempenho superior no acabamento t\u00eaxtil. Essa avan\u00e7ada emuls\u00e3o de silicone proporciona um manuseio excepcionalmente macio aos tecidos e, ao mesmo tempo, garante que n\u00e3o haja problema de amarelamento, o que a torna ideal para o processamento de tecidos brancos e de cores claras.<\/p>\n<p><strong>Modelo n\u00ba.<\/strong>71868<\/p>","protected":false},"featured_media":1459,"comment_status":"closed","ping_status":"closed","template":"","meta":{"_acf_changed":false},"material":[26,30],"process":[23,42,24],"product_brand":[],"product_cat":[15],"product_tag":[],"class_list":{"0":"post-996","1":"product","2":"type-product","3":"status-publish","4":"has-post-thumbnail","6":"material-cotton-agent","7":"material-viscose-chemicals","8":"process-textile-finishing-chemicals","9":"process-softener","10":"process-silicone-oil","11":"product_cat-uncategorized","13":"first","14":"instock","15":"shipping-taxable","16":"product-type-simple"},"acf":[],"_links":{"self":[{"href":"https:\/\/www.bluelakechem.com\/pt\/wp-json\/wp\/v2\/product\/996","targetHints":{"allow":["GET"]}}],"collection":[{"href":"https:\/\/www.bluelakechem.com\/pt\/wp-json\/wp\/v2\/product"}],"about":[{"href":"https:\/\/www.bluelakechem.com\/pt\/wp-json\/wp\/v2\/types\/product"}],"replies":[{"embeddable":true,"href":"https:\/\/www.bluelakechem.com\/pt\/wp-json\/wp\/v2\/comments?post=996"}],"wp:featuredmedia":[{"embeddable":true,"href":"https:\/\/www.bluelakechem.com\/pt\/wp-json\/wp\/v2\/media\/1459"}],"wp:attachment":[{"href":"https:\/\/www.bluelakechem.com\/pt\/wp-json\/wp\/v2\/media?parent=996"}],"wp:term":[{"taxonomy":"material","embeddable":true,"href":"https:\/\/www.bluelakechem.com\/pt\/wp-json\/wp\/v2\/material?post=996"},{"taxonomy":"process","embeddable":true,"href":"https:\/\/www.bluelakechem.com\/pt\/wp-json\/wp\/v2\/process?post=996"},{"taxonomy":"product_brand","embeddable":true,"href":"https:\/\/www.bluelakechem.com\/pt\/wp-json\/wp\/v2\/product_brand?post=996"},{"taxonomy":"product_cat","embeddable":true,"href":"https:\/\/www.bluelakechem.com\/pt\/wp-json\/wp\/v2\/product_cat?post=996"},{"taxonomy":"product_tag","embeddable":true,"href":"https:\/\/www.bluelakechem.com\/pt\/wp-json\/wp\/v2\/product_tag?post=996"}],"curies":[{"name":"wp","href":"https:\/\/api.w.org\/{rel}","templated":true}]}}