{"id":1003,"date":"2024-12-17T08:39:15","date_gmt":"2024-12-17T08:39:15","guid":{"rendered":"https:\/\/www.bluelakechem.com\/?post_type=product&#038;p=1003"},"modified":"2025-02-22T08:15:46","modified_gmt":"2025-02-22T08:15:46","slug":"silicone-softeners","status":"publish","type":"product","link":"https:\/\/www.bluelakechem.com\/tr\/product\/silicone-softeners\/","title":{"rendered":"Hidrofobik Silikon Yumu\u015fat\u0131c\u0131lar Pamuk Viskon i\u00e7in Blok Silikon Em\u00fclsiyonu"},"content":{"rendered":"<div class=\"wp-block-columns is-layout-flex wp-container-core-columns-is-layout-9d6595d7 wp-block-columns-is-layout-flex\">\n<div class=\"wp-block-column is-layout-flow wp-block-column-is-layout-flow\" style=\"flex-basis:50%\">\n<h2 class=\"wp-block-heading\">Silikon Yumu\u015fat\u0131c\u0131lar \u00d6zellikler:<\/h2>\n\n\n\n<p><strong>Geli\u015ftirilmi\u015f yumu\u015fakl\u0131k ve hacim: <\/strong>\u00d6zellikle pamuk ve kar\u0131\u015f\u0131mlar\u0131 gibi malzemeler \u00fczerinde etkili olan bu \u00fcr\u00fcnler, kuma\u015flara yumu\u015fak bir his ve hacim kazand\u0131rarak tekstillerin hissini art\u0131r\u0131r, onlar\u0131 p\u00fcr\u00fczs\u00fcz ve l\u00fcks hale getirir.<\/p>\n\n\n\n<p><strong>Performans y\u00fckseltmesi: <\/strong>Geleneksel amino silikon ya\u011f\u0131n\u0131n geli\u015ftirilmi\u015f bir versiyonudur ve yumu\u015fakl\u0131k, dayan\u0131kl\u0131l\u0131k ve kuma\u015f hissi a\u00e7\u0131s\u0131ndan daha iyi performans sa\u011flayarak onu daha geli\u015fmi\u015f ve etkili bir \u00e7\u00f6z\u00fcm haline getirir.<\/p>\n\n\n\n<p><strong>Hidrofobik etki:<\/strong> Yumu\u015fat\u0131c\u0131lar kuma\u015flara hidrofobik \u00f6zellikler kazand\u0131rarak su emilimini azalt\u0131r, b\u00f6ylece konfor ve nefes alabilirli\u011fi korurken kuma\u015flar\u0131n su iticili\u011fini art\u0131r\u0131r.<br><br><strong>Geli\u015ftirilmi\u015f Stabilite ve Y\u0131kama Dayan\u0131kl\u0131l\u0131\u011f\u0131:<\/strong> Silikon yumu\u015fat\u0131c\u0131lar \u00e7e\u015fitli ko\u015fullarda stabildir, y\u0131kama solmas\u0131na ve kuma\u015f bozulmas\u0131na kar\u015f\u0131 \u00fcst\u00fcn diren\u00e7 sunar.<\/p>\n\n\n\n<h2 class=\"wp-block-heading\">Silikon Yumu\u015fat\u0131c\u0131lar Uygulamalar:<\/h2>\n\n\n\n<p><strong>Pamuk ve viskon kuma\u015f apresi:<\/strong> Bu do\u011fal liflerin yumu\u015fakl\u0131\u011f\u0131n\u0131 ve kabar\u0131kl\u0131\u011f\u0131n\u0131 art\u0131rarak daha rahat giyilmesini sa\u011flayabilir.<\/p>\n\n\n\n<p><strong>Kar\u0131\u015f\u0131ml\u0131 kuma\u015flar: <\/strong>Pamuk ve sentetik elyaf kar\u0131\u015f\u0131mlar\u0131n\u0131n terbiyesi i\u00e7in idealdir, yumu\u015fakl\u0131k ve su iticilik dengesi sa\u011flar, \u00e7e\u015fitli giyim ve ev tekstili uygulamalar\u0131 i\u00e7in idealdir.<\/p>\n\n\n\n<p><strong>Konfeksiyon \u0130malat\u0131: <\/strong>Giyim \u00fcretiminde pamuklu ve viskon kuma\u015flar\u0131n yumu\u015fakl\u0131\u011f\u0131n\u0131, hissini ve nem direncini art\u0131rmak i\u00e7in kullan\u0131l\u0131r ve rahat, performansl\u0131 giysiler \u00fcretilmesine yard\u0131mc\u0131 olur.<\/p>\n\n\n\n<p><strong>Havlular ve Yatak Tak\u0131mlar\u0131:<\/strong> Havlular\u0131n, \u00e7ar\u015faflar\u0131n ve yast\u0131k k\u0131l\u0131flar\u0131n\u0131n yumu\u015fakl\u0131\u011f\u0131n\u0131 ve kabar\u0131kl\u0131\u011f\u0131n\u0131 art\u0131rarak birden fazla y\u0131kamadan sonra yumu\u015fak ve rahat kalmalar\u0131n\u0131 sa\u011flar.<\/p>\n<\/div>\n\n\n\n<div class=\"wp-block-column is-layout-flow wp-block-column-is-layout-flow\" style=\"flex-basis:50%\">\n<figure class=\"wp-block-image size-full\"><img decoding=\"async\" width=\"1000\" height=\"1000\" src=\"https:\/\/www.bluelakechem.com\/wp-content\/uploads\/2024\/12\/Hydrophobic-Silicone-Softeners-for-Cellulose-Fabric.webp\" alt=\"Sel\u00fcloz Kuma\u015flar i\u00e7in Hidrofobik Silikon Yumu\u015fat\u0131c\u0131lar\" class=\"wp-image-1012\" srcset=\"https:\/\/www.bluelakechem.com\/wp-content\/uploads\/2024\/12\/Hydrophobic-Silicone-Softeners-for-Cellulose-Fabric.webp 1000w, https:\/\/www.bluelakechem.com\/wp-content\/uploads\/2024\/12\/Hydrophobic-Silicone-Softeners-for-Cellulose-Fabric-300x300.webp 300w, https:\/\/www.bluelakechem.com\/wp-content\/uploads\/2024\/12\/Hydrophobic-Silicone-Softeners-for-Cellulose-Fabric-150x150.webp 150w, https:\/\/www.bluelakechem.com\/wp-content\/uploads\/2024\/12\/Hydrophobic-Silicone-Softeners-for-Cellulose-Fabric-768x768.webp 768w, https:\/\/www.bluelakechem.com\/wp-content\/uploads\/2024\/12\/Hydrophobic-Silicone-Softeners-for-Cellulose-Fabric-600x600.webp 600w, https:\/\/www.bluelakechem.com\/wp-content\/uploads\/2024\/12\/Hydrophobic-Silicone-Softeners-for-Cellulose-Fabric-100x100.webp 100w\" sizes=\"(max-width: 1000px) 100vw, 1000px\" \/><\/figure>\n<\/div>\n<\/div>","protected":false},"excerpt":{"rendered":"<p>Bu modifiye blok silikon yumu\u015fat\u0131c\u0131 mikroem\u00fclsiyonu, pamuk, viskon ve bunlar\u0131n kar\u0131\u015f\u0131mlar\u0131n\u0131n kabar\u0131k ve yumu\u015fak apresi i\u00e7in tasarlanm\u0131\u015f geleneksel amino silikon yumu\u015fat\u0131c\u0131n\u0131n geli\u015ftirilmi\u015f bir versiyonudur.<\/p>\n<p><strong>Model No.<\/strong>80319<\/p>\n<p><img decoding=\"async\" class=\"alignnone size-medium wp-image-1660\" src=\"https:\/\/www.bluelakechem.com\/wp-content\/uploads\/2024\/12\/80319-\u5b9e\u9a8c\uff08\u53cclogo-300x300.jpg\" alt=\"\" width=\"300\" height=\"300\" srcset=\"https:\/\/www.bluelakechem.com\/wp-content\/uploads\/2024\/12\/80319-\u5b9e\u9a8c\uff08\u53cclogo-300x300.jpg 300w, https:\/\/www.bluelakechem.com\/wp-content\/uploads\/2024\/12\/80319-\u5b9e\u9a8c\uff08\u53cclogo-150x150.jpg 150w, https:\/\/www.bluelakechem.com\/wp-content\/uploads\/2024\/12\/80319-\u5b9e\u9a8c\uff08\u53cclogo-768x768.jpg 768w, https:\/\/www.bluelakechem.com\/wp-content\/uploads\/2024\/12\/80319-\u5b9e\u9a8c\uff08\u53cclogo-12x12.jpg 12w, https:\/\/www.bluelakechem.com\/wp-content\/uploads\/2024\/12\/80319-\u5b9e\u9a8c\uff08\u53cclogo-600x600.jpg 600w, https:\/\/www.bluelakechem.com\/wp-content\/uploads\/2024\/12\/80319-\u5b9e\u9a8c\uff08\u53cclogo-100x100.jpg 100w, https:\/\/www.bluelakechem.com\/wp-content\/uploads\/2024\/12\/80319-\u5b9e\u9a8c\uff08\u53cclogo.jpg 800w\" sizes=\"(max-width: 300px) 100vw, 300px\" \/><\/p>","protected":false},"featured_media":1463,"comment_status":"closed","ping_status":"closed","template":"","meta":{"_acf_changed":false},"material":[26,30],"process":[23,42,24],"product_brand":[],"product_cat":[15],"product_tag":[],"class_list":{"0":"post-1003","1":"product","2":"type-product","3":"status-publish","4":"has-post-thumbnail","6":"material-cotton-agent","7":"material-viscose-chemicals","8":"process-textile-finishing-chemicals","9":"process-softener","10":"process-silicone-oil","11":"product_cat-uncategorized","13":"first","14":"instock","15":"shipping-taxable","16":"product-type-simple"},"acf":[],"_links":{"self":[{"href":"https:\/\/www.bluelakechem.com\/tr\/wp-json\/wp\/v2\/product\/1003","targetHints":{"allow":["GET"]}}],"collection":[{"href":"https:\/\/www.bluelakechem.com\/tr\/wp-json\/wp\/v2\/product"}],"about":[{"href":"https:\/\/www.bluelakechem.com\/tr\/wp-json\/wp\/v2\/types\/product"}],"replies":[{"embeddable":true,"href":"https:\/\/www.bluelakechem.com\/tr\/wp-json\/wp\/v2\/comments?post=1003"}],"wp:featuredmedia":[{"embeddable":true,"href":"https:\/\/www.bluelakechem.com\/tr\/wp-json\/wp\/v2\/media\/1463"}],"wp:attachment":[{"href":"https:\/\/www.bluelakechem.com\/tr\/wp-json\/wp\/v2\/media?parent=1003"}],"wp:term":[{"taxonomy":"material","embeddable":true,"href":"https:\/\/www.bluelakechem.com\/tr\/wp-json\/wp\/v2\/material?post=1003"},{"taxonomy":"process","embeddable":true,"href":"https:\/\/www.bluelakechem.com\/tr\/wp-json\/wp\/v2\/process?post=1003"},{"taxonomy":"product_brand","embeddable":true,"href":"https:\/\/www.bluelakechem.com\/tr\/wp-json\/wp\/v2\/product_brand?post=1003"},{"taxonomy":"product_cat","embeddable":true,"href":"https:\/\/www.bluelakechem.com\/tr\/wp-json\/wp\/v2\/product_cat?post=1003"},{"taxonomy":"product_tag","embeddable":true,"href":"https:\/\/www.bluelakechem.com\/tr\/wp-json\/wp\/v2\/product_tag?post=1003"}],"curies":[{"name":"wp","href":"https:\/\/api.w.org\/{rel}","templated":true}]}}