{"id":1013,"date":"2024-12-17T08:38:17","date_gmt":"2024-12-17T08:38:17","guid":{"rendered":"https:\/\/www.bluelakechem.com\/?post_type=product&#038;p=1013"},"modified":"2025-01-17T13:00:00","modified_gmt":"2025-01-17T13:00:00","slug":"amino-silicone-oil","status":"publish","type":"product","link":"https:\/\/www.bluelakechem.com\/tr\/product\/amino-silicone-oil\/","title":{"rendered":"Pamuk Viskon Spandex Kuma\u015f Terbiyesi i\u00e7in Hidrofobik Amino Silikon Ya\u011f\u0131"},"content":{"rendered":"<div class=\"wp-block-columns is-layout-flex wp-container-core-columns-is-layout-9d6595d7 wp-block-columns-is-layout-flex\">\n<div class=\"wp-block-column is-layout-flow wp-block-column-is-layout-flow\" style=\"flex-basis:50%\">\n<h2 class=\"wp-block-heading\">Amino Silikon Ya\u011f\u0131 \u00d6zellikler:<\/h2>\n\n\n\n<p><strong>Geli\u015ftirilmi\u015f Yumu\u015fakl\u0131k ve P\u00fcr\u00fczs\u00fczl\u00fck:<\/strong> Bu hidrofobik silikon yumu\u015fat\u0131c\u0131, spandeks kar\u0131\u015f\u0131mlar\u0131na ola\u011fan\u00fcst\u00fc yumu\u015fakl\u0131k ve p\u00fcr\u00fczs\u00fczl\u00fck kazand\u0131rarak esnemeden \u00f6d\u00fcn vermeden kuma\u015f\u0131n genel konforunu art\u0131r\u0131r.<\/p>\n\n\n\n<p><strong>Y\u00fckseltilmi\u015f Silikon Performans\u0131: <\/strong>Geleneksel amino silikonlar\u0131n daha geli\u015fmi\u015f bir versiyonu olan bu \u00e7ok bloklu kopolimer silikon, daha fazla dayan\u0131kl\u0131l\u0131k, daha uzun s\u00fcreli yumu\u015fakl\u0131k ve daha iyi genel kuma\u015f finisaj\u0131 sa\u011flar.<\/p>\n\n\n\n<p><strong>Hidrofobiklik: <\/strong>Hidrofobik (su itici) \u00f6zellikler sa\u011flar, su emilimini azalt\u0131r ve kuma\u015flar\u0131 nefes alabilirli\u011fi korurken suya kar\u015f\u0131 daha dayan\u0131kl\u0131 hale getirir.<\/p>\n\n\n\n<p><strong>Geli\u015ftirilmi\u015f Kuma\u015f Dayan\u0131kl\u0131l\u0131\u011f\u0131:<\/strong> Birden fazla y\u0131kamadan sonra bile yumu\u015fakl\u0131\u011f\u0131n\u0131 ve p\u00fcr\u00fczs\u00fczl\u00fc\u011f\u00fcn\u00fc korur, spandeks kar\u0131\u015f\u0131mlar\u0131n\u0131n \u00f6mr\u00fcn\u00fc uzat\u0131r.<\/p>\n\n\n\n<h2 class=\"wp-block-heading\">Tekstil Uygulamalar\u0131 i\u00e7in Silikon Ya\u011f\u0131:<\/h2>\n\n\n\n<p><strong>Spandex Kar\u0131\u015f\u0131m\u0131 Kuma\u015f Terbiyesi:<\/strong> Spandex kar\u0131\u015f\u0131ml\u0131 kuma\u015flar i\u00e7in \u00f6zel olarak tasarlanan bu yumu\u015fat\u0131c\u0131, kuma\u015f\u0131n yumu\u015fakl\u0131\u011f\u0131n\u0131 ve p\u00fcr\u00fczs\u00fczl\u00fc\u011f\u00fcn\u00fc art\u0131rarak giymeyi ve dokunmay\u0131 daha rahat hale getirir.<\/p>\n\n\n\n<p><strong>Spor Giyim ve Spor K\u0131yafetleri: <\/strong>Kuma\u015f\u0131n esneme ve nem \u00e7ekme \u00f6zelliklerini korurken p\u00fcr\u00fczs\u00fcz, rahat bir his sa\u011flar.<\/p>\n\n\n\n<p><strong>Mayo ve \u0130\u00e7 \u00c7ama\u015f\u0131r\u0131: <\/strong>Kuma\u015f\u0131n suda bile yumu\u015fakl\u0131\u011f\u0131n\u0131 ve \u015feklini korumas\u0131n\u0131 sa\u011flayan p\u00fcr\u00fczs\u00fcz, yumu\u015fak bir y\u00fczey ve hidrofobik \u00f6zellikler gerektiren mayo ve i\u00e7 giyim kuma\u015flar\u0131 i\u00e7in idealdir.<\/p>\n<\/div>\n\n\n\n<div class=\"wp-block-column is-layout-flow wp-block-column-is-layout-flow\" style=\"flex-basis:50%\">\n<figure class=\"wp-block-image size-full\"><img decoding=\"async\" width=\"800\" height=\"800\" src=\"https:\/\/www.bluelakechem.com\/wp-content\/uploads\/2024\/12\/Amino-Silicone-Oil.webp\" alt=\"Amino Silikon Ya\u011f\u0131\" class=\"wp-image-1464\" srcset=\"https:\/\/www.bluelakechem.com\/wp-content\/uploads\/2024\/12\/Amino-Silicone-Oil.webp 800w, https:\/\/www.bluelakechem.com\/wp-content\/uploads\/2024\/12\/Amino-Silicone-Oil-300x300.webp 300w, https:\/\/www.bluelakechem.com\/wp-content\/uploads\/2024\/12\/Amino-Silicone-Oil-150x150.webp 150w, https:\/\/www.bluelakechem.com\/wp-content\/uploads\/2024\/12\/Amino-Silicone-Oil-768x768.webp 768w, https:\/\/www.bluelakechem.com\/wp-content\/uploads\/2024\/12\/Amino-Silicone-Oil-12x12.webp 12w, https:\/\/www.bluelakechem.com\/wp-content\/uploads\/2024\/12\/Amino-Silicone-Oil-600x600.webp 600w, https:\/\/www.bluelakechem.com\/wp-content\/uploads\/2024\/12\/Amino-Silicone-Oil-100x100.webp 100w\" sizes=\"(max-width: 800px) 100vw, 800px\" \/><\/figure>\n<\/div>\n<\/div>","protected":false},"excerpt":{"rendered":"<p>Pamuk, viskon ve spandeks kuma\u015flar i\u00e7in hidrofobik amino silikon ya\u011f\u0131. \u00dcst\u00fcn yumu\u015fakl\u0131k, p\u00fcr\u00fczs\u00fczl\u00fck ve su direnci sa\u011flar. Kuma\u015f hissini ve dayan\u0131kl\u0131l\u0131\u011f\u0131n\u0131 artt\u0131rmak i\u00e7in idealdir, l\u00fcks bir y\u00fczey sa\u011flarken elastikiyetin korunmas\u0131n\u0131 iyile\u015ftirir.<\/p>\n<p><strong>Model No.<\/strong>81016<\/p>","protected":false},"featured_media":1464,"comment_status":"closed","ping_status":"closed","template":"","meta":{"_acf_changed":false},"material":[26,30,34],"process":[23,42,24],"product_brand":[],"product_cat":[15],"product_tag":[],"class_list":{"0":"post-1013","1":"product","2":"type-product","3":"status-publish","4":"has-post-thumbnail","6":"material-cotton-agent","7":"material-viscose-chemicals","8":"material-fabric-chemicals","9":"process-textile-finishing-chemicals","10":"process-softener","11":"process-silicone-oil","12":"product_cat-uncategorized","14":"first","15":"instock","16":"shipping-taxable","17":"product-type-simple"},"acf":[],"_links":{"self":[{"href":"https:\/\/www.bluelakechem.com\/tr\/wp-json\/wp\/v2\/product\/1013","targetHints":{"allow":["GET"]}}],"collection":[{"href":"https:\/\/www.bluelakechem.com\/tr\/wp-json\/wp\/v2\/product"}],"about":[{"href":"https:\/\/www.bluelakechem.com\/tr\/wp-json\/wp\/v2\/types\/product"}],"replies":[{"embeddable":true,"href":"https:\/\/www.bluelakechem.com\/tr\/wp-json\/wp\/v2\/comments?post=1013"}],"wp:featuredmedia":[{"embeddable":true,"href":"https:\/\/www.bluelakechem.com\/tr\/wp-json\/wp\/v2\/media\/1464"}],"wp:attachment":[{"href":"https:\/\/www.bluelakechem.com\/tr\/wp-json\/wp\/v2\/media?parent=1013"}],"wp:term":[{"taxonomy":"material","embeddable":true,"href":"https:\/\/www.bluelakechem.com\/tr\/wp-json\/wp\/v2\/material?post=1013"},{"taxonomy":"process","embeddable":true,"href":"https:\/\/www.bluelakechem.com\/tr\/wp-json\/wp\/v2\/process?post=1013"},{"taxonomy":"product_brand","embeddable":true,"href":"https:\/\/www.bluelakechem.com\/tr\/wp-json\/wp\/v2\/product_brand?post=1013"},{"taxonomy":"product_cat","embeddable":true,"href":"https:\/\/www.bluelakechem.com\/tr\/wp-json\/wp\/v2\/product_cat?post=1013"},{"taxonomy":"product_tag","embeddable":true,"href":"https:\/\/www.bluelakechem.com\/tr\/wp-json\/wp\/v2\/product_tag?post=1013"}],"curies":[{"name":"wp","href":"https:\/\/api.w.org\/{rel}","templated":true}]}}