{"id":1022,"date":"2024-12-17T08:36:15","date_gmt":"2024-12-17T08:36:15","guid":{"rendered":"https:\/\/www.bluelakechem.com\/?post_type=product&#038;p=1022"},"modified":"2025-07-02T01:42:00","modified_gmt":"2025-07-02T01:42:00","slug":"silicone-fabric-softener","status":"publish","type":"product","link":"https:\/\/www.bluelakechem.com\/tr\/product\/silicone-fabric-softener\/","title":{"rendered":"Silikon Kuma\u015f Yumu\u015fat\u0131c\u0131 P\u00fcr\u00fczs\u00fcz D\u00fc\u015f\u00fck Sararma Tekstil Terbiye Maddesi"},"content":{"rendered":"<div class=\"wp-block-columns is-layout-flex wp-container-core-columns-is-layout-9d6595d7 wp-block-columns-is-layout-flex\">\n<div class=\"wp-block-column is-layout-flow wp-block-column-is-layout-flow\" style=\"flex-basis:50%\">\n<h2 class=\"wp-block-heading\">Silikon Yumu\u015fat\u0131c\u0131 \u00d6zellikleri:<\/h2>\n\n\n\n<p><strong>\u00dcst\u00fcn Yumu\u015fakl\u0131k:<\/strong> Silikon yumu\u015fat\u0131c\u0131, kuma\u015f yumu\u015fakl\u0131\u011f\u0131n\u0131 \u00f6nemli \u00f6l\u00e7\u00fcde art\u0131rarak kuma\u015fa p\u00fcr\u00fczs\u00fcz ve hassas bir his verir ve daha rahat hale getirir.<br><strong>Geli\u015ftirilmi\u015f Esneklik ve Toparlanma:<\/strong> Kuma\u015f elastikiyetini ve \u015fekil geri kazan\u0131m\u0131n\u0131 geli\u015ftirir, \u00f6zellikle spandeks ve di\u011fer elastik kuma\u015flar i\u00e7in uygundur, kuma\u015f\u0131 sa\u011flam tutar ve deforme olmaz.<br><strong>Son derece d\u00fc\u015f\u00fck sararma: <\/strong>Form\u00fcl\u00fcn sararmas\u0131 kolay de\u011fildir, \u00f6zellikle beyaz ve a\u00e7\u0131k renkli kuma\u015f terbiyesi i\u00e7in uygundur, orijinal renk ve dokunun uzun s\u00fcre korunmas\u0131n\u0131 sa\u011flar.<br><strong>Uzun \u00f6m\u00fcrl\u00fc y\u0131kanabilirlik:<\/strong> Silikon yumu\u015fat\u0131c\u0131 uzun s\u00fcreli bir etkiye sahiptir ve bir\u00e7ok y\u0131kamadan sonra yumu\u015fakl\u0131\u011f\u0131n\u0131 ve p\u00fcr\u00fczs\u00fczl\u00fc\u011f\u00fcn\u00fc korur, kuma\u015f\u0131n dayan\u0131kl\u0131l\u0131\u011f\u0131n\u0131 art\u0131r\u0131r.<br><strong>\u00c7evresel Olarak G\u00fcvenli:<\/strong> Toksik olmayan ve \u00e7evre dostu form\u00fcl modern standartlar\u0131 kar\u015f\u0131lar. Modern tekstil end\u00fcstrisinin \u00e7evre standartlar\u0131na uygun, g\u00fcvenli ve g\u00fcvenilir, toksik olmayan ve \u00e7evre dostu form\u00fclasyonlar\u0131n benimsenmesi.<\/p>\n\n\n\n<h2 class=\"wp-block-heading\">Silikon Yumu\u015fat\u0131c\u0131 Uygulamalar\u0131:<\/h2>\n\n\n\n<p><strong>Pamuk ve Sel\u00fcloz Kuma\u015flar: <\/strong>Silikon yumu\u015fat\u0131c\u0131 pamuk, viskon ve di\u011fer sel\u00fcloz kuma\u015flarda kuma\u015flar\u0131n yumu\u015fakl\u0131\u011f\u0131n\u0131 ve p\u00fcr\u00fczs\u00fczl\u00fc\u011f\u00fcn\u00fc art\u0131rmak, dokunu\u015funu ve kalitesini geli\u015ftirmek i\u00e7in yayg\u0131n olarak kullan\u0131l\u0131r.<br><strong>Elastik Kuma\u015flar: <\/strong>\u00d6zellikle spandeks, likra kar\u0131\u015f\u0131mlar\u0131 ve di\u011fer y\u00fcksek elastik kuma\u015flar i\u00e7in uygundur, kuma\u015flar\u0131 yumu\u015fak ve elastik hale getirir ve \u015fekil stabilitesini korur.<br><strong>Dokuma ve \u00d6rme Kuma\u015flar:<\/strong> Dokuma ve \u00f6rme kuma\u015flarda kuma\u015flar\u0131n p\u00fcr\u00fczs\u00fczl\u00fc\u011f\u00fcn\u00fc ve hissini artt\u0131rmak i\u00e7in kullan\u0131l\u0131r, moda ve fonksiyonel giysiler i\u00e7in uygundur.<br><strong>Spor Giyim ve G\u00fcnl\u00fck Kuma\u015flar:<\/strong> Kuma\u015flar\u0131n yumu\u015fakl\u0131\u011f\u0131n\u0131, esnekli\u011fini ve y\u0131kanabilirli\u011fini art\u0131rmak ve kullan\u0131m konforunu iyile\u015ftirmek i\u00e7in spor giyim ve g\u00fcndelik giyim i\u00e7in apre.<br><strong>Fonksiyonel Kuma\u015flar: <\/strong>Silikon yumu\u015fat\u0131c\u0131, medikal, i\u015f k\u0131yafetleri, koruyucu giysiler gibi fonksiyonel kuma\u015flarda, orijinal i\u015flevini korurken yumu\u015fakl\u0131\u011f\u0131n\u0131 ve anti-statik \u00f6zelliklerini geli\u015ftirmek i\u00e7in kullan\u0131l\u0131r.<br><strong>Moda Kuma\u015flar:<\/strong> Silikon yumu\u015fat\u0131c\u0131, ipek, y\u00fcn ve sentetik elyaf gibi \u00fcst d\u00fczey giysi kuma\u015flar\u0131nda \u00fcst d\u00fczey doku ve kullan\u0131m rahatl\u0131\u011f\u0131 sa\u011flamak i\u00e7in kullan\u0131l\u0131r.<\/p>\n<\/div>\n\n\n\n<div class=\"wp-block-column is-layout-flow wp-block-column-is-layout-flow\" style=\"flex-basis:50%\">\n<figure class=\"wp-block-embed is-type-video is-provider-youtube wp-block-embed-youtube wp-embed-aspect-16-9 wp-has-aspect-ratio\"><div class=\"wp-block-embed__wrapper\">\n<iframe title=\"Soft &amp; Smooth Silikon Yumu\u015fat\u0131c\u0131 Elastik Tutu\u015f Sa\u011flar.#Smooth #Fluffy #Finishing\" width=\"500\" height=\"281\" src=\"https:\/\/www.youtube.com\/embed\/2SMWAHAJ9Y0?feature=oembed\" frameborder=\"0\" allow=\"accelerometer; autoplay; clipboard-write; encrypted-media; gyroscope; picture-in-picture; web-share\" referrerpolicy=\"strict-origin-when-cross-origin\" allowfullscreen><\/iframe>\n<\/div><\/figure>\n\n\n\n<figure class=\"wp-block-image size-full\"><img decoding=\"async\" width=\"1363\" height=\"1701\" src=\"https:\/\/www.bluelakechem.com\/wp-content\/uploads\/2024\/12\/Silicone-Softener-95001.webp\" alt=\"Silikon Yumu\u015fat\u0131c\u0131\" class=\"wp-image-2420\" srcset=\"https:\/\/www.bluelakechem.com\/wp-content\/uploads\/2024\/12\/Silicone-Softener-95001.webp 1363w, https:\/\/www.bluelakechem.com\/wp-content\/uploads\/2024\/12\/Silicone-Softener-95001-240x300.webp 240w, https:\/\/www.bluelakechem.com\/wp-content\/uploads\/2024\/12\/Silicone-Softener-95001-768x958.webp 768w, https:\/\/www.bluelakechem.com\/wp-content\/uploads\/2024\/12\/Silicone-Softener-95001-10x12.webp 10w, https:\/\/www.bluelakechem.com\/wp-content\/uploads\/2024\/12\/Silicone-Softener-95001-1200x1498.webp 1200w, https:\/\/www.bluelakechem.com\/wp-content\/uploads\/2024\/12\/Silicone-Softener-95001-600x749.webp 600w\" sizes=\"(max-width: 1363px) 100vw, 1363px\" \/><\/figure>\n\n\n\n<h2 class=\"wp-block-heading\">Silikon Yumu\u015fat\u0131c\u0131 \u00d6zellikleri:<\/h2>\n\n\n\n<figure class=\"wp-block-table\"><table class=\"has-fixed-layout\"><tbody><tr><td>G\u00f6r\u00fcn\u00fc\u015f:<\/td><td>\u015eeffaf bulan\u0131k s\u0131v\u0131<\/td><\/tr><tr><td>\u0130yoniklik:<\/td><td>Zay\u0131f katyonik<\/td><\/tr><tr><td>pH de\u011feri:<\/td><td>6,2\u00b10,5 (1% sulu \u00e7\u00f6zeltisi)<\/td><\/tr><tr><td>\u00c7\u00f6z\u00fcn\u00fcrl\u00fck:<\/td><td>Suda \u00e7\u00f6z\u00fcn\u00fcr<\/td><\/tr><\/tbody><\/table><\/figure>\n\n\n\n<h2 class=\"wp-block-heading\">Silikon Yumu\u015fat\u0131c\u0131 Talimat\u0131:<\/h2>\n\n\n\n<p>1. Dolgu i\u015fleminde kullan\u0131lmas\u0131 tavsiye edilir.<\/p>\n\n\n\n<ol class=\"wp-block-list\">\n<li><\/li>\n<\/ol>\n\n\n\n<p>Referans dozaj: 10~30 g\/L.<\/p>\n\n\n\n<p>Stenter: 150~180\u2103\u00d750~60s<\/p>\n\n\n\n<p>(Farkl\u0131 prosesler i\u00e7in l\u00fctfen dozaj\u0131 numune test sonucuna g\u00f6re ayarlay\u0131n).<\/p>\n\n\n\n<p>2. Benzersiz tutamak i\u00e7in di\u011fer apre maddeleri ile birlikte kullan\u0131labilir.<\/p>\n\n\n\n<p>L\u00fctfen kullanmadan \u00f6nce bir uyumluluk denemesi yap\u0131n.<\/p>\n<\/div>\n<\/div>","protected":false},"excerpt":{"rendered":"<p>Birinci s\u0131n\u0131f bir silikon kuma\u015f yumu\u015fat\u0131c\u0131s\u0131 olan modifiye blok silikon ya\u011f\u0131, \u00e7e\u015fitli elyaflar i\u00e7in p\u00fcr\u00fczs\u00fcz, elastik bir y\u00fczey sa\u011flar. Uzun s\u00fcreli etkilerle yumu\u015fakl\u0131\u011f\u0131, esnekli\u011fi ve dokuyu geli\u015ftirir, bu da onu \u00e7ok \u00e7e\u015fitli tekstillerin dokusunu ve performans\u0131n\u0131 iyile\u015ftirmek i\u00e7in m\u00fckemmel hale getirir.<\/p>\n<p><strong>Model No.<\/strong>95001<\/p>","protected":false},"featured_media":1466,"comment_status":"closed","ping_status":"closed","template":"","meta":{"_acf_changed":false},"material":[26,27,28,29,30,31,32,33,34],"process":[23,42,24],"product_brand":[],"product_cat":[15],"product_tag":[],"class_list":{"0":"post-1022","1":"product","2":"type-product","3":"status-publish","4":"has-post-thumbnail","6":"material-cotton-agent","7":"material-polyester-chemicals","8":"material-nylon-agent","9":"material-acrylic-chemicals","10":"material-viscose-chemicals","11":"material-wool-auxiliary","12":"material-linen-chemicals","13":"material-silk-chemicals","14":"material-fabric-chemicals","15":"process-textile-finishing-chemicals","16":"process-softener","17":"process-silicone-oil","18":"product_cat-uncategorized","20":"first","21":"instock","22":"shipping-taxable","23":"product-type-simple"},"acf":[],"_links":{"self":[{"href":"https:\/\/www.bluelakechem.com\/tr\/wp-json\/wp\/v2\/product\/1022","targetHints":{"allow":["GET"]}}],"collection":[{"href":"https:\/\/www.bluelakechem.com\/tr\/wp-json\/wp\/v2\/product"}],"about":[{"href":"https:\/\/www.bluelakechem.com\/tr\/wp-json\/wp\/v2\/types\/product"}],"replies":[{"embeddable":true,"href":"https:\/\/www.bluelakechem.com\/tr\/wp-json\/wp\/v2\/comments?post=1022"}],"wp:featuredmedia":[{"embeddable":true,"href":"https:\/\/www.bluelakechem.com\/tr\/wp-json\/wp\/v2\/media\/1466"}],"wp:attachment":[{"href":"https:\/\/www.bluelakechem.com\/tr\/wp-json\/wp\/v2\/media?parent=1022"}],"wp:term":[{"taxonomy":"material","embeddable":true,"href":"https:\/\/www.bluelakechem.com\/tr\/wp-json\/wp\/v2\/material?post=1022"},{"taxonomy":"process","embeddable":true,"href":"https:\/\/www.bluelakechem.com\/tr\/wp-json\/wp\/v2\/process?post=1022"},{"taxonomy":"product_brand","embeddable":true,"href":"https:\/\/www.bluelakechem.com\/tr\/wp-json\/wp\/v2\/product_brand?post=1022"},{"taxonomy":"product_cat","embeddable":true,"href":"https:\/\/www.bluelakechem.com\/tr\/wp-json\/wp\/v2\/product_cat?post=1022"},{"taxonomy":"product_tag","embeddable":true,"href":"https:\/\/www.bluelakechem.com\/tr\/wp-json\/wp\/v2\/product_tag?post=1022"}],"curies":[{"name":"wp","href":"https:\/\/api.w.org\/{rel}","templated":true}]}}