{"id":1028,"date":"2024-12-17T08:37:12","date_gmt":"2024-12-17T08:37:12","guid":{"rendered":"https:\/\/www.bluelakechem.com\/?post_type=product&#038;p=1028"},"modified":"2025-01-17T13:02:28","modified_gmt":"2025-01-17T13:02:28","slug":"silicone-oil-for-textile","status":"publish","type":"product","link":"https:\/\/www.bluelakechem.com\/tr\/product\/silicone-oil-for-textile\/","title":{"rendered":"Tekstil Sel\u00fcloz Kuma\u015f Terbiye Maddesi i\u00e7in Derinle\u015ftirici Silikon Ya\u011f\u0131"},"content":{"rendered":"<div class=\"wp-block-columns is-layout-flex wp-container-core-columns-is-layout-9d6595d7 wp-block-columns-is-layout-flex\">\n<div class=\"wp-block-column is-layout-flow wp-block-column-is-layout-flow\" style=\"flex-basis:50%\">\n<h2 class=\"wp-block-heading\">Tekstil i\u00e7in Silikon Ya\u011f\u0131 \u00d6zellikler:<\/h2>\n\n\n\n<p>Geli\u015ftirilmi\u015f Renk Derinli\u011fi: Bu yumu\u015fat\u0131c\u0131, \u00f6zellikle mavi-ye\u015fil tonlar i\u00e7in kuma\u015f renklerini 35%'ye kadar \u00f6nemli \u00f6l\u00e7\u00fcde derinle\u015ftirir. Renk canl\u0131l\u0131\u011f\u0131n\u0131 art\u0131rarak kuma\u015flar\u0131n daha zengin ve daha derin g\u00f6r\u00fcnmesini sa\u011flar.<\/p>\n\n\n\n<p>Geli\u015ftirilmi\u015f Boyama Performans\u0131: Pahal\u0131 boyalar\u0131n kullan\u0131m\u0131n\u0131 azaltmaya ve daha ucuz boyalar\u0131n kromas\u0131n\u0131 iyile\u015ftirmeye yard\u0131mc\u0131 olarak boyama i\u015flemini daha uygun maliyetli hale getirir.<\/p>\n\n\n\n<p>Sel\u00fclozik Kuma\u015flar \u0130\u00e7in: Kuma\u015flar\u0131n (pamuk, viskon ve di\u011fer sel\u00fcloz bazl\u0131 kuma\u015flar) yumu\u015fakl\u0131\u011f\u0131n\u0131 ve apresini artt\u0131r\u0131rken renk derinli\u011fini geli\u015ftirir.<\/p>\n\n\n\n<p>Yumu\u015fak ve P\u00fcr\u00fczs\u00fcz Y\u00fczey: Kuma\u015flara p\u00fcr\u00fczs\u00fcz, yumu\u015fak bir tu\u015fe sa\u011flayarak bitmi\u015f tekstillerin hissini ve g\u00f6r\u00fcn\u00fcm\u00fcn\u00fc iyile\u015ftirir.<\/p>\n\n\n\n<h2 class=\"wp-block-heading\">Tekstil Uygulamalar\u0131 i\u00e7in Silikon:<\/h2>\n\n\n\n<p><strong>Pamuk ve Viskon Boyama:<\/strong> Pamuk, viskon ve di\u011fer sel\u00fcloz bazl\u0131 kuma\u015flar\u0131n, \u00f6zellikle deniz mavisi tonlar\u0131n\u0131n rengini derinle\u015ftirmek, daha canl\u0131 ve g\u00f6rsel olarak \u00e7ekici hale getirmek i\u00e7in idealdir.<\/p>\n\n\n\n<p><strong>Uygun Maliyetli Boyama Prosesi:<\/strong> Y\u00fcksek kaliteli boyalar\u0131n maliyeti olmadan daha canl\u0131 renkler elde ederek ucuz boyalar\u0131n kromas\u0131n\u0131 geli\u015ftirmek isteyen \u00fcreticiler i\u00e7in idealdir.<\/p>\n\n\n\n<p><strong>Ev Tekstili: <\/strong>\u00c7ar\u015faf, havlu ve perde gibi ev tekstili \u00fcr\u00fcnlerinin rengini derinle\u015ftirmek i\u00e7in idealdir ve ev dekorasyonu kuma\u015flar\u0131na daha l\u00fcks bir g\u00f6r\u00fcn\u00fcm sa\u011flar.<\/p>\n\n\n\n<p><strong>Denim ve Moda Tekstilleri: <\/strong>Derin, zengin renkler elde etmenin bir giysinin genel stili ve \u00e7ekicili\u011fi i\u00e7in gerekli oldu\u011fu moda ve denim tekstiller i\u00e7in idealdir.<\/p>\n\n\n\n<p><strong>Deniz Mavisi Tonlar\u0131 Boyama: <\/strong>\u00d6zellikle deniz mavisi tonlar\u0131n\u0131 g\u00fc\u00e7lendirmek, boyal\u0131 kuma\u015flar\u0131n canl\u0131, zengin ve uzun \u00f6m\u00fcrl\u00fc olmas\u0131n\u0131 sa\u011flamak i\u00e7in kullan\u0131\u015fl\u0131d\u0131r.<\/p>\n<\/div>\n\n\n\n<div class=\"wp-block-column is-layout-flow wp-block-column-is-layout-flow\" style=\"flex-basis:50%\">\n<figure class=\"wp-block-image size-full\"><img decoding=\"async\" width=\"800\" height=\"800\" src=\"https:\/\/www.bluelakechem.com\/wp-content\/uploads\/2024\/12\/silicone-oil-for-textile-1.webp\" alt=\"teksti\u0307l i\u0307\u00e7i\u0307n si\u0307li\u0307kon ya\u011fi\" class=\"wp-image-1465\" srcset=\"https:\/\/www.bluelakechem.com\/wp-content\/uploads\/2024\/12\/silicone-oil-for-textile-1.webp 800w, https:\/\/www.bluelakechem.com\/wp-content\/uploads\/2024\/12\/silicone-oil-for-textile-1-300x300.webp 300w, https:\/\/www.bluelakechem.com\/wp-content\/uploads\/2024\/12\/silicone-oil-for-textile-1-150x150.webp 150w, https:\/\/www.bluelakechem.com\/wp-content\/uploads\/2024\/12\/silicone-oil-for-textile-1-768x768.webp 768w, https:\/\/www.bluelakechem.com\/wp-content\/uploads\/2024\/12\/silicone-oil-for-textile-1-12x12.webp 12w, https:\/\/www.bluelakechem.com\/wp-content\/uploads\/2024\/12\/silicone-oil-for-textile-1-600x600.webp 600w, https:\/\/www.bluelakechem.com\/wp-content\/uploads\/2024\/12\/silicone-oil-for-textile-1-100x100.webp 100w\" sizes=\"(max-width: 800px) 100vw, 800px\" \/><\/figure>\n<\/div>\n<\/div>","protected":false},"excerpt":{"rendered":"<p>Tekstiller i\u00e7in Derinle\u015ftirici silikon ya\u011f\u0131 yumu\u015fak apre sa\u011flar ve renk derinli\u011fini art\u0131r\u0131r. \u00d6zellikle mavi-ye\u015fil tonlarda 35%'ye kadar derinle\u015ftirme etkisi sa\u011flarken, boya kullan\u0131m\u0131n\u0131 azalt\u0131r veya d\u00fc\u015f\u00fck maliyetli boyalar\u0131n kromas\u0131n\u0131 iyile\u015ftirir. Uygun maliyetli ve y\u00fcksek kaliteli tekstil terbiyesi i\u00e7in idealdir.<\/p>\n<p><strong>Model No.<\/strong>68243<\/p>","protected":false},"featured_media":1465,"comment_status":"closed","ping_status":"closed","template":"","meta":{"_acf_changed":false},"material":[26,30],"process":[23,42,24],"product_brand":[],"product_cat":[15],"product_tag":[],"class_list":{"0":"post-1028","1":"product","2":"type-product","3":"status-publish","4":"has-post-thumbnail","6":"material-cotton-agent","7":"material-viscose-chemicals","8":"process-textile-finishing-chemicals","9":"process-softener","10":"process-silicone-oil","11":"product_cat-uncategorized","13":"first","14":"instock","15":"shipping-taxable","16":"product-type-simple"},"acf":[],"_links":{"self":[{"href":"https:\/\/www.bluelakechem.com\/tr\/wp-json\/wp\/v2\/product\/1028","targetHints":{"allow":["GET"]}}],"collection":[{"href":"https:\/\/www.bluelakechem.com\/tr\/wp-json\/wp\/v2\/product"}],"about":[{"href":"https:\/\/www.bluelakechem.com\/tr\/wp-json\/wp\/v2\/types\/product"}],"replies":[{"embeddable":true,"href":"https:\/\/www.bluelakechem.com\/tr\/wp-json\/wp\/v2\/comments?post=1028"}],"wp:featuredmedia":[{"embeddable":true,"href":"https:\/\/www.bluelakechem.com\/tr\/wp-json\/wp\/v2\/media\/1465"}],"wp:attachment":[{"href":"https:\/\/www.bluelakechem.com\/tr\/wp-json\/wp\/v2\/media?parent=1028"}],"wp:term":[{"taxonomy":"material","embeddable":true,"href":"https:\/\/www.bluelakechem.com\/tr\/wp-json\/wp\/v2\/material?post=1028"},{"taxonomy":"process","embeddable":true,"href":"https:\/\/www.bluelakechem.com\/tr\/wp-json\/wp\/v2\/process?post=1028"},{"taxonomy":"product_brand","embeddable":true,"href":"https:\/\/www.bluelakechem.com\/tr\/wp-json\/wp\/v2\/product_brand?post=1028"},{"taxonomy":"product_cat","embeddable":true,"href":"https:\/\/www.bluelakechem.com\/tr\/wp-json\/wp\/v2\/product_cat?post=1028"},{"taxonomy":"product_tag","embeddable":true,"href":"https:\/\/www.bluelakechem.com\/tr\/wp-json\/wp\/v2\/product_tag?post=1028"}],"curies":[{"name":"wp","href":"https:\/\/api.w.org\/{rel}","templated":true}]}}