{"id":1030,"date":"2024-12-17T08:26:44","date_gmt":"2024-12-17T08:26:44","guid":{"rendered":"https:\/\/www.bluelakechem.com\/?post_type=product&#038;p=1030"},"modified":"2025-06-17T08:25:07","modified_gmt":"2025-06-17T08:25:07","slug":"fabric-softening-agents","status":"publish","type":"product","link":"https:\/\/www.bluelakechem.com\/tr\/product\/fabric-softening-agents\/","title":{"rendered":"Kuma\u015f Yumu\u015fat\u0131c\u0131 Ajanlar Polyester, Naylon, Blen i\u00e7in Tekstil Terbiye Kimyasallar\u0131"},"content":{"rendered":"<div class=\"wp-block-columns is-layout-flex wp-container-core-columns-is-layout-9d6595d7 wp-block-columns-is-layout-flex\">\n<div class=\"wp-block-column is-layout-flow wp-block-column-is-layout-flow\" style=\"flex-basis:50%\">\n<h2 class=\"wp-block-heading\">Kuma\u015f Yumu\u015fat\u0131c\u0131 Ajanlar \u00d6zellikler:<\/h2>\n\n\n\n<p><strong>Geli\u015ftirilmi\u015f Yumu\u015fakl\u0131k:<\/strong> Kuma\u015f yumu\u015fat\u0131c\u0131 maddeler kuma\u015flar\u0131n yumu\u015fakl\u0131\u011f\u0131n\u0131 ve rahatl\u0131k hissini art\u0131rarak cilde kar\u015f\u0131 p\u00fcr\u00fczs\u00fcz, nazik ve l\u00fcks olmas\u0131n\u0131 sa\u011flar.<\/p>\n\n\n\n<p><strong>Geli\u015ftirilmi\u015f Sap: <\/strong>Kuma\u015f yumu\u015fat\u0131c\u0131 maddeler, i\u015flemden sonra kuma\u015f\u0131 daha yumu\u015fak, esnek ve daha az sert hale getirerek kuma\u015f\u0131n genel dokusunu geli\u015ftirir.<\/p>\n\n\n\n<p><strong>Anti-Statik \u00d6zellikler:<\/strong> Yumu\u015fat\u0131c\u0131lar\u0131n \u00e7o\u011fu kuma\u015flarda statik olu\u015fumu azalt\u0131r ve b\u00f6ylece yap\u0131\u015fkanl\u0131\u011f\u0131 ve toz ve t\u00fcylerin \u00e7ekilmesini \u00f6nler.<\/p>\n\n\n\n<p><strong>Geli\u015ftirilmi\u015f Renk ve Parlakl\u0131k:<\/strong> Kuma\u015f yumu\u015fat\u0131c\u0131 maddeler, kuma\u015flara p\u00fcr\u00fczs\u00fcz, parlak bir g\u00f6r\u00fcn\u00fcm kazand\u0131rarak ve renklerin parlak kalmas\u0131na yard\u0131mc\u0131 olarak kuma\u015flar\u0131n g\u00f6r\u00fcn\u00fcm\u00fcn\u00fc iyile\u015ftirir.<\/p>\n\n\n\n<p><strong>Uzun \u00d6m\u00fcrl\u00fc Yumu\u015fakl\u0131k:<\/strong> Bu maddeler, tekrarlanan y\u0131kamalardan sonra bile kuma\u015f\u0131n yumu\u015fak \u00f6zelliklerini korur ve uzun s\u00fcreli kullan\u0131m i\u00e7in olduk\u00e7a etkilidir.<\/p>\n\n\n\n<p><strong>Azalt\u0131lm\u0131\u015f S\u00fcrt\u00fcnme ve A\u015f\u0131nma: <\/strong>Kuma\u015f\u0131 yumu\u015fak, p\u00fcr\u00fczs\u00fcz bir tabaka ile kaplayarak, kuma\u015f yumu\u015fat\u0131c\u0131 maddeler a\u015f\u0131nmay\u0131 ve y\u0131pranmay\u0131 azaltarak tekstilin \u00f6mr\u00fcn\u00fc uzat\u0131r.<\/p>\n\n\n\n<h2 class=\"wp-block-heading\">Kuma\u015f Yumu\u015fat\u0131c\u0131 Ajanlar Uygulamalar:<\/h2>\n\n\n\n<p><strong>Sentetik ve Kar\u0131\u015f\u0131ml\u0131 Kuma\u015flar:<\/strong> Kuma\u015f yumu\u015fat\u0131c\u0131 maddeler, polyester ve kar\u0131\u015f\u0131mlar\u0131 gibi sentetik elyaflar\u0131n terbiyesinde, hislerini ve yumu\u015fakl\u0131klar\u0131n\u0131 artt\u0131rmak i\u00e7in kullan\u0131l\u0131r.<\/p>\n\n\n\n<p><strong>Spor Giyim ve Fonksiyonel Kuma\u015flar:<\/strong> Kuma\u015f yumu\u015fat\u0131c\u0131lar, spandeks, elastan ve nem emici kuma\u015flar gibi malzemeler de dahil olmak \u00fczere spor k\u0131yafetlerinin esnekli\u011fini ve rahatl\u0131\u011f\u0131n\u0131 art\u0131rarak aktif kullan\u0131m i\u00e7in daha konforlu hale getirir.<\/p>\n\n\n\n<p><strong>Ev Tekstili: <\/strong>Yatak tak\u0131mlar\u0131, havlular, yast\u0131k k\u0131l\u0131flar\u0131 ve perdeler i\u00e7in kullan\u0131lan kuma\u015flar, genel kullan\u0131m deneyimini geli\u015ftirmek i\u00e7in kuma\u015f yumu\u015fat\u0131c\u0131 maddelerin yumu\u015fakl\u0131klar\u0131n\u0131, rahatl\u0131klar\u0131n\u0131 ve taze kokular\u0131n\u0131 s\u00fcrd\u00fcrmelerini sa\u011flar.<\/p>\n\n\n\n<p><strong>Y\u00fcksek Kaliteli Giysiler:<\/strong> \u0130pek, y\u00fcn ve ka\u015fmir gibi y\u00fcksek kaliteli kuma\u015flar i\u00e7in yumu\u015fat\u0131c\u0131lar yumu\u015fak, p\u00fcr\u00fczs\u00fcz bir y\u00fczey elde edilmesini sa\u011flayarak giysilerin kalite hissini ve g\u00f6r\u00fcn\u00fcm\u00fcn\u00fc iyile\u015ftirir.<\/p>\n\n\n\n<p><strong>Bebek ve Hassas Cilt Kuma\u015flar\u0131:<\/strong> Kuma\u015f yumu\u015fat\u0131c\u0131 maddeler, kuma\u015f\u0131n yumu\u015fak olmas\u0131n\u0131 ve tahri\u015f edici kimyasallar i\u00e7ermemesini sa\u011flamak i\u00e7in bebek giysileri ve hassas ciltler i\u00e7in kuma\u015flar gibi \u00fcr\u00fcnlere eklenir.<\/p>\n\n\n\n<p><strong>Kuma\u015f Koruma ve Bak\u0131m\u0131:<\/strong> Kuma\u015f yumu\u015fat\u0131c\u0131lar ayr\u0131ca kuma\u015flar\u0131 y\u0131kama s\u0131ras\u0131nda hasar g\u00f6rmekten korumak, zaman i\u00e7inde a\u015f\u0131nma ve y\u0131pranmay\u0131 azaltmak ve kuma\u015f\u0131n \u00f6mr\u00fcn\u00fc uzatmak i\u00e7in uygulan\u0131r.<\/p>\n<\/div>\n\n\n\n<div class=\"wp-block-column is-layout-flow wp-block-column-is-layout-flow\" style=\"flex-basis:50%\">\n<figure class=\"wp-block-image size-full\"><img decoding=\"async\" width=\"1363\" height=\"1701\" src=\"https:\/\/www.bluelakechem.com\/wp-content\/uploads\/2024\/12\/Softening-Agents-70793.webp\" alt=\"Yumu\u015fat\u0131c\u0131 Maddeler\" class=\"wp-image-2418\" srcset=\"https:\/\/www.bluelakechem.com\/wp-content\/uploads\/2024\/12\/Softening-Agents-70793.webp 1363w, https:\/\/www.bluelakechem.com\/wp-content\/uploads\/2024\/12\/Softening-Agents-70793-240x300.webp 240w, https:\/\/www.bluelakechem.com\/wp-content\/uploads\/2024\/12\/Softening-Agents-70793-768x958.webp 768w, https:\/\/www.bluelakechem.com\/wp-content\/uploads\/2024\/12\/Softening-Agents-70793-10x12.webp 10w, https:\/\/www.bluelakechem.com\/wp-content\/uploads\/2024\/12\/Softening-Agents-70793-1200x1498.webp 1200w, https:\/\/www.bluelakechem.com\/wp-content\/uploads\/2024\/12\/Softening-Agents-70793-600x749.webp 600w\" sizes=\"(max-width: 1363px) 100vw, 1363px\" \/><\/figure>\n\n\n\n<h2 class=\"wp-block-heading\">Kuma\u015f Yumu\u015fat\u0131c\u0131 Ajan \u00d6zellikleri:<\/h2>\n\n\n\n<figure class=\"wp-block-table\"><table class=\"has-fixed-layout\"><tbody><tr><td>G\u00f6r\u00fcn\u00fc\u015f:<\/td><td>Renksiz ila a\u00e7\u0131k sar\u0131 s\u0131v\u0131<\/td><\/tr><tr><td>\u0130yoniklik:<\/td><td>Zay\u0131f katyonik<\/td><\/tr><tr><td>pH de\u011feri:<\/td><td>6.0~7.0 (1% sulu \u00e7\u00f6zeltisi)<\/td><\/tr><tr><td>\u00c7\u00f6z\u00fcn\u00fcrl\u00fck:<\/td><td>Suda \u00e7\u00f6z\u00fcn\u00fcr<\/td><\/tr><\/tbody><\/table><\/figure>\n\n\n\n<h2 class=\"wp-block-heading\">Kuma\u015f Yumu\u015fat\u0131c\u0131 Maddeler Talimat\u0131:<\/h2>\n\n\n\n<p>Dolgu i\u015flemi:<strong><\/strong><\/p>\n\n\n\n<p>Hafif ve ince kuma\u015flar i\u00e7in: referans dozaj: 10~20 g\/L<\/p>\n\n\n\n<p>A\u011f\u0131r ve kal\u0131n kuma\u015flar i\u00e7in: referans dozaj: 20~30 g\/L<strong><\/strong><\/p>\n\n\n\n<p>\u00c7al\u0131\u015fma \u00e7\u00f6zeltisinin en iyi pH de\u011feri: 6.0~7.0<\/p>\n\n\n\n<p>Stenter: Dald\u0131rma ve dolgu (Pikap: 70~90%) \u2192 150~170\u2103 \u00d7 60~90s<strong><\/strong><\/p>\n<\/div>\n<\/div>","protected":false},"excerpt":{"rendered":"<p>Kuma\u015f yumu\u015fat\u0131c\u0131lar aras\u0131nda birinci s\u0131n\u0131f bir se\u00e7im olan blok silikon ya\u011f\u0131, \u00f6zellikle ribana \u00f6rme kuma\u015flar olmak \u00fczere \u00e7e\u015fitli kar\u0131\u015f\u0131ml\u0131 kuma\u015f t\u00fcrleri i\u00e7in uygundur. Cilt dostu ve yumu\u015fak bir tutum sa\u011flar.<\/p>\n<p><strong>Model No.<\/strong>70793<\/p>","protected":false},"featured_media":1467,"comment_status":"closed","ping_status":"closed","template":"","meta":{"_acf_changed":false},"material":[27,28,29,34],"process":[23,42,24],"product_brand":[],"product_cat":[15],"product_tag":[],"class_list":{"0":"post-1030","1":"product","2":"type-product","3":"status-publish","4":"has-post-thumbnail","6":"material-polyester-chemicals","7":"material-nylon-agent","8":"material-acrylic-chemicals","9":"material-fabric-chemicals","10":"process-textile-finishing-chemicals","11":"process-softener","12":"process-silicone-oil","13":"product_cat-uncategorized","15":"first","16":"instock","17":"shipping-taxable","18":"product-type-simple"},"acf":[],"_links":{"self":[{"href":"https:\/\/www.bluelakechem.com\/tr\/wp-json\/wp\/v2\/product\/1030","targetHints":{"allow":["GET"]}}],"collection":[{"href":"https:\/\/www.bluelakechem.com\/tr\/wp-json\/wp\/v2\/product"}],"about":[{"href":"https:\/\/www.bluelakechem.com\/tr\/wp-json\/wp\/v2\/types\/product"}],"replies":[{"embeddable":true,"href":"https:\/\/www.bluelakechem.com\/tr\/wp-json\/wp\/v2\/comments?post=1030"}],"wp:featuredmedia":[{"embeddable":true,"href":"https:\/\/www.bluelakechem.com\/tr\/wp-json\/wp\/v2\/media\/1467"}],"wp:attachment":[{"href":"https:\/\/www.bluelakechem.com\/tr\/wp-json\/wp\/v2\/media?parent=1030"}],"wp:term":[{"taxonomy":"material","embeddable":true,"href":"https:\/\/www.bluelakechem.com\/tr\/wp-json\/wp\/v2\/material?post=1030"},{"taxonomy":"process","embeddable":true,"href":"https:\/\/www.bluelakechem.com\/tr\/wp-json\/wp\/v2\/process?post=1030"},{"taxonomy":"product_brand","embeddable":true,"href":"https:\/\/www.bluelakechem.com\/tr\/wp-json\/wp\/v2\/product_brand?post=1030"},{"taxonomy":"product_cat","embeddable":true,"href":"https:\/\/www.bluelakechem.com\/tr\/wp-json\/wp\/v2\/product_cat?post=1030"},{"taxonomy":"product_tag","embeddable":true,"href":"https:\/\/www.bluelakechem.com\/tr\/wp-json\/wp\/v2\/product_tag?post=1030"}],"curies":[{"name":"wp","href":"https:\/\/api.w.org\/{rel}","templated":true}]}}