{"id":1042,"date":"2024-12-17T09:17:51","date_gmt":"2024-12-17T09:17:51","guid":{"rendered":"https:\/\/www.bluelakechem.com\/?post_type=product&#038;p=1042"},"modified":"2025-06-17T08:23:36","modified_gmt":"2025-06-17T08:23:36","slug":"fabric-softener-for-synthetic","status":"publish","type":"product","link":"https:\/\/www.bluelakechem.com\/tr\/product\/fabric-softener-for-synthetic\/","title":{"rendered":"Sentetik Tekstil Terbiyesi i\u00e7in Hidrofilik Silikon Kuma\u015f Yumu\u015fat\u0131c\u0131"},"content":{"rendered":"<div class=\"wp-block-columns is-layout-flex wp-container-core-columns-is-layout-9d6595d7 wp-block-columns-is-layout-flex\">\n<div class=\"wp-block-column is-layout-flow wp-block-column-is-layout-flow\" style=\"flex-basis:50%\">\n<h2 class=\"wp-block-heading\">Sentetik \u00d6zellikler i\u00e7in Kuma\u015f Yumu\u015fat\u0131c\u0131:<\/h2>\n\n\n\n<p>Geli\u015ftirilmi\u015f yumu\u015fakl\u0131k ve kuma\u015f hissi: P\u00fcr\u00fczs\u00fcz, rahat bir his i\u00e7in sentetik elyaflara ola\u011fan\u00fcst\u00fc yumu\u015fak bir dokunu\u015f sa\u011flar.<\/p>\n\n\n\n<p>Geli\u015ftirilmi\u015f hidrofiliklik ve nem emme etkisi: Nem emilimini ve nefes alabilirli\u011fi art\u0131rarak kuma\u015f\u0131n teri veya nemi h\u0131zla emmesini sa\u011flar, kullan\u0131c\u0131n\u0131n kuru ve rahat kalmas\u0131n\u0131 sa\u011flar.<\/p>\n\n\n\n<p>Sentetik elyaflar i\u00e7in uygundur: Polyester, naylon ve di\u011fer sentetik malzemeler gibi kimyasal elyaflar i\u00e7in \u00f6zel olarak form\u00fcle edilmi\u015ftir ve \u00e7e\u015fitli sentetik tekstiller i\u00e7in ideal bir \u00e7\u00f6z\u00fcmd\u00fcr.<\/p>\n\n\n\n<p>Geli\u015ftirilmi\u015f dayan\u0131kl\u0131l\u0131k: Birden fazla y\u0131kamadan sonra bile yumu\u015fakl\u0131\u011f\u0131n\u0131 ve nem \u00e7ekme \u00f6zelli\u011fini koruyarak kuma\u015f\u0131n \u00f6mr\u00fcn\u00fc uzat\u0131r.<\/p>\n\n\n\n<p>Toksik de\u011fildir ve g\u00fcvenlidir: Cilt temas\u0131 i\u00e7in g\u00fcvenli, v\u00fccutla yak\u0131n temas eden giysi ve di\u011fer tekstil \u00fcr\u00fcnlerinde kullan\u0131ma uygundur.<\/p>\n\n\n\n<h2 class=\"wp-block-heading\">Sentetik Kuma\u015f Yumu\u015fat\u0131c\u0131 Uygulamalar\u0131:<\/h2>\n\n\n\n<p><strong>Sentetik Elyaflar ve Kar\u0131\u015f\u0131ml\u0131 Kuma\u015flar:<\/strong><br>Polyester, naylon ve bunlar\u0131n kar\u0131\u015f\u0131mlar\u0131 gibi sentetik elyaflar i\u00e7in yumu\u015fak bir his verir ve bu elyaflar\u0131n dokusunu iyile\u015ftirir.<\/p>\n\n\n\n<p><strong>Ev Tekstili:<\/strong><br>Bu \u00fcr\u00fcnler, ho\u015f bir his ve deneyim i\u00e7in yumu\u015fak kalmalar\u0131n\u0131 sa\u011flamak amac\u0131yla yatak tak\u0131mlar\u0131nda, havlularda, yast\u0131k k\u0131l\u0131flar\u0131nda ve perdelerde kullan\u0131l\u0131r.<\/p>\n\n\n\n<p><strong>\u00c7ocuk K\u0131yafetleri:<\/strong><br>\u00c7ocuk giysilerinde kullan\u0131lan sentetik kuma\u015flar\u0131n konforunu ve cilt dostlu\u011funu art\u0131rarak, aktif gen\u00e7 kullan\u0131c\u0131lar i\u00e7in yumu\u015fak bir dokunu\u015f ve nem emilimi sa\u011flar.<\/p>\n\n\n\n<p><strong>Fonksiyonel \u0130\u015f K\u0131yafetleri ve D\u0131\u015f Mekan K\u0131yafetleri:<\/strong><br>Kullan\u0131lan yumu\u015fat\u0131c\u0131lar, kuma\u015f\u0131n dayan\u0131kl\u0131l\u0131\u011f\u0131n\u0131 ve i\u015flevselli\u011fini etkilemeden i\u015f k\u0131yafetlerinin, d\u0131\u015f mekan ekipmanlar\u0131n\u0131n ve koruyucu giysilerin a\u015f\u0131nma direncini ve konforunu art\u0131r\u0131r.<\/p>\n\n\n\n<p><strong>\u0130\u00e7 Giyim ve \u0130\u00e7 \u00c7ama\u015f\u0131rlar\u0131:<\/strong><br>Yumu\u015fakl\u0131k, nem y\u00f6netimi ve konforu art\u0131rmak i\u00e7in i\u00e7 \u00e7ama\u015f\u0131r\u0131 ve i\u00e7 \u00e7ama\u015f\u0131rlar\u0131nda kullan\u0131lan sentetik kuma\u015flara uygulan\u0131r.<\/p>\n\n\n\n<p><strong>Atletik ayakkab\u0131lar:<\/strong><br>Atletik ayakkab\u0131larda ve ayakkab\u0131larda kullan\u0131lan sentetik malzemelere yumu\u015fakl\u0131k, nefes alabilirlik ve nem y\u00f6netimi sa\u011flamak i\u00e7in uygulanabilir.<\/p>\n\n\n\n<p><strong>Havlu ve Banyo Tekstili:<\/strong><br>Sentetik havlular, bornozlar ve yumu\u015fakl\u0131k ve geli\u015fmi\u015f nem emilimi gerektiren di\u011fer tekstiller i\u00e7in idealdir, bu da onlar\u0131 daha etkili ve konforlu hale getirir.<\/p>\n<\/div>\n\n\n\n<div class=\"wp-block-column is-layout-flow wp-block-column-is-layout-flow\" style=\"flex-basis:50%\">\n<figure class=\"wp-block-image size-full\"><img decoding=\"async\" width=\"1363\" height=\"1701\" src=\"https:\/\/www.bluelakechem.com\/wp-content\/uploads\/2024\/12\/Silicone-Softener-97078.webp\" alt=\"Silikon Yumu\u015fat\u0131c\u0131\" class=\"wp-image-2422\" srcset=\"https:\/\/www.bluelakechem.com\/wp-content\/uploads\/2024\/12\/Silicone-Softener-97078.webp 1363w, https:\/\/www.bluelakechem.com\/wp-content\/uploads\/2024\/12\/Silicone-Softener-97078-240x300.webp 240w, https:\/\/www.bluelakechem.com\/wp-content\/uploads\/2024\/12\/Silicone-Softener-97078-768x958.webp 768w, https:\/\/www.bluelakechem.com\/wp-content\/uploads\/2024\/12\/Silicone-Softener-97078-10x12.webp 10w, https:\/\/www.bluelakechem.com\/wp-content\/uploads\/2024\/12\/Silicone-Softener-97078-1200x1498.webp 1200w, https:\/\/www.bluelakechem.com\/wp-content\/uploads\/2024\/12\/Silicone-Softener-97078-600x749.webp 600w\" sizes=\"(max-width: 1363px) 100vw, 1363px\" \/><\/figure>\n\n\n\n<h2 class=\"wp-block-heading\">Sentetik \u00d6zellikler i\u00e7in Kuma\u015f Yumu\u015fat\u0131c\u0131:<\/h2>\n\n\n\n<figure class=\"wp-block-table\"><table class=\"has-fixed-layout\"><tbody><tr><td>G\u00f6r\u00fcn\u00fc\u015f:<\/td><td>Renksiz em\u00fclsiyon<\/td><\/tr><tr><td>\u0130yoniklik:<\/td><td>Zay\u0131f katyonik<\/td><\/tr><tr><td>pH de\u011feri:<\/td><td>6,5\u00b10,5 (1% sulu \u00e7\u00f6zeltisi)<\/td><\/tr><tr><td>\u00c7\u00f6z\u00fcn\u00fcrl\u00fck:<\/td><td>Suda \u00e7ok kolay \u00e7\u00f6z\u00fcn\u00fcr<\/td><\/tr><\/tbody><\/table><\/figure>\n\n\n\n<h2 class=\"wp-block-heading\">Sentetik Talimatlar i\u00e7in Kuma\u015f Yumu\u015fat\u0131c\u0131:<\/h2>\n\n\n\n<p>1. Dolgu i\u015flemi i\u00e7in referans dozaj: 10~30 g\/L<\/p>\n\n\n\n<ol class=\"wp-block-list\"><\/ol>\n\n\n\n<p>Banyo pH de\u011feri 7'nin alt\u0131nda olmal\u0131d\u0131r (5~6 en iyisidir).<\/p>\n\n\n\n<p>2. Egzoz i\u015flemi i\u00e7in, 1: X (X = 3 ~ 8) oran\u0131nda seyreltmenizi ve ard\u0131ndan kullanman\u0131z\u0131 \u00f6neririz.<\/p>\n\n\n\n<p>Seyreltilmi\u015f 97078'in referans dozu: 1.0~3.0% (o.w.f)<\/p>\n<\/div>\n<\/div>","protected":false},"excerpt":{"rendered":"<p>Sentetikler i\u00e7in hidrofilik silikon yumu\u015fat\u0131c\u0131, yumu\u015fak el hissi verir ve hidrofilikli\u011fi, an\u0131nda hidrofilikli\u011fi ve nem \u00e7ekme etkisini b\u00fcy\u00fck \u00f6l\u00e7\u00fcde geli\u015ftirir.<\/p>\n<p><strong>Model No.<\/strong>97078<\/p>","protected":false},"featured_media":1456,"comment_status":"closed","ping_status":"closed","template":"","meta":{"_acf_changed":false},"material":[27,28,29,34],"process":[23,42,24],"product_brand":[],"product_cat":[15],"product_tag":[],"class_list":{"0":"post-1042","1":"product","2":"type-product","3":"status-publish","4":"has-post-thumbnail","6":"material-polyester-chemicals","7":"material-nylon-agent","8":"material-acrylic-chemicals","9":"material-fabric-chemicals","10":"process-textile-finishing-chemicals","11":"process-softener","12":"process-silicone-oil","13":"product_cat-uncategorized","15":"first","16":"instock","17":"shipping-taxable","18":"product-type-simple"},"acf":[],"_links":{"self":[{"href":"https:\/\/www.bluelakechem.com\/tr\/wp-json\/wp\/v2\/product\/1042","targetHints":{"allow":["GET"]}}],"collection":[{"href":"https:\/\/www.bluelakechem.com\/tr\/wp-json\/wp\/v2\/product"}],"about":[{"href":"https:\/\/www.bluelakechem.com\/tr\/wp-json\/wp\/v2\/types\/product"}],"replies":[{"embeddable":true,"href":"https:\/\/www.bluelakechem.com\/tr\/wp-json\/wp\/v2\/comments?post=1042"}],"wp:featuredmedia":[{"embeddable":true,"href":"https:\/\/www.bluelakechem.com\/tr\/wp-json\/wp\/v2\/media\/1456"}],"wp:attachment":[{"href":"https:\/\/www.bluelakechem.com\/tr\/wp-json\/wp\/v2\/media?parent=1042"}],"wp:term":[{"taxonomy":"material","embeddable":true,"href":"https:\/\/www.bluelakechem.com\/tr\/wp-json\/wp\/v2\/material?post=1042"},{"taxonomy":"process","embeddable":true,"href":"https:\/\/www.bluelakechem.com\/tr\/wp-json\/wp\/v2\/process?post=1042"},{"taxonomy":"product_brand","embeddable":true,"href":"https:\/\/www.bluelakechem.com\/tr\/wp-json\/wp\/v2\/product_brand?post=1042"},{"taxonomy":"product_cat","embeddable":true,"href":"https:\/\/www.bluelakechem.com\/tr\/wp-json\/wp\/v2\/product_cat?post=1042"},{"taxonomy":"product_tag","embeddable":true,"href":"https:\/\/www.bluelakechem.com\/tr\/wp-json\/wp\/v2\/product_tag?post=1042"}],"curies":[{"name":"wp","href":"https:\/\/api.w.org\/{rel}","templated":true}]}}