{"id":1044,"date":"2024-12-17T10:23:48","date_gmt":"2024-12-17T10:23:48","guid":{"rendered":"https:\/\/www.bluelakechem.com\/?post_type=product&#038;p=1044"},"modified":"2025-01-17T12:42:43","modified_gmt":"2025-01-17T12:42:43","slug":"antimicrobial-agent","status":"publish","type":"product","link":"https:\/\/www.bluelakechem.com\/tr\/product\/antimicrobial-agent\/","title":{"rendered":"Elyaf Terbiyesi i\u00e7in \u00c7inko \u0130yon Antimikrobiyal Ajan Anti-Mantar Yard\u0131mc\u0131lar\u0131"},"content":{"rendered":"<div class=\"wp-block-columns is-layout-flex wp-container-core-columns-is-layout-9d6595d7 wp-block-columns-is-layout-flex\">\n<div class=\"wp-block-column is-layout-flow wp-block-column-is-layout-flow\" style=\"flex-basis:50%\">\n<h2 class=\"wp-block-heading\">Antimikrobiyal Ajan \u00d6zellikler:<\/h2>\n\n\n\n<p><strong>Etkili antimikrobiyal etki:<\/strong> Bakteri \u00fcremesini engelleyen g\u00fc\u00e7l\u00fc antimikrobiyal \u00f6zelliklere sahip \u00e7inko iyonlar\u0131 i\u00e7erir, kuma\u015f hijyenini sa\u011flar ve ho\u015f olmayan kokular\u0131 \u00f6nler.<\/p>\n\n\n\n<p><strong>Antifungal koruma:<\/strong> Etkili antifungal \u00f6zellikleri ile tekstilde k\u00fcf olu\u015fumunu engeller ve y\u00fcksek nemli ortamlar i\u00e7in idealdir.<\/p>\n\n\n\n<p><strong>AATCC antimikrobiyal testinden ge\u00e7mi\u015ftir:<\/strong> ABD AATCC antimikrobiyal test standartlar\u0131n\u0131 kar\u015f\u0131layarak ger\u00e7ek d\u00fcnya ko\u015fullar\u0131nda etkinli\u011fini ve uluslararas\u0131 kalite gereksinimlerini kar\u015f\u0131layabilmesini sa\u011flar.<\/p>\n\n\n\n<p><strong>Uygun maliyetli:<\/strong> Bu \u00e7inko iyonu bazl\u0131 \u00e7\u00f6z\u00fcm, g\u00fcm\u00fc\u015f iyonu antimikrobiyallere g\u00f6re daha ekonomiktir ve y\u00fcksek performansl\u0131 antimikrobiyal \u00f6zellikleri korurken \u00f6nemli maliyet tasarrufu sa\u011flar.<\/p>\n\n\n\n<p><strong>T\u00fcm elyaflar i\u00e7in uygundur:<\/strong> Pamuk, polyester, naylon ve kar\u0131\u015f\u0131mlar dahil olmak \u00fczere \u00e7ok \u00e7e\u015fitli elyaflara uygulanabilir, bu da onu farkl\u0131 tekstil t\u00fcrleri i\u00e7in \u00e7ok y\u00f6nl\u00fc bir \u00e7\u00f6z\u00fcm haline getirir.<\/p>\n\n\n\n<p><strong>Uzun s\u00fcreli etki:<\/strong> Uzun s\u00fcreli antimikrobiyal ve antifungal etkiler sa\u011flayarak tekstillerin birden fazla y\u0131kamadan sonra bile daha uzun s\u00fcre taze ve kokusuz kalmas\u0131n\u0131 sa\u011flar.<\/p>\n\n\n\n<p><strong>G\u00fcvenli ve toksik de\u011fildir: <\/strong>\u00c7inko iyon antimikrobiyal maddeler cilt temas\u0131 i\u00e7in g\u00fcvenli ve \u00e7evre dostudur, giyim, yatak ve di\u011fer tekstil \u00fcr\u00fcnleri i\u00e7in uygundur.<\/p>\n\n\n\n<p><\/p>\n<\/div>\n\n\n\n<div class=\"wp-block-column is-layout-flow wp-block-column-is-layout-flow\" style=\"flex-basis:50%\">\n<figure class=\"wp-block-embed is-type-video is-provider-youtube wp-block-embed-youtube wp-embed-aspect-16-9 wp-has-aspect-ratio\"><div class=\"wp-block-embed__wrapper\">\n<iframe title=\"Boyama Fabrikas\u0131 Antibakteriyel Ajan| 95%+ bakterilerini \u00f6ld\u00fcr\u00fcr, t\u00fcm kuma\u015flar i\u00e7in uygundur, AATCC\uff0844503 ile uyumludur\" width=\"500\" height=\"281\" src=\"https:\/\/www.youtube.com\/embed\/8MWopEK_K-c?feature=oembed\" frameborder=\"0\" allow=\"accelerometer; autoplay; clipboard-write; encrypted-media; gyroscope; picture-in-picture; web-share\" referrerpolicy=\"strict-origin-when-cross-origin\" allowfullscreen><\/iframe>\n<\/div><\/figure>\n<\/div>\n<\/div>\n\n\n\n<div class=\"wp-block-columns is-layout-flex wp-container-core-columns-is-layout-9d6595d7 wp-block-columns-is-layout-flex\">\n<div class=\"wp-block-column is-layout-flow wp-block-column-is-layout-flow\">\n<figure class=\"wp-block-image size-full\"><img decoding=\"async\" width=\"1200\" height=\"1200\" src=\"https:\/\/www.bluelakechem.com\/wp-content\/uploads\/2024\/12\/Antimicrobial-Agent.webp\" alt=\"Antimikrobiyal Ajan\" class=\"wp-image-1048\" srcset=\"https:\/\/www.bluelakechem.com\/wp-content\/uploads\/2024\/12\/Antimicrobial-Agent.webp 1200w, https:\/\/www.bluelakechem.com\/wp-content\/uploads\/2024\/12\/Antimicrobial-Agent-300x300.webp 300w, https:\/\/www.bluelakechem.com\/wp-content\/uploads\/2024\/12\/Antimicrobial-Agent-150x150.webp 150w, https:\/\/www.bluelakechem.com\/wp-content\/uploads\/2024\/12\/Antimicrobial-Agent-768x768.webp 768w, https:\/\/www.bluelakechem.com\/wp-content\/uploads\/2024\/12\/Antimicrobial-Agent-600x600.webp 600w, https:\/\/www.bluelakechem.com\/wp-content\/uploads\/2024\/12\/Antimicrobial-Agent-100x100.webp 100w\" sizes=\"(max-width: 1200px) 100vw, 1200px\" \/><\/figure>\n<\/div>\n\n\n\n<div class=\"wp-block-column is-layout-flow wp-block-column-is-layout-flow\">\n<h2 class=\"wp-block-heading\">Antimikrobiyal Ajan Uygulamalar\u0131:<\/h2>\n\n\n\n<p><strong>Konfeksiyon \u0130malat\u0131:<\/strong><br>Giysiler ve spor giysiler, \u00f6zellikle uzun s\u00fcreli ter lekeleri olan spor giysiler i\u00e7in uygulanabilir, antibakteriyel ve antifungal \u00f6zellikler giysilerin daha uzun s\u00fcre taze kalmas\u0131n\u0131 sa\u011flayabilir.<\/p>\n\n\n\n<p><strong>Ev Tekstili:<\/strong><br>\u00c7ar\u015faf, havlu, yast\u0131k k\u0131l\u0131f\u0131 gibi ev tekstili \u00fcr\u00fcnlerinde ve i\u00e7 dekorasyonda bakteri olu\u015fumunu azaltmak ve kokuyu \u00f6nlemek i\u00e7in kullan\u0131l\u0131r.<\/p>\n\n\n\n<p><strong>Sa\u011fl\u0131k ve Medikal Tekstiller:<\/strong><br>Hastane \u00f6nl\u00fckleri, hasta yataklar\u0131 ve cerrahi \u00f6rt\u00fcler gibi sa\u011fl\u0131kla ilgili tekstiller i\u00e7in ge\u00e7erlidir.<\/p>\n\n\n\n<p><strong>A\u00e7\u0131k Hava ve Spor Ekipmanlar\u0131:<\/strong><br>Nemli ortamlarda \u00fcreyebilecek bakteri, mantar ve k\u00fcfe kar\u015f\u0131 koruma sa\u011flamak i\u00e7in \u00e7ad\u0131r, s\u0131rt \u00e7antas\u0131 ve ayakkab\u0131 gibi d\u0131\u015f mekan ve spor ekipmanlar\u0131na uygulan\u0131r.<\/p>\n\n\n\n<p><strong>Bebek ve \u00c7ocuk Tekstili:<\/strong><br>Bebek giysileri, yatak tak\u0131mlar\u0131 ve di\u011fer tekstil \u00fcr\u00fcnleri i\u00e7in g\u00fcvenli ve etkilidir, hassas cilde sahip \u00e7ocuklar i\u00e7in hijyenik ve rahat bir ortam sa\u011flar.<\/p>\n<\/div>\n<\/div>\n\n\n\n<p><\/p>","protected":false},"excerpt":{"rendered":"<p>\u00c7inko iyonu antimikrobiyal ajan etkili, d\u00fc\u015f\u00fck maliyetli bir antimikrobiyal ajand\u0131r. Amerikan standard\u0131 AATCC antibakteriyel testini ge\u00e7er. G\u00fcm\u00fc\u015f iyon antibakteriyel maddelerle kar\u015f\u0131la\u015ft\u0131r\u0131ld\u0131\u011f\u0131nda, daha d\u00fc\u015f\u00fck maliyetlidir ancak m\u00fckemmel antibakteriyel performans sunar ve bu nedenle kuma\u015f terbiyesi i\u00e7in olduk\u00e7a uygun maliyetli bir \u00e7\u00f6z\u00fcmd\u00fcr.<\/p>\n<p><strong>Model No.<\/strong>44503<\/p>","protected":false},"featured_media":1455,"comment_status":"closed","ping_status":"closed","template":"","meta":{"_acf_changed":false},"material":[26,27,28,29,30,31,32,33,34],"process":[23,25],"product_brand":[],"product_cat":[15],"product_tag":[],"class_list":{"0":"post-1044","1":"product","2":"type-product","3":"status-publish","4":"has-post-thumbnail","6":"material-cotton-agent","7":"material-polyester-chemicals","8":"material-nylon-agent","9":"material-acrylic-chemicals","10":"material-viscose-chemicals","11":"material-wool-auxiliary","12":"material-linen-chemicals","13":"material-silk-chemicals","14":"material-fabric-chemicals","15":"process-textile-finishing-chemicals","16":"process-textile-finishing-agent","17":"product_cat-uncategorized","19":"first","20":"instock","21":"shipping-taxable","22":"product-type-simple"},"acf":[],"_links":{"self":[{"href":"https:\/\/www.bluelakechem.com\/tr\/wp-json\/wp\/v2\/product\/1044","targetHints":{"allow":["GET"]}}],"collection":[{"href":"https:\/\/www.bluelakechem.com\/tr\/wp-json\/wp\/v2\/product"}],"about":[{"href":"https:\/\/www.bluelakechem.com\/tr\/wp-json\/wp\/v2\/types\/product"}],"replies":[{"embeddable":true,"href":"https:\/\/www.bluelakechem.com\/tr\/wp-json\/wp\/v2\/comments?post=1044"}],"wp:featuredmedia":[{"embeddable":true,"href":"https:\/\/www.bluelakechem.com\/tr\/wp-json\/wp\/v2\/media\/1455"}],"wp:attachment":[{"href":"https:\/\/www.bluelakechem.com\/tr\/wp-json\/wp\/v2\/media?parent=1044"}],"wp:term":[{"taxonomy":"material","embeddable":true,"href":"https:\/\/www.bluelakechem.com\/tr\/wp-json\/wp\/v2\/material?post=1044"},{"taxonomy":"process","embeddable":true,"href":"https:\/\/www.bluelakechem.com\/tr\/wp-json\/wp\/v2\/process?post=1044"},{"taxonomy":"product_brand","embeddable":true,"href":"https:\/\/www.bluelakechem.com\/tr\/wp-json\/wp\/v2\/product_brand?post=1044"},{"taxonomy":"product_cat","embeddable":true,"href":"https:\/\/www.bluelakechem.com\/tr\/wp-json\/wp\/v2\/product_cat?post=1044"},{"taxonomy":"product_tag","embeddable":true,"href":"https:\/\/www.bluelakechem.com\/tr\/wp-json\/wp\/v2\/product_tag?post=1044"}],"curies":[{"name":"wp","href":"https:\/\/api.w.org\/{rel}","templated":true}]}}