{"id":1049,"date":"2024-12-18T02:46:42","date_gmt":"2024-12-18T02:46:42","guid":{"rendered":"https:\/\/www.bluelakechem.com\/?post_type=product&#038;p=1049"},"modified":"2025-01-17T12:41:40","modified_gmt":"2025-01-17T12:41:40","slug":"dye-fixing-agent","status":"publish","type":"product","link":"https:\/\/www.bluelakechem.com\/tr\/product\/dye-fixing-agent\/","title":{"rendered":"Y\u00fcksek Konsantrasyonlu Boya Sabitleme Maddesi Formaldehit Olmayan Boyama Yard\u0131mc\u0131 Maddesi"},"content":{"rendered":"<div class=\"wp-block-columns is-layout-flex wp-container-core-columns-is-layout-9d6595d7 wp-block-columns-is-layout-flex\">\n<div class=\"wp-block-column is-layout-flow wp-block-column-is-layout-flow\" style=\"flex-basis:50%\">\n<h2 class=\"wp-block-heading\">Boya Sabitleme Maddesi \u00d6zellikler:<\/h2>\n\n\n\n<p><strong>Formaldehit i\u00e7ermez:<\/strong> Formaldehit i\u00e7ermez, tekstil terbiyesi i\u00e7in daha g\u00fcvenli, daha \u00e7evre dostu bir se\u00e7imdir. Uluslararas\u0131 g\u00fcvenlik ve \u00e7evre standartlar\u0131na uymak isteyen \u00fcreticiler i\u00e7in idealdir.<\/p>\n\n\n\n<p><strong>Geli\u015ftirilmi\u015f Renk Hasl\u0131\u011f\u0131: <\/strong>Direkt ve reaktif boyalarla boyanm\u0131\u015f pamuklu kuma\u015flar\u0131n dald\u0131rma hasl\u0131\u011f\u0131, y\u0131kama hasl\u0131\u011f\u0131, ter hasl\u0131\u011f\u0131 ve \u0131slak s\u00fcrtme hasl\u0131\u011f\u0131 dahil olmak \u00fczere renk hasl\u0131klar\u0131n\u0131 \u00f6nemli \u00f6l\u00e7\u00fcde iyile\u015ftirir.<\/p>\n\n\n\n<p><strong>Hassas Renkler \u0130\u00e7in Uygundur: <\/strong>\u00d6zellikle turkuaz mavisi ve di\u011fer mavi-ye\u015fil hassas kuma\u015flar i\u00e7in uygundur, solmay\u0131 \u00f6nler ve uzun s\u00fcreli canl\u0131l\u0131k sa\u011flar.<\/p>\n\n\n\n<p><strong>Y\u00fcksek Konsantrasyonlu Form\u00fcl: <\/strong>Y\u00fcksek renk sabitleyici konsantrasyonu, daha verimli kullan\u0131m sa\u011flayarak \u00fcr\u00fcn talebini azalt\u0131rken maliyet etkinli\u011fi ve daha iyi sonu\u00e7lar sa\u011flar.<\/p>\n\n\n\n<p><strong>Geli\u015ftirilmi\u015f Dayan\u0131kl\u0131l\u0131k: <\/strong>Boyal\u0131 kuma\u015flar\u0131 zamanla solmaya veya renk atmaya kar\u015f\u0131 koruyarak kuma\u015flar\u0131n g\u00f6r\u00fcn\u00fcm\u00fcn\u00fc ve rengini uzatmaya yard\u0131mc\u0131 olur.<\/p>\n<\/div>\n\n\n\n<div class=\"wp-block-column is-layout-flow wp-block-column-is-layout-flow\" style=\"flex-basis:50%\">\n<figure class=\"wp-block-embed is-type-video is-provider-youtube wp-block-embed-youtube wp-embed-aspect-16-9 wp-has-aspect-ratio\"><div class=\"wp-block-embed__wrapper\">\n<iframe title=\"\u3010Tekstil Kimyasallar\u0131\u3011 Turkuaz Mavisi Sabitleme Maddesi-23183\" width=\"500\" height=\"281\" src=\"https:\/\/www.youtube.com\/embed\/20AN_lI2QS4?feature=oembed\" frameborder=\"0\" allow=\"accelerometer; autoplay; clipboard-write; encrypted-media; gyroscope; picture-in-picture; web-share\" referrerpolicy=\"strict-origin-when-cross-origin\" allowfullscreen><\/iframe>\n<\/div><\/figure>\n<\/div>\n<\/div>\n\n\n\n<div class=\"wp-block-columns is-layout-flex wp-container-core-columns-is-layout-9d6595d7 wp-block-columns-is-layout-flex\">\n<div class=\"wp-block-column is-layout-flow wp-block-column-is-layout-flow\">\n<figure class=\"wp-block-image size-full\"><img decoding=\"async\" width=\"1200\" height=\"1200\" src=\"https:\/\/www.bluelakechem.com\/wp-content\/uploads\/2024\/12\/Formaldehyde-Free-Dye-Fixing-Agent-4.webp\" alt=\"Formaldehitsiz Boya Sabitleme Maddesi (4)\" class=\"wp-image-1055\" srcset=\"https:\/\/www.bluelakechem.com\/wp-content\/uploads\/2024\/12\/Formaldehyde-Free-Dye-Fixing-Agent-4.webp 1200w, https:\/\/www.bluelakechem.com\/wp-content\/uploads\/2024\/12\/Formaldehyde-Free-Dye-Fixing-Agent-4-300x300.webp 300w, https:\/\/www.bluelakechem.com\/wp-content\/uploads\/2024\/12\/Formaldehyde-Free-Dye-Fixing-Agent-4-150x150.webp 150w, https:\/\/www.bluelakechem.com\/wp-content\/uploads\/2024\/12\/Formaldehyde-Free-Dye-Fixing-Agent-4-768x768.webp 768w, https:\/\/www.bluelakechem.com\/wp-content\/uploads\/2024\/12\/Formaldehyde-Free-Dye-Fixing-Agent-4-600x600.webp 600w, https:\/\/www.bluelakechem.com\/wp-content\/uploads\/2024\/12\/Formaldehyde-Free-Dye-Fixing-Agent-4-100x100.webp 100w\" sizes=\"(max-width: 1200px) 100vw, 1200px\" \/><\/figure>\n<\/div>\n\n\n\n<div class=\"wp-block-column is-layout-flow wp-block-column-is-layout-flow\">\n<h2 class=\"wp-block-heading\">Boya Sabitleme Maddesi Uygulamalar\u0131:<\/h2>\n\n\n\n<p><strong>Pamuklu Kuma\u015f Boyama: <\/strong><br>\u00d6zellikle direkt boyalar ve reaktif boyalar olmak \u00fczere renk hasl\u0131\u011f\u0131n\u0131 art\u0131rmak i\u00e7in pamuklu kuma\u015flar\u0131n boyama i\u015fleminde kullan\u0131l\u0131r.<\/p>\n\n\n\n<p><strong>Konfeksiyon \u0130malat\u0131: <\/strong><br>G\u00fcnl\u00fck k\u0131yafetler, spor ve d\u0131\u015f mekan tekstilleri, bebek k\u0131yafetleri, i\u015f k\u0131yafetleri dahil olmak \u00fczere pamuklu giysilere uygulanabilir, a\u015f\u0131r\u0131 ko\u015fullar veya y\u00fcksek kullan\u0131c\u0131 talebi alt\u0131nda i\u015flevsellik ve parlak renkler sa\u011flar.<\/p>\n\n\n\n<p><strong>Ev Tekstili: <\/strong><br>Renk kalitesini korumak ve g\u00fcnl\u00fck kullan\u0131mdan kaynaklanan solmay\u0131 \u00f6nlemek i\u00e7in \u00e7ar\u015faf, havlu, perde ve i\u00e7 dekorasyon gibi ev tekstillerine uygulanabilir.<\/p>\n\n\n\n<p><strong>Hassas Renkli Kuma\u015flar: <\/strong><br>\u00d6zellikle turkuaz mavisi ve di\u011fer mavi-ye\u015fil tonlar\u0131 gibi hassas renklere sahip kuma\u015flar i\u00e7in etkilidir, bu tonlar\u0131n parlakl\u0131\u011f\u0131n\u0131 korumas\u0131n\u0131 sa\u011flar ve renk solmas\u0131n\u0131 \u00f6nler.<\/p>\n\n\n\n<p><strong>Reaktif Boya \u0130\u015fleme: <\/strong><br>Boya fiksatifleri y\u0131kama hasl\u0131\u011f\u0131n\u0131 art\u0131rabilir ve boya akmas\u0131n\u0131 azaltabilir, b\u00f6ylece reaktif boya terbiyesi i\u00e7in kullan\u0131labilirler.<\/p>\n<\/div>\n<\/div>\n\n\n\n<p><\/p>","protected":false},"excerpt":{"rendered":"<p>Non-formaldehit boya sabitleme ajanlar\u0131, \u0131slatma, y\u0131kama, terleme ve \u0131slak s\u00fcrtme hasl\u0131\u011f\u0131 dahil olmak \u00fczere direkt ve reaktif boyalar\u0131n renk hasl\u0131\u011f\u0131n\u0131 artt\u0131r\u0131r. Bu boya sabitleme maddesi \u00f6zellikle turkuaz mavisi ve di\u011fer mavi-ye\u015file duyarl\u0131 kuma\u015flar i\u00e7in uygundur.<\/p>\n<p><strong>Model No. <\/strong>23183<\/p>","protected":false},"featured_media":1454,"comment_status":"closed","ping_status":"closed","template":"","meta":{"_acf_changed":false},"material":[26],"process":[23,41],"product_brand":[],"product_cat":[15],"product_tag":[],"class_list":{"0":"post-1049","1":"product","2":"type-product","3":"status-publish","4":"has-post-thumbnail","6":"material-cotton-agent","7":"process-textile-finishing-chemicals","8":"process-fixing-agent","9":"product_cat-uncategorized","11":"first","12":"instock","13":"shipping-taxable","14":"product-type-simple"},"acf":[],"_links":{"self":[{"href":"https:\/\/www.bluelakechem.com\/tr\/wp-json\/wp\/v2\/product\/1049","targetHints":{"allow":["GET"]}}],"collection":[{"href":"https:\/\/www.bluelakechem.com\/tr\/wp-json\/wp\/v2\/product"}],"about":[{"href":"https:\/\/www.bluelakechem.com\/tr\/wp-json\/wp\/v2\/types\/product"}],"replies":[{"embeddable":true,"href":"https:\/\/www.bluelakechem.com\/tr\/wp-json\/wp\/v2\/comments?post=1049"}],"wp:featuredmedia":[{"embeddable":true,"href":"https:\/\/www.bluelakechem.com\/tr\/wp-json\/wp\/v2\/media\/1454"}],"wp:attachment":[{"href":"https:\/\/www.bluelakechem.com\/tr\/wp-json\/wp\/v2\/media?parent=1049"}],"wp:term":[{"taxonomy":"material","embeddable":true,"href":"https:\/\/www.bluelakechem.com\/tr\/wp-json\/wp\/v2\/material?post=1049"},{"taxonomy":"process","embeddable":true,"href":"https:\/\/www.bluelakechem.com\/tr\/wp-json\/wp\/v2\/process?post=1049"},{"taxonomy":"product_brand","embeddable":true,"href":"https:\/\/www.bluelakechem.com\/tr\/wp-json\/wp\/v2\/product_brand?post=1049"},{"taxonomy":"product_cat","embeddable":true,"href":"https:\/\/www.bluelakechem.com\/tr\/wp-json\/wp\/v2\/product_cat?post=1049"},{"taxonomy":"product_tag","embeddable":true,"href":"https:\/\/www.bluelakechem.com\/tr\/wp-json\/wp\/v2\/product_tag?post=1049"}],"curies":[{"name":"wp","href":"https:\/\/api.w.org\/{rel}","templated":true}]}}