{"id":1056,"date":"2024-12-18T03:41:18","date_gmt":"2024-12-18T03:41:18","guid":{"rendered":"https:\/\/www.bluelakechem.com\/?post_type=product&#038;p=1056"},"modified":"2025-01-17T12:40:12","modified_gmt":"2025-01-17T12:40:12","slug":"fixing-agent","status":"publish","type":"product","link":"https:\/\/www.bluelakechem.com\/tr\/product\/fixing-agent\/","title":{"rendered":"Naylon Kuma\u015f Terbiye Kimyasallar\u0131 i\u00e7in Asit Boyalar Sabitleme Maddesi"},"content":{"rendered":"<div class=\"wp-block-columns is-layout-flex wp-container-core-columns-is-layout-9d6595d7 wp-block-columns-is-layout-flex\">\n<div class=\"wp-block-column is-layout-flow wp-block-column-is-layout-flow\" style=\"flex-basis:50%\">\n<h2 class=\"wp-block-heading\">Tamirci Ajan \u00d6zellikleri:<\/h2>\n\n\n\n<p><strong>Geli\u015ftirilmi\u015f Renk Hasl\u0131\u011f\u0131:<\/strong><br>Naylon kuma\u015flar\u0131n renk hasl\u0131\u011f\u0131n\u0131 etkili bir \u015fekilde geli\u015ftirir, boyama ve bask\u0131dan sonra daha uzun \u00f6m\u00fcrl\u00fc ve daha canl\u0131 renkler sa\u011flar.<\/p>\n\n\n\n<p><strong>Asit Boyalar i\u00e7in \u00d6zel:<\/strong><br>Asit boyalar\u0131n fiksasyonu i\u00e7in optimize edilmi\u015f olan bu \u00fcr\u00fcn, naylon iplikler, dokumalar ve asit boyalarla boyanm\u0131\u015f kuma\u015flar i\u00e7in ideal bir se\u00e7imdir.<\/p>\n\n\n\n<p><strong>pH Ayarlamas\u0131 Gerekmez:<\/strong><br>Fiksasyon i\u015flemi s\u0131ras\u0131nda asitlik seviyesini ayarlamaya gerek yoktur, bu da \u00fcretim s\u00fcrecini basitle\u015ftirir ve i\u015fletme maliyetlerini azalt\u0131r.<\/p>\n\n\n\n<p><strong>Fiksasyon Lekelerini \u00d6nler:<\/strong><br>Fiksasyon lekelerinin olu\u015fumunu etkili bir \u015fekilde \u00f6nleyerek kuma\u015f \u00fczerinde tutarl\u0131 ve e\u015fit renk sa\u011flar.<\/p>\n\n\n\n<p><strong>Geli\u015ftirilmi\u015f Dayan\u0131kl\u0131l\u0131k:<\/strong><br>Kuma\u015f\u0131n dayan\u0131kl\u0131l\u0131\u011f\u0131n\u0131 art\u0131r\u0131r, tekrar tekrar y\u0131kand\u0131ktan ve giyildikten sonra g\u00f6r\u00fcn\u00fcm\u00fcn\u00fc ve performans\u0131n\u0131 korur.<\/p>\n\n\n\n<p><strong>Kuma\u015f Kalitesine Etkisi Yoktur:<\/strong><br>Naylon kuma\u015flar\u0131n dokusunu veya hissini etkilemez, do\u011fal yumu\u015fakl\u0131\u011f\u0131n\u0131 ve esnekli\u011fini korur.<\/p>\n<\/div>\n\n\n\n<div class=\"wp-block-column is-layout-flow wp-block-column-is-layout-flow\" style=\"flex-basis:50%\">\n<figure class=\"wp-block-embed is-type-video is-provider-youtube wp-block-embed-youtube wp-embed-aspect-4-3 wp-has-aspect-ratio\"><div class=\"wp-block-embed__wrapper\">\n<iframe title=\"Tekstil Kimyasallar\u0131|Floresan Naylon Kuma\u015fla \u0130lgili Yayg\u0131n Sorunlar #nylon #sarees #textileindustry\" width=\"500\" height=\"375\" src=\"https:\/\/www.youtube.com\/embed\/1AQggi1dVY0?feature=oembed\" frameborder=\"0\" allow=\"accelerometer; autoplay; clipboard-write; encrypted-media; gyroscope; picture-in-picture; web-share\" referrerpolicy=\"strict-origin-when-cross-origin\" allowfullscreen><\/iframe>\n<\/div><\/figure>\n<\/div>\n<\/div>\n\n\n\n<div class=\"wp-block-columns is-layout-flex wp-container-core-columns-is-layout-9d6595d7 wp-block-columns-is-layout-flex\">\n<div class=\"wp-block-column is-layout-flow wp-block-column-is-layout-flow\">\n<figure class=\"wp-block-image size-full\"><img decoding=\"async\" width=\"1600\" height=\"1200\" src=\"https:\/\/www.bluelakechem.com\/wp-content\/uploads\/2024\/12\/Fixing-Agent-2.webp\" alt=\"Sabitleme Maddesi (2)\" class=\"wp-image-1060\" srcset=\"https:\/\/www.bluelakechem.com\/wp-content\/uploads\/2024\/12\/Fixing-Agent-2.webp 1600w, https:\/\/www.bluelakechem.com\/wp-content\/uploads\/2024\/12\/Fixing-Agent-2-300x225.webp 300w, https:\/\/www.bluelakechem.com\/wp-content\/uploads\/2024\/12\/Fixing-Agent-2-768x576.webp 768w, https:\/\/www.bluelakechem.com\/wp-content\/uploads\/2024\/12\/Fixing-Agent-2-1200x900.webp 1200w, https:\/\/www.bluelakechem.com\/wp-content\/uploads\/2024\/12\/Fixing-Agent-2-600x450.webp 600w\" sizes=\"(max-width: 1600px) 100vw, 1600px\" \/><\/figure>\n<\/div>\n\n\n\n<div class=\"wp-block-column is-layout-flow wp-block-column-is-layout-flow\">\n<h2 class=\"wp-block-heading\">Temsilci Uygulamalar\u0131n\u0131 D\u00fczeltme:<\/h2>\n\n\n\n<p><strong>Boyama ve Bask\u0131 Sonras\u0131 \u0130\u015flemler:<\/strong> Esas olarak naylon kuma\u015flar\u0131n boyama ve bask\u0131s\u0131ndan sonra renk hasl\u0131\u011f\u0131n\u0131 art\u0131rmak ve parlak ve uzun s\u00fcreli etkiler sa\u011flamak i\u00e7in kullan\u0131l\u0131r.<\/p>\n\n\n\n<p><strong>Naylon \u0130plik ve Kuma\u015flar:<\/strong> Bu \u00fcr\u00fcn genellikle boya yap\u0131\u015fmas\u0131n\u0131 ve renk hasl\u0131\u011f\u0131n\u0131 art\u0131rmak i\u00e7in naylon iplik, \u00f6rg\u00fc ve kuma\u015flar\u0131 bitirmek i\u00e7in kullan\u0131l\u0131r.<\/p>\n\n\n\n<p><strong>Konfeksiyon ve Tekstil \u0130malat\u0131: <\/strong>Y\u0131kama ve maruz kalmaya dayan\u0131kl\u0131 parlak, uzun \u00f6m\u00fcrl\u00fc renkler sa\u011flamak i\u00e7in giysi ve di\u011fer tekstillerin terbiye i\u015fleminde kullan\u0131l\u0131r.<\/p>\n\n\n\n<p><strong>Spor Giyim ve Spor K\u0131yafetleri: <\/strong>S\u0131k y\u0131kamadan sonra bile naylon bazl\u0131 spor ve spor giyim kuma\u015flar\u0131n\u0131n renk tutma ve dayan\u0131kl\u0131l\u0131\u011f\u0131n\u0131 art\u0131r\u0131n.<\/p>\n\n\n\n<p><strong>Ev Tekstili: <\/strong>Naylon perdeler, i\u00e7 dekorasyon ve minderler gibi ev tekstili \u00fcr\u00fcnlerinde renk dayan\u0131kl\u0131l\u0131\u011f\u0131n\u0131 ve g\u00f6r\u00fcn\u00fcm\u00fcn\u00fc iyile\u015ftirmek i\u00e7in kullan\u0131labilir.<\/p>\n\n\n\n<p><strong>End\u00fcstriyel Tekstiller: <\/strong>Geli\u015fmi\u015f performans ve dayan\u0131kl\u0131l\u0131k sa\u011flamak i\u00e7in g\u00fcvenlik ekipmanlar\u0131, \u00e7antalar ve kemerler gibi naylon kuma\u015flar i\u00e7eren end\u00fcstriyel uygulamalar i\u00e7in uygundur.<\/p>\n<\/div>\n<\/div>\n\n\n\n<p><\/p>","protected":false},"excerpt":{"rendered":"<p>Asitli\u011fi ayarlamadan renk hasl\u0131\u011f\u0131n\u0131n bir\u00e7ok y\u00f6n\u00fcn\u00fc iyile\u015ftirebilen ve sabitleme lekelerinin olu\u015fmas\u0131n\u0131 \u00f6nleyebilen, b\u00f6ylece sorunsuz ve g\u00fcvenilir bir terbiye i\u015flemi sa\u011flayan naylon iplik, dokuma band\u0131 ve kuma\u015f\u0131n boyama ve bask\u0131 sonras\u0131 i\u00e7in asit boya sabitleme maddesi.<\/p>\n<p><strong>Model No.<\/strong>23031<\/p>","protected":false},"featured_media":1453,"comment_status":"closed","ping_status":"closed","template":"","meta":{"_acf_changed":false},"material":[28,31,33],"process":[23,41],"product_brand":[],"product_cat":[15],"product_tag":[],"class_list":{"0":"post-1056","1":"product","2":"type-product","3":"status-publish","4":"has-post-thumbnail","6":"material-nylon-agent","7":"material-wool-auxiliary","8":"material-silk-chemicals","9":"process-textile-finishing-chemicals","10":"process-fixing-agent","11":"product_cat-uncategorized","13":"first","14":"instock","15":"shipping-taxable","16":"product-type-simple"},"acf":[],"_links":{"self":[{"href":"https:\/\/www.bluelakechem.com\/tr\/wp-json\/wp\/v2\/product\/1056","targetHints":{"allow":["GET"]}}],"collection":[{"href":"https:\/\/www.bluelakechem.com\/tr\/wp-json\/wp\/v2\/product"}],"about":[{"href":"https:\/\/www.bluelakechem.com\/tr\/wp-json\/wp\/v2\/types\/product"}],"replies":[{"embeddable":true,"href":"https:\/\/www.bluelakechem.com\/tr\/wp-json\/wp\/v2\/comments?post=1056"}],"wp:featuredmedia":[{"embeddable":true,"href":"https:\/\/www.bluelakechem.com\/tr\/wp-json\/wp\/v2\/media\/1453"}],"wp:attachment":[{"href":"https:\/\/www.bluelakechem.com\/tr\/wp-json\/wp\/v2\/media?parent=1056"}],"wp:term":[{"taxonomy":"material","embeddable":true,"href":"https:\/\/www.bluelakechem.com\/tr\/wp-json\/wp\/v2\/material?post=1056"},{"taxonomy":"process","embeddable":true,"href":"https:\/\/www.bluelakechem.com\/tr\/wp-json\/wp\/v2\/process?post=1056"},{"taxonomy":"product_brand","embeddable":true,"href":"https:\/\/www.bluelakechem.com\/tr\/wp-json\/wp\/v2\/product_brand?post=1056"},{"taxonomy":"product_cat","embeddable":true,"href":"https:\/\/www.bluelakechem.com\/tr\/wp-json\/wp\/v2\/product_cat?post=1056"},{"taxonomy":"product_tag","embeddable":true,"href":"https:\/\/www.bluelakechem.com\/tr\/wp-json\/wp\/v2\/product_tag?post=1056"}],"curies":[{"name":"wp","href":"https:\/\/api.w.org\/{rel}","templated":true}]}}