{"id":1061,"date":"2025-01-17T13:21:26","date_gmt":"2025-01-17T13:21:26","guid":{"rendered":"https:\/\/www.bluelakechem.com\/?post_type=product&#038;p=1061"},"modified":"2025-01-17T13:21:29","modified_gmt":"2025-01-17T13:21:29","slug":"cotton-softener","status":"publish","type":"product","link":"https:\/\/www.bluelakechem.com\/tr\/product\/cotton-softener\/","title":{"rendered":"Pamuk Yumu\u015fat\u0131c\u0131 Havlu Tekstil Terbiyesi i\u00e7in Silikon Yumu\u015fat\u0131c\u0131"},"content":{"rendered":"<div class=\"wp-block-columns is-layout-flex wp-container-core-columns-is-layout-9d6595d7 wp-block-columns-is-layout-flex\">\n<div class=\"wp-block-column is-layout-flow wp-block-column-is-layout-flow\" style=\"flex-basis:50%\">\n<h2 class=\"wp-block-heading\">Pamuk Yumu\u015fat\u0131c\u0131 \u00d6zellikler:<\/h2>\n\n\n\n<p><strong>An\u0131nda Hidrofiliklik<\/strong><br>Pamuklu havlulara an\u0131nda hidrofilite kazand\u0131r\u0131r ve y\u00fcksek performansl\u0131 havlular\u0131n gereksinimlerini kar\u015f\u0131lamak i\u00e7in su emicili\u011fini art\u0131r\u0131r.<\/p>\n\n\n\n<p><strong>Yumu\u015fak ve rahat el hissi<\/strong><br>Kuma\u015f yumu\u015fakl\u0131\u011f\u0131n\u0131 \u00f6nemli \u00f6l\u00e7\u00fcde art\u0131r\u0131r, p\u00fcr\u00fczs\u00fcz ve rahat bir dokunu\u015f sa\u011flar ve cilde temas eden tekstiller i\u00e7in idealdir.<\/p>\n\n\n\n<p><strong>Y\u00fcksek dayan\u0131kl\u0131l\u0131k<\/strong><br>M\u00fckemmel y\u0131kanabilirli\u011fi ile uzun s\u00fcreli kullan\u0131mdan sonra bile yumu\u015fak kal\u0131r.<\/p>\n\n\n\n<p><strong>Yayg\u0131n olarak uygulanabilir<\/strong><br>S\u0131radan ve y\u00fcksek yo\u011funluklu havlular dahil olmak \u00fczere pamuklu havlular i\u00e7in \u00f6zel olarak tasarlanm\u0131\u015ft\u0131r ve \u00e7e\u015fitli kuma\u015flarla uyumluluk sa\u011flar.<\/p>\n\n\n\n<p><strong>\u0130\u015flemesi kolay<\/strong><br>Tekstil terbiye i\u015flemlerine kolay uygulan\u0131r, mevcut \u00fcretim hatlar\u0131na kolayca entegre edilebilir ve i\u015fletme maliyetlerini d\u00fc\u015f\u00fcr\u00fcr.<\/p>\n<\/div>\n\n\n\n<div class=\"wp-block-column is-layout-flow wp-block-column-is-layout-flow\" style=\"flex-basis:50%\">\n<figure class=\"wp-block-embed is-type-video is-provider-youtube wp-block-embed-youtube wp-embed-aspect-16-9 wp-has-aspect-ratio\"><div class=\"wp-block-embed__wrapper\">\n<iframe title=\"98.8% boya fabrikas\u0131 silikon ya\u011f\u0131n\u0131n dengesiz oldu\u011fundan ve verimlili\u011fi etkiledi\u011finden endi\u015fe ediyor. Nas\u0131l yapmal\u0131? 76902\" width=\"500\" height=\"281\" src=\"https:\/\/www.youtube.com\/embed\/wG0OA6MsqtY?feature=oembed\" frameborder=\"0\" allow=\"accelerometer; autoplay; clipboard-write; encrypted-media; gyroscope; picture-in-picture; web-share\" referrerpolicy=\"strict-origin-when-cross-origin\" allowfullscreen><\/iframe>\n<\/div><\/figure>\n<\/div>\n<\/div>\n\n\n\n<div class=\"wp-block-columns is-layout-flex wp-container-core-columns-is-layout-9d6595d7 wp-block-columns-is-layout-flex\">\n<div class=\"wp-block-column is-layout-flow wp-block-column-is-layout-flow\">\n<figure class=\"wp-block-image size-full\"><img decoding=\"async\" width=\"1200\" height=\"750\" src=\"https:\/\/www.bluelakechem.com\/wp-content\/uploads\/2024\/12\/Cotton-Softener-1_1.webp\" alt=\"Pamuk Yumu\u015fat\u0131c\u0131 (1)_1\" class=\"wp-image-1064\" srcset=\"https:\/\/www.bluelakechem.com\/wp-content\/uploads\/2024\/12\/Cotton-Softener-1_1.webp 1200w, https:\/\/www.bluelakechem.com\/wp-content\/uploads\/2024\/12\/Cotton-Softener-1_1-300x188.webp 300w, https:\/\/www.bluelakechem.com\/wp-content\/uploads\/2024\/12\/Cotton-Softener-1_1-768x480.webp 768w, https:\/\/www.bluelakechem.com\/wp-content\/uploads\/2024\/12\/Cotton-Softener-1_1-600x375.webp 600w\" sizes=\"(max-width: 1200px) 100vw, 1200px\" \/><\/figure>\n<\/div>\n\n\n\n<div class=\"wp-block-column is-layout-flow wp-block-column-is-layout-flow\">\n<h2 class=\"wp-block-heading\">Pamuk Yumu\u015fat\u0131c\u0131 Uygulamalar\u0131:<\/h2>\n\n\n\n<p><strong>Havlu \u0130malat\u0131<\/strong><br>Havlu kuma\u015f ve pamuklu havlular\u0131 tamamlamak i\u00e7in idealdir, y\u00fcksek kaliteli bir g\u00f6r\u00fcn\u00fcm ve his sa\u011flar.<\/p>\n\n\n\n<p><strong>Ev Tekstili<\/strong><br>Kullan\u0131c\u0131 deneyimini geli\u015ftirmek i\u00e7in yatak tak\u0131mlar\u0131, banyo havlular\u0131, y\u00fcz havlular\u0131 ve cilde temas eden di\u011fer tekstil \u00fcr\u00fcnlerine uygulanabilir.<\/p>\n\n\n\n<p><strong>Konfeksiyon End\u00fcstrisi<\/strong><br>Yumu\u015fak ve cilt dostu bir doku sa\u011flayan saf pamuklu giysilerin terbiyesine uygulanabilir.<\/p>\n\n\n\n<p><strong>\u00dcst D\u00fczey Tekstiller<\/strong><br>L\u00fcks otel tekstilleri ve spa havlular\u0131 gibi \u00fcst d\u00fczey pazarlar i\u00e7in \u00f6zel olarak tasarlanm\u0131\u015ft\u0131r.<\/p>\n<\/div>\n<\/div>\n\n\n\n<p><\/p>","protected":false},"excerpt":{"rendered":"<p>Pamuklu havlular i\u00e7in \u00f6zel olarak form\u00fcle edilmi\u015f pamuk yumu\u015fat\u0131c\u0131, an\u0131nda hidrofilikli\u011fi korur ve yumu\u015fakl\u0131\u011f\u0131 art\u0131rarak pamuklu havlularda rahat ve nazik bir tutu\u015f sa\u011flar.<\/p>\n<p><strong>Model No.<\/strong>76902<\/p>","protected":false},"featured_media":1468,"comment_status":"closed","ping_status":"closed","template":"","meta":{"_acf_changed":false},"material":[26],"process":[23,42,24],"product_brand":[],"product_cat":[15],"product_tag":[],"class_list":{"0":"post-1061","1":"product","2":"type-product","3":"status-publish","4":"has-post-thumbnail","6":"material-cotton-agent","7":"process-textile-finishing-chemicals","8":"process-softener","9":"process-silicone-oil","10":"product_cat-uncategorized","12":"first","13":"instock","14":"shipping-taxable","15":"product-type-simple"},"acf":[],"_links":{"self":[{"href":"https:\/\/www.bluelakechem.com\/tr\/wp-json\/wp\/v2\/product\/1061","targetHints":{"allow":["GET"]}}],"collection":[{"href":"https:\/\/www.bluelakechem.com\/tr\/wp-json\/wp\/v2\/product"}],"about":[{"href":"https:\/\/www.bluelakechem.com\/tr\/wp-json\/wp\/v2\/types\/product"}],"replies":[{"embeddable":true,"href":"https:\/\/www.bluelakechem.com\/tr\/wp-json\/wp\/v2\/comments?post=1061"}],"wp:featuredmedia":[{"embeddable":true,"href":"https:\/\/www.bluelakechem.com\/tr\/wp-json\/wp\/v2\/media\/1468"}],"wp:attachment":[{"href":"https:\/\/www.bluelakechem.com\/tr\/wp-json\/wp\/v2\/media?parent=1061"}],"wp:term":[{"taxonomy":"material","embeddable":true,"href":"https:\/\/www.bluelakechem.com\/tr\/wp-json\/wp\/v2\/material?post=1061"},{"taxonomy":"process","embeddable":true,"href":"https:\/\/www.bluelakechem.com\/tr\/wp-json\/wp\/v2\/process?post=1061"},{"taxonomy":"product_brand","embeddable":true,"href":"https:\/\/www.bluelakechem.com\/tr\/wp-json\/wp\/v2\/product_brand?post=1061"},{"taxonomy":"product_cat","embeddable":true,"href":"https:\/\/www.bluelakechem.com\/tr\/wp-json\/wp\/v2\/product_cat?post=1061"},{"taxonomy":"product_tag","embeddable":true,"href":"https:\/\/www.bluelakechem.com\/tr\/wp-json\/wp\/v2\/product_tag?post=1061"}],"curies":[{"name":"wp","href":"https:\/\/api.w.org\/{rel}","templated":true}]}}