{"id":1074,"date":"2025-01-17T13:35:34","date_gmt":"2025-01-17T13:35:34","guid":{"rendered":"https:\/\/www.bluelakechem.com\/?post_type=product&#038;p=1074"},"modified":"2025-01-17T13:35:36","modified_gmt":"2025-01-17T13:35:36","slug":"silicone-textile-softeners","status":"publish","type":"product","link":"https:\/\/www.bluelakechem.com\/tr\/product\/silicone-textile-softeners\/","title":{"rendered":"Silikon Tekstil Yumu\u015fat\u0131c\u0131lar\u0131 Sel\u00fcloz Kuma\u015f Terbiyesi i\u00e7in Derinle\u015ftirici Silikon Ya\u011f\u0131"},"content":{"rendered":"<div class=\"wp-block-columns is-layout-flex wp-container-core-columns-is-layout-9d6595d7 wp-block-columns-is-layout-flex\">\n<div class=\"wp-block-column is-layout-flow wp-block-column-is-layout-flow\" style=\"flex-basis:50%\">\n<h2 class=\"wp-block-heading\">Silikon Tekstil Yumu\u015fat\u0131c\u0131lar\u0131 \u00d6zellikler:<\/h2>\n\n\n\n<p><strong>Yumu\u015fat\u0131c\u0131 Kaplama<\/strong><br>Renk canl\u0131l\u0131\u011f\u0131n\u0131 art\u0131r\u0131rken kuma\u015f hissini iyile\u015ftirmek i\u00e7in yumu\u015fat\u0131c\u0131 bir finisaj\u0131 koyula\u015ft\u0131r\u0131c\u0131 bir efektle birle\u015ftirir.<\/p>\n\n\n\n<p><strong>\u00dcst\u00fcn Koyula\u015ft\u0131rma Etkisi<\/strong><br>40%'ye kadar koyula\u015ft\u0131rma efektleri \u00f6zellikle k\u0131rm\u0131z\u0131 tonlar i\u00e7in faydal\u0131d\u0131r ve zengin, canl\u0131 tonlar sa\u011flar.<\/p>\n\n\n\n<p><strong>Uygun Maliyetli Boyama<\/strong><br>Boya kullan\u0131m\u0131n\u0131 azalt\u0131n veya daha d\u00fc\u015f\u00fck kaliteli boyalar\u0131 koyula\u015ft\u0131r\u0131n, g\u00f6r\u00fcn\u00fcmden \u00f6d\u00fcn vermeden boyama maliyetlerini optimize edin.<\/p>\n\n\n\n<p><strong>Yayg\u0131n Olarak Uygulanabilir<\/strong><br>Pamuk, viskon ve di\u011fer kar\u0131\u015f\u0131mlar gibi sel\u00fclozik kuma\u015flar i\u00e7in uygundur ve \u00e7ok \u00e7e\u015fitli tekstil y\u00fczeylerinde tutarl\u0131 performans sa\u011flar.<\/p>\n\n\n\n<p><strong>Geli\u015ftirilmi\u015f Renk Hasl\u0131\u011f\u0131<\/strong><br>Renk hasl\u0131\u011f\u0131n\u0131 korurken veya iyile\u015ftirirken kuma\u015f renklerinin g\u00f6r\u00fcn\u00fcm\u00fcn\u00fc geli\u015ftirin.<\/p>\n<\/div>\n\n\n\n<div class=\"wp-block-column is-layout-flow wp-block-column-is-layout-flow\" style=\"flex-basis:50%\">\n<figure class=\"wp-block-embed is-type-video is-provider-youtube wp-block-embed-youtube wp-embed-aspect-16-9 wp-has-aspect-ratio\"><div class=\"wp-block-embed__wrapper\">\n<iframe title=\"\u3010Tekstil kimyasallar\u0131\u3011 Derinle\u015ftirici Silikon Ya\u011f\u0131, Boyama derinli\u011fini etkili bir \u015fekilde art\u0131r\u0131r 10-30% (68339)\" width=\"500\" height=\"281\" src=\"https:\/\/www.youtube.com\/embed\/vsg8dwXQYpU?feature=oembed\" frameborder=\"0\" allow=\"accelerometer; autoplay; clipboard-write; encrypted-media; gyroscope; picture-in-picture; web-share\" referrerpolicy=\"strict-origin-when-cross-origin\" allowfullscreen><\/iframe>\n<\/div><\/figure>\n<\/div>\n<\/div>\n\n\n\n<div class=\"wp-block-columns is-layout-flex wp-container-core-columns-is-layout-9d6595d7 wp-block-columns-is-layout-flex\">\n<div class=\"wp-block-column is-layout-flow wp-block-column-is-layout-flow\">\n<figure class=\"wp-block-image size-full\"><img decoding=\"async\" width=\"1200\" height=\"1200\" src=\"https:\/\/www.bluelakechem.com\/wp-content\/uploads\/2024\/12\/Silicone-Textile-Softeners-2.webp\" alt=\"Silikon Tekstil Yumu\u015fat\u0131c\u0131lar\u0131 (2)\" class=\"wp-image-1079\" srcset=\"https:\/\/www.bluelakechem.com\/wp-content\/uploads\/2024\/12\/Silicone-Textile-Softeners-2.webp 1200w, https:\/\/www.bluelakechem.com\/wp-content\/uploads\/2024\/12\/Silicone-Textile-Softeners-2-300x300.webp 300w, https:\/\/www.bluelakechem.com\/wp-content\/uploads\/2024\/12\/Silicone-Textile-Softeners-2-150x150.webp 150w, https:\/\/www.bluelakechem.com\/wp-content\/uploads\/2024\/12\/Silicone-Textile-Softeners-2-768x768.webp 768w, https:\/\/www.bluelakechem.com\/wp-content\/uploads\/2024\/12\/Silicone-Textile-Softeners-2-600x600.webp 600w, https:\/\/www.bluelakechem.com\/wp-content\/uploads\/2024\/12\/Silicone-Textile-Softeners-2-100x100.webp 100w\" sizes=\"(max-width: 1200px) 100vw, 1200px\" \/><\/figure>\n<\/div>\n\n\n\n<div class=\"wp-block-column is-layout-flow wp-block-column-is-layout-flow\">\n<h2 class=\"wp-block-heading\">Silikon Tekstil Yumu\u015fat\u0131c\u0131lar\u0131 Uygulamalar:<\/h2>\n\n\n\n<p><strong>Sel\u00fclozik Kuma\u015f Terbiyesi<\/strong><br>Pamuklu ve viskon kuma\u015flar\u0131n yumu\u015fat\u0131lmas\u0131 i\u00e7in idealdir, bitmi\u015f \u00fcr\u00fcne yumu\u015fakl\u0131k ve derinlik katar.<\/p>\n\n\n\n<p><strong>Tekstil Boyama ve Bask\u0131<\/strong><br>Boyama ve bask\u0131 i\u015flemleri s\u0131ras\u0131nda kuma\u015flar\u0131n renk derinli\u011fini artt\u0131rmak i\u00e7in kullan\u0131l\u0131r, \u00f6zellikle k\u0131rm\u0131z\u0131 ve benzeri tonlar.<\/p>\n\n\n\n<p><strong>Moda ve Haz\u0131r Giyim<\/strong><br>Moda, ev tekstili ve dekoratif kuma\u015flar gibi canl\u0131, koyu renkler gerektiren giysiler i\u00e7in idealdir.<\/p>\n\n\n\n<p><strong>Maliyeti Optimize Edilmi\u015f Boyama \u00c7\u00f6z\u00fcmleri<\/strong><br>Ekonomik boyalar kullanarak birinci s\u0131n\u0131f bir g\u00f6r\u00fcn\u00fcm elde edin ve b\u00fct\u00e7eye duyarl\u0131 pazarlar\u0131 hedefleyen \u00fcreticilere fayda sa\u011flay\u0131n.<\/p>\n<\/div>\n<\/div>","protected":false},"excerpt":{"rendered":"<p>Bluelakechem'in yumu\u015fak terbiye i\u00e7in uygun olan derinle\u015ftirme efektli silikon tekstil yumu\u015fat\u0131c\u0131lar\u0131, \u00f6zellikle k\u0131rm\u0131z\u0131 renk tonlar\u0131nda g\u00f6zle g\u00f6r\u00fcl\u00fcr bir derinle\u015ftirme etkisi sa\u011flar. Bu yumu\u015fat\u0131c\u0131, 40%'ye kadar derinle\u015ftirme etkisi sa\u011flayarak fazla boya ihtiyac\u0131n\u0131 azaltabilir veya daha ucuz boyalar\u0131n kromas\u0131n\u0131 art\u0131rabilir.<\/p>\n<p><strong>Model No.<\/strong>68339<\/p>","protected":false},"featured_media":1472,"comment_status":"closed","ping_status":"closed","template":"","meta":{"_acf_changed":false},"material":[26,30],"process":[23,42,24],"product_brand":[],"product_cat":[15],"product_tag":[],"class_list":{"0":"post-1074","1":"product","2":"type-product","3":"status-publish","4":"has-post-thumbnail","6":"material-cotton-agent","7":"material-viscose-chemicals","8":"process-textile-finishing-chemicals","9":"process-softener","10":"process-silicone-oil","11":"product_cat-uncategorized","13":"first","14":"instock","15":"shipping-taxable","16":"product-type-simple"},"acf":[],"_links":{"self":[{"href":"https:\/\/www.bluelakechem.com\/tr\/wp-json\/wp\/v2\/product\/1074","targetHints":{"allow":["GET"]}}],"collection":[{"href":"https:\/\/www.bluelakechem.com\/tr\/wp-json\/wp\/v2\/product"}],"about":[{"href":"https:\/\/www.bluelakechem.com\/tr\/wp-json\/wp\/v2\/types\/product"}],"replies":[{"embeddable":true,"href":"https:\/\/www.bluelakechem.com\/tr\/wp-json\/wp\/v2\/comments?post=1074"}],"wp:featuredmedia":[{"embeddable":true,"href":"https:\/\/www.bluelakechem.com\/tr\/wp-json\/wp\/v2\/media\/1472"}],"wp:attachment":[{"href":"https:\/\/www.bluelakechem.com\/tr\/wp-json\/wp\/v2\/media?parent=1074"}],"wp:term":[{"taxonomy":"material","embeddable":true,"href":"https:\/\/www.bluelakechem.com\/tr\/wp-json\/wp\/v2\/material?post=1074"},{"taxonomy":"process","embeddable":true,"href":"https:\/\/www.bluelakechem.com\/tr\/wp-json\/wp\/v2\/process?post=1074"},{"taxonomy":"product_brand","embeddable":true,"href":"https:\/\/www.bluelakechem.com\/tr\/wp-json\/wp\/v2\/product_brand?post=1074"},{"taxonomy":"product_cat","embeddable":true,"href":"https:\/\/www.bluelakechem.com\/tr\/wp-json\/wp\/v2\/product_cat?post=1074"},{"taxonomy":"product_tag","embeddable":true,"href":"https:\/\/www.bluelakechem.com\/tr\/wp-json\/wp\/v2\/product_tag?post=1074"}],"curies":[{"name":"wp","href":"https:\/\/api.w.org\/{rel}","templated":true}]}}